{"id":2384,"date":"2023-05-08T12:02:08","date_gmt":"2023-05-08T12:02:08","guid":{"rendered":"https:\/\/blogsaverroes.juntadeandalucia.es\/ceiplaserillas\/?page_id=2384"},"modified":"2026-03-12T12:03:11","modified_gmt":"2026-03-12T12:03:11","slug":"tutorias","status":"publish","type":"page","link":"https:\/\/blogsaverroes.juntadeandalucia.es\/ceiplaserillas\/tutorias\/","title":{"rendered":"TUTOR\u00cdAS"},"content":{"rendered":"<p><a href=\"https:\/\/sites.google.com\/g.educaand.es\/infantilelierillas\/inicio\">INFANTIL 3 A\u00d1OS<\/a><\/p>\n<p><a href=\"https:\/\/sites.google.com\/d\/1lB897l3OtJ1NpAOLY-LuWtiB7oho3kh7\/p\/1HSmpDVxXXGi4jSz_dQZYHxLF6A5GgZTr\/edit\">INFANTIL 4 A\u00d1OS<\/a><\/p>\n<p><a href=\"https:\/\/sites.google.com\/g.educaand.es\/elauladelasenotoni\/inicio\">INFANTIL 5 A\u00d1OS<\/a><\/p>\n<p>&nbsp;<\/p>\n<p><a href=\"https:\/\/sites.google.com\/u\/2\/d\/1MedLATZSF-ddWmAbT2K5A52Mxt6Z-QsP\/preview\">REFUERZO<\/a><\/p>\n<p><a href=\"https:\/\/corazondelaclase.blogspot.com\/\">PRIMERO<\/a><\/p>\n<p><a href=\"https:\/\/sites.google.com\/g.educaand.es\/primerolaserillas\/inicio\">SEGUNDO<\/a><\/p>\n<p>TERCERO<\/p>\n<p><a href=\"https:\/\/sites.google.com\/g.educaand.es\/ceiplaserillasjulia\/inicio\">CUARTO<\/a><\/p>\n<p><a href=\"https:\/\/sites.google.com\/g.educaand.es\/untrocitodemiescuela\/biograf%C3%ADa?authuser=1\">QUINTO<\/a><\/p>\n<p>SEXTO<\/p>\n<p><a href=\"https:\/\/sites.google.com\/g.educaand.es\/equipodeorientacionlaserillas\/inicio\">EQUIPO DE ORIENTACI\u00d3N \/ AULA DE LOS SUE\u00d1OS<\/a><\/p>\n","protected":false},"excerpt":{"rendered":"<p>INFANTIL 3 A\u00d1OS INFANTIL 4 A\u00d1OS INFANTIL 5 A\u00d1OS &nbsp; REFUERZO PRIMERO SEGUNDO TERCERO CUARTO QUINTO SEXTO EQUIPO DE ORIENTACI\u00d3N \/ AULA DE LOS SUE\u00d1OS<\/p>\n","protected":false},"author":11325,"featured_media":0,"parent":0,"menu_order":0,"comment_status":"closed","ping_status":"closed","template":"","meta":{"ngg_post_thumbnail":0,"footnotes":"","_mc_calendar":[]},"aioseo_notices":[],"_links":{"self":[{"href":"https:\/\/blogsaverroes.juntadeandalucia.es\/ceiplaserillas\/wp-json\/wp\/v2\/pages\/2384"}],"collection":[{"href":"https:\/\/blogsaverroes.juntadeandalucia.es\/ceiplaserillas\/wp-json\/wp\/v2\/pages"}],"about":[{"href":"https:\/\/blogsaverroes.juntadeandalucia.es\/ceiplaserillas\/wp-json\/wp\/v2\/types\/page"}],"author":[{"embeddable":true,"href":"https:\/\/blogsaverroes.juntadeandalucia.es\/ceiplaserillas\/wp-json\/wp\/v2\/users\/11325"}],"replies":[{"embeddable":true,"href":"https:\/\/blogsaverroes.juntadeandalucia.es\/ceiplaserillas\/wp-json\/wp\/v2\/comments?post=2384"}],"version-history":[{"count":13,"href":"https:\/\/blogsaverroes.juntadeandalucia.es\/ceiplaserillas\/wp-json\/wp\/v2\/pages\/2384\/revisions"}],"predecessor-version":[{"id":2650,"href":"https:\/\/blogsaverroes.juntadeandalucia.es\/ceiplaserillas\/wp-json\/wp\/v2\/pages\/2384\/revisions\/2650"}],"wp:attachment":[{"href":"https:\/\/blogsaverroes.juntadeandalucia.es\/ceiplaserillas\/wp-json\/wp\/v2\/media?parent=2384"}],"curies":[{"name":"wp","href":"https:\/\/api.w.org\/{rel}","templated":true}]}}