{"id":2478,"date":"2023-09-09T08:28:30","date_gmt":"2023-09-09T08:28:30","guid":{"rendered":"https:\/\/blogsaverroes.juntadeandalucia.es\/ceiplaserillas\/?page_id=2478"},"modified":"2023-09-27T10:50:37","modified_gmt":"2023-09-27T10:50:37","slug":"p-direccion","status":"publish","type":"page","link":"https:\/\/blogsaverroes.juntadeandalucia.es\/ceiplaserillas\/p-direccion\/","title":{"rendered":"P.DIRECCI\u00d3N"},"content":{"rendered":"<p>Definimos el <a href=\"https:\/\/blogsaverroes.juntadeandalucia.es\/ceiplaserillas\/files\/2023\/09\/PROYECTO-DEFINITIVO-ANTONIO-DIAGO-GONZALEZ-221222.pdf\">PROYECTO DE DIRECCI\u00d3N<\/a>&nbsp;como un documento de gesti\u00f3n que sirve como marco de referencia para la planificaci\u00f3n y organizaci\u00f3n de la vida del centro, con especificaci\u00f3n de las estrategias y acciones que considere necesario desarrollar<\/p>\n<p>&nbsp;<\/p>\n<p>Presentaci\u00f3n a las familias en reuni\u00f3n inicio de curso. <a href=\"https:\/\/view.genial.ly\/65080c237d706000117f0bc4\/interactive-content-presentacion-familias-2324\">Genially<\/a><\/p>\n","protected":false},"excerpt":{"rendered":"<p>Definimos el PROYECTO DE DIRECCI\u00d3N&nbsp;como un documento de gesti\u00f3n que sirve como marco de referencia para la planificaci\u00f3n y organizaci\u00f3n de la vida del centro, con especificaci\u00f3n de las estrategias y acciones que considere&#46;&#46;&#46;<\/p>\n","protected":false},"author":11325,"featured_media":0,"parent":0,"menu_order":0,"comment_status":"closed","ping_status":"closed","template":"","meta":{"ngg_post_thumbnail":0,"footnotes":"","_mc_calendar":[]},"aioseo_notices":[],"_links":{"self":[{"href":"https:\/\/blogsaverroes.juntadeandalucia.es\/ceiplaserillas\/wp-json\/wp\/v2\/pages\/2478"}],"collection":[{"href":"https:\/\/blogsaverroes.juntadeandalucia.es\/ceiplaserillas\/wp-json\/wp\/v2\/pages"}],"about":[{"href":"https:\/\/blogsaverroes.juntadeandalucia.es\/ceiplaserillas\/wp-json\/wp\/v2\/types\/page"}],"author":[{"embeddable":true,"href":"https:\/\/blogsaverroes.juntadeandalucia.es\/ceiplaserillas\/wp-json\/wp\/v2\/users\/11325"}],"replies":[{"embeddable":true,"href":"https:\/\/blogsaverroes.juntadeandalucia.es\/ceiplaserillas\/wp-json\/wp\/v2\/comments?post=2478"}],"version-history":[{"count":3,"href":"https:\/\/blogsaverroes.juntadeandalucia.es\/ceiplaserillas\/wp-json\/wp\/v2\/pages\/2478\/revisions"}],"predecessor-version":[{"id":2495,"href":"https:\/\/blogsaverroes.juntadeandalucia.es\/ceiplaserillas\/wp-json\/wp\/v2\/pages\/2478\/revisions\/2495"}],"wp:attachment":[{"href":"https:\/\/blogsaverroes.juntadeandalucia.es\/ceiplaserillas\/wp-json\/wp\/v2\/media?parent=2478"}],"curies":[{"name":"wp","href":"https:\/\/api.w.org\/{rel}","templated":true}]}}