{"id":2578,"date":"2024-11-27T09:08:13","date_gmt":"2024-11-27T09:08:13","guid":{"rendered":"https:\/\/blogsaverroes.juntadeandalucia.es\/ceiplaserillas\/?page_id=2578"},"modified":"2024-11-27T09:22:27","modified_gmt":"2024-11-27T09:22:27","slug":"plan-tde","status":"publish","type":"page","link":"https:\/\/blogsaverroes.juntadeandalucia.es\/ceiplaserillas\/plan-tde\/","title":{"rendered":"PLAN TDE"},"content":{"rendered":"<p>Pinche aqu\u00ed para descargar el plan de actualizaci\u00f3n digital del centro (modelo S\u00e9neca).<\/p>\n<p><a href=\"https:\/\/blogsaverroes.juntadeandalucia.es\/ceiplaserillas\/files\/2024\/11\/plan-act-dig.pdf\">PLAN DE ACTUALIZACI\u00d3N DIGITAL (S\u00c9NECA)<\/a><\/p>\n<p>Pinche aqu\u00ed para descargar el PLAN TDE del centro incluido en el proyecto educativo.<\/p>\n<p><a href=\"https:\/\/blogsaverroes.juntadeandalucia.es\/ceiplaserillas\/files\/2024\/11\/PLAN-TDE-24-25.docx.pdf\">PLAN TDE centro 24-25.docx<\/a><\/p>\n","protected":false},"excerpt":{"rendered":"<p>Pinche aqu\u00ed para descargar el plan de actualizaci\u00f3n digital del centro (modelo S\u00e9neca). PLAN DE ACTUALIZACI\u00d3N DIGITAL (S\u00c9NECA) Pinche aqu\u00ed para descargar el PLAN TDE del centro incluido en el proyecto educativo. PLAN TDE&#46;&#46;&#46;<\/p>\n","protected":false},"author":11325,"featured_media":0,"parent":0,"menu_order":0,"comment_status":"closed","ping_status":"closed","template":"","meta":{"ngg_post_thumbnail":0,"footnotes":"","_mc_calendar":[]},"aioseo_notices":[],"_links":{"self":[{"href":"https:\/\/blogsaverroes.juntadeandalucia.es\/ceiplaserillas\/wp-json\/wp\/v2\/pages\/2578"}],"collection":[{"href":"https:\/\/blogsaverroes.juntadeandalucia.es\/ceiplaserillas\/wp-json\/wp\/v2\/pages"}],"about":[{"href":"https:\/\/blogsaverroes.juntadeandalucia.es\/ceiplaserillas\/wp-json\/wp\/v2\/types\/page"}],"author":[{"embeddable":true,"href":"https:\/\/blogsaverroes.juntadeandalucia.es\/ceiplaserillas\/wp-json\/wp\/v2\/users\/11325"}],"replies":[{"embeddable":true,"href":"https:\/\/blogsaverroes.juntadeandalucia.es\/ceiplaserillas\/wp-json\/wp\/v2\/comments?post=2578"}],"version-history":[{"count":3,"href":"https:\/\/blogsaverroes.juntadeandalucia.es\/ceiplaserillas\/wp-json\/wp\/v2\/pages\/2578\/revisions"}],"predecessor-version":[{"id":2586,"href":"https:\/\/blogsaverroes.juntadeandalucia.es\/ceiplaserillas\/wp-json\/wp\/v2\/pages\/2578\/revisions\/2586"}],"wp:attachment":[{"href":"https:\/\/blogsaverroes.juntadeandalucia.es\/ceiplaserillas\/wp-json\/wp\/v2\/media?parent=2578"}],"curies":[{"name":"wp","href":"https:\/\/api.w.org\/{rel}","templated":true}]}}