{"id":42,"date":"2015-03-13T08:40:47","date_gmt":"2015-03-13T08:40:47","guid":{"rendered":"http:\/\/blogsaverroes.juntadeandalucia.es\/pre\/ceip\/?page_id=42"},"modified":"2022-09-26T08:42:29","modified_gmt":"2022-09-26T08:42:29","slug":"equipo-directivo","status":"publish","type":"page","link":"https:\/\/blogsaverroes.juntadeandalucia.es\/ceiplaserillas\/equipo-directivo\/","title":{"rendered":"Equipo directivo"},"content":{"rendered":"<p>&nbsp;<\/p>\n<p><strong>Direcci\u00f3n: Antonio Diago Gonz\u00e1lez<\/strong><\/p>\n<p><strong>Jefatura de estudios: \u00c1ngeles Bedoya Rom\u00e1n<\/strong><\/p>\n<p><strong>Secretar\u00eda: Manuel Enrique L\u00f3pez de Pablos<\/strong><\/p>\n<p><a href=\"https:\/\/blogsaverroes.juntadeandalucia.es\/ceiplaserillas\/files\/2022\/09\/IMG-20220630-WA0019-1.jpg\"><img loading=\"lazy\" decoding=\"async\" class=\"alignnone size-medium wp-image-2330\" src=\"https:\/\/blogsaverroes.juntadeandalucia.es\/ceiplaserillas\/files\/2022\/09\/IMG-20220630-WA0019-1-300x225.jpg\" alt=\"EQUIPO DIRECTIVO\" width=\"300\" height=\"225\" srcset=\"https:\/\/blogsaverroes.juntadeandalucia.es\/ceiplaserillas\/files\/2022\/09\/IMG-20220630-WA0019-1-300x225.jpg 300w, https:\/\/blogsaverroes.juntadeandalucia.es\/ceiplaserillas\/files\/2022\/09\/IMG-20220630-WA0019-1-768x576.jpg 768w, https:\/\/blogsaverroes.juntadeandalucia.es\/ceiplaserillas\/files\/2022\/09\/IMG-20220630-WA0019-1.jpg 1024w\" sizes=\"(max-width: 300px) 100vw, 300px\" \/><\/a><\/p>\n","protected":false},"excerpt":{"rendered":"<p>&nbsp; Direcci\u00f3n: Antonio Diago Gonz\u00e1lez Jefatura de estudios: \u00c1ngeles Bedoya Rom\u00e1n Secretar\u00eda: Manuel Enrique L\u00f3pez de Pablos<\/p>\n","protected":false},"author":1,"featured_media":0,"parent":0,"menu_order":0,"comment_status":"closed","ping_status":"open","template":"","meta":{"ngg_post_thumbnail":0,"footnotes":"","_mc_calendar":[]},"aioseo_notices":[],"_links":{"self":[{"href":"https:\/\/blogsaverroes.juntadeandalucia.es\/ceiplaserillas\/wp-json\/wp\/v2\/pages\/42"}],"collection":[{"href":"https:\/\/blogsaverroes.juntadeandalucia.es\/ceiplaserillas\/wp-json\/wp\/v2\/pages"}],"about":[{"href":"https:\/\/blogsaverroes.juntadeandalucia.es\/ceiplaserillas\/wp-json\/wp\/v2\/types\/page"}],"author":[{"embeddable":true,"href":"https:\/\/blogsaverroes.juntadeandalucia.es\/ceiplaserillas\/wp-json\/wp\/v2\/users\/1"}],"replies":[{"embeddable":true,"href":"https:\/\/blogsaverroes.juntadeandalucia.es\/ceiplaserillas\/wp-json\/wp\/v2\/comments?post=42"}],"version-history":[{"count":6,"href":"https:\/\/blogsaverroes.juntadeandalucia.es\/ceiplaserillas\/wp-json\/wp\/v2\/pages\/42\/revisions"}],"predecessor-version":[{"id":2331,"href":"https:\/\/blogsaverroes.juntadeandalucia.es\/ceiplaserillas\/wp-json\/wp\/v2\/pages\/42\/revisions\/2331"}],"wp:attachment":[{"href":"https:\/\/blogsaverroes.juntadeandalucia.es\/ceiplaserillas\/wp-json\/wp\/v2\/media?parent=42"}],"curies":[{"name":"wp","href":"https:\/\/api.w.org\/{rel}","templated":true}]}}