{"id":49,"date":"2015-03-13T08:47:05","date_gmt":"2015-03-13T08:47:05","guid":{"rendered":"http:\/\/blogsaverroes.juntadeandalucia.es\/pre\/ceip\/?page_id=49"},"modified":"2025-10-30T09:36:32","modified_gmt":"2025-10-30T09:36:32","slug":"proyecto-educativo","status":"publish","type":"page","link":"https:\/\/blogsaverroes.juntadeandalucia.es\/ceiplaserillas\/proyecto-educativo\/","title":{"rendered":"Plan de Centro"},"content":{"rendered":"<p><strong><em>El presente proyecto educativo es un documento vivo. Se encuentra en continuo proceso de actualizaci\u00f3n previa autorizaci\u00f3n en claustro y consejo escolar.<\/em><\/strong><\/p>\n<p>&nbsp;<\/p>\n<p><a href=\"https:\/\/blogsaverroes.juntadeandalucia.es\/ceiplaserillas\/files\/2025\/01\/Proyecto-Educativo-Erillas-feb-2025.pdf\">PROYECTO EDUCATIVO ERILLAS feb 2025<\/a><\/p>\n<p><img loading=\"lazy\" decoding=\"async\" class=\"alignnone size-medium wp-image-1662\" src=\"https:\/\/blogsaverroes.juntadeandalucia.es\/ceiplaserillas\/files\/2015\/03\/proyecto-300x266.png\" alt=\"proyecto\" width=\"300\" height=\"266\" srcset=\"https:\/\/blogsaverroes.juntadeandalucia.es\/ceiplaserillas\/files\/2015\/03\/proyecto-300x266.png 300w, https:\/\/blogsaverroes.juntadeandalucia.es\/ceiplaserillas\/files\/2015\/03\/proyecto.png 640w\" sizes=\"(max-width: 300px) 100vw, 300px\" \/><\/p>\n<p><a href=\"https:\/\/blogsaverroes.juntadeandalucia.es\/ceiplaserillas\/files\/2024\/02\/PAD.pdf\">PLAN ATENCI\u00d3N A LA DIVERSIDAD feb 2024<\/a><\/p>\n<p><a href=\"https:\/\/blogsaverroes.juntadeandalucia.es\/ceiplaserillas\/files\/2024\/02\/PLAN-DE-ORIENTACI\u00d3N-Y-ACCI\u00d3N-TUTORIAL.pdf\">PLAN DE ORIENTACI\u00d3N Y ACCI\u00d3N TUTORIAL feb 2024<\/a><\/p>\n<p><a href=\"https:\/\/blogsaverroes.juntadeandalucia.es\/ceiplaserillas\/files\/2024\/02\/PLAN_DE_CONVIVENCIA-feb-2024.pdf\">PLAN_DE_CONVIVENCIA feb 2024<\/a><\/p>\n<p>&nbsp;<\/p>\n<p><a href=\"https:\/\/blogsaverroes.juntadeandalucia.es\/ceiplaserillas\/files\/2025\/01\/PLAN-REFUERZO.pdf\">PLAN DE REFUERZO feb 25<\/a><\/p>\n<p>&nbsp;<\/p>\n<p>&nbsp;<\/p>\n<p><a href=\"https:\/\/blogsaverroes.juntadeandalucia.es\/ceiplaserillas\/files\/2020\/11\/PROYECTO-DE-GESTION.doc\">PROYECTO DE GESTION<\/a><\/p>\n<p><a href=\"https:\/\/blogsaverroes.juntadeandalucia.es\/ceiplaserillas\/files\/2015\/10\/slider_06_1138_500.jpg\"><img loading=\"lazy\" decoding=\"async\" class=\"alignnone size-medium wp-image-2072\" src=\"https:\/\/blogsaverroes.juntadeandalucia.es\/ceiplaserillas\/files\/2015\/10\/slider_06_1138_500-300x132.jpg\" alt=\"\" width=\"300\" height=\"132\" srcset=\"https:\/\/blogsaverroes.juntadeandalucia.es\/ceiplaserillas\/files\/2015\/10\/slider_06_1138_500-300x132.jpg 300w, https:\/\/blogsaverroes.juntadeandalucia.es\/ceiplaserillas\/files\/2015\/10\/slider_06_1138_500-1024x450.jpg 1024w, https:\/\/blogsaverroes.juntadeandalucia.es\/ceiplaserillas\/files\/2015\/10\/slider_06_1138_500.jpg 1138w\" sizes=\"(max-width: 300px) 100vw, 300px\" \/><\/a><\/p>\n<p>&nbsp;<\/p>\n<p>El&nbsp;<b>Proyecto de Gesti\u00f3n<\/b>, como parte del Plan de&nbsp;<b>Centro<\/b>, es el instrumento que debe establecer los criterios a seguir en las decisiones relativas a la&nbsp;<b>gesti\u00f3n<\/b>&nbsp;de los recursos humanos, materiales y econ\u00f3micos del&nbsp;<b>Centro<\/b>, favoreciendo el uso responsable de los mismos.<\/p>\n<p>&nbsp;<\/p>\n<p><a href=\"https:\/\/blogsaverroes.juntadeandalucia.es\/ceiplaserillas\/files\/2025\/10\/B-REGLAMENTO-DE-ORGANIZACION-Y-FUNCIONAMIENTO-281025.docx.pdf\">B REGLAMENTO DE ORGANIZACI\u00d3N Y FUNCIONAMIENTO 281025.docx<\/a><\/p>\n<p><a href=\"https:\/\/blogsaverroes.juntadeandalucia.es\/ceiplaserillas\/files\/2015\/03\/horario2.jpg\"><img loading=\"lazy\" decoding=\"async\" class=\"alignnone size-medium wp-image-1675\" src=\"https:\/\/blogsaverroes.juntadeandalucia.es\/ceiplaserillas\/files\/2015\/03\/horario2-300x211.jpg\" alt=\"\" width=\"300\" height=\"211\" srcset=\"https:\/\/blogsaverroes.juntadeandalucia.es\/ceiplaserillas\/files\/2015\/03\/horario2-300x211.jpg 300w, https:\/\/blogsaverroes.juntadeandalucia.es\/ceiplaserillas\/files\/2015\/03\/horario2.jpg 640w\" sizes=\"(max-width: 300px) 100vw, 300px\" \/><\/a><\/p>\n<p>&nbsp;<\/p>\n<p>El&nbsp;<b>R.O.F<\/b>&nbsp;o documento&nbsp;<b>que<\/b>&nbsp;regula la organizaci\u00f3n y funcionamiento del centro, lo debemos considerar como una gu\u00eda&nbsp;<b>que<\/b>&nbsp;anima y orienta la actividad&nbsp;<b>educativa<\/b> en sus m\u00faltiples facetas. Actualizado y aprobado en consejo escolar el martes 6 de mayo de 2024.<\/p>\n<p>&nbsp;<\/p>\n<p>&nbsp;<\/p>\n","protected":false},"excerpt":{"rendered":"<p>El presente proyecto educativo es un documento vivo. Se encuentra en continuo proceso de actualizaci\u00f3n previa autorizaci\u00f3n en claustro y consejo escolar. &nbsp; PROYECTO EDUCATIVO ERILLAS feb 2025 PLAN ATENCI\u00d3N A LA DIVERSIDAD feb&#46;&#46;&#46;<\/p>\n","protected":false},"author":1,"featured_media":0,"parent":0,"menu_order":0,"comment_status":"closed","ping_status":"open","template":"","meta":{"ngg_post_thumbnail":0,"footnotes":"","_mc_calendar":[]},"aioseo_notices":[],"_links":{"self":[{"href":"https:\/\/blogsaverroes.juntadeandalucia.es\/ceiplaserillas\/wp-json\/wp\/v2\/pages\/49"}],"collection":[{"href":"https:\/\/blogsaverroes.juntadeandalucia.es\/ceiplaserillas\/wp-json\/wp\/v2\/pages"}],"about":[{"href":"https:\/\/blogsaverroes.juntadeandalucia.es\/ceiplaserillas\/wp-json\/wp\/v2\/types\/page"}],"author":[{"embeddable":true,"href":"https:\/\/blogsaverroes.juntadeandalucia.es\/ceiplaserillas\/wp-json\/wp\/v2\/users\/1"}],"replies":[{"embeddable":true,"href":"https:\/\/blogsaverroes.juntadeandalucia.es\/ceiplaserillas\/wp-json\/wp\/v2\/comments?post=49"}],"version-history":[{"count":27,"href":"https:\/\/blogsaverroes.juntadeandalucia.es\/ceiplaserillas\/wp-json\/wp\/v2\/pages\/49\/revisions"}],"predecessor-version":[{"id":2631,"href":"https:\/\/blogsaverroes.juntadeandalucia.es\/ceiplaserillas\/wp-json\/wp\/v2\/pages\/49\/revisions\/2631"}],"wp:attachment":[{"href":"https:\/\/blogsaverroes.juntadeandalucia.es\/ceiplaserillas\/wp-json\/wp\/v2\/media?parent=49"}],"curies":[{"name":"wp","href":"https:\/\/api.w.org\/{rel}","templated":true}]}}