{"id":77,"date":"2015-03-16T06:54:56","date_gmt":"2015-03-16T06:54:56","guid":{"rendered":"http:\/\/blogsaverroes.juntadeandalucia.es\/pre\/ceip\/?page_id=77"},"modified":"2022-06-02T07:54:49","modified_gmt":"2022-06-02T07:54:49","slug":"secretaria","status":"publish","type":"page","link":"https:\/\/blogsaverroes.juntadeandalucia.es\/ceiplaserillas\/secretaria\/","title":{"rendered":"Secretar\u00eda"},"content":{"rendered":"<p>La <strong>Secretar\u00eda&nbsp;<\/strong>llevada a cabo por nuestra compa\u00f1era Isabel Garc\u00eda Ortiz tiene un horario de atenci\u00f3n al p\u00fablico de 09:30 a 13:30 horas.<\/p>\n<p>Se aconseja pedir cita previa.<\/p>\n<p>Dicha cita se puede solicitar v\u00eda correo electr\u00f3nico o telef\u00f3nica.<\/p>\n<p>Tfno: 955739904<\/p>\n<p>Correo electr\u00f3nico: 41000612.edu@juntadeandalucia.es<\/p>\n<p><strong>Si desea presentar alg\u00fan tipo de documentaci\u00f3n o la solicitud de admisi\u00f3n<\/strong>&nbsp;en nuestro centro en periodo extraordinario use el&nbsp;<a href=\"https:\/\/www.juntadeandalucia.es\/educacion\/secretariavirtual\/accesoTramite\/462\/\" target=\"_blank\" rel=\"noopener noreferrer\"><strong>Registro Electr\u00f3nico de Centros educativos<\/strong><\/a> identificando nuestro centro con el c\u00f3digo 41000612.<\/p>\n<p>Adem\u00e1s puede realizar sus tr\u00e1mites on-line en la&nbsp;<a href=\"https:\/\/www.juntadeandalucia.es\/educacion\/secretariavirtual\/\">Secretaria Virtual de los centros docentes andaluces.<\/a><\/p>\n<p>&nbsp;<\/p>\n","protected":false},"excerpt":{"rendered":"<p>La Secretar\u00eda&nbsp;llevada a cabo por nuestra compa\u00f1era Isabel Garc\u00eda Ortiz tiene un horario de atenci\u00f3n al p\u00fablico de 09:30 a 13:30 horas. Se aconseja pedir cita previa. Dicha cita se puede solicitar v\u00eda correo&#46;&#46;&#46;<\/p>\n","protected":false},"author":1,"featured_media":0,"parent":0,"menu_order":0,"comment_status":"closed","ping_status":"open","template":"page-cs.php","meta":{"ngg_post_thumbnail":0,"footnotes":"","_mc_calendar":[]},"aioseo_notices":[],"_links":{"self":[{"href":"https:\/\/blogsaverroes.juntadeandalucia.es\/ceiplaserillas\/wp-json\/wp\/v2\/pages\/77"}],"collection":[{"href":"https:\/\/blogsaverroes.juntadeandalucia.es\/ceiplaserillas\/wp-json\/wp\/v2\/pages"}],"about":[{"href":"https:\/\/blogsaverroes.juntadeandalucia.es\/ceiplaserillas\/wp-json\/wp\/v2\/types\/page"}],"author":[{"embeddable":true,"href":"https:\/\/blogsaverroes.juntadeandalucia.es\/ceiplaserillas\/wp-json\/wp\/v2\/users\/1"}],"replies":[{"embeddable":true,"href":"https:\/\/blogsaverroes.juntadeandalucia.es\/ceiplaserillas\/wp-json\/wp\/v2\/comments?post=77"}],"version-history":[{"count":7,"href":"https:\/\/blogsaverroes.juntadeandalucia.es\/ceiplaserillas\/wp-json\/wp\/v2\/pages\/77\/revisions"}],"predecessor-version":[{"id":2326,"href":"https:\/\/blogsaverroes.juntadeandalucia.es\/ceiplaserillas\/wp-json\/wp\/v2\/pages\/77\/revisions\/2326"}],"wp:attachment":[{"href":"https:\/\/blogsaverroes.juntadeandalucia.es\/ceiplaserillas\/wp-json\/wp\/v2\/media?parent=77"}],"curies":[{"name":"wp","href":"https:\/\/api.w.org\/{rel}","templated":true}]}}