{"id":1432,"date":"2022-10-17T19:12:27","date_gmt":"2022-10-17T18:12:27","guid":{"rendered":"https:\/\/blogsaverroes.juntadeandalucia.es\/ceiplasflores\/?page_id=1432"},"modified":"2025-03-13T20:16:34","modified_gmt":"2025-03-13T19:16:34","slug":"3o-primaria-2","status":"publish","type":"page","link":"https:\/\/blogsaverroes.juntadeandalucia.es\/ceiplasflores\/3o-primaria-2\/","title":{"rendered":"3\u00ba Primaria"},"content":{"rendered":"<p><span style=\"font-size: 18pt\"><strong>Blog de 3\u00ba Primaria CEIP Las Flores A\u00d1O 2024-2025<\/strong><\/span><\/p>\n<p>\u00a1GRUPOS INTERACTIVOS!<\/p>\n<p>&nbsp;<\/p>\n<p>\u00a1CONOCEMOS Y NOS DIVERTIMOS EN EL PARQUE DE BOMBEROS!<\/p>\n<p>Hoy, 23 de enero nuestro alumnado de 3\u00ba y 4\u00ba han ido a conocer y a divertirse al parque de bomberos de M\u00e1laga, donde han podido ver de primera mano como es el d\u00eda a d\u00eda de un bombero, conocer los elementos necesarios para desarrollar su trabajo diario y ponerse en la piel de ellos practicando con la manguera de agua y rescatando a &#8220;nuestro amigo perdido&#8221;.<\/p>\n<p><img loading=\"lazy\" decoding=\"async\" class=\"alignnone size-large wp-image-2339\" src=\"https:\/\/blogsaverroes.juntadeandalucia.es\/ceiplasflores\/files\/2025\/03\/BOMBEROS-1024x768.jpeg\" alt=\"\" width=\"660\" height=\"495\" srcset=\"https:\/\/blogsaverroes.juntadeandalucia.es\/ceiplasflores\/files\/2025\/03\/BOMBEROS-1024x768.jpeg 1024w, https:\/\/blogsaverroes.juntadeandalucia.es\/ceiplasflores\/files\/2025\/03\/BOMBEROS-300x225.jpeg 300w, https:\/\/blogsaverroes.juntadeandalucia.es\/ceiplasflores\/files\/2025\/03\/BOMBEROS-768x576.jpeg 768w, https:\/\/blogsaverroes.juntadeandalucia.es\/ceiplasflores\/files\/2025\/03\/BOMBEROS-1536x1152.jpeg 1536w, https:\/\/blogsaverroes.juntadeandalucia.es\/ceiplasflores\/files\/2025\/03\/BOMBEROS-700x525.jpeg 700w, https:\/\/blogsaverroes.juntadeandalucia.es\/ceiplasflores\/files\/2025\/03\/BOMBEROS-332x249.jpeg 332w, https:\/\/blogsaverroes.juntadeandalucia.es\/ceiplasflores\/files\/2025\/03\/BOMBEROS.jpeg 1600w\" sizes=\"(max-width: 660px) 100vw, 660px\" \/><\/p>\n","protected":false},"excerpt":{"rendered":"<p>Blog de 3\u00ba Primaria CEIP Las Flores A\u00d1O 2024-2025 \u00a1GRUPOS INTERACTIVOS! &nbsp; \u00a1CONOCEMOS Y NOS DIVERTIMOS EN EL PARQUE DE BOMBEROS! Hoy, 23 de enero nuestro alumnado de 3\u00ba y 4\u00ba han ido a conocer y a divertirse al parque de bomberos de M\u00e1laga, donde han podido ver de primera mano como es el d\u00eda [&hellip;]<\/p>\n","protected":false},"author":15736,"featured_media":0,"parent":0,"menu_order":0,"comment_status":"closed","ping_status":"closed","template":"","meta":{"_et_pb_use_builder":"","_et_pb_old_content":"","_et_gb_content_width":"","ngg_post_thumbnail":0,"footnotes":""},"aioseo_notices":[],"_links":{"self":[{"href":"https:\/\/blogsaverroes.juntadeandalucia.es\/ceiplasflores\/wp-json\/wp\/v2\/pages\/1432"}],"collection":[{"href":"https:\/\/blogsaverroes.juntadeandalucia.es\/ceiplasflores\/wp-json\/wp\/v2\/pages"}],"about":[{"href":"https:\/\/blogsaverroes.juntadeandalucia.es\/ceiplasflores\/wp-json\/wp\/v2\/types\/page"}],"author":[{"embeddable":true,"href":"https:\/\/blogsaverroes.juntadeandalucia.es\/ceiplasflores\/wp-json\/wp\/v2\/users\/15736"}],"replies":[{"embeddable":true,"href":"https:\/\/blogsaverroes.juntadeandalucia.es\/ceiplasflores\/wp-json\/wp\/v2\/comments?post=1432"}],"version-history":[{"count":9,"href":"https:\/\/blogsaverroes.juntadeandalucia.es\/ceiplasflores\/wp-json\/wp\/v2\/pages\/1432\/revisions"}],"predecessor-version":[{"id":2342,"href":"https:\/\/blogsaverroes.juntadeandalucia.es\/ceiplasflores\/wp-json\/wp\/v2\/pages\/1432\/revisions\/2342"}],"wp:attachment":[{"href":"https:\/\/blogsaverroes.juntadeandalucia.es\/ceiplasflores\/wp-json\/wp\/v2\/media?parent=1432"}],"curies":[{"name":"wp","href":"https:\/\/api.w.org\/{rel}","templated":true}]}}