{"id":823,"date":"2020-12-16T09:58:58","date_gmt":"2020-12-16T08:58:58","guid":{"rendered":"https:\/\/blogsaverroes.juntadeandalucia.es\/pre\/plantilla-pencil\/?page_id=733"},"modified":"2024-11-13T17:53:46","modified_gmt":"2024-11-13T16:53:46","slug":"contactar-con-el-centro","status":"publish","type":"page","link":"https:\/\/blogsaverroes.juntadeandalucia.es\/ceiplasflores\/contactar-con-el-centro\/","title":{"rendered":"Contactar con el centro"},"content":{"rendered":"<p style=\"text-align: left\">&nbsp;<\/p>\n<p><span style=\"font-size: 14pt\"><strong>Direcci\u00f3n:<\/strong> <\/span><span style=\"color: #000000\"><a style=\"font-size: 14pt;color: #000000\" href=\"https:\/\/www.google.com\/maps\/place\/\/data=!4m2!3m1!1s0xd72f7b7b3723145:0xc932b4001a3cca68?sa=X&amp;ved=1t:8290&amp;ictx=111\" data-url=\"\/maps\/place\/\/data=!4m2!3m1!1s0xd72f7b7b3723145:0xc932b4001a3cca68?sa=X&amp;ved=2ahUKEwjUvJLe4dmJAxWO9LsIHWXRCcQQ4kB6BAgHEAA\">C. Obispo Bartolom\u00e9 Espejo, 20, Cdad. Jard\u00edn, 29014 M\u00e1laga<\/a><\/span><\/p>\n<p style=\"text-align: left\"><span style=\"font-size: 14pt;color: #000000\"><strong>Tfno.&nbsp; contacto: <\/strong><span class=\"LrzXr zdqRlf kno-fv\"><a style=\"color: #000000\" href=\"https:\/\/www.google.com\/search?gs_ssp=eJzj4tFP1zfMSDYsL8yxNDZgtFIxqEgxN0ozTzJPMjY3MjY0MbUyqEi2NDZKMjEwMEw0Tk5ONLPwEktOzSxQyEksVkjLyS9KLVbITcxJTE8EAC_HFpA&amp;q=ceip+las+flores+malaga&amp;oq=ceip+las+lfores&amp;gs_lcrp=EgZjaHJvbWUqDwgBEC4YDRivARjHARiABDIGCAAQRRg5Mg8IARAuGA0YrwEYxwEYgAQyCggCEAAYBRgNGB4yCggDEAAYBRgNGB4yCggEEAAYgAQYogQyCggFEAAYgAQYogQyCggGEAAYgAQYogTSAQk0MzYyajBqMTWoAgiwAgE&amp;sourceid=chrome&amp;ie=UTF-8#\" data-dtype=\"d3ph\" data-local-attribute=\"d3ph\" data-ved=\"2ahUKEwjUvJLe4dmJAxWO9LsIHWXRCcQQkAgoAHoECCsQAg\"><span aria-label=\"Llamar al n\u00famero de tel\u00e9fono 951 29 89 47\">951 29 89 47<\/span><\/a><\/span><\/span><\/p>\n<p><span style=\"font-size: 14pt\"><strong>Correo electr\u00f3nico:<\/strong> 29003555.edu@juntadeandaluc\u00eda .es<\/span><\/p>\n<p><span style=\"font-size: 14pt\"><strong>Instagram:<\/strong> ceiplasflores<\/span><\/p>\n<p style=\"text-align: left\"><strong><span style=\"font-size: 24pt\"><span style=\"font-size: 14pt\">Ubicaci\u00f3n del Centro:<\/span><\/span><\/strong><\/p>\n<p style=\"text-align: left\"><strong><span style=\"font-size: 24pt\">&nbsp; <\/span><\/strong>&nbsp;<iframe loading=\"lazy\" src=\"https:\/\/www.google.com\/maps\/embed?pb=!1m18!1m12!1m3!1d3197.4870162337684!2d-4.421764084184175!3d36.73487957996224!2m3!1f0!2f0!3f0!3m2!1i1024!2i768!4f13.1!3m3!1m2!1s0xd72f7b7b3723145%3A0xc932b4001a3cca68!2sCEIP%20Las%20Flores!5e0!3m2!1ses!2ses!4v1664358710939!5m2!1ses!2ses\" width=\"100%\" height=\"458\"><\/iframe><\/p>\n","protected":false},"excerpt":{"rendered":"<p>&nbsp; Direcci\u00f3n: C. Obispo Bartolom\u00e9 Espejo, 20, Cdad. Jard\u00edn, 29014 M\u00e1laga Tfno.&nbsp; contacto: 951 29 89 47 Correo electr\u00f3nico: 29003555.edu@juntadeandaluc\u00eda .es Instagram: ceiplasflores Ubicaci\u00f3n del Centro: &nbsp; &nbsp;<\/p>\n","protected":false},"author":7051,"featured_media":0,"parent":0,"menu_order":0,"comment_status":"closed","ping_status":"closed","template":"","meta":{"_et_pb_use_builder":"on","_et_pb_old_content":"","_et_gb_content_width":"","ngg_post_thumbnail":0,"footnotes":""},"aioseo_notices":[],"_links":{"self":[{"href":"https:\/\/blogsaverroes.juntadeandalucia.es\/ceiplasflores\/wp-json\/wp\/v2\/pages\/823"}],"collection":[{"href":"https:\/\/blogsaverroes.juntadeandalucia.es\/ceiplasflores\/wp-json\/wp\/v2\/pages"}],"about":[{"href":"https:\/\/blogsaverroes.juntadeandalucia.es\/ceiplasflores\/wp-json\/wp\/v2\/types\/page"}],"author":[{"embeddable":true,"href":"https:\/\/blogsaverroes.juntadeandalucia.es\/ceiplasflores\/wp-json\/wp\/v2\/users\/7051"}],"replies":[{"embeddable":true,"href":"https:\/\/blogsaverroes.juntadeandalucia.es\/ceiplasflores\/wp-json\/wp\/v2\/comments?post=823"}],"version-history":[{"count":6,"href":"https:\/\/blogsaverroes.juntadeandalucia.es\/ceiplasflores\/wp-json\/wp\/v2\/pages\/823\/revisions"}],"predecessor-version":[{"id":2228,"href":"https:\/\/blogsaverroes.juntadeandalucia.es\/ceiplasflores\/wp-json\/wp\/v2\/pages\/823\/revisions\/2228"}],"wp:attachment":[{"href":"https:\/\/blogsaverroes.juntadeandalucia.es\/ceiplasflores\/wp-json\/wp\/v2\/media?parent=823"}],"curies":[{"name":"wp","href":"https:\/\/api.w.org\/{rel}","templated":true}]}}