{"id":850,"date":"2020-12-18T08:41:27","date_gmt":"2020-12-18T07:41:27","guid":{"rendered":"https:\/\/blogsaverroes.juntadeandalucia.es\/pre\/plantilla-pencil\/?page_id=850"},"modified":"2025-03-19T13:57:34","modified_gmt":"2025-03-19T12:57:34","slug":"planes-y-proyectos","status":"publish","type":"page","link":"https:\/\/blogsaverroes.juntadeandalucia.es\/ceiplasflores\/planes-y-proyectos\/","title":{"rendered":"Planes y Proyectos"},"content":{"rendered":"<p>Este curso 24\/25 llevamos a cabo los siguientes planes y proyectos:<\/p>\n<ul>\n<li><strong>Plan de Apertura de Centros<\/strong>: Iniciativa para extender horarios y actividades en centros educativos, promoviendo la participaci\u00f3n de la comunidad en actividades extracurriculares.<\/li>\n<li><strong>Comunidad de Aprendizaje<\/strong>: Creaci\u00f3n de redes de colaboraci\u00f3n entre familias, docentes y estudiantes para mejorar el proceso educativo y la integraci\u00f3n social.<\/li>\n<li><strong>Fomento del Deporte Escolar<\/strong>: Fomento de la actividad f\u00edsica en los centros educativos, mediante programas deportivos accesibles que incluyan a todos los estudiantes.<\/li>\n<li><strong>Promoci\u00f3n de la Equidad Educativa<\/strong>: Iniciativas para garantizar que todos los estudiantes, independientemente de su origen o situaci\u00f3n, tengan igualdad de oportunidades de aprendizaje.<\/li>\n<li><strong>CIMA: H\u00e1bitos de vida saludables y huertos escolares<\/strong>: Promoci\u00f3n de estilos de vida saludables mediante actividades como huertos escolares, ense\u00f1anza de nutrici\u00f3n y h\u00e1bitos saludables en las aulas. (Aulas Verdes solicitadas).<\/li>\n<li><strong>Plan de Consumo Gratuito de Alimentos Saludables<\/strong>: Distribuci\u00f3n gratuita de productos saludables como frutas, leche y aceite de oliva en los centros educativos para mejorar la nutrici\u00f3n infantil.<\/li>\n<li><strong>Plan Andaluz de Salud Laboral y Prevenci\u00f3n de Riesgos Laborales<\/strong>: Estrategias para promover la seguridad y bienestar en el entorno escolar, tanto para estudiantes como para el personal docente y no docente.<\/li>\n<li><strong>Plan de Igualdad de g\u00e9nero en <\/strong><strong>la <\/strong><strong>educaci\u00f3n<\/strong>: Promoci\u00f3n de la igualdad de g\u00e9nero mediante la implementaci\u00f3n de programas educativos que prevengan la discriminaci\u00f3n y fomenten el respeto y la inclusi\u00f3n.<\/li>\n<li><strong>Fomento de la Convivencia Escolar<\/strong>: Planes para mejorar el clima escolar, impulsando la resoluci\u00f3n pac\u00edfica de conflictos, el respeto mutuo y la integraci\u00f3n.<\/li>\n<li><strong>Plan Competencia Digital <\/strong><strong>Educativa<\/strong>: Desarrollo de habilidades tecnol\u00f3gicas en estudiantes y docentes, asegurando que todos tengan acceso y capacidad para utilizar herramientas digitales de manera efectiva.<\/li>\n<li><strong>Pr\u00e1cticas de Grado para Futuro Profesorado<\/strong>: Proyectos de pr\u00e1cticas para estudiantes de Magisterio, permitiendo una experiencia directa en aulas y promoviendo el aprendizaje pr\u00e1ctico.<\/li>\n<li><strong>Red Andaluza Escuela: \u201cEspacio de Paz\u201d (Intercentros)<\/strong>: Creaci\u00f3n de un espacio intercentros para fomentar la convivencia pac\u00edfica y la resoluci\u00f3n de conflictos entre diferentes instituciones educativas.<\/li>\n<li><strong>Fortalecimiento de Bibliotecas Escolares<\/strong>: Fortalecimiento de las bibliotecas en los centros educativos, ofreciendo recursos para el aprendizaje, lectura y el desarrollo de la creatividad de los estudiantes.<\/li>\n<\/ul>\n","protected":false},"excerpt":{"rendered":"<p>Este curso 24\/25 llevamos a cabo los siguientes planes y proyectos: Plan de Apertura de Centros: Iniciativa para extender horarios y actividades en centros educativos, promoviendo la participaci\u00f3n de la comunidad en actividades extracurriculares. Comunidad de Aprendizaje: Creaci\u00f3n de redes de colaboraci\u00f3n entre familias, docentes y estudiantes para mejorar el proceso educativo y la integraci\u00f3n [&hellip;]<\/p>\n","protected":false},"author":7051,"featured_media":0,"parent":0,"menu_order":0,"comment_status":"closed","ping_status":"closed","template":"","meta":{"_et_pb_use_builder":"on","_et_pb_old_content":"","_et_gb_content_width":"","ngg_post_thumbnail":0,"footnotes":""},"aioseo_notices":[],"_links":{"self":[{"href":"https:\/\/blogsaverroes.juntadeandalucia.es\/ceiplasflores\/wp-json\/wp\/v2\/pages\/850"}],"collection":[{"href":"https:\/\/blogsaverroes.juntadeandalucia.es\/ceiplasflores\/wp-json\/wp\/v2\/pages"}],"about":[{"href":"https:\/\/blogsaverroes.juntadeandalucia.es\/ceiplasflores\/wp-json\/wp\/v2\/types\/page"}],"author":[{"embeddable":true,"href":"https:\/\/blogsaverroes.juntadeandalucia.es\/ceiplasflores\/wp-json\/wp\/v2\/users\/7051"}],"replies":[{"embeddable":true,"href":"https:\/\/blogsaverroes.juntadeandalucia.es\/ceiplasflores\/wp-json\/wp\/v2\/comments?post=850"}],"version-history":[{"count":8,"href":"https:\/\/blogsaverroes.juntadeandalucia.es\/ceiplasflores\/wp-json\/wp\/v2\/pages\/850\/revisions"}],"predecessor-version":[{"id":2347,"href":"https:\/\/blogsaverroes.juntadeandalucia.es\/ceiplasflores\/wp-json\/wp\/v2\/pages\/850\/revisions\/2347"}],"wp:attachment":[{"href":"https:\/\/blogsaverroes.juntadeandalucia.es\/ceiplasflores\/wp-json\/wp\/v2\/media?parent=850"}],"curies":[{"name":"wp","href":"https:\/\/api.w.org\/{rel}","templated":true}]}}