{"id":1060,"date":"2024-01-18T13:52:07","date_gmt":"2024-01-18T12:52:07","guid":{"rendered":"https:\/\/blogsaverroes.juntadeandalucia.es\/ceiplasierra\/?page_id=1060"},"modified":"2025-11-21T10:36:03","modified_gmt":"2025-11-21T09:36:03","slug":"nuevo-plan-de-centro","status":"publish","type":"page","link":"https:\/\/blogsaverroes.juntadeandalucia.es\/ceiplasierra\/nuevo-plan-de-centro\/","title":{"rendered":"NUEVO PLAN DE CENTRO"},"content":{"rendered":"<p><a href=\"https:\/\/blogsaverroes.juntadeandalucia.es\/ceiplasierra\/files\/2025\/11\/encabezado-logo-colegio-junta.jpg\"><img loading=\"lazy\" decoding=\"async\" class=\"aligncenter wp-image-1902 size-full\" src=\"https:\/\/blogsaverroes.juntadeandalucia.es\/ceiplasierra\/files\/2025\/11\/encabezado-logo-colegio-junta.jpg\" alt=\"\" width=\"1082\" height=\"99\" srcset=\"https:\/\/blogsaverroes.juntadeandalucia.es\/ceiplasierra\/files\/2025\/11\/encabezado-logo-colegio-junta.jpg 1082w, https:\/\/blogsaverroes.juntadeandalucia.es\/ceiplasierra\/files\/2025\/11\/encabezado-logo-colegio-junta-300x27.jpg 300w, https:\/\/blogsaverroes.juntadeandalucia.es\/ceiplasierra\/files\/2025\/11\/encabezado-logo-colegio-junta-1024x94.jpg 1024w, https:\/\/blogsaverroes.juntadeandalucia.es\/ceiplasierra\/files\/2025\/11\/encabezado-logo-colegio-junta-768x70.jpg 768w\" sizes=\"(max-width: 1082px) 100vw, 1082px\" \/><\/a><\/p>\n<h1>CONCEPTO, DOCUMENTOS E \u00cdNDICES<\/h1>\n<h2>CONCEPTO<\/h2>\n<p>El Plan de Centro del CEIP Ntra. Sra. de la Sierra de Cabra (C\u00f3rdoba) se compone de los siguientes elementos prescriptivos:<\/p>\n<p><a href=\"https:\/\/blogsaverroes.juntadeandalucia.es\/ceiplasierra\/files\/2025\/11\/PLAN-DE-CENTRO.png\"><img loading=\"lazy\" decoding=\"async\" class=\"aligncenter wp-image-1921 size-medium\" src=\"https:\/\/blogsaverroes.juntadeandalucia.es\/ceiplasierra\/files\/2025\/11\/PLAN-DE-CENTRO-300x200.png\" alt=\"\" width=\"300\" height=\"200\" srcset=\"https:\/\/blogsaverroes.juntadeandalucia.es\/ceiplasierra\/files\/2025\/11\/PLAN-DE-CENTRO-300x200.png 300w, https:\/\/blogsaverroes.juntadeandalucia.es\/ceiplasierra\/files\/2025\/11\/PLAN-DE-CENTRO-1024x683.png 1024w, https:\/\/blogsaverroes.juntadeandalucia.es\/ceiplasierra\/files\/2025\/11\/PLAN-DE-CENTRO-768x512.png 768w, https:\/\/blogsaverroes.juntadeandalucia.es\/ceiplasierra\/files\/2025\/11\/PLAN-DE-CENTRO.png 1536w\" sizes=\"(max-width: 300px) 100vw, 300px\" \/><\/a><\/p>\n<table class=\" aligncenter\" style=\"width: 100%;border-collapse: collapse\">\n<tbody>\n<tr>\n<td style=\"width: 33.3333%;text-align: center\"><a title=\"PROYECTO EDUCATIVO\" href=\"https:\/\/blogsaverroes.juntadeandalucia.es\/ceiplasierra\/proyecto-educativo\/\">PROYECTO EDUCATIVO<\/a><\/td>\n<td style=\"width: 33.3333%;text-align: center\"><a title=\"REGLAMENTO DE ORGANIZACI\u00d3N Y FUNCIONAMIENTO\" href=\"https:\/\/blogsaverroes.juntadeandalucia.es\/ceiplasierra\/reglamento-de-organizacion-y-funcionamiento\/\">REGLAMENTO DE ORGANIZACI\u00d3N Y FUNCIONAMIENTO<\/a><\/td>\n<td style=\"width: 33.3333%;text-align: center\"><a title=\"PROYECTO DE GESTI\u00d3N\" href=\"https:\/\/blogsaverroes.juntadeandalucia.es\/ceiplasierra\/proyecto-de-gestion\/\">PROYECTO DE GESTI\u00d3N<\/a><\/td>\n<\/tr>\n<\/tbody>\n<\/table>\n<p>El Proyecto Educativo recoge los objetivos y prioridades de actuaci\u00f3n definidos para cada curso escolar. Adem\u00e1s, incorpora la concreci\u00f3n del curr\u00edculum establecido por la Administraci\u00f3n educativa fijado y aprobado por el Claustro de profesores, as\u00ed como el tratamiento de temas transversales en la Educaci\u00f3n en Valores y otras ense\u00f1anzas en las distintas \u00e1reas. Nuestro Proyecto tambi\u00e9n determina la forma de Atenci\u00f3n a la Diversidad del alumnado y la Acci\u00f3n Tutorial, as\u00ed como el Plan de Convivencia. Dentro de sus apartados se contemplan aspectos que puntualizan el compromiso educativo adquirido con las familias, las Instituciones y el entorno. Todo ello persigue mejorar los resultados de nuestro alumnado y su formaci\u00f3n integral. En resumen, el documento busca contribuir t\u00e9cnicamente a la consecuci\u00f3n de la meta com\u00fan a la que aspiramos como comunidad educativa: el enriquecimiento de las posibilidades de cada&nbsp; ni\u00f1o y ni\u00f1a permiti\u00e9ndole el descubrimiento del medio en el que vive para poder desenvolverse en \u00e9l de forma activa, cr\u00edtica, respetuosa y responsable. Se proponen la no discriminaci\u00f3n, la integraci\u00f3n y la inclusi\u00f3n como ejes primordiales, as\u00ed como el conjunto de principios y fines recogidos en la LOMLOE (Ley Org\u00e1nica 3\/2020, de 3 de mayo de Educaci\u00f3n).<\/p>\n<p>El Reglamento de Organizaci\u00f3n y Funcionamiento contiene las normas organizativas y funcionales que favorecen un clima de trabajo adecuado para que logremos alcanzar los objetivos que nos hemos trazado. Permite mantener un ambiente de respeto, confianza y colaboraci\u00f3n entre todos los sectores de la comunidad educativa.<\/p>\n<p>El Proyecto de Gesti\u00f3n se ocupa de la ordenaci\u00f3n y utilizaci\u00f3n de los recursos del centro, tanto materiales como humanos.<\/p>\n","protected":false},"excerpt":{"rendered":"<p>CONCEPTO, DOCUMENTOS E \u00cdNDICES CONCEPTO El Plan de Centro del CEIP Ntra. Sra. de la Sierra de Cabra (C\u00f3rdoba) se compone de los siguientes elementos prescriptivos: PROYECTO EDUCATIVO REGLAMENTO DE ORGANIZACI\u00d3N Y FUNCIONAMIENTO PROYECTO&#46;&#46;&#46;<\/p>\n","protected":false},"author":7057,"featured_media":0,"parent":0,"menu_order":0,"comment_status":"closed","ping_status":"closed","template":"","meta":{"ngg_post_thumbnail":0,"footnotes":""},"aioseo_notices":[],"_links":{"self":[{"href":"https:\/\/blogsaverroes.juntadeandalucia.es\/ceiplasierra\/wp-json\/wp\/v2\/pages\/1060"}],"collection":[{"href":"https:\/\/blogsaverroes.juntadeandalucia.es\/ceiplasierra\/wp-json\/wp\/v2\/pages"}],"about":[{"href":"https:\/\/blogsaverroes.juntadeandalucia.es\/ceiplasierra\/wp-json\/wp\/v2\/types\/page"}],"author":[{"embeddable":true,"href":"https:\/\/blogsaverroes.juntadeandalucia.es\/ceiplasierra\/wp-json\/wp\/v2\/users\/7057"}],"replies":[{"embeddable":true,"href":"https:\/\/blogsaverroes.juntadeandalucia.es\/ceiplasierra\/wp-json\/wp\/v2\/comments?post=1060"}],"version-history":[{"count":14,"href":"https:\/\/blogsaverroes.juntadeandalucia.es\/ceiplasierra\/wp-json\/wp\/v2\/pages\/1060\/revisions"}],"predecessor-version":[{"id":1920,"href":"https:\/\/blogsaverroes.juntadeandalucia.es\/ceiplasierra\/wp-json\/wp\/v2\/pages\/1060\/revisions\/1920"}],"wp:attachment":[{"href":"https:\/\/blogsaverroes.juntadeandalucia.es\/ceiplasierra\/wp-json\/wp\/v2\/media?parent=1060"}],"curies":[{"name":"wp","href":"https:\/\/api.w.org\/{rel}","templated":true}]}}