{"id":1582,"date":"2024-05-30T09:41:42","date_gmt":"2024-05-30T08:41:42","guid":{"rendered":"https:\/\/blogsaverroes.juntadeandalucia.es\/ceiplasierra\/?page_id=1582"},"modified":"2024-05-30T12:07:11","modified_gmt":"2024-05-30T11:07:11","slug":"ipasen","status":"publish","type":"page","link":"https:\/\/blogsaverroes.juntadeandalucia.es\/ceiplasierra\/ipasen\/","title":{"rendered":"iPASEN"},"content":{"rendered":"<p><a href=\"https:\/\/seneca.juntadeandalucia.es\/seneca\/jsp\/portalpasen\/\"><img loading=\"lazy\" decoding=\"async\" class=\"aligncenter size-thumbnail wp-image-1583\" src=\"https:\/\/blogsaverroes.juntadeandalucia.es\/ceiplasierra\/files\/2024\/05\/ipasen-150x150.png\" alt=\"\" width=\"150\" height=\"150\" srcset=\"https:\/\/blogsaverroes.juntadeandalucia.es\/ceiplasierra\/files\/2024\/05\/ipasen-150x150.png 150w, https:\/\/blogsaverroes.juntadeandalucia.es\/ceiplasierra\/files\/2024\/05\/ipasen-300x300.png 300w, https:\/\/blogsaverroes.juntadeandalucia.es\/ceiplasierra\/files\/2024\/05\/ipasen-432x432.png 432w, https:\/\/blogsaverroes.juntadeandalucia.es\/ceiplasierra\/files\/2024\/05\/ipasen-268x268.png 268w, https:\/\/blogsaverroes.juntadeandalucia.es\/ceiplasierra\/files\/2024\/05\/ipasen.png 448w\" sizes=\"(max-width: 150px) 100vw, 150px\" \/><\/a><\/p>\n<p><span class=\"s2\"><strong>iPASEN<\/strong>, es la aplicaci\u00f3n de acceso al seguimiento educativo de los alumnos y alumnas andaluces.<\/span><\/p>\n<p>Su uso es cada vez m\u00e1s generalizado. A trav\u00e9s de esta aplicaci\u00f3n las familias podr\u00e1n justificar las ausencias de sus hijos, tener acceso a las calificaciones, comunicarse con el equipo educativo, descargar los cheques libros y los boletines de calificaciones y recibir las noticias m\u00e1s destacadas del colegio.<\/p>\n<p>Puede descargar la APP&nbsp; iPasen en su tel\u00e9fono m\u00f3vil desde su AppStore de Android o IOS<\/p>\n<p>Tambi\u00e9n es posible entrar a<a href=\"https:\/\/seneca.juntadeandalucia.es\/seneca\/jsp\/portalpasen\/\" target=\"_blank\" rel=\"noopener\"> IPASEN a trav\u00e9s de un portal web<\/a><\/p>\n<p><a href=\"https:\/\/seneca.juntadeandalucia.es\/seneca\/jsp\/portalpasen\/\"><img loading=\"lazy\" decoding=\"async\" class=\"aligncenter wp-image-1585\" src=\"https:\/\/blogsaverroes.juntadeandalucia.es\/ceiplasierra\/files\/2024\/05\/pasen2-150x76.png\" alt=\"\" width=\"140\" height=\"71\"><\/a><\/p>\n<p>Para poder acceder a iPasen es necesario estar en posesi\u00f3n de un usuario y una contrase\u00f1a que podr\u00e1 obtener desde la misma aplicaci\u00f3n <a href=\"https:\/\/youtu.be\/Gywfd_XncSA?feature=shared\" target=\"_blank\" rel=\"noopener\">siguiendo este video-tutorial<\/a> o solicit\u00e1ndolo en la secretar\u00eda del colegio.<a title=\"VIDEOTUTORIAL\" href=\"https:\/\/youtu.be\/Gywfd_XncSA?feature=shared\" target=\"_blank\" rel=\"noopener\"><img loading=\"lazy\" decoding=\"async\" class=\"size-thumbnail wp-image-1594 aligncenter\" src=\"https:\/\/blogsaverroes.juntadeandalucia.es\/ceiplasierra\/files\/2024\/05\/4905784-150x150.jpg\" alt=\"\" width=\"150\" height=\"150\" srcset=\"https:\/\/blogsaverroes.juntadeandalucia.es\/ceiplasierra\/files\/2024\/05\/4905784-150x150.jpg 150w, https:\/\/blogsaverroes.juntadeandalucia.es\/ceiplasierra\/files\/2024\/05\/4905784-432x432.jpg 432w, https:\/\/blogsaverroes.juntadeandalucia.es\/ceiplasierra\/files\/2024\/05\/4905784-268x268.jpg 268w\" sizes=\"(max-width: 150px) 100vw, 150px\" \/><\/a><\/p>\n<p style=\"text-align: center\"><a href=\"https:\/\/youtu.be\/Gywfd_XncSA?feature=shared\" target=\"_blank\" rel=\"noopener\">VIDEO TUTORIAL<\/a><\/p>\n","protected":false},"excerpt":{"rendered":"<p>iPASEN, es la aplicaci\u00f3n de acceso al seguimiento educativo de los alumnos y alumnas andaluces. Su uso es cada vez m\u00e1s generalizado. A trav\u00e9s de esta aplicaci\u00f3n las familias podr\u00e1n justificar las ausencias de&#46;&#46;&#46;<\/p>\n","protected":false},"author":7057,"featured_media":0,"parent":0,"menu_order":0,"comment_status":"closed","ping_status":"closed","template":"","meta":{"ngg_post_thumbnail":0,"footnotes":""},"aioseo_notices":[],"_links":{"self":[{"href":"https:\/\/blogsaverroes.juntadeandalucia.es\/ceiplasierra\/wp-json\/wp\/v2\/pages\/1582"}],"collection":[{"href":"https:\/\/blogsaverroes.juntadeandalucia.es\/ceiplasierra\/wp-json\/wp\/v2\/pages"}],"about":[{"href":"https:\/\/blogsaverroes.juntadeandalucia.es\/ceiplasierra\/wp-json\/wp\/v2\/types\/page"}],"author":[{"embeddable":true,"href":"https:\/\/blogsaverroes.juntadeandalucia.es\/ceiplasierra\/wp-json\/wp\/v2\/users\/7057"}],"replies":[{"embeddable":true,"href":"https:\/\/blogsaverroes.juntadeandalucia.es\/ceiplasierra\/wp-json\/wp\/v2\/comments?post=1582"}],"version-history":[{"count":5,"href":"https:\/\/blogsaverroes.juntadeandalucia.es\/ceiplasierra\/wp-json\/wp\/v2\/pages\/1582\/revisions"}],"predecessor-version":[{"id":1598,"href":"https:\/\/blogsaverroes.juntadeandalucia.es\/ceiplasierra\/wp-json\/wp\/v2\/pages\/1582\/revisions\/1598"}],"wp:attachment":[{"href":"https:\/\/blogsaverroes.juntadeandalucia.es\/ceiplasierra\/wp-json\/wp\/v2\/media?parent=1582"}],"curies":[{"name":"wp","href":"https:\/\/api.w.org\/{rel}","templated":true}]}}