{"id":637,"date":"2022-12-11T08:47:57","date_gmt":"2022-12-11T07:47:57","guid":{"rendered":"https:\/\/blogsaverroes.juntadeandalucia.es\/ceiplasierra\/?page_id=637"},"modified":"2023-02-14T13:56:45","modified_gmt":"2023-02-14T12:56:45","slug":"contacto","status":"publish","type":"page","link":"https:\/\/blogsaverroes.juntadeandalucia.es\/ceiplasierra\/contacto\/","title":{"rendered":"Contacto"},"content":{"rendered":"<p>Si quieres contactar con nosotros puede hacerlo a trav\u00e9s de:<\/p>\n<table style=\"border-collapse: collapse;width: 100%;height: 96px\">\n<tbody>\n<tr style=\"height: 24px\">\n<td style=\"width: 20.6061%;height: 24px;text-align: left\">TEL\u00c9FONO SECRETAR\u00cdA:<\/td>\n<td style=\"width: 79.3939%;height: 24px;text-align: left\">957596902<\/td>\n<\/tr>\n<tr style=\"height: 24px\">\n<td style=\"width: 20.6061%;height: 24px;text-align: left\">CORREO ELECTR\u00d3NICO SECRETAR\u00cdA:<\/td>\n<td style=\"width: 79.3939%;height: 24px;text-align: left\"><a href=\"mailto:14000744.secretaria.edu@juntadeandalucia.es\">14000744.secretaria.edu@juntadeandalucia.es<\/a><\/td>\n<\/tr>\n<tr style=\"height: 24px\">\n<td style=\"width: 20.6061%;height: 24px;text-align: left\">TEL\u00c9FONO DIRECCI\u00d3N:<\/td>\n<td style=\"width: 79.3939%;height: 24px;text-align: left\">957596901<\/td>\n<\/tr>\n<tr style=\"height: 24px\">\n<td style=\"width: 20.6061%;height: 24px;text-align: left\">CORREO ELECTR\u00d3NICO DIRECCI\u00d3N<\/td>\n<td style=\"width: 79.3939%;height: 24px;text-align: left\"><a href=\"mailto:14000744.edu@juntadeandalucia.es\">14000744.edu@juntadeandalucia.es<\/a><\/td>\n<\/tr>\n<\/tbody>\n<\/table>\n<p>&nbsp;<\/p>\n<p>&nbsp;<\/p>\n<p><iframe loading=\"lazy\" src=\"https:\/\/www.google.com\/maps\/embed?pb=!1m18!1m12!1m3!1d791.6261361744042!2d-4.438652242944191!3d37.472418455373656!2m3!1f0!2f0!3f0!3m2!1i1024!2i768!4f13.1!3m3!1m2!1s0xd6d742acfee939b%3A0x3c5184f493f2aa1f!2sColegio%20Virgen%20de%20La%20Sierra!5e0!3m2!1ses!2ses!4v1670744694821!5m2!1ses!2ses\" width=\"600\" height=\"450\"><\/iframe><\/p>\n<p>&nbsp;<\/p>\n","protected":false},"excerpt":{"rendered":"<p>Si quieres contactar con nosotros puede hacerlo a trav\u00e9s de: TEL\u00c9FONO SECRETAR\u00cdA: 957596902 CORREO ELECTR\u00d3NICO SECRETAR\u00cdA: 14000744.secretaria.edu@juntadeandalucia.es TEL\u00c9FONO DIRECCI\u00d3N: 957596901 CORREO ELECTR\u00d3NICO DIRECCI\u00d3N 14000744.edu@juntadeandalucia.es &nbsp; &nbsp; &nbsp;<\/p>\n","protected":false},"author":7057,"featured_media":0,"parent":0,"menu_order":0,"comment_status":"closed","ping_status":"closed","template":"","meta":{"ngg_post_thumbnail":0,"footnotes":""},"aioseo_notices":[],"_links":{"self":[{"href":"https:\/\/blogsaverroes.juntadeandalucia.es\/ceiplasierra\/wp-json\/wp\/v2\/pages\/637"}],"collection":[{"href":"https:\/\/blogsaverroes.juntadeandalucia.es\/ceiplasierra\/wp-json\/wp\/v2\/pages"}],"about":[{"href":"https:\/\/blogsaverroes.juntadeandalucia.es\/ceiplasierra\/wp-json\/wp\/v2\/types\/page"}],"author":[{"embeddable":true,"href":"https:\/\/blogsaverroes.juntadeandalucia.es\/ceiplasierra\/wp-json\/wp\/v2\/users\/7057"}],"replies":[{"embeddable":true,"href":"https:\/\/blogsaverroes.juntadeandalucia.es\/ceiplasierra\/wp-json\/wp\/v2\/comments?post=637"}],"version-history":[{"count":4,"href":"https:\/\/blogsaverroes.juntadeandalucia.es\/ceiplasierra\/wp-json\/wp\/v2\/pages\/637\/revisions"}],"predecessor-version":[{"id":1210,"href":"https:\/\/blogsaverroes.juntadeandalucia.es\/ceiplasierra\/wp-json\/wp\/v2\/pages\/637\/revisions\/1210"}],"wp:attachment":[{"href":"https:\/\/blogsaverroes.juntadeandalucia.es\/ceiplasierra\/wp-json\/wp\/v2\/media?parent=637"}],"curies":[{"name":"wp","href":"https:\/\/api.w.org\/{rel}","templated":true}]}}