{"id":10999,"date":"2021-06-17T18:15:30","date_gmt":"2021-06-17T18:15:30","guid":{"rendered":"https:\/\/blogsaverroes.juntadeandalucia.es\/ceiplaslomas\/?page_id=10999"},"modified":"2025-06-25T07:15:07","modified_gmt":"2025-06-25T07:15:07","slug":"materiales","status":"publish","type":"page","link":"https:\/\/blogsaverroes.juntadeandalucia.es\/ceiplaslomas\/materiales\/","title":{"rendered":"MATERIALES"},"content":{"rendered":"<h2><span style=\"color: #0000ff\"><strong>CURSO 2025\/2026<\/strong><\/span><\/h2>\n<p style=\"text-align: justify\"><strong>IMPORTANTE:<\/strong> las familias del <strong><u>alumnado<\/u><\/strong><u>&nbsp;<strong>de 3 a\u00f1os a 3\u00ba solamente<\/strong><\/u>, podr\u00e1n&nbsp;entregar el material los d\u00edas:<\/p>\n<ul style=\"text-align: justify\">\n<li>Mi\u00e9rcoles 3 de septiembre de 11:00 a 13:00<\/li>\n<li>Lunes 15 de septiembre de 18:00 a 19:00<\/li>\n<\/ul>\n<p style=\"text-align: justify\"><strong><u>Desde 4\u00ba a 6\u00ba seguir lo indicado en la hoja de material.<\/u><\/strong><\/p>\n<p style=\"text-align: justify\">Por organizaci\u00f3n del centro, <strong><u>no se podr\u00e1 entregar el material por las ma\u00f1anas una vez que empiece el colegio el mi\u00e9rcoles 10 de septiembre<\/u><\/strong>, pudi\u00e9ndose entregar los lunes en hora de tutor\u00eda de 18:00 a 19:00.<\/p>\n<ul>\n<li><strong>MATERIALES PARA EDUCACI\u00d3N INFANTIL&nbsp;<\/strong><\/li>\n<\/ul>\n<p>\u21d2 <a href=\"https:\/\/blogsaverroes.juntadeandalucia.es\/ceiplaslomas\/files\/2025\/06\/materiales-3-ANOS.25-261.pdf\">3 A\u00d1OS<\/a><\/p>\n<p>\u21d2 <a href=\"https:\/\/blogsaverroes.juntadeandalucia.es\/ceiplaslomas\/files\/2025\/06\/EI-4-ANOS-25-26.pdf\">4 A\u00d1OS<\/a><\/p>\n<p>\u21d2 <a href=\"https:\/\/blogsaverroes.juntadeandalucia.es\/ceiplaslomas\/files\/2025\/06\/EI-5-ANOS-25-26.pdf\">5 A\u00d1OS <\/a><\/p>\n<ul>\n<li><strong>LISTADO DE MATERIALES PARA 1\u00ba Y 2\u00ba DE PRIMARIA<\/strong><\/li>\n<\/ul>\n<p>\u21d2 <a href=\"https:\/\/blogsaverroes.juntadeandalucia.es\/ceiplaslomas\/files\/2025\/06\/1o-EP-2025-2026-1.pdf\">1\u00ba Primaria<\/a><\/p>\n<p>\u21d2 <a href=\"https:\/\/blogsaverroes.juntadeandalucia.es\/ceiplaslomas\/files\/2025\/06\/2o-EP-2025-2026.pdf\">2\u00ba Primaria<\/a><\/p>\n<p><strong>LISTADO DE MATERIALES PARA 3\u00ba Y 4\u00ba EDUCACI\u00d3N PRIMARIA<\/strong><\/p>\n<p>\u21d2 <a href=\"https:\/\/blogsaverroes.juntadeandalucia.es\/ceiplaslomas\/files\/2025\/06\/3o-EP-2025-2026.pdf\">3\u00ba Primaria<\/a><\/p>\n<p>\u21d2 <a href=\"https:\/\/blogsaverroes.juntadeandalucia.es\/ceiplaslomas\/files\/2025\/06\/4o-EP-2025-2026.pdf\">4\u00ba Primaria<\/a><\/p>\n<ul>\n<li><strong>LISTADO DE MATERIALES PARA 5\u00ba Y 6\u00ba EDUCACI\u00d3N PRIMARIA<\/strong><\/li>\n<\/ul>\n<p>\u21d2 <a href=\"https:\/\/blogsaverroes.juntadeandalucia.es\/ceiplaslomas\/files\/2025\/06\/5o-EP-2025-2026.pdf\">5\u00ba Primaria<\/a><\/p>\n<p>\u21d2 <a href=\"https:\/\/blogsaverroes.juntadeandalucia.es\/ceiplaslomas\/files\/2025\/06\/6o-EP-2025-2026.pdf\">6\u00ba Primaria<\/a><\/p>\n<hr>\n<p style=\"text-align: justify\"><strong>LIBROS DE TEXTO DEL <span style=\"color: #0000ff\">PROGRAMA DE GRATUIDAD<\/span> PARA EL ALUMNADO DE <span style=\"color: #0000ff\">1\u00ba A 6\u00ba<\/span><\/strong>&nbsp;<\/p>\n<p><a href=\"https:\/\/blogsaverroes.juntadeandalucia.es\/ceiplaslomas\/files\/2023\/06\/1\u00ba-y-2\u00ba.pdf\" target=\"_blank\" rel=\"noopener noreferrer\">Libros de 1\u00ba y 2\u00ba de Educaci\u00f3n Primaria (cada curso con el cheque libro)<\/a><\/p>\n<p><a href=\"https:\/\/blogsaverroes.juntadeandalucia.es\/ceiplaslomas\/files\/2023\/06\/3\u00ba-y-4\u00ba.pdf\" target=\"_blank\" rel=\"noopener\">Libros de 3\u00ba y 4\u00ba de Educaci\u00f3n Primaria (se entregaron en el curso 2023\/2024 con el cheque libro, vigentes 4 cursos).<\/a><\/p>\n<p><a href=\"https:\/\/blogsaverroes.juntadeandalucia.es\/ceiplaslomas\/files\/2023\/06\/5\u00ba-y-6\u00ba.pdf\">Libros de 5\u00ba y 6\u00ba de Educaci\u00f3n Primaria (se entregaron en el curso 2023\/2024 con el cheque libro, vigentes 4 cursos).<\/a><\/p>\n<p>&nbsp;<\/p>\n","protected":false},"excerpt":{"rendered":"<p>CURSO 2025\/2026 IMPORTANTE: las familias del alumnado&nbsp;de 3 a\u00f1os a 3\u00ba solamente, podr\u00e1n&nbsp;entregar el material los d\u00edas: Mi\u00e9rcoles 3 de septiembre de 11:00 a 13:00 Lunes 15 de septiembre de 18:00 a 19:00 Desde&#46;&#46;&#46;<\/p>\n","protected":false},"author":5742,"featured_media":0,"parent":0,"menu_order":0,"comment_status":"closed","ping_status":"closed","template":"","meta":{"ngg_post_thumbnail":0,"footnotes":"","_mc_calendar":[]},"aioseo_notices":[],"_links":{"self":[{"href":"https:\/\/blogsaverroes.juntadeandalucia.es\/ceiplaslomas\/wp-json\/wp\/v2\/pages\/10999"}],"collection":[{"href":"https:\/\/blogsaverroes.juntadeandalucia.es\/ceiplaslomas\/wp-json\/wp\/v2\/pages"}],"about":[{"href":"https:\/\/blogsaverroes.juntadeandalucia.es\/ceiplaslomas\/wp-json\/wp\/v2\/types\/page"}],"author":[{"embeddable":true,"href":"https:\/\/blogsaverroes.juntadeandalucia.es\/ceiplaslomas\/wp-json\/wp\/v2\/users\/5742"}],"replies":[{"embeddable":true,"href":"https:\/\/blogsaverroes.juntadeandalucia.es\/ceiplaslomas\/wp-json\/wp\/v2\/comments?post=10999"}],"version-history":[{"count":27,"href":"https:\/\/blogsaverroes.juntadeandalucia.es\/ceiplaslomas\/wp-json\/wp\/v2\/pages\/10999\/revisions"}],"predecessor-version":[{"id":20425,"href":"https:\/\/blogsaverroes.juntadeandalucia.es\/ceiplaslomas\/wp-json\/wp\/v2\/pages\/10999\/revisions\/20425"}],"wp:attachment":[{"href":"https:\/\/blogsaverroes.juntadeandalucia.es\/ceiplaslomas\/wp-json\/wp\/v2\/media?parent=10999"}],"curies":[{"name":"wp","href":"https:\/\/api.w.org\/{rel}","templated":true}]}}