{"id":141,"date":"2015-03-17T07:13:24","date_gmt":"2015-03-17T07:13:24","guid":{"rendered":"http:\/\/blogsaverroes.juntadeandalucia.es\/pre\/ceip\/?page_id=141"},"modified":"2026-04-24T07:30:13","modified_gmt":"2026-04-24T07:30:13","slug":"escolarizacion","status":"publish","type":"page","link":"https:\/\/blogsaverroes.juntadeandalucia.es\/ceiplaslomas\/escolarizacion\/","title":{"rendered":"Admisi\u00f3n"},"content":{"rendered":"<p>&nbsp;<\/p>\n<p><a href=\"https:\/\/blogsaverroes.juntadeandalucia.es\/ceiplaslomas\/files\/2023\/03\/CARTEL-PUERTA-LAS-LOMAS-copia.jpg\"><img loading=\"lazy\" decoding=\"async\" class=\"aligncenter wp-image-14926 size-medium\" src=\"https:\/\/blogsaverroes.juntadeandalucia.es\/ceiplaslomas\/files\/2023\/03\/CARTEL-PUERTA-LAS-LOMAS-copia-300x77.jpg\" alt=\"\" width=\"300\" height=\"77\" srcset=\"https:\/\/blogsaverroes.juntadeandalucia.es\/ceiplaslomas\/files\/2023\/03\/CARTEL-PUERTA-LAS-LOMAS-copia-300x77.jpg 300w, https:\/\/blogsaverroes.juntadeandalucia.es\/ceiplaslomas\/files\/2023\/03\/CARTEL-PUERTA-LAS-LOMAS-copia-1024x263.jpg 1024w, https:\/\/blogsaverroes.juntadeandalucia.es\/ceiplaslomas\/files\/2023\/03\/CARTEL-PUERTA-LAS-LOMAS-copia-768x197.jpg 768w, https:\/\/blogsaverroes.juntadeandalucia.es\/ceiplaslomas\/files\/2023\/03\/CARTEL-PUERTA-LAS-LOMAS-copia.jpg 1492w\" sizes=\"(max-width: 300px) 100vw, 300px\" \/><\/a><\/p>\n<h1 style=\"text-align: center\"><span style=\"color: #0000ff\"><strong>ADMISI\u00d3N 2026\/2027<\/strong><\/span><\/h1>\n<p><a href=\"https:\/\/blogsaverroes.juntadeandalucia.es\/ceiplaslomas\/files\/2026\/03\/Matriculacion-2627-1-1.jpg\"><img loading=\"lazy\" decoding=\"async\" class=\"aligncenter wp-image-21235 size-full\" src=\"https:\/\/blogsaverroes.juntadeandalucia.es\/ceiplaslomas\/files\/2026\/03\/Matriculacion-2627-1-1.jpg\" alt=\"\" width=\"2000\" height=\"1600\" srcset=\"https:\/\/blogsaverroes.juntadeandalucia.es\/ceiplaslomas\/files\/2026\/03\/Matriculacion-2627-1-1.jpg 1600w, https:\/\/blogsaverroes.juntadeandalucia.es\/ceiplaslomas\/files\/2026\/03\/Matriculacion-2627-1-1-300x240.jpg 300w, https:\/\/blogsaverroes.juntadeandalucia.es\/ceiplaslomas\/files\/2026\/03\/Matriculacion-2627-1-1-1024x819.jpg 1024w, https:\/\/blogsaverroes.juntadeandalucia.es\/ceiplaslomas\/files\/2026\/03\/Matriculacion-2627-1-1-768x614.jpg 768w, https:\/\/blogsaverroes.juntadeandalucia.es\/ceiplaslomas\/files\/2026\/03\/Matriculacion-2627-1-1-1536x1229.jpg 1536w\" sizes=\"(max-width: 2000px) 100vw, 2000px\" \/><\/a><\/p>\n<p>&nbsp;<\/p>\n<p>&nbsp;<\/p>\n<p><iframe loading=\"lazy\" title=\"La educaci\u00f3n, en Andaluc\u00eda, est\u00e1 en buenas manos\" width=\"500\" height=\"281\" src=\"https:\/\/www.youtube.com\/embed\/KW8J8oM3QYM?feature=oembed&#038;wmode=opaque\" frameborder=\"0\" allow=\"accelerometer; autoplay; clipboard-write; encrypted-media; gyroscope; picture-in-picture; web-share\" referrerpolicy=\"strict-origin-when-cross-origin\" allowfullscreen><\/iframe><\/p>\n<p>&nbsp;<\/p>\n<p style=\"text-align: justify\"><em><span style=\"color: #0000ff\"><strong>PROCEDIMIENTO DE ADMISI\u00d3N PARA EL&nbsp;<\/strong><strong>CURSO 2026-2027<\/strong><\/span><\/em><\/p>\n<p style=\"text-align: justify\">El plazo para la presentaci\u00f3n de solicitudes estar\u00e1 abierto <strong>del 01 marzo 2026 al 31 marzo 2026, ambos inclusive, <\/strong><strong>para todos los ni\u00f1os y ni\u00f1as que se incorporan por primera vez al sistema educativo, as\u00ed como el alumnado que cambie de centro escolar.&nbsp;<\/strong><\/p>\n<p style=\"text-align: justify\"><em><span style=\"color: #0000ff\"><strong>\u00bfQU\u00c9 DOCUMENTOS PRESENTAR?<\/strong><\/span><\/em><\/p>\n<ul>\n<li style=\"text-align: justify\">Impreso rellenable de solicitud cumplimentado, <a href=\"https:\/\/blogsaverroes.juntadeandalucia.es\/ceiplaslomas\/files\/2024\/02\/3_Anexo-III_002535_5.pdf\">Anexo III <\/a>(pinche para descargarlo)<\/li>\n<li>Fotocopia de la solicitud cumplimentada para registro de entrada del solicitante.<\/li>\n<\/ul>\n<p style=\"text-align: justify\"><em><span style=\"color: #0000ff\"><strong>\u00bfD\u00d3NDE Y C\u00d3MO PRESENTARLO?<\/strong><\/span><\/em><\/p>\n<ul>\n<li style=\"text-align: justify\"><strong>PREFERENTEMENTE<\/strong>&nbsp;en la&nbsp;<strong>SECRETARIA VIRTUAL<\/strong> de los centros docentes andaluces:&nbsp;<\/li>\n<\/ul>\n<p>&nbsp; &nbsp; &nbsp; &nbsp; &nbsp;<strong><span style=\"color: #000000\">\u21d2 ACCESO A SECRETAR\u00cdA VIRTUAL &nbsp;<a href=\"https:\/\/secretariavirtual.juntadeandalucia.es\/secretariavirtual\/accesoTramite\/543\/\">https:\/\/secretariavirtual.juntadeandalucia.es\/secretariavirtual\/accesoTramite\/543\/<\/a><\/span><\/strong><\/p>\n<ul>\n<li style=\"text-align: justify\">Si lo hace en la <strong>SECRETAR\u00cdA DEL CENTRO<\/strong> del 3 al 27 de marzo, ambos inclusive, de lunes a viernes en horario de 9:15 a 10:45 y de 12:30 a 13:30<\/li>\n<\/ul>\n<p style=\"text-align: justify\"><em><span style=\"color: #0000ff\"><strong>IMPORTANTE&nbsp; &nbsp;<span style=\"color: #ff0000\">&nbsp;<\/span><\/strong><\/span><\/em><\/p>\n<p style=\"text-align: justify\">El <strong>alumnado matriculado en el centro<\/strong> no presentar\u00e1 ninguna solicitud en este plazo y realizar\u00e1 la <strong>matr\u00edcula del 1 al 8 de junio<\/strong> (desde el centro se facilitar\u00e1 a las familias, a trav\u00e9s de su hijo\/a, el impreso de renovaci\u00f3n de matr\u00edcula para el pr\u00f3ximo curso que tendr\u00e1 que devolver cumplimentado).<\/p>\n<p style=\"text-align: justify\">Del <strong>1 al 10 de junio<\/strong> pueden solicitar <strong>en la secretaria del centro o en la secretar\u00eda virtual<\/strong>, los servicios complementarios de <strong>aula matinal<\/strong>, <strong>comedor escolar<\/strong> y <strong>actividades extraescolares<\/strong>.&nbsp;<\/p>\n<hr>\n<p><span style=\"color: #0000ff\"><strong>DOCUMENTACI\u00d3N DE INTER\u00c9S&nbsp;<\/strong><\/span><\/p>\n<p><span style=\"color: #000000\">\u21d2 <a href=\"https:\/\/blogsaverroes.juntadeandalucia.es\/ceiplaslomas\/files\/2026\/03\/8a180a3f-223d-4422-9146-83cad150853d.pdf\">Oferta educativa<\/a><\/span><\/p>\n<p><span style=\"color: #000000\"><a style=\"color: #000000\" href=\"https:\/\/blogsaverroes.juntadeandalucia.es\/ceiplaslomas\/files\/2023\/03\/Mapa-del-\u00e1rea-de-influencia-23-24.pdf\" target=\"_blank\" rel=\"noopener noreferrer\">\u21d2 Mapa del \u00e1rea de influencia<\/a><\/span><\/p>\n<p><span style=\"color: #000000\"><a style=\"color: #000000\" href=\"https:\/\/www.juntadeandalucia.es\/educacion\/educasig\/escolarizacion\/\" target=\"_blank\" rel=\"noopener noreferrer\">\u21d2&nbsp;\u00c1reas de influencia<\/a><\/span><\/p>\n<p><span style=\"color: #000000\"><a style=\"color: #000000\" href=\"https:\/\/blogsaverroes.juntadeandalucia.es\/ceiplaslomas\/files\/2023\/03\/Callejero-del-\u00e1rea-de-influencia-23-24.pdf\" target=\"_blank\" rel=\"noopener noreferrer\">\u21d2 Callejero del \u00e1rea de influencia<\/a><\/span><\/p>\n<p style=\"text-align: justify\"><span style=\"color: #000000\"><a style=\"color: #000000\" href=\"https:\/\/blogsaverroes.juntadeandalucia.es\/ceiplaslomas\/files\/2021\/02\/RESUMENDECRETO21-2010V.4.pdf\" target=\"_blank\" rel=\"noopener noreferrer\">\u21d2 Prioridad y criterios para la admisi\u00f3n<\/a><\/span><\/p>\n<p style=\"text-align: justify\"><strong>Para m\u00e1s informaci\u00f3n<\/strong> pueden consultar en el <strong>tel\u00e9fono 900848000<\/strong> de la Consejer\u00eda de Desarrollo Educativo y F.P., en la app <strong>iEscolariza<\/strong> o en la siguiente <strong>p\u00e1gina web<\/strong>:<\/p>\n<p><span style=\"color: #0000ff\"><a style=\"color: #0000ff\" title=\"Portal escolarizaci\u00f3n\" href=\"https:\/\/www.juntadeandalucia.es\/educacion\/portales\/web\/escolarizacion\/infantil-a-bachillerato\" target=\"_blank\" rel=\"noopener noreferrer\">\u21d2 https:\/\/www.juntadeandalucia.es\/educacion\/portals\/web\/escolarizacion\/infantil-a-bachillerato<\/a><\/span><\/p>\n<p style=\"text-align: justify\"><strong><span style=\"color: #0000ff\">(impresos y presentaci\u00f3n telem\u00e1tica, normativa, calendario de actuaciones, preguntas frecuentes y autobaremo)<\/span><\/strong><\/p>\n<div dir=\"ltr\">\n<div dir=\"ltr\">\n<div dir=\"ltr\">\n<hr>\n<\/div>\n<\/div>\n<\/div>\n<div dir=\"ltr\"><span style=\"text-align: justify\">Les recordamos algunas fechas:<strong><span style=\"color: #ff0000\">&nbsp;<\/span><\/strong><\/span><\/div>\n<div dir=\"ltr\">\n<p><span style=\"color: #000000\"><strong>\u21d2 Lunes 20 de abril: <\/strong>publicaci\u00f3n de la<strong> RELACI\u00d3N BAREMADA DE ALUMNADO SOLICITANTE.<\/strong><\/span><\/p>\n<p><span style=\"color: #000000\"><strong>\u21d2 Martes 21 de abril<\/strong>: inicio del Tr\u00e1mite de Audiencia (del 22\/04 al 5\/5)<\/span><\/p>\n<p><span style=\"color: #000000\"><strong>\u21d2 Mi\u00e9rcoles 13 de mayo:<\/strong> sorteo p\u00fablico para dirimir empates.<\/span><\/p>\n<p style=\"text-align: justify\"><span style=\"color: #000000\"><strong>\u21d2 Jueves 14 de mayo:<\/strong> publicaci\u00f3n&nbsp;<strong>RELACI\u00d3N DE ADMITIDOS<\/strong>&nbsp;en los centros elegidos como prioritarios.<\/span><\/p>\n<p style=\"text-align: justify\"><span style=\"color: #000000\"><strong>\u21d2 Lunes 25 de mayo:<\/strong> publicaci\u00f3n&nbsp;<strong>ADJUDICACI\u00d3N<\/strong>&nbsp;de plaza escolar alumnado&nbsp;<strong>NO ADMITIDO<\/strong>&nbsp;en el centro elegido como prioritario (reubicaci\u00f3n)<\/span><\/p>\n<p style=\"text-align: justify\"><span style=\"color: #000000\"><strong>\u21d2 Martes 26 de mayo: <\/strong>recursos de alzada\/reclamaciones. Inicio del plazo de un mes establecido ante la persona titular de la Delegaci\u00f3n Territorial.<\/span><\/p>\n<p style=\"text-align: justify\"><span style=\"color: #000000\"><strong>\u21d2 Del 1 al 8 de junio <\/strong><strong>MATRICULACI\u00d3N y del 1 al 10 de junio solicitud de admisi\u00f3n en los servicios complementarios (aula matinal, comedor y actividades extraescolares) <\/strong>para el alumnado de <strong>2\u00ba ciclo de Educaci\u00f3n Infantil y Primaria.<\/strong><\/span><\/p>\n<p style=\"text-align: justify\"><span style=\"color: #000000\"><strong>\u21d2 Del 1 al 10 de julio:<\/strong><\/span>&nbsp;<span style=\"color: #000000\"><strong>MATRICULACI\u00d3N<\/strong> del alumnado de <strong>ESO<\/strong>&nbsp;en el IES.<\/span><\/p>\n<hr>\n<\/div>\n<p><strong><span style=\"color: #0000ff\">CONSULTA DEL BAREMO DEL PROCESO DE ADMISI\u00d3N&nbsp;<\/span><\/strong><\/p>\n<div dir=\"ltr\">\n<p style=\"text-align: justify\">A partir del d\u00eda <strong>21&nbsp;de abril<\/strong> las familias que han participado en el proceso de admisi\u00f3n para el curso 2026-2027, podr\u00e1n consultar la<strong> puntuaci\u00f3n obtenida en el listado baremado de solicitudes<\/strong>, de forma individualizada a trav\u00e9s del acceso a la SECRETAR\u00cdA VIRTUAL DE LOS CENTROS EDUCATIVOS:<\/p>\n<p style=\"text-align: justify\"><span style=\"color: #0000ff\"><a style=\"color: #0000ff\" href=\"https:\/\/secretariavirtual.juntadeandalucia.es\/secretariavirtual\/accesoConsultas\/2490\/\" target=\"_blank\" rel=\"noopener\">https:\/\/www.juntadeandalucia.es\/educacion\/secretariavirtual\/accesoConsultas\/2132\/<\/a><\/span><\/p>\n<p class=\"panel-title\" style=\"text-align: justify\"><strong><span style=\"color: #0000ff\"><span style=\"color: #000000\">\u21d2 14 de mayo &#8211; Acceso a Consulta de adjudicaci\u00f3n del proceso de admisi\u00f3n en las ense\u00f1anzas de segundo ciclo de educaci\u00f3n infantil, educaci\u00f3n primaria, educaci\u00f3n especial, educaci\u00f3n secundaria obligatoria y bachillerato para el curso 2026\/2027.<\/span> <\/span><\/strong><span style=\"color: #0000ff\">(pendiente actualizar enlace)<\/span><\/p>\n<p><span style=\"color: #0000ff\"><a style=\"color: #0000ff\" href=\"https:\/\/www.juntadeandalucia.es\/educacion\/secretariavirtual\/accesoConsultas\/2133\/\" target=\"_blank\" rel=\"noopener\">https:\/\/www.juntadeandalucia.es\/educacion\/secretariavirtual\/accesoConsultas\/1739\/<\/a><\/span><\/p>\n<p style=\"text-align: justify\"><span style=\"color: #000000\"><strong>\u21d2 25 de mayo &#8211; Acceso a consulta de adjudicaci\u00f3n de plaza escolar al alumnado no admitido para el Curso 2026\/2027 <\/strong><span style=\"color: #0000ff\">(pendiente actualizar enlace)<\/span><\/span><\/p>\n<p><span style=\"color: #0000ff\"><a style=\"color: #0000ff\" href=\"https:\/\/www.juntadeandalucia.es\/educacion\/secretariavirtual\/accesoConsultas\/2134\/\" target=\"_blank\" rel=\"noopener\">https:\/\/www.juntadeandalucia.es\/educacion\/secretariavirtual\/accesoConsultas\/1739\/ <\/a><\/span><\/p>\n<p style=\"text-align: justify\">Igualmente pueden llamar a la secretar\u00eda del colegio&nbsp;<strong>950156772<\/strong>&nbsp;y se les informar\u00e1.&nbsp;<\/p>\n<hr>\n<\/div>\n<h1>&nbsp;<\/h1>\n<div class=\"wp-video\">&nbsp;<\/div>\n<p style=\"text-align: justify\">&nbsp;<\/p>\n<p style=\"text-align: justify\">&nbsp;<\/p>\n<p style=\"text-align: justify\">&nbsp;<\/p>\n<p style=\"text-align: justify\">&nbsp;<\/p>\n<div dir=\"ltr\">\n<div dir=\"ltr\">\n<div dir=\"ltr\" style=\"text-align: justify\">&nbsp;<\/div>\n<\/div>\n<\/div>\n<div dir=\"ltr\">\n<div dir=\"ltr\">\n<div dir=\"ltr\">\n<p style=\"text-align: justify\">&nbsp;<\/p>\n<\/div>\n<div dir=\"ltr\">&nbsp;<\/div>\n<\/div>\n<\/div>\n","protected":false},"excerpt":{"rendered":"<p>&nbsp; ADMISI\u00d3N 2026\/2027 &nbsp; &nbsp; &nbsp; PROCEDIMIENTO DE ADMISI\u00d3N PARA EL&nbsp;CURSO 2026-2027 El plazo para la presentaci\u00f3n de solicitudes estar\u00e1 abierto del 01 marzo 2026 al 31 marzo 2026, ambos inclusive, para todos los&#46;&#46;&#46;<\/p>\n","protected":false},"author":1,"featured_media":0,"parent":0,"menu_order":0,"comment_status":"closed","ping_status":"open","template":"","meta":{"ngg_post_thumbnail":0,"footnotes":"","_mc_calendar":[]},"aioseo_notices":[],"_links":{"self":[{"href":"https:\/\/blogsaverroes.juntadeandalucia.es\/ceiplaslomas\/wp-json\/wp\/v2\/pages\/141"}],"collection":[{"href":"https:\/\/blogsaverroes.juntadeandalucia.es\/ceiplaslomas\/wp-json\/wp\/v2\/pages"}],"about":[{"href":"https:\/\/blogsaverroes.juntadeandalucia.es\/ceiplaslomas\/wp-json\/wp\/v2\/types\/page"}],"author":[{"embeddable":true,"href":"https:\/\/blogsaverroes.juntadeandalucia.es\/ceiplaslomas\/wp-json\/wp\/v2\/users\/1"}],"replies":[{"embeddable":true,"href":"https:\/\/blogsaverroes.juntadeandalucia.es\/ceiplaslomas\/wp-json\/wp\/v2\/comments?post=141"}],"version-history":[{"count":305,"href":"https:\/\/blogsaverroes.juntadeandalucia.es\/ceiplaslomas\/wp-json\/wp\/v2\/pages\/141\/revisions"}],"predecessor-version":[{"id":21653,"href":"https:\/\/blogsaverroes.juntadeandalucia.es\/ceiplaslomas\/wp-json\/wp\/v2\/pages\/141\/revisions\/21653"}],"wp:attachment":[{"href":"https:\/\/blogsaverroes.juntadeandalucia.es\/ceiplaslomas\/wp-json\/wp\/v2\/media?parent=141"}],"curies":[{"name":"wp","href":"https:\/\/api.w.org\/{rel}","templated":true}]}}