{"id":19800,"date":"2025-06-01T19:18:57","date_gmt":"2025-06-01T19:18:57","guid":{"rendered":"https:\/\/blogsaverroes.juntadeandalucia.es\/ceiplaslomas\/?page_id=19800"},"modified":"2026-03-03T18:00:05","modified_gmt":"2026-03-03T18:00:05","slug":"matriculacion-2025-2026","status":"publish","type":"page","link":"https:\/\/blogsaverroes.juntadeandalucia.es\/ceiplaslomas\/matriculacion-2025-2026\/","title":{"rendered":"MATRICULACI\u00d3N"},"content":{"rendered":"<h1><img loading=\"lazy\" decoding=\"async\" class=\"aligncenter\" src=\"https:\/\/blogsaverroes.juntadeandalucia.es\/ceiplaslomas\/files\/2023\/03\/CARTEL-PUERTA-LAS-LOMAS-copia-300x77.jpg\" alt=\"\" width=\"300\" height=\"77\"><\/h1>\n<h1 style=\"text-align: center\"><strong><span style=\"color: #0000ff\">MATRICULACI\u00d3N 2026\/2027<\/span><\/strong><\/h1>\n<p style=\"text-align: justify\"><span style=\"text-decoration: underline\"><span style=\"color: #000000;text-decoration: underline\"><strong>1. <\/strong><strong>MATRICULACI\u00d3N DEL ALUMNADO DE NUEVO INGRESO<\/strong><\/span> <strong><span style=\"text-decoration: underline\">(del 1 al 8 de junio, ambos inclusive)<\/span><\/strong><\/span><\/p>\n<p style=\"text-align: justify\">Pueden realizar la&nbsp;<span style=\"text-decoration: underline\"><span style=\"color: #0000ff;text-decoration: underline\"><strong>matr\u00edcula telem\u00e1ticamente<\/strong><\/span><\/span>, en la Secretaria virtual de los centros educativos de la Junta de Andaluc\u00eda en los siguientes enlaces: (pendiente actualizar enlaces)<\/p>\n<p style=\"text-align: justify\"><span style=\"color: #0000ff\"><a style=\"color: #0000ff\" href=\"https:\/\/www.juntadeandalucia.es\/educacion\/secretariavirtual\/accesoTramite\/365\/\" target=\"_blank\" rel=\"noopener\">\u21d2 Enlace a matr\u00edcula segundo Ciclo Educaci\u00f3n Infantil y Primaria.<\/a><\/span><\/p>\n<p style=\"text-align: justify\"><span style=\"color: #0000ff\"><a style=\"color: #0000ff\" href=\"https:\/\/www.juntadeandalucia.es\/educacion\/secretariavirtual\/accesoTramite\/739\/\" target=\"_blank\" rel=\"noopener\">\u21d2 Enlace a matr\u00edcula de Educaci\u00f3n Especial<\/a>.<\/span><\/p>\n<p style=\"text-align: justify\">Tambi\u00e9n<strong><span style=\"color: #0000ff\"> presencialmente en el centro <\/span>de lunes a viernes de 09:15 a 10:45 y de 12:30 A 13:30<\/strong><\/p>\n<p><strong>Documentaci\u00f3n:<\/strong><\/p>\n<p style=\"text-align: justify\">\u2013 Impreso de matr\u00edcula por duplicado <strong><a href=\"https:\/\/blogsaverroes.juntadeandalucia.es\/ceiplaslomas\/files\/2024\/02\/4_Anexo-IV_002536_4.pdf\">Anexo IV<\/a>&nbsp;INFANTIL&nbsp;3, 4 y 5 a\u00f1os&nbsp;\u2013&nbsp;<a href=\"https:\/\/blogsaverroes.juntadeandalucia.es\/ceiplaslomas\/files\/2024\/02\/5_Anexo-V_002537_4.pdf\">Anexo V <\/a>PRIMARIA \u2013 <a href=\"https:\/\/blogsaverroes.juntadeandalucia.es\/ceiplaslomas\/files\/2024\/02\/6_Anexo-VI_002538_4.pdf\">Anexo VI&nbsp; <\/a>EDUCACI\u00d3N ESPECIAL.<\/strong><\/p>\n<p style=\"text-align: justify\">\u2013 Fotocopia del libro de familia.<\/p>\n<p style=\"text-align: justify\">\u2013 Fotocopia del DNI, pasaporte, permiso de residencia del padre y madre o representantes legales.<\/p>\n<p style=\"text-align: justify\">\u2013 Impreso de solicitud para cursar la ense\u00f1anza de religi\u00f3n\/atenci\u00f3n educativa.<\/p>\n<p style=\"text-align: justify\">\u21d2&nbsp;<strong><a href=\"https:\/\/blogsaverroes.juntadeandalucia.es\/ceiplaslomas\/files\/2025\/06\/ANEXO-RELIGION.pdf\">Anexo religi\u00f3n\/atenci\u00f3n educativa.<\/a><\/strong><\/p>\n<p style=\"text-align: justify\">\u2013 Documento autorizaci\u00f3n de recogida&nbsp; y tratamiento de im\u00e1genes del alumnado:&nbsp;<\/p>\n<p style=\"text-align: justify\"><span style=\"color: #000000\"><strong>\u2013 <a style=\"color: #000000\" href=\"https:\/\/blogsaverroes.juntadeandalucia.es\/ceiplaslomas\/files\/2024\/10\/Autorizacion-recogida.pdf\">Autorizaci\u00f3n de recogida<\/a><\/strong><\/span><\/p>\n<p style=\"text-align: justify\"><span style=\"color: #000000\"><a style=\"color: #000000\" href=\"https:\/\/blogsaverroes.juntadeandalucia.es\/ceiplaslomas\/files\/2024\/05\/ANEXO_ProteccionDatos.pdf\" target=\"_blank\" rel=\"noopener\"><strong>\u2013 <\/strong><\/a><strong><a style=\"color: #000000\" href=\"https:\/\/blogsaverroes.juntadeandalucia.es\/ceiplaslomas\/files\/2025\/06\/CONSENTIMIENTO-INFORMADO.pdf\">Protecci\u00f3n de datos (im\u00e1genes\/voz)<\/a><\/strong><\/span><\/p>\n<p style=\"text-align: justify\"><span style=\"color: #000000\"><strong><a style=\"color: #000000\" href=\"https:\/\/blogsaverroes.juntadeandalucia.es\/ceiplaslomas\/files\/2025\/06\/CUESTIONARIO-DE-CONTEXTO.pdf\">\u2013 Cuestionario de contexto (para nuevo alumnado de 3 a\u00f1os)<\/a><\/strong><\/span><\/p>\n<hr>\n<p style=\"text-align: justify\"><span style=\"text-decoration: underline\"><span style=\"color: #000000;text-decoration: underline\"><strong>2. <\/strong><strong>ALUMNADO QUE YA EST\u00c1 MATRICULADO EN EL CENTRO<\/strong><\/span><\/span><\/p>\n<p style=\"text-align: justify\">A final de mayo, a este alumnado se le dar\u00e1 en el colegio la documentaci\u00f3n necesaria para renovar la matr\u00edcula, que tendr\u00e1n que devolver y entregar al tutor\/a.<\/p>\n<p style=\"text-align: justify\">La&nbsp;<strong>no presentaci\u00f3n<\/strong>&nbsp;de dicha solicitud se entender\u00e1 como&nbsp;<strong>renuncia a la plaza.<\/strong>&nbsp;<\/p>\n<p style=\"text-align: justify\"><strong>RELIGI\u00d3N \u2013 ATENCI\u00d3N EDUCATIVA<\/strong><\/p>\n<ul>\n<li style=\"text-align: justify\"><strong>S\u00f3lo se podr\u00e1 solicitar el cambio de ense\u00f1anza de Religi\u00f3n\/Atenci\u00f3n Educativa del 1 al 8 de Junio<\/strong>. Para ello, lo deber\u00e1 rellenar, imprimir y entregar junto con el impreso de inscripci\u00f3n en la fecha citada.&nbsp;<\/li>\n<li style=\"text-align: justify\"><strong><a href=\"https:\/\/blogsaverroes.juntadeandalucia.es\/ceiplaslomas\/files\/2025\/06\/ANEXO-RELIGION.pdf\">\u21d2 Solicitud de ense\u00f1anza de religi\u00f3n\/atenci\u00f3n educativa<\/a>.&nbsp;<\/strong><\/li>\n<\/ul>\n<hr>\n<p style=\"text-align: justify\"><span style=\"text-decoration: underline\"><span style=\"color: #000000;text-decoration: underline\"><strong>3. <\/strong><strong>SOLICITUD DE SERVICIOS COMPLEMENTARIOS de AULA MATINAL, COMEDOR ESCOLAR y ACTIVIDADES EXTRAESCOLARES <\/strong><strong>(del 1 al 10 de junio, ambos inclusive).<\/strong><\/span><\/span><\/p>\n<p style=\"text-align: justify\">Se puede realizar <strong><span style=\"color: #0000ff\">de forma telem\u00e1tica<\/span><\/strong> a trav\u00e9s de la Secretar\u00eda Virtual de la Consejer\u00eda de Desarrollo Educativo y Formaci\u00f3n Profesional, despu\u00e9s de haber cumplimentado la <span style=\"color: #0000ff\"><strong>matr\u00edcula de manera telem\u00e1tica <\/strong><\/span>(enlace anterior) adjuntando archivos.<\/p>\n<p><strong><span style=\"color: #0000ff\">Presencialmente<\/span> <\/strong>en el centro <strong>de lunes a viernes de 09:15 a 10:45 y de 12:30 A 13:30<\/strong><\/p>\n<ul>\n<li style=\"text-align: justify\"><span style=\"color: #0000ff\"><a style=\"color: #0000ff;text-decoration: underline\" href=\"https:\/\/blogsaverroes.juntadeandalucia.es\/ceiplaslomas\/files\/2024\/04\/ANEXO-II_Solicitud_Servicios_Complementarios.pdf\">Solicitud de Aula Matinal, Comedor Escolar y Actividades Extraescolares<\/a>.<\/span><\/li>\n<\/ul>\n<p><strong>Documentaci\u00f3n:<\/strong><\/p>\n<ul>\n<li style=\"text-align: justify\">Impreso de solicitud cumplimentado.<\/li>\n<li style=\"text-align: justify\">Fotocopia de la solicitud cumplimentada para registro de entrega al solicitante.<\/li>\n<li style=\"text-align: justify\">Fotocopia o certificado de cuenta bancaria donde aparezcan los titulares de la misma.<\/li>\n<li style=\"text-align: justify\">La documentaci\u00f3n de acreditaci\u00f3n de las circunstancias declaradas est\u00e1 en la p\u00e1gina n\u00ba 5 de la solicitud.<\/li>\n<\/ul>\n<p style=\"text-align: justify\">No podr\u00e1n matricularse en ninguno de estos servicios aquel alumnado que no est\u00e9 al corriente del pago en cualquiera de los mismos a fecha de 10 de Junio (art. 22, Orden 17 abril 2017)<\/p>\n<ul>\n<li><span style=\"color: #0000ff\"><a style=\"color: #0000ff\" href=\"https:\/\/blogsaverroes.juntadeandalucia.es\/ceiplaslomas\/actividades-extraescolares\/\">Informaci\u00f3n actividades extraescolares<\/a><\/span><\/li>\n<li style=\"text-align: justify\"><span style=\"color: #0000ff\"><span style=\"text-decoration: underline\"><a style=\"color: #0000ff;text-decoration: underline\" href=\"https:\/\/blogsaverroes.juntadeandalucia.es\/ceiplaslomas\/files\/2025\/08\/002563-A05-V02-00.pdf\">Solicitud Gratuidad\/Bonificaci\u00f3n Servicios Complementarios<\/a><\/span><\/span>&nbsp;para Aula Matinal, Comedor Escolar y Actividades Extraescolares. <span style=\"color: #ff0000\">Se puede solicitar <strong>del 1 al 8 de septiembre. (pendiente actualizar fecha)<\/strong><\/span><\/li>\n<\/ul>\n<p><span style=\"color: #0000ff\"><strong>Calendario de admisi\u00f3n 2026 <span style=\"color: #ff0000\">(pendiente actualizar fechas)<\/span><\/strong><\/span><\/p>\n<p><del><strong>\u21d2 12 de junio<\/strong>, listados provisionales de admitidos y suplentes.<\/del><\/p>\n<p><del>\u21d2 Alegaciones del 13 al 26.<\/del><\/p>\n<p><del><strong>\u21d2 30 de junio<\/strong>, listados definitivos.<\/del><\/p>\n<p style=\"text-align: justify\"><strong>Puede consultar el listado provisional de admitidos y suplentes en el siguiente enlace:<\/strong><\/p>\n<p style=\"text-align: justify\"><a href=\"https:\/\/www.juntadeandalucia.es\/educacion\/secretariavirtual\/accesoConsultas\/2232\/\">https:\/\/www.juntadeandalucia.es\/educacion\/secretariavirtual\/accesoConsultas\/2232\/<\/a><\/p>\n<p><strong>Consulta listado definitivo de admitidos y suplementes en el siguiente enlace:<\/strong><\/p>\n<p><a href=\"https:\/\/www.juntadeandalucia.es\/educacion\/secretariavirtual\/accesoConsultas\/2233\/\">https:\/\/www.juntadeandalucia.es\/educacion\/secretariavirtual\/accesoConsultas\/2233\/<\/a><\/p>\n<p style=\"text-align: justify\">El alumnado suplente, en caso de resultar admitido<strong>,&nbsp;tendr\u00e1 un plazo de tres d\u00edas h\u00e1biles<\/strong>&nbsp;contados a partir del d\u00eda siguiente al de la notificaci\u00f3n de admisi\u00f3n para solicitar, en su caso, la bonificaci\u00f3n que pudiera corresponderle. En el caso de solicitudes de admisi\u00f3n en los servicios complementarios presentadas a lo largo del curso, la bonificaci\u00f3n deber\u00e1 solicitarse conjuntamente con aquella.&nbsp;<\/p>\n<hr>\n<p style=\"text-align: justify\"><span style=\"color: #0000ff\"><span style=\"color: #000000\">V\u00eddeo explicativo \u21d2 \u00abSobre electr\u00f3nico de matr\u00edcula\u00bb<\/span><\/span><\/p>\n<p><iframe loading=\"lazy\" title=\"Sobre Electr\u00f3nico de Matr\u00edcula 2022 \ud83d\udce7 \ud83d\udce7\" width=\"500\" height=\"281\" src=\"https:\/\/www.youtube.com\/embed\/VCcL3E5x7lk?feature=oembed&#038;wmode=opaque\" frameborder=\"0\" allow=\"accelerometer; autoplay; clipboard-write; encrypted-media; gyroscope; picture-in-picture; web-share\" referrerpolicy=\"strict-origin-when-cross-origin\" allowfullscreen><\/iframe><\/p>\n<p style=\"text-align: justify\">&nbsp;<\/p>\n","protected":false},"excerpt":{"rendered":"<p>MATRICULACI\u00d3N 2026\/2027 1. MATRICULACI\u00d3N DEL ALUMNADO DE NUEVO INGRESO (del 1 al 8 de junio, ambos inclusive) Pueden realizar la&nbsp;matr\u00edcula telem\u00e1ticamente, en la Secretaria virtual de los centros educativos de la Junta de Andaluc\u00eda&#46;&#46;&#46;<\/p>\n","protected":false},"author":5742,"featured_media":0,"parent":0,"menu_order":0,"comment_status":"closed","ping_status":"closed","template":"","meta":{"ngg_post_thumbnail":0,"footnotes":"","_mc_calendar":[]},"aioseo_notices":[],"_links":{"self":[{"href":"https:\/\/blogsaverroes.juntadeandalucia.es\/ceiplaslomas\/wp-json\/wp\/v2\/pages\/19800"}],"collection":[{"href":"https:\/\/blogsaverroes.juntadeandalucia.es\/ceiplaslomas\/wp-json\/wp\/v2\/pages"}],"about":[{"href":"https:\/\/blogsaverroes.juntadeandalucia.es\/ceiplaslomas\/wp-json\/wp\/v2\/types\/page"}],"author":[{"embeddable":true,"href":"https:\/\/blogsaverroes.juntadeandalucia.es\/ceiplaslomas\/wp-json\/wp\/v2\/users\/5742"}],"replies":[{"embeddable":true,"href":"https:\/\/blogsaverroes.juntadeandalucia.es\/ceiplaslomas\/wp-json\/wp\/v2\/comments?post=19800"}],"version-history":[{"count":82,"href":"https:\/\/blogsaverroes.juntadeandalucia.es\/ceiplaslomas\/wp-json\/wp\/v2\/pages\/19800\/revisions"}],"predecessor-version":[{"id":21241,"href":"https:\/\/blogsaverroes.juntadeandalucia.es\/ceiplaslomas\/wp-json\/wp\/v2\/pages\/19800\/revisions\/21241"}],"wp:attachment":[{"href":"https:\/\/blogsaverroes.juntadeandalucia.es\/ceiplaslomas\/wp-json\/wp\/v2\/media?parent=19800"}],"curies":[{"name":"wp","href":"https:\/\/api.w.org\/{rel}","templated":true}]}}