{"id":3235,"date":"2018-10-21T11:18:53","date_gmt":"2018-10-21T11:18:53","guid":{"rendered":"https:\/\/blogsaverroes.juntadeandalucia.es\/ceiplaslomas\/?page_id=3235"},"modified":"2021-12-02T09:04:47","modified_gmt":"2021-12-02T09:04:47","slug":"historia","status":"publish","type":"page","link":"https:\/\/blogsaverroes.juntadeandalucia.es\/ceiplaslomas\/historia\/","title":{"rendered":"Historia"},"content":{"rendered":"<p style=\"text-align: justify\"><strong>BREVE HISTORIA DEL CEIP \u201cLAS LOMAS\u201d DE ROQUETAS DE MAR (ALMER\u00cdA)<\/strong><\/p>\n<p style=\"text-align: justify\">Corr\u00eda el a\u00f1o del Se\u00f1or, de 1965, cuando Las Lomas del Puerto era s\u00f3lo un terreno, m\u00e1s parecido a un secano abandonado, que a otra cosa. Pero un d\u00eda comenzaron a llegar arquitectos, aparejadores, alba\u00f1iles y maquinaria y la paz del lugar se fue cambiando en alboroto. Al cabo de unos a\u00f1os surgi\u00f3 en aquellos parajes, una enorme mole, con forma de y griega, tres patios y algunas dependencias anejas\u2026<\/p>\n<p style=\"text-align: justify\">En enero de 1971, se inaugur\u00f3, como Colegio Nacional \u201cLas Lomas\u201d de Roquetas, que en un principio depend\u00eda del Colegio \u201cVirgen del Rosario\u201d. Yo llegu\u00e9 el d\u00eda 1 de Septiembre de 1971, ven\u00eda de Las Cabezas de san Juan y me qued\u00e9 maravillado ante tanta hermosura y grandeza (se lleg\u00f3 a tener en el colegio, m\u00e1s de mil alumnos). All\u00ed decid\u00ed pasar algunos a\u00f1os de mi vida (ya llevo treinta y nueve a\u00f1os) para realizar mi vocaci\u00f3n.<\/p>\n<p style=\"text-align: justify\">Este colegio fue realizado por el constructor D. Tom\u00e1s Baeza Grancha que lo hizo a conciencia, pues realmente estaba muy bien.<\/p>\n<p style=\"text-align: justify\">Ten\u00eda dos porches cubiertos y en ellos, previa autorizaci\u00f3n del Ministerio, entre Padres y Maestros, los cerramos y en uno se hizo un gimnasio y en el otro un sal\u00f3n de actos y un buen\u00edsimo taller de Pretecnolog\u00eda.<\/p>\n<p style=\"text-align: justify\">Los primeros a\u00f1os, en verano se utiliz\u00f3 para Colonias Escolares y a estos parajes marineros tra\u00edamos ni\u00f1os y ni\u00f1as de las sierras\u2026<\/p>\n<p style=\"text-align: justify\">Como era un Colegio Comarcal, seis transportes escolares nos llegaban diariamente con casi cerca de cuatrocientos alumnos y el comedor del Centro era utilizado por seiscientos comensales en dos turnos de trescientos. En nuestro Colegio se realizaban un mont\u00f3n de actividades extraescolares, como D\u00eda de la Bicicleta (que naci\u00f3 all\u00ed), Cruz de Mayo, excursiones los s\u00e1bados a Granada, Nerja, Calar Alto, Cartagena, etc. Y en el a\u00f1o 1989 organizamos un torneo deportivo a nivel de la comarca, con f\u00fatbol, tenis, balonmano, baloncesto, ajedrez y otros, siendo un \u00e9xito total y donde participaron m\u00e1s de dos mil alumnos de toda esta Comarca del Poniente.<\/p>\n<p style=\"text-align: justify\">En cuanto a nivel humano, nuestro centro contaba (y cuenta actualmente) con los mejores profesionales, llegamos a ser considerados como el mejor Colegio de la provincia y ser la envidia de muchos. Entre otros es una satisfacci\u00f3n recordar a D. Gabriel, D\u00f1a. Gema y Josefina, D\u00f1a. Mar\u00eda Dolores, D. Juan Molina, D. Domingo, D. Ram\u00f3n, D. Juan Jos\u00e9, las hermanas Isabel y Alicia, D. Ignacio Jim\u00e9nez, D. Joaqu\u00edn, D. Paco y un largu\u00edsimo etc. que nos llenar\u00eda muchas p\u00e1ginas m\u00e1s. Cabe tambi\u00e9n destacar la figura de Juan Fuentes Cruz, que era el conserje, que con su habitaci\u00f3n \u201cel corte ingl\u00e9s\u201d ayudaba y era como padre y abuelo de muchos chiquillos que a \u00e9l acud\u00edan.<\/p>\n<p style=\"text-align: justify\">Ha habido dos Maestros que murieron en esta \u00e9poca, D. Juan Carlos (que era director) y D. Nicol\u00e1s, que seguro nos echan un ojillo de vez en cuando, desde las alturas.<\/p>\n<p style=\"text-align: justify\">En la actualidad contamos con un gran Equipo Directivo, maestros y maestras (la tira\u2026) cerca de ochocientos cincuenta ni\u00f1os de treinta y tantas nacionalidades, conserje, personal de cocina y monitor de secretar\u00eda, monitores de ayuda para alumnado con discapacidad, personal de limpieza y as\u00ed entre todos vamos tirando hacia delante para que el tim\u00f3n de esta gran nave de la familia docente, no pierda el rumbo.<\/p>\n<p style=\"text-align: justify\">&nbsp;<\/p>\n<p style=\"text-align: justify\"><strong>Juan Antonio Lao G\u00f3mez, Maestro Decano y Em\u00e9rito del&nbsp; <\/strong><strong>CEIP Las Lomas, que se jubil\u00f3 con 67 a\u00f1os (1971-2012).<\/strong><\/p>\n","protected":false},"excerpt":{"rendered":"<p>BREVE HISTORIA DEL CEIP \u201cLAS LOMAS\u201d DE ROQUETAS DE MAR (ALMER\u00cdA) Corr\u00eda el a\u00f1o del Se\u00f1or, de 1965, cuando Las Lomas del Puerto era s\u00f3lo un terreno, m\u00e1s parecido a un secano abandonado, que&#46;&#46;&#46;<\/p>\n","protected":false},"author":5742,"featured_media":0,"parent":0,"menu_order":0,"comment_status":"closed","ping_status":"closed","template":"","meta":{"ngg_post_thumbnail":0,"footnotes":"","_mc_calendar":[]},"aioseo_notices":[],"_links":{"self":[{"href":"https:\/\/blogsaverroes.juntadeandalucia.es\/ceiplaslomas\/wp-json\/wp\/v2\/pages\/3235"}],"collection":[{"href":"https:\/\/blogsaverroes.juntadeandalucia.es\/ceiplaslomas\/wp-json\/wp\/v2\/pages"}],"about":[{"href":"https:\/\/blogsaverroes.juntadeandalucia.es\/ceiplaslomas\/wp-json\/wp\/v2\/types\/page"}],"author":[{"embeddable":true,"href":"https:\/\/blogsaverroes.juntadeandalucia.es\/ceiplaslomas\/wp-json\/wp\/v2\/users\/5742"}],"replies":[{"embeddable":true,"href":"https:\/\/blogsaverroes.juntadeandalucia.es\/ceiplaslomas\/wp-json\/wp\/v2\/comments?post=3235"}],"version-history":[{"count":9,"href":"https:\/\/blogsaverroes.juntadeandalucia.es\/ceiplaslomas\/wp-json\/wp\/v2\/pages\/3235\/revisions"}],"predecessor-version":[{"id":11954,"href":"https:\/\/blogsaverroes.juntadeandalucia.es\/ceiplaslomas\/wp-json\/wp\/v2\/pages\/3235\/revisions\/11954"}],"wp:attachment":[{"href":"https:\/\/blogsaverroes.juntadeandalucia.es\/ceiplaslomas\/wp-json\/wp\/v2\/media?parent=3235"}],"curies":[{"name":"wp","href":"https:\/\/api.w.org\/{rel}","templated":true}]}}