{"id":426,"date":"2015-03-20T07:05:49","date_gmt":"2015-03-20T07:05:49","guid":{"rendered":"http:\/\/blogsaverroes.juntadeandalucia.es\/pre\/ceip\/?page_id=426"},"modified":"2022-06-08T08:58:51","modified_gmt":"2022-06-08T08:58:51","slug":"materiales-recursos","status":"publish","type":"page","link":"https:\/\/blogsaverroes.juntadeandalucia.es\/ceiplaslomas\/educacion-infantil\/materiales-recursos\/","title":{"rendered":"E.I. &#8211; RECURSOS &#8211; MATERIALES"},"content":{"rendered":"<ul>\n<li><span style=\"color: #0000ff\"><strong>MATERIALES PARA EDUCACI\u00d3N INFANTIL&nbsp;<\/strong><\/span><\/li>\n<\/ul>\n<p><strong>CURSO 2021\/2022<\/strong><\/p>\n<p><a href=\"https:\/\/blogsaverroes.juntadeandalucia.es\/ceiplaslomas\/files\/2021\/06\/3-a\u00f1os-lista-material-21-22.pdf\" target=\"_blank\" rel=\"noopener noreferrer\">\u21d2 3 a\u00f1os lista material 21-22<\/a><\/p>\n<p><a href=\"https:\/\/blogsaverroes.juntadeandalucia.es\/ceiplaslomas\/files\/2021\/06\/4-a\u00f1os-lista-material-21-22.pdf\" target=\"_blank\" rel=\"noopener noreferrer\">\u21d2 4 a\u00f1os lista material 21-22<\/a><\/p>\n<p><a href=\"https:\/\/blogsaverroes.juntadeandalucia.es\/ceiplaslomas\/files\/2021\/06\/5-a\u00f1os-lista-material-21-22.pdf\" target=\"_blank\" rel=\"noopener noreferrer\">\u21d2 5 a\u00f1os lista material 21-22<\/a><\/p>\n<p><span style=\"color: #ff0000\">PR\u00d3XIMAMENTE DISPONDR\u00c1N DEL LISTADO DEL PR\u00d3XIMO CURSO 2022\/2023<\/span><\/p>\n<p>&nbsp;<\/p>\n<p>&nbsp;<\/p>\n<p>&nbsp;<\/p>\n<p>&nbsp;<\/p>\n<p>&nbsp;<\/p>\n","protected":false},"excerpt":{"rendered":"<p>MATERIALES PARA EDUCACI\u00d3N INFANTIL&nbsp; CURSO 2021\/2022 \u21d2 3 a\u00f1os lista material 21-22 \u21d2 4 a\u00f1os lista material 21-22 \u21d2 5 a\u00f1os lista material 21-22 PR\u00d3XIMAMENTE DISPONDR\u00c1N DEL LISTADO DEL PR\u00d3XIMO CURSO 2022\/2023 &nbsp; &nbsp;&#46;&#46;&#46;<\/p>\n","protected":false},"author":1,"featured_media":0,"parent":424,"menu_order":0,"comment_status":"closed","ping_status":"open","template":"","meta":{"ngg_post_thumbnail":0,"footnotes":"","_mc_calendar":[]},"aioseo_notices":[],"_links":{"self":[{"href":"https:\/\/blogsaverroes.juntadeandalucia.es\/ceiplaslomas\/wp-json\/wp\/v2\/pages\/426"}],"collection":[{"href":"https:\/\/blogsaverroes.juntadeandalucia.es\/ceiplaslomas\/wp-json\/wp\/v2\/pages"}],"about":[{"href":"https:\/\/blogsaverroes.juntadeandalucia.es\/ceiplaslomas\/wp-json\/wp\/v2\/types\/page"}],"author":[{"embeddable":true,"href":"https:\/\/blogsaverroes.juntadeandalucia.es\/ceiplaslomas\/wp-json\/wp\/v2\/users\/1"}],"replies":[{"embeddable":true,"href":"https:\/\/blogsaverroes.juntadeandalucia.es\/ceiplaslomas\/wp-json\/wp\/v2\/comments?post=426"}],"version-history":[{"count":16,"href":"https:\/\/blogsaverroes.juntadeandalucia.es\/ceiplaslomas\/wp-json\/wp\/v2\/pages\/426\/revisions"}],"predecessor-version":[{"id":13060,"href":"https:\/\/blogsaverroes.juntadeandalucia.es\/ceiplaslomas\/wp-json\/wp\/v2\/pages\/426\/revisions\/13060"}],"up":[{"embeddable":true,"href":"https:\/\/blogsaverroes.juntadeandalucia.es\/ceiplaslomas\/wp-json\/wp\/v2\/pages\/424"}],"wp:attachment":[{"href":"https:\/\/blogsaverroes.juntadeandalucia.es\/ceiplaslomas\/wp-json\/wp\/v2\/media?parent=426"}],"curies":[{"name":"wp","href":"https:\/\/api.w.org\/{rel}","templated":true}]}}