{"id":432,"date":"2015-03-20T07:07:25","date_gmt":"2015-03-20T07:07:25","guid":{"rendered":"http:\/\/blogsaverroes.juntadeandalucia.es\/pre\/ceip\/?page_id=432"},"modified":"2018-10-07T21:12:58","modified_gmt":"2018-10-07T21:12:58","slug":"ed-primaria-2o-ciclo","status":"publish","type":"page","link":"https:\/\/blogsaverroes.juntadeandalucia.es\/ceiplaslomas\/ed-primaria-2o-ciclo\/","title":{"rendered":"Ed. Primaria. 2\u00ba ciclo"},"content":{"rendered":"<p><img loading=\"lazy\" decoding=\"async\" class=\"alignnone size-medium wp-image-1616\" src=\"https:\/\/blogsaverroes.juntadeandalucia.es\/ceiplaslomas\/files\/2015\/03\/educacion2-300x255.jpg\" alt=\"educacion2\" width=\"300\" height=\"255\" srcset=\"https:\/\/blogsaverroes.juntadeandalucia.es\/ceiplaslomas\/files\/2015\/03\/educacion2-300x255.jpg 300w, https:\/\/blogsaverroes.juntadeandalucia.es\/ceiplaslomas\/files\/2015\/03\/educacion2.jpg 640w\" sizes=\"(max-width: 300px) 100vw, 300px\" \/><\/p>\n<p>El 2\u00ba Ciclo de Educaci\u00f3n Primaria comprende los cursos de 3\u00ba y 4\u00ba.<\/p>\n<p style=\"text-align: justify\">(<a title=\"Orden 17\/03\/2015\" href=\"http:\/\/www.adideandalucia.es\/normas\/ordenes\/Orden17marzo2015CurriculoPrimaria.pdf\" target=\"_blank\" rel=\"noopener\">Orden de 17 de marzo de 2015<\/a>, por la que se desarrolla el curr\u00edculo correspondiente a la educaci\u00f3n Primaria en Andaluc\u00eda)<\/p>\n","protected":false},"excerpt":{"rendered":"<p>El 2\u00ba Ciclo de Educaci\u00f3n Primaria comprende los cursos de 3\u00ba y 4\u00ba. (Orden de 17 de marzo de 2015, por la que se desarrolla el curr\u00edculo correspondiente a la educaci\u00f3n Primaria en Andaluc\u00eda)<\/p>\n","protected":false},"author":1,"featured_media":0,"parent":0,"menu_order":0,"comment_status":"closed","ping_status":"open","template":"page-sc.php","meta":{"ngg_post_thumbnail":0,"footnotes":"","_mc_calendar":[]},"aioseo_notices":[],"_links":{"self":[{"href":"https:\/\/blogsaverroes.juntadeandalucia.es\/ceiplaslomas\/wp-json\/wp\/v2\/pages\/432"}],"collection":[{"href":"https:\/\/blogsaverroes.juntadeandalucia.es\/ceiplaslomas\/wp-json\/wp\/v2\/pages"}],"about":[{"href":"https:\/\/blogsaverroes.juntadeandalucia.es\/ceiplaslomas\/wp-json\/wp\/v2\/types\/page"}],"author":[{"embeddable":true,"href":"https:\/\/blogsaverroes.juntadeandalucia.es\/ceiplaslomas\/wp-json\/wp\/v2\/users\/1"}],"replies":[{"embeddable":true,"href":"https:\/\/blogsaverroes.juntadeandalucia.es\/ceiplaslomas\/wp-json\/wp\/v2\/comments?post=432"}],"version-history":[{"count":10,"href":"https:\/\/blogsaverroes.juntadeandalucia.es\/ceiplaslomas\/wp-json\/wp\/v2\/pages\/432\/revisions"}],"predecessor-version":[{"id":2727,"href":"https:\/\/blogsaverroes.juntadeandalucia.es\/ceiplaslomas\/wp-json\/wp\/v2\/pages\/432\/revisions\/2727"}],"wp:attachment":[{"href":"https:\/\/blogsaverroes.juntadeandalucia.es\/ceiplaslomas\/wp-json\/wp\/v2\/media?parent=432"}],"curies":[{"name":"wp","href":"https:\/\/api.w.org\/{rel}","templated":true}]}}