{"id":434,"date":"2015-03-20T07:07:50","date_gmt":"2015-03-20T07:07:50","guid":{"rendered":"http:\/\/blogsaverroes.juntadeandalucia.es\/pre\/ceip\/?page_id=434"},"modified":"2022-06-08T09:00:17","modified_gmt":"2022-06-08T09:00:17","slug":"materiales-recursos","status":"publish","type":"page","link":"https:\/\/blogsaverroes.juntadeandalucia.es\/ceiplaslomas\/ed-primaria-2o-ciclo\/materiales-recursos\/","title":{"rendered":"MATERIALES DE 3\u00ba Y 4\u00ba"},"content":{"rendered":"<ul>\n<li><span style=\"color: #0000ff\"><strong>LIBROS DE TEXTO 3\u00ba Y 4\u00ba DEL PROGRAMA DE GRATUIDAD<\/strong><\/span><\/li>\n<\/ul>\n<p><a href=\"https:\/\/blogsaverroes.juntadeandalucia.es\/ceiplaslomas\/files\/2019\/09\/LIBROS-LAS-LOMAS-2019-2020-2\u00ba-ciclo.pdf\" target=\"_blank\" rel=\"noopener noreferrer\">Libros de 3\u00ba y 4\u00ba de Educaci\u00f3n Primaria.<\/a><\/p>\n<ul>\n<li><span style=\"color: #0000ff\"><strong>LISTADO DE MATERIALES PARA 3\u00ba Y 4\u00ba EDUCACI\u00d3N PRIMARIA<\/strong><\/span><\/li>\n<\/ul>\n<p><strong>CURSO 2021\/2022<\/strong><\/p>\n<p><a href=\"https:\/\/blogsaverroes.juntadeandalucia.es\/ceiplaslomas\/files\/2021\/06\/3\u00ba-lista-material-21-22.pdf\" target=\"_blank\" rel=\"noopener noreferrer\">\u21d2 3\u00ba listado de material 21-22<\/a><\/p>\n<p><a href=\"https:\/\/blogsaverroes.juntadeandalucia.es\/ceiplaslomas\/files\/2021\/06\/4\u00ba-lista-material-21-22.pdf\" target=\"_blank\" rel=\"noopener noreferrer\">\u21d2 4\u00ba listado de material 21-22<\/a><\/p>\n<p>&nbsp;<\/p>\n<p><span style=\"color: #ff0000\">PR\u00d3XIMAMENTE DISPONDR\u00c1N DEL LISTADO DEL PR\u00d3XIMO CURSO 2022\/2023<\/span><\/p>\n<p>&nbsp;<\/p>\n","protected":false},"excerpt":{"rendered":"<p>LIBROS DE TEXTO 3\u00ba Y 4\u00ba DEL PROGRAMA DE GRATUIDAD Libros de 3\u00ba y 4\u00ba de Educaci\u00f3n Primaria. LISTADO DE MATERIALES PARA 3\u00ba Y 4\u00ba EDUCACI\u00d3N PRIMARIA CURSO 2021\/2022 \u21d2 3\u00ba listado de material&#46;&#46;&#46;<\/p>\n","protected":false},"author":1,"featured_media":0,"parent":432,"menu_order":0,"comment_status":"closed","ping_status":"open","template":"","meta":{"ngg_post_thumbnail":0,"footnotes":"","_mc_calendar":[]},"aioseo_notices":[],"_links":{"self":[{"href":"https:\/\/blogsaverroes.juntadeandalucia.es\/ceiplaslomas\/wp-json\/wp\/v2\/pages\/434"}],"collection":[{"href":"https:\/\/blogsaverroes.juntadeandalucia.es\/ceiplaslomas\/wp-json\/wp\/v2\/pages"}],"about":[{"href":"https:\/\/blogsaverroes.juntadeandalucia.es\/ceiplaslomas\/wp-json\/wp\/v2\/types\/page"}],"author":[{"embeddable":true,"href":"https:\/\/blogsaverroes.juntadeandalucia.es\/ceiplaslomas\/wp-json\/wp\/v2\/users\/1"}],"replies":[{"embeddable":true,"href":"https:\/\/blogsaverroes.juntadeandalucia.es\/ceiplaslomas\/wp-json\/wp\/v2\/comments?post=434"}],"version-history":[{"count":20,"href":"https:\/\/blogsaverroes.juntadeandalucia.es\/ceiplaslomas\/wp-json\/wp\/v2\/pages\/434\/revisions"}],"predecessor-version":[{"id":13062,"href":"https:\/\/blogsaverroes.juntadeandalucia.es\/ceiplaslomas\/wp-json\/wp\/v2\/pages\/434\/revisions\/13062"}],"up":[{"embeddable":true,"href":"https:\/\/blogsaverroes.juntadeandalucia.es\/ceiplaslomas\/wp-json\/wp\/v2\/pages\/432"}],"wp:attachment":[{"href":"https:\/\/blogsaverroes.juntadeandalucia.es\/ceiplaslomas\/wp-json\/wp\/v2\/media?parent=434"}],"curies":[{"name":"wp","href":"https:\/\/api.w.org\/{rel}","templated":true}]}}