{"id":44,"date":"2015-03-13T08:42:15","date_gmt":"2015-03-13T08:42:15","guid":{"rendered":"http:\/\/blogsaverroes.juntadeandalucia.es\/pre\/ceip\/?page_id=44"},"modified":"2025-09-30T18:38:07","modified_gmt":"2025-09-30T18:38:07","slug":"planes-y-proyectos","status":"publish","type":"page","link":"https:\/\/blogsaverroes.juntadeandalucia.es\/ceiplaslomas\/planes-y-proyectos\/","title":{"rendered":"Planes y Programas Educativos"},"content":{"rendered":"<p><a href=\"https:\/\/blogsaverroes.juntadeandalucia.es\/ceiplaslomas\/files\/2015\/03\/planes-y-programas.png\"><img loading=\"lazy\" decoding=\"async\" class=\"wp-image-2394 size-full aligncenter\" src=\"https:\/\/blogsaverroes.juntadeandalucia.es\/ceiplaslomas\/files\/2015\/03\/planes-y-programas.png\" alt=\"\" width=\"353\" height=\"143\" srcset=\"https:\/\/blogsaverroes.juntadeandalucia.es\/ceiplaslomas\/files\/2015\/03\/planes-y-programas.png 353w, https:\/\/blogsaverroes.juntadeandalucia.es\/ceiplaslomas\/files\/2015\/03\/planes-y-programas-300x122.png 300w, https:\/\/blogsaverroes.juntadeandalucia.es\/ceiplaslomas\/files\/2015\/03\/planes-y-programas-24x10.png 24w, https:\/\/blogsaverroes.juntadeandalucia.es\/ceiplaslomas\/files\/2015\/03\/planes-y-programas-36x15.png 36w, https:\/\/blogsaverroes.juntadeandalucia.es\/ceiplaslomas\/files\/2015\/03\/planes-y-programas-48x19.png 48w\" sizes=\"(max-width: 353px) 100vw, 353px\" \/><\/a><\/p>\n<p style=\"text-align: justify\">Nuestro colegio participa en los siguientes&nbsp;<strong>Planes y Programas Educativos:<\/strong>&nbsp;<\/p>\n<p style=\"text-align: justify\"><strong>Para m\u00e1s informaci\u00f3n pinche sobre la imagen de cada plan y programa.<\/strong><\/p>\n<hr>\n<p><a href=\"https:\/\/www.juntadeandalucia.es\/educacion\/portals\/web\/igualdad\" target=\"_blank\" rel=\"noopener noreferrer\"><img loading=\"lazy\" decoding=\"async\" class=\"aligncenter\" src=\"https:\/\/www.juntadeandalucia.es\/educacion\/portals\/image\/layout_set_logo?img_id=263650&amp;t=1606494660641\" alt=\"Igualdad\" width=\"630\" height=\"97\"><\/a><\/p>\n<p style=\"text-align: center\"><strong>Coordinadora &#8211; D\u00f1a. Mar\u00eda Jos\u00e9 Padilla<\/strong><\/p>\n<p style=\"text-align: center\"><span style=\"color: #3366ff\"><strong><a style=\"color: #3366ff\" href=\"https:\/\/blogsaverroes.juntadeandalucia.es\/ceiplaslomas\/category\/plan-de-igualdad\/\" target=\"_blank\" rel=\"noopener noreferrer\">\u21d2 Noticias Plan de Igualdad<\/a>&nbsp;<\/strong><\/span><\/p>\n<p><iframe loading=\"lazy\" title=\"D\u00eda Internacional de la Mujer, 8 marzo 2020\" width=\"500\" height=\"281\" src=\"https:\/\/www.youtube.com\/embed\/JsgZAz-Mxis?feature=oembed&#038;wmode=opaque\" frameborder=\"0\" allow=\"accelerometer; autoplay; clipboard-write; encrypted-media; gyroscope; picture-in-picture; web-share\" referrerpolicy=\"strict-origin-when-cross-origin\" allowfullscreen><\/iframe><\/p>\n<hr>\n<p>&nbsp;<\/p>\n<p><a href=\"https:\/\/www.juntadeandalucia.es\/educacion\/portals\/web\/aldea\/programa-aldea\" target=\"_blank\" rel=\"noopener noreferrer\"><img decoding=\"async\" class=\"aligncenter\" src=\"https:\/\/www.juntadeandalucia.es\/educacion\/portals\/image\/layout_set_logo?img_id=146419&amp;t=1606495781502\" alt=\"Programa de Educaci\u00f3n Ambiental para la Comunidad Educativa\"><\/a><\/p>\n<p style=\"text-align: center\"><span style=\"color: #3366ff\"><strong><a style=\"color: #3366ff\" href=\"https:\/\/blogsaverroes.juntadeandalucia.es\/ceiplaslomas\/category\/aldea\/\" target=\"_blank\" rel=\"noopener noreferrer\">\u21d2 Noticias Aldea<\/a><\/strong><\/span><\/p>\n<p style=\"text-align: center\"><strong><span style=\"color: #0000ff\"><a style=\"color: #0000ff\" href=\"https:\/\/programaaldealaslomasroquetasdemar.blogspot.com\/\" target=\"_blank\" rel=\"noopener noreferrer\">\u21d2 Blog ALDEA: \u00abSin azul no hay verde\u00bb<\/a><\/span><\/strong><\/p>\n<p style=\"text-align: center\"><span style=\"color: #008000\"><strong><a style=\"color: #008000\" href=\"https:\/\/www.juntadeandalucia.es\/educacion\/eaprendizaje\/aldea\/\">\u21d2 Aldea. Educaci\u00f3n ambiental para la sostenibilidad<\/a><\/strong><\/span><\/p>\n<p><iframe loading=\"lazy\" title=\"&quot;D\u00eda Internacional del Medio Ambiente&quot; II, curso 2020-2021\" width=\"500\" height=\"375\" src=\"https:\/\/www.youtube.com\/embed\/i8dpQ56BVx4?feature=oembed&#038;wmode=opaque\" frameborder=\"0\" allow=\"accelerometer; autoplay; clipboard-write; encrypted-media; gyroscope; picture-in-picture; web-share\" referrerpolicy=\"strict-origin-when-cross-origin\" allowfullscreen><\/iframe><\/p>\n<hr>\n<p>&nbsp;<\/p>\n<p><a href=\"https:\/\/www.juntadeandalucia.es\/educacion\/portals\/web\/habitos-vida-saludable\/creciendo-en-salud\" target=\"_blank\" rel=\"noopener noreferrer\"><img decoding=\"async\" class=\"aligncenter\" src=\"https:\/\/www.juntadeandalucia.es\/educacion\/portals\/image\/layout_set_logo?img_id=158625&amp;t=1606496641216\" alt=\"H\u00e1bitos de Vida Saludable\"><\/a><\/p>\n<p style=\"text-align: center\"><strong><span style=\"color: #ff6600\">Coordinadora D\u00f1a. Marisa Mart\u00edn<\/span><\/strong><\/p>\n<p style=\"text-align: center\"><span style=\"color: #3366ff\"><strong><a style=\"color: #3366ff\" href=\"https:\/\/blogsaverroes.juntadeandalucia.es\/ceiplaslomas\/category\/creciendo-en-salud\/\" target=\"_blank\" rel=\"noopener noreferrer\">\u21d2 Noticias Promoci\u00f3n de h\u00e1bitos de vida saludable &#8211; Creciendo en Salud<\/a><\/strong><\/span><\/p>\n<hr>\n<p><a href=\"https:\/\/www.juntadeandalucia.es\/educacion\/portals\/web\/convivencia-escolar\/red-escuela-espacio-de-paz\" target=\"_blank\" rel=\"noopener noreferrer\"><img decoding=\"async\" class=\"aligncenter\" src=\"https:\/\/www.juntadeandalucia.es\/educacion\/portals\/documents\/10197\/112637\/Logo+RAEEP+sin+borde.jpg\/e9c3fa0d-de0a-4158-abf4-e42fbd1d0c8f?t=1507016451944\" alt=\"Logotipo de la Red Andaluza &quot;Escuela: Espacio de Paz&quot;\"><\/a><\/p>\n<p style=\"text-align: center\"><strong>&nbsp;Coordinadora &#8211; D\u00f1a. Tania L\u00f3pez<\/strong><\/p>\n<p style=\"text-align: center\"><span style=\"color: #3366ff\"><strong><a style=\"color: #3366ff\" href=\"https:\/\/blogsaverroes.juntadeandalucia.es\/ceiplaslomas\/category\/escuela-espacio-de-paz\/\" target=\"_blank\" rel=\"noopener noreferrer\">\u21d2 Noticias Escuela: Espacio de Paz<\/a><\/strong><\/span><\/p>\n<p><iframe loading=\"lazy\" title=\"D\u00cdA DE LA PAZ 2021\" width=\"500\" height=\"281\" src=\"https:\/\/www.youtube.com\/embed\/1m8UwWeX6QQ?feature=oembed&#038;wmode=opaque\" frameborder=\"0\" allow=\"accelerometer; autoplay; clipboard-write; encrypted-media; gyroscope; picture-in-picture; web-share\" referrerpolicy=\"strict-origin-when-cross-origin\" allowfullscreen><\/iframe><\/p>\n<hr>\n<p><a href=\"http:\/\/www.juntadeandalucia.es\/educacion\/webportal\/web\/lecturas-y-bibliotecas-escolares\/comunica\" target=\"_blank\" rel=\"noopener noreferrer\"><img loading=\"lazy\" decoding=\"async\" class=\"wp-image-8995 size-medium aligncenter\" src=\"https:\/\/blogsaverroes.juntadeandalucia.es\/ceiplaslomas\/files\/2020\/11\/ComunicA_logo-300x100.png\" alt=\"\" width=\"300\" height=\"100\" srcset=\"https:\/\/blogsaverroes.juntadeandalucia.es\/ceiplaslomas\/files\/2020\/11\/ComunicA_logo-300x100.png 300w, https:\/\/blogsaverroes.juntadeandalucia.es\/ceiplaslomas\/files\/2020\/11\/ComunicA_logo-24x8.png 24w, https:\/\/blogsaverroes.juntadeandalucia.es\/ceiplaslomas\/files\/2020\/11\/ComunicA_logo-36x12.png 36w, https:\/\/blogsaverroes.juntadeandalucia.es\/ceiplaslomas\/files\/2020\/11\/ComunicA_logo-48x16.png 48w, https:\/\/blogsaverroes.juntadeandalucia.es\/ceiplaslomas\/files\/2020\/11\/ComunicA_logo.png 600w\" sizes=\"(max-width: 300px) 100vw, 300px\" \/><\/a><\/p>\n<p style=\"text-align: center\"><strong>Coordinadora &#8211; D\u00f1a. Mari Carmen Cerezo<\/strong><\/p>\n<p style=\"text-align: center\"><span style=\"color: #3366ff\"><strong><a style=\"color: #3366ff\" href=\"https:\/\/blogsaverroes.juntadeandalucia.es\/ceiplaslomas\/category\/comunica\/\" target=\"_blank\" rel=\"noopener noreferrer\">\u21d2 Noticias ComunicA<\/a><\/strong><\/span><\/p>\n<p style=\"text-align: center\"><strong><a href=\"https:\/\/comunicalaslomas.blogspot.com\/?m=1\" target=\"_blank\" rel=\"noopener noreferrer\"><span style=\"color: #0000ff\">Blog ComunicA 2019<\/span><\/a><span style=\"color: #0000ff\">&nbsp; &#8211;&nbsp; \u21d2 <a style=\"color: #0000ff\" href=\"https:\/\/programacomunicalaslomas.blogspot.com\/?m=1\" target=\"_blank\" rel=\"noopener noreferrer\">Blog actual ComunicA: \u00abCreatividad, funcionalidad y diversi\u00f3n<\/a><\/span><\/strong><\/p>\n<p style=\"text-align: center\"><strong><a href=\"https:\/\/www.juntadeandalucia.es\/educacion\/eaprendizaje\/comunicacion\/\">\u21d2 PLC, comunicaci\u00f3n y alfabetizaci\u00f3n medi\u00e1tica e informacional.<\/a><\/strong><\/p>\n<div style=\"width: 960px;\" class=\"wp-video\"><!--[if lt IE 9]><script>document.createElement('video');<\/script><![endif]-->\n<video class=\"wp-video-shortcode\" id=\"video-44-1\" width=\"960\" height=\"540\" preload=\"metadata\" controls=\"controls\"><source type=\"video\/mp4\" src=\"https:\/\/blogsaverroes.juntadeandalucia.es\/ceiplaslomas\/files\/2022\/02\/1-PROGRAMA_COMUNICA_COMPETENCIA_LING\u00dc\u00cdSTICA-1.mp4?_=1\" \/><a href=\"https:\/\/blogsaverroes.juntadeandalucia.es\/ceiplaslomas\/files\/2022\/02\/1-PROGRAMA_COMUNICA_COMPETENCIA_LING\u00dc\u00cdSTICA-1.mp4\">https:\/\/blogsaverroes.juntadeandalucia.es\/ceiplaslomas\/files\/2022\/02\/1-PROGRAMA_COMUNICA_COMPETENCIA_LING\u00dc\u00cdSTICA-1.mp4<\/a><\/video><\/div>\n<hr>\n<p><a href=\"https:\/\/blogsaverroes.juntadeandalucia.es\/ceiplaslomas\/files\/2022\/10\/Sello-Juanita-imagen.jpg\"><img loading=\"lazy\" decoding=\"async\" class=\"aligncenter wp-image-13456 size-medium\" src=\"https:\/\/blogsaverroes.juntadeandalucia.es\/ceiplaslomas\/files\/2022\/10\/Sello-Juanita-imagen-300x213.jpg\" alt=\"\" width=\"300\" height=\"213\"><\/a><\/p>\n<p style=\"text-align: center\"><strong>Proyecto \u00abEl Jard\u00edn de la Mariquita Juanita\u00bb . Coordinadora &#8211; D\u00f1a. Julia Montoya<\/strong><\/p>\n<p style=\"text-align: center\"><span style=\"color: #0000ff\"><strong><a style=\"color: #0000ff\" href=\"https:\/\/blogsaverroes.juntadeandalucia.es\/ceiplaslomas\/category\/el-jardin-ecologico-de-la-mariquita-juanita\/\" target=\"_blank\" rel=\"noopener noreferrer\">\u21d2 Noticias El jard\u00edn de la mariquita Juanita<\/a><\/strong><\/span><\/p>\n<p style=\"text-align: center\"><strong><span style=\"color: #0000ff\"><a style=\"color: #0000ff\" href=\"https:\/\/eljardindejuanita19.blogspot.com\/?m=0\" target=\"_blank\" rel=\"noopener noreferrer\">\u21d2 Blog \u00abEl jard\u00edn de la mariquita Juanita\u00bb<\/a><\/span><\/strong><\/p>\n<p><iframe loading=\"lazy\" title=\"Ajardinando somos iguales\" width=\"500\" height=\"281\" src=\"https:\/\/www.youtube.com\/embed\/lBrFfNsI0wM?feature=oembed&#038;wmode=opaque\" frameborder=\"0\" allow=\"accelerometer; autoplay; clipboard-write; encrypted-media; gyroscope; picture-in-picture; web-share\" referrerpolicy=\"strict-origin-when-cross-origin\" allowfullscreen><\/iframe><\/p>\n<p>&nbsp;<\/p>\n<p>&nbsp;<\/p>\n<p>&nbsp;<\/p>\n","protected":false},"excerpt":{"rendered":"<p>Nuestro colegio participa en los siguientes&nbsp;Planes y Programas Educativos:&nbsp; Para m\u00e1s informaci\u00f3n pinche sobre la imagen de cada plan y programa. Coordinadora &#8211; D\u00f1a. Mar\u00eda Jos\u00e9 Padilla \u21d2 Noticias Plan de Igualdad&nbsp; &nbsp; \u21d2&#46;&#46;&#46;<\/p>\n","protected":false},"author":1,"featured_media":0,"parent":0,"menu_order":0,"comment_status":"closed","ping_status":"closed","template":"","meta":{"ngg_post_thumbnail":0,"footnotes":"","_mc_calendar":[]},"aioseo_notices":[],"_links":{"self":[{"href":"https:\/\/blogsaverroes.juntadeandalucia.es\/ceiplaslomas\/wp-json\/wp\/v2\/pages\/44"}],"collection":[{"href":"https:\/\/blogsaverroes.juntadeandalucia.es\/ceiplaslomas\/wp-json\/wp\/v2\/pages"}],"about":[{"href":"https:\/\/blogsaverroes.juntadeandalucia.es\/ceiplaslomas\/wp-json\/wp\/v2\/types\/page"}],"author":[{"embeddable":true,"href":"https:\/\/blogsaverroes.juntadeandalucia.es\/ceiplaslomas\/wp-json\/wp\/v2\/users\/1"}],"replies":[{"embeddable":true,"href":"https:\/\/blogsaverroes.juntadeandalucia.es\/ceiplaslomas\/wp-json\/wp\/v2\/comments?post=44"}],"version-history":[{"count":99,"href":"https:\/\/blogsaverroes.juntadeandalucia.es\/ceiplaslomas\/wp-json\/wp\/v2\/pages\/44\/revisions"}],"predecessor-version":[{"id":20543,"href":"https:\/\/blogsaverroes.juntadeandalucia.es\/ceiplaslomas\/wp-json\/wp\/v2\/pages\/44\/revisions\/20543"}],"wp:attachment":[{"href":"https:\/\/blogsaverroes.juntadeandalucia.es\/ceiplaslomas\/wp-json\/wp\/v2\/media?parent=44"}],"curies":[{"name":"wp","href":"https:\/\/api.w.org\/{rel}","templated":true}]}}