{"id":77,"date":"2015-03-16T06:54:56","date_gmt":"2015-03-16T06:54:56","guid":{"rendered":"http:\/\/blogsaverroes.juntadeandalucia.es\/pre\/ceip\/?page_id=77"},"modified":"2025-08-27T10:39:51","modified_gmt":"2025-08-27T10:39:51","slug":"secretaria","status":"publish","type":"page","link":"https:\/\/blogsaverroes.juntadeandalucia.es\/ceiplaslomas\/secretaria\/","title":{"rendered":"Secretar\u00eda"},"content":{"rendered":"<p><a href=\"https:\/\/blogsaverroes.juntadeandalucia.es\/ceiplaslomas\/files\/2021\/05\/secretaria-y-administracion-slider_1-768x346-2.png\"><img loading=\"lazy\" decoding=\"async\" class=\"alignnone wp-image-10596 size-medium\" src=\"https:\/\/blogsaverroes.juntadeandalucia.es\/ceiplaslomas\/files\/2021\/05\/secretaria-y-administracion-slider_1-768x346-2-300x131.png\" alt=\"\" width=\"300\" height=\"131\" srcset=\"https:\/\/blogsaverroes.juntadeandalucia.es\/ceiplaslomas\/files\/2021\/05\/secretaria-y-administracion-slider_1-768x346-2-300x131.png 300w, https:\/\/blogsaverroes.juntadeandalucia.es\/ceiplaslomas\/files\/2021\/05\/secretaria-y-administracion-slider_1-768x346-2.png 713w\" sizes=\"(max-width: 300px) 100vw, 300px\" \/><\/a><\/p>\n<p style=\"text-align: justify\">La <strong>Secretar\u00eda<\/strong>&nbsp;desarrolla muchas funciones importantes en la vida del Centro, especialmente en la relaci\u00f3n que mantiene con las familias en los diferentes tr\u00e1mites administrativos a lo largo de la escolarizaci\u00f3n: admisi\u00f3n, matr\u00edcula, traslados, comedor escolar, aula matinal, extraescolares, tr\u00e1mite de bonificaci\u00f3n de servicios, etc.&nbsp;<\/p>\n<p><span style=\"color: #0000ff\"><strong>HORARIO DE ATENCI\u00d3N AL P\u00daBLICO:<\/strong><\/span><\/p>\n<p style=\"text-align: justify\"><strong>La&nbsp;ATENCI\u00d3N AL P\u00daBLICO&nbsp;para&nbsp;cualquier tema administrativo&nbsp;se realizar\u00e1 preferentemente por&nbsp;tel\u00e9fono&nbsp;o por&nbsp;correo electr\u00f3nico:<\/strong><\/p>\n<ul>\n<li><strong>Tel\u00e9fono:<\/strong>&nbsp;<strong>950156772&nbsp;<\/strong><\/li>\n<li><strong>Correo electr\u00f3nico:<\/strong>&nbsp;<strong>secretariacolegiol<\/strong><strong>aslomas@gmail.com<\/strong><\/li>\n<\/ul>\n<p>En caso de&nbsp;acceder presencialmente a la&nbsp;<strong>secretar\u00eda del Centro<\/strong>,&nbsp;no es necesario cita previa.<\/p>\n<p><strong>Para temas administrativos como: problemas con el iPasen, solicitar certificados escolares\u2026pueden utilizar el tel\u00e9fono o correo electr\u00f3nico mencionado anteriormente indicando:<\/strong><\/p>\n<ul>\n<li>Nombre y apellidos del padre, madre o tutor legal.<\/li>\n<li>Nombre y apellidos del alumno\/a y curso.<\/li>\n<li>Asunto<\/li>\n<\/ul>\n<p><strong>Horario de SECRETAR\u00cdA:<\/strong><\/p>\n<p>de lunes a viernes de 09:15 a 10:45 y de 12:30 a 13:30<\/p>\n<hr>\n<p><span style=\"color: #0000ff\"><strong>FECHAS DE ADMISI\u00d3N Y MATRICULACI\u00d3N:<\/strong><\/span><\/p>\n<p style=\"text-align: justify\">*&nbsp;<span style=\"color: #000000\"><strong>Mes de marzo<\/strong>: Procedimiento de <strong>admisi\u00f3n<\/strong> <\/span>en centros docentes seg\u00fan <strong>ANEXO&nbsp;III<\/strong>.<\/p>\n<p style=\"text-align: justify\">*&nbsp;<span style=\"color: #000000\"><strong>Del 1 al 9 de junio:<\/strong>&nbsp;Procedimiento de <strong>matriculaci\u00f3n del alumnado<\/strong> <\/span>mediante impreso correspondiente:<\/p>\n<ul>\n<li style=\"text-align: justify\"><strong>ANEXO IV<\/strong> para Educaci\u00f3n Infantil 3, 4 y 5 a\u00f1os.<\/li>\n<li style=\"text-align: justify\"><strong>ANEXO V<\/strong> para Educaci\u00f3n Primaria.<\/li>\n<li style=\"text-align: justify\"><strong>ANEXO VI<\/strong> para Educaci\u00f3n Especial: Aula Espec\u00edfica.<\/li>\n<li style=\"text-align: justify\"><strong>Solicitud de Servicios Complementarios de Aula Matinal, Comedor y Actividades Extraescolares<\/strong> (del 1 al 10 de junio en el 2024).<\/li>\n<\/ul>\n<p>*&nbsp;<span style=\"color: #000000\"><strong>Del 1 al 7 de septiembre<\/strong>: Solicitud de <strong>bonificaciones<\/strong><\/span><strong>.<\/strong><\/p>\n<hr>\n<p style=\"text-align: justify\"><span style=\"color: #0000ff\"><strong>IMPRESOS&nbsp; de admisi\u00f3n (para descarga pinche en cada ANEXO)<\/strong><\/span><\/p>\n<ul>\n<li style=\"text-align: justify\"><span style=\"color: #000000\"><strong><span style=\"color: #000000\">Solicitud de Plaza<\/span><\/strong><span style=\"color: #000000\"><strong><span style=\"color: #0000ff\"> <a href=\"https:\/\/blogsaverroes.juntadeandalucia.es\/ceiplaslomas\/files\/2024\/02\/3_Anexo-III_002535_5.pdf\">Anexo III<\/a><a style=\"color: #0000ff\" href=\"https:\/\/blogsaverroes.juntadeandalucia.es\/ceiplaslomas\/files\/2023\/05\/ANEXO-III-Solicitud-admision.pdf\" target=\"_blank\" rel=\"noopener noreferrer\">&nbsp;<\/a><\/span><\/strong><\/span>(mes de marzo). <span style=\"color: #000000\">Impriman dos ejemplares si quieren que se les selle uno de ellos como resguardo al entregarla en la Secretar\u00eda del Centro junto con la documentaci\u00f3n necesaria<\/span>.<\/span><\/li>\n<li style=\"text-align: justify\"><span style=\"color: #0000ff\"><span style=\"color: #000000\"><strong>Solicitud de Plaza por traslado <a href=\"https:\/\/blogsaverroes.juntadeandalucia.es\/ceiplaslomas\/files\/2024\/02\/9_Anexo-IX_002541_4.pdf\">Anexo IX<\/a><\/strong><strong><span style=\"color: #0000ff\"><span style=\"color: #000000\">. <\/span><\/span><\/strong>Se usar\u00e1 <strong>fuera del plazo oficial<\/strong> de solicitud, que es del 1 al 31 de marzo<i>.<\/i><\/span><\/span><\/li>\n<\/ul>\n<hr>\n<p style=\"text-align: justify\"><strong><span style=\"color: #0000ff\">MATRICULACI\u00d3N DEL ALUMNADO DE NUEVO INGRESO (del 1 al 9 de junio, ambos inclusive). <\/span><\/strong><\/p>\n<p style=\"text-align: justify\"><span style=\"color: #0000ff\"><strong>IMPRESOS DE MATRICULACI\u00d3N:<\/strong><\/span><\/p>\n<p style=\"text-align: justify\">&#8211; Impreso de matr\u00edcula por duplicado <strong><span style=\"color: #0000ff\">(<a style=\"color: #0000ff\" href=\"https:\/\/blogsaverroes.juntadeandalucia.es\/ceiplaslomas\/files\/2024\/02\/4_Anexo-IV_002536_4.pdf\">Anexo IV<\/a> INFANTIL 3, 4 y 5 a\u00f1os <\/span><\/strong>&#8211; <strong><span style=\"color: #0000ff\"><a style=\"color: #0000ff\" href=\"https:\/\/blogsaverroes.juntadeandalucia.es\/ceiplaslomas\/files\/2024\/02\/5_Anexo-V_002537_4.pdf\">Anexo V PRIMARIA<\/a> <\/span><\/strong>&#8211; <span style=\"color: #0000ff\"><strong><a style=\"color: #0000ff\" href=\"https:\/\/blogsaverroes.juntadeandalucia.es\/ceiplaslomas\/files\/2024\/02\/6_Anexo-VI_002538_4.pdf\">Anexo VI EDUCACI\u00d3N ESPECIAL<\/a><\/strong><strong>)<\/strong><\/span>.&nbsp;<\/p>\n<p style=\"text-align: justify\">&#8211; Fotocopia del libro de familia.<\/p>\n<p style=\"text-align: justify\">&#8211; Fotocopia del DNI, pasaporte, permiso de residencia del padre y madre o representantes legales.<\/p>\n<p style=\"text-align: justify\">&#8211; Impreso de solicitud para cursar la ense\u00f1anza de religi\u00f3n\/atenci\u00f3n educativa. \u21d2 <span style=\"color: #0000ff\"><strong><a href=\"https:\/\/blogsaverroes.juntadeandalucia.es\/ceiplaslomas\/files\/2025\/06\/ANEXO-RELIGION.pdf\">Anexo religi\u00f3n\/atenci\u00f3n educativa<\/a><\/strong><\/span><\/p>\n<p style=\"text-align: justify\">&#8211; Documento autorizaci\u00f3n de recogida&nbsp; y tratamiento de im\u00e1genes\/voz del alumnado. \u21d2<\/p>\n<p style=\"text-align: justify\"><span style=\"color: #0000ff\"><strong><span style=\"color: #0000ff\">&#8211; <a style=\"color: #0000ff\" href=\"https:\/\/blogsaverroes.juntadeandalucia.es\/ceiplaslomas\/files\/2024\/10\/Autorizacion-recogida.pdf\">AUTORIZACION RECOGIDA<\/a><\/span><\/strong><\/span><\/p>\n<p style=\"text-align: justify\"><span style=\"color: #0000ff\"><a style=\"color: #0000ff\" href=\"https:\/\/blogsaverroes.juntadeandalucia.es\/ceiplaslomas\/files\/2024\/05\/ANEXO_ProteccionDatos.pdf\" target=\"_blank\" rel=\"noopener\"><strong>&#8211; <\/strong><\/a><strong><a style=\"color: #0000ff\" href=\"https:\/\/blogsaverroes.juntadeandalucia.es\/ceiplaslomas\/files\/2025\/06\/CONSENTIMIENTO-INFORMADO.pdf\" target=\"_blank\" rel=\"noopener\">PROTECCI\u00d3N DE DATOS (im\u00e1genes\/voz)<\/a><\/strong><\/span><\/p>\n<p><span style=\"color: #0000ff\"><strong><a style=\"color: #0000ff\" href=\"https:\/\/blogsaverroes.juntadeandalucia.es\/ceiplaslomas\/files\/2025\/06\/CUESTIONARIO-DE-CONTEXTO.pdf\" target=\"_blank\" rel=\"noopener\">&#8211; CUESTIONARIO DE CONTEXTO<\/a> (para nuevo alumnado de 3 a\u00f1os)<\/strong><\/span><\/p>\n<p style=\"text-align: justify\"><strong>HORARIO DE MATRICULACI\u00d3N, de lunes a viernes de 09:15 A 10:45 y DE 12:30 A 13:30<\/strong><\/p>\n<hr>\n<p style=\"text-align: justify\"><strong><span style=\"color: #0000ff\">SERVICIOS COMPLEMENTARIOS de AULA MATINAL, COMEDOR ESCOLAR y ACTIVIDADES EXTRAESCOLARES <\/span><\/strong><strong><span style=\"color: #0000ff\">(del 1 al 10 de junio, ambos inclusive).&nbsp;<\/span><\/strong><\/p>\n<ul>\n<li style=\"text-align: justify\"><span style=\"color: #0000ff\"><strong><a style=\"color: #0000ff\" href=\"https:\/\/blogsaverroes.juntadeandalucia.es\/ceiplaslomas\/files\/2024\/04\/ANEXO-II_Solicitud_Servicios_Complementarios.pdf\">Solicitud de Aula Matinal, Comedor Escolar o Actividades Extraescolares<\/a><\/strong><\/span><span style=\"color: #000000\"><span style=\"color: #0000ff\"><strong>.<\/strong><\/span> Entregar <strong>entre el 1 y 10 de junio<\/strong>. Una vez rellena, impr\u00edmala y entr\u00e9guela en la <strong>Secretar\u00eda del Centro<\/strong>.<\/span><\/li>\n<\/ul>\n<p><strong>Documentaci\u00f3n:<\/strong><\/p>\n<ul>\n<li>Impreso de solicitud cumplimentado.<\/li>\n<li>Fotocopia de la solicitud cumplimentada para registro de entrega al solicitante.<\/li>\n<li>Fotocopia o certificado de cuenta bancaria donde aparezcan los titulares de la misma.<\/li>\n<li>La documentaci\u00f3n de acreditaci\u00f3n de las circunstancias declaradas est\u00e1 en la p\u00e1gina n\u00ba 5 de la solicitud.<\/li>\n<\/ul>\n<p>No podr\u00e1n matricularse en ninguno de estos servicios aquel alumnado que no est\u00e9 al corriente del pago en cualquiera de los mismos a fecha de 10 de Junio (art. 22, Orden 17 abril 2017)<\/p>\n<ul>\n<li><strong><span style=\"color: #0000ff\"><a style=\"color: #0000ff\" href=\"https:\/\/blogsaverroes.juntadeandalucia.es\/ceiplaslomas\/actividades-extraescolares\/\">Informaci\u00f3n actividades extraescolares<\/a><\/span><\/strong><\/li>\n<\/ul>\n<ul>\n<li style=\"text-align: justify\"><strong><span style=\"color: #000000\"><span style=\"color: #0000ff\"><span style=\"color: #000000\"><span style=\"color: #0000ff\"><a href=\"https:\/\/blogsaverroes.juntadeandalucia.es\/ceiplaslomas\/files\/2025\/08\/002563-A05-V02-00.pdf\"><span style=\"color: #0000ff\">Solicitud Gratuidad\/Bonificaci\u00f3n Servicios Complementarios<\/span><\/a><\/span>&nbsp;<\/span><\/span><\/span><\/strong><span style=\"color: #000000\">para Aula Matinal, Comedor Escolar y Actividades Extraescolares. Se puede solicitar <strong>del 1 al 8 de septiembre (curso 2025\/2026)<\/strong><\/span><\/li>\n<\/ul>\n<p>&nbsp;<\/p>\n<p style=\"text-align: justify\">El alumnado suplente, en caso de resultar admitido, tendr\u00e1 un plazo de tres d\u00edas h\u00e1biles contados a partir del d\u00eda siguiente al de la notificaci\u00f3n de admisi\u00f3n para solicitar, en su caso, la bonificaci\u00f3n que pudiera corresponderle. En el caso de solicitudes de admisi\u00f3n en los servicios complementarios presentadas a lo largo del curso, la bonificaci\u00f3n deber\u00e1 solicitarse conjuntamente con aquella.&nbsp;<\/p>\n<ul>\n<li style=\"text-align: justify\"><span style=\"color: #0000ff\"><a style=\"color: #0000ff\" href=\"https:\/\/blogsaverroes.juntadeandalucia.es\/ceiplaslomas\/files\/2020\/10\/BAJA-SERVICIOS-COMPLEMENTARIOS.pdf\" target=\"_blank\" rel=\"noopener noreferrer\"><strong>Solicitud de BAJA en los SERVICIOS COMPLEMENTARIOS de Aula Matinal, Comedor y Actividades Extraescolares.<\/strong><\/a><\/span><\/li>\n<\/ul>\n<hr>\n<p>.<strong><span style=\"color: #0000ff\">RELIGI\u00d3N &#8211; ATENCI\u00d3N EDUCATIVA<\/span><\/strong><\/p>\n<ul>\n<li style=\"text-align: justify\"><span style=\"color: #000000\"><span style=\"color: #000000\"><strong><span style=\"color: #0000ff\"><a style=\"color: #0000ff\" href=\"https:\/\/blogsaverroes.juntadeandalucia.es\/ceiplaslomas\/files\/2025\/06\/ANEXO-RELIGION.pdf\" target=\"_blank\" rel=\"noopener\">Solicitud ense\u00f1anza de religi\u00f3n\/atenci\u00f3n&nbsp; educativa<\/a>. <\/span>S\u00f3lo se podr\u00e1 solicitar el cambio de ense\u00f1anza de Religi\u00f3n del 1 a 9 de Junio<\/strong>. Para ello, lo deber\u00e1 rellenar, imprimir y entregar junto con el impreso de inscripci\u00f3n en la fecha citada.&nbsp;&nbsp;<\/span><\/span><\/li>\n<\/ul>\n<hr>\n<p><strong><span style=\"color: #0000ff\">COMEDOR<\/span><\/strong><\/p>\n<p><a href=\"https:\/\/blogsaverroes.juntadeandalucia.es\/ceiplaslomas\/files\/2024\/11\/autorizacion-comedor.pdf\">\u21d2 Autorizaci\u00f3n recogida del alumnado de comedor<\/a><\/p>\n<p>&nbsp;<\/p>\n<p>&nbsp;<\/p>\n<p>&nbsp;<\/p>\n<p>&nbsp;<\/p>\n","protected":false},"excerpt":{"rendered":"<p>La Secretar\u00eda&nbsp;desarrolla muchas funciones importantes en la vida del Centro, especialmente en la relaci\u00f3n que mantiene con las familias en los diferentes tr\u00e1mites administrativos a lo largo de la escolarizaci\u00f3n: admisi\u00f3n, matr\u00edcula, traslados, comedor&#46;&#46;&#46;<\/p>\n","protected":false},"author":1,"featured_media":0,"parent":0,"menu_order":0,"comment_status":"closed","ping_status":"open","template":"","meta":{"ngg_post_thumbnail":0,"footnotes":"","_mc_calendar":[]},"aioseo_notices":[],"_links":{"self":[{"href":"https:\/\/blogsaverroes.juntadeandalucia.es\/ceiplaslomas\/wp-json\/wp\/v2\/pages\/77"}],"collection":[{"href":"https:\/\/blogsaverroes.juntadeandalucia.es\/ceiplaslomas\/wp-json\/wp\/v2\/pages"}],"about":[{"href":"https:\/\/blogsaverroes.juntadeandalucia.es\/ceiplaslomas\/wp-json\/wp\/v2\/types\/page"}],"author":[{"embeddable":true,"href":"https:\/\/blogsaverroes.juntadeandalucia.es\/ceiplaslomas\/wp-json\/wp\/v2\/users\/1"}],"replies":[{"embeddable":true,"href":"https:\/\/blogsaverroes.juntadeandalucia.es\/ceiplaslomas\/wp-json\/wp\/v2\/comments?post=77"}],"version-history":[{"count":237,"href":"https:\/\/blogsaverroes.juntadeandalucia.es\/ceiplaslomas\/wp-json\/wp\/v2\/pages\/77\/revisions"}],"predecessor-version":[{"id":20448,"href":"https:\/\/blogsaverroes.juntadeandalucia.es\/ceiplaslomas\/wp-json\/wp\/v2\/pages\/77\/revisions\/20448"}],"wp:attachment":[{"href":"https:\/\/blogsaverroes.juntadeandalucia.es\/ceiplaslomas\/wp-json\/wp\/v2\/media?parent=77"}],"curies":[{"name":"wp","href":"https:\/\/api.w.org\/{rel}","templated":true}]}}