{"id":7778,"date":"2020-03-18T17:46:26","date_gmt":"2020-03-18T17:46:26","guid":{"rendered":"https:\/\/blogsaverroes.juntadeandalucia.es\/ceiplaslomas\/?page_id=7778"},"modified":"2021-05-08T17:19:31","modified_gmt":"2021-05-08T17:19:31","slug":"tareas-y-recursos-marzo-2020","status":"publish","type":"page","link":"https:\/\/blogsaverroes.juntadeandalucia.es\/ceiplaslomas\/tareas-y-recursos-marzo-2020\/","title":{"rendered":"RECURSOS DID\u00c1CTICOS"},"content":{"rendered":"<h3><span style=\"color: #008000\"><strong>RECURSOS DID\u00c1CTICOS INTERESANTES<\/strong><\/span><\/h3>\n<p><a href=\"https:\/\/blogsaverroes.juntadeandalucia.es\/ceiplaslomas\/files\/2021\/05\/loreto.jpg\"><img loading=\"lazy\" decoding=\"async\" class=\"alignnone wp-image-10539 size-medium\" src=\"https:\/\/blogsaverroes.juntadeandalucia.es\/ceiplaslomas\/files\/2021\/05\/loreto-300x158.jpg\" alt=\"\" width=\"300\" height=\"158\" srcset=\"https:\/\/blogsaverroes.juntadeandalucia.es\/ceiplaslomas\/files\/2021\/05\/loreto-300x158.jpg 300w, https:\/\/blogsaverroes.juntadeandalucia.es\/ceiplaslomas\/files\/2021\/05\/loreto.jpg 310w\" sizes=\"(max-width: 300px) 100vw, 300px\" \/><\/a><\/p>\n<p><strong><a href=\"http:\/\/www.ceiploreto.es\/\" target=\"_blank\" rel=\"noopener noreferrer\">\u21d2 CEIP Nuestra Se\u00f1ora de Loreto (infantil y primaria)<\/a><\/strong><\/p>\n<hr>\n<p><a href=\"https:\/\/blogsaverroes.juntadeandalucia.es\/ceiplaslomas\/files\/2021\/05\/jueduland.jpg\"><img loading=\"lazy\" decoding=\"async\" class=\"alignnone wp-image-10541 size-medium\" src=\"https:\/\/blogsaverroes.juntadeandalucia.es\/ceiplaslomas\/files\/2021\/05\/jueduland-300x136.jpg\" alt=\"\" width=\"300\" height=\"136\" srcset=\"https:\/\/blogsaverroes.juntadeandalucia.es\/ceiplaslomas\/files\/2021\/05\/jueduland-300x136.jpg 300w, https:\/\/blogsaverroes.juntadeandalucia.es\/ceiplaslomas\/files\/2021\/05\/jueduland.jpg 333w\" sizes=\"(max-width: 300px) 100vw, 300px\" \/><\/a><\/p>\n<p><strong><a href=\"http:\/\/roble.pntic.mec.es\/arum0010\/\" target=\"_blank\" rel=\"noopener noreferrer\">\u21d2 Jueduland<\/a><\/strong><\/p>\n<hr>\n<p><a href=\"https:\/\/blogsaverroes.juntadeandalucia.es\/ceiplaslomas\/files\/2021\/05\/eaprendizaje.jpg\"><img loading=\"lazy\" decoding=\"async\" class=\"alignnone wp-image-10542 size-full\" src=\"https:\/\/blogsaverroes.juntadeandalucia.es\/ceiplaslomas\/files\/2021\/05\/eaprendizaje.jpg\" alt=\"\" width=\"293\" height=\"172\"><\/a><\/p>\n<p><strong><a href=\"https:\/\/blogsaverroes.juntadeandalucia.es\/eaprendizaje\/recursos-educativos-digitales\/\" target=\"_blank\" rel=\"noopener noreferrer\">\u21d2 Banco de recursos educativos digitales: espacio web eAprendizaje Junta de Andaluc\u00eda<\/a><\/strong><\/p>\n<hr>\n<p><a href=\"https:\/\/blogsaverroes.juntadeandalucia.es\/ceiplaslomas\/files\/2021\/05\/Tanque.jpg\"><img loading=\"lazy\" decoding=\"async\" class=\"alignnone wp-image-10543 size-full\" src=\"https:\/\/blogsaverroes.juntadeandalucia.es\/ceiplaslomas\/files\/2021\/05\/Tanque.jpg\" alt=\"\" width=\"259\" height=\"194\"><\/a><\/p>\n<p><strong><a href=\"http:\/\/www.eltanquematematico.es\/\" target=\"_blank\" rel=\"noopener noreferrer\">\u21d2 El Tanque Matem\u00e1tico<\/a><\/strong><\/p>\n<hr>\n<p><a href=\"https:\/\/blogsaverroes.juntadeandalucia.es\/ceiplaslomas\/files\/2021\/05\/mates.jpg\"><img loading=\"lazy\" decoding=\"async\" class=\"alignnone wp-image-10544 size-full\" src=\"https:\/\/blogsaverroes.juntadeandalucia.es\/ceiplaslomas\/files\/2021\/05\/mates.jpg\" alt=\"\" width=\"253\" height=\"199\"><\/a><\/p>\n<p><strong><a href=\"http:\/\/www.aprendiendomates.com\/\" target=\"_blank\" rel=\"noopener noreferrer\">\u21d2 Aprendiendo mates &#8211; ejercicios online<\/a><\/strong><\/p>\n<hr>\n<p><a href=\"https:\/\/blogsaverroes.juntadeandalucia.es\/ceiplaslomas\/files\/2021\/05\/tablas.jpg\"><img loading=\"lazy\" decoding=\"async\" class=\"alignnone wp-image-10545 size-full\" src=\"https:\/\/blogsaverroes.juntadeandalucia.es\/ceiplaslomas\/files\/2021\/05\/tablas.jpg\" alt=\"\" width=\"220\" height=\"128\"><\/a><\/p>\n<p><strong><a href=\"https:\/\/www.tablasdemultiplicar.com\/\" target=\"_blank\" rel=\"noopener noreferrer\">\u21d2 Las tablas de multiplicar<\/a><\/strong><\/p>\n<hr>\n<p><a href=\"https:\/\/blogsaverroes.juntadeandalucia.es\/ceiplaslomas\/files\/2021\/05\/ortografia.jpg\"><img loading=\"lazy\" decoding=\"async\" class=\"alignnone wp-image-10546 size-full\" src=\"https:\/\/blogsaverroes.juntadeandalucia.es\/ceiplaslomas\/files\/2021\/05\/ortografia.jpg\" alt=\"\" width=\"275\" height=\"183\"><\/a><\/p>\n<p><strong><a href=\"http:\/\/contenidos.educarex.es\/mci\/2006\/08\/html\/menu.htm\" target=\"_blank\" rel=\"noopener noreferrer\">\u21d2 Aprendizaje de la ortograf\u00eda<\/a><\/strong><\/p>\n<hr>\n<p><a href=\"https:\/\/blogsaverroes.juntadeandalucia.es\/ceiplaslomas\/files\/2021\/05\/mundo-primaria.png\"><img loading=\"lazy\" decoding=\"async\" class=\"alignnone wp-image-10547 size-full\" src=\"https:\/\/blogsaverroes.juntadeandalucia.es\/ceiplaslomas\/files\/2021\/05\/mundo-primaria.png\" alt=\"\" width=\"297\" height=\"170\"><\/a><\/p>\n<p><strong><a href=\"https:\/\/www.mundoprimaria.com\/\" target=\"_blank\" rel=\"noopener noreferrer\">\u21d2 Mundo primaria<\/a><\/strong><\/p>\n<hr>\n<p><a href=\"https:\/\/blogsaverroes.juntadeandalucia.es\/ceiplaslomas\/files\/2021\/05\/andujar.jpg\"><img loading=\"lazy\" decoding=\"async\" class=\"alignnone wp-image-10548 size-medium\" src=\"https:\/\/blogsaverroes.juntadeandalucia.es\/ceiplaslomas\/files\/2021\/05\/andujar-300x75.jpg\" alt=\"\" width=\"300\" height=\"75\" srcset=\"https:\/\/blogsaverroes.juntadeandalucia.es\/ceiplaslomas\/files\/2021\/05\/andujar-300x75.jpg 300w, https:\/\/blogsaverroes.juntadeandalucia.es\/ceiplaslomas\/files\/2021\/05\/andujar.jpg 449w\" sizes=\"(max-width: 300px) 100vw, 300px\" \/><\/a><\/p>\n<p><strong><a href=\"https:\/\/www.orientacionandujar.es\/\" target=\"_blank\" rel=\"noopener noreferrer\">\u21d2 Orientaci\u00f3n And\u00fajar<\/a><\/strong><\/p>\n<hr>\n<p><a href=\"https:\/\/blogsaverroes.juntadeandalucia.es\/ceiplaslomas\/files\/2021\/05\/aula-pt.jpg\"><img loading=\"lazy\" decoding=\"async\" class=\"alignnone wp-image-10549 size-medium\" src=\"https:\/\/blogsaverroes.juntadeandalucia.es\/ceiplaslomas\/files\/2021\/05\/aula-pt-300x87.jpg\" alt=\"\" width=\"300\" height=\"87\" srcset=\"https:\/\/blogsaverroes.juntadeandalucia.es\/ceiplaslomas\/files\/2021\/05\/aula-pt-300x87.jpg 300w, https:\/\/blogsaverroes.juntadeandalucia.es\/ceiplaslomas\/files\/2021\/05\/aula-pt.jpg 415w\" sizes=\"(max-width: 300px) 100vw, 300px\" \/><\/a><\/p>\n<p><strong><a href=\"https:\/\/www.aulapt.org\/\" target=\"_blank\" rel=\"noopener noreferrer\">\u21d2 Aula PT &#8211; Blog de Recursos Educativos<\/a><\/strong><\/p>\n<hr>\n<p><a href=\"https:\/\/blogsaverroes.juntadeandalucia.es\/ceiplaslomas\/files\/2021\/05\/tatum.jpg\"><img loading=\"lazy\" decoding=\"async\" class=\"alignnone wp-image-10550 size-full\" src=\"https:\/\/blogsaverroes.juntadeandalucia.es\/ceiplaslomas\/files\/2021\/05\/tatum.jpg\" alt=\"\" width=\"275\" height=\"183\">&nbsp;<\/a><\/p>\n<p><strong><a href=\"https:\/\/ta-tum.com\/#welcome\" target=\"_blank\" rel=\"noopener noreferrer\">\u21d2Ta-tum edelvives, lecturas gamificadas<\/a><\/strong><\/p>\n<hr>\n<p><a href=\"https:\/\/blogsaverroes.juntadeandalucia.es\/ceiplaslomas\/files\/2021\/05\/flipped.jpg\"><img loading=\"lazy\" decoding=\"async\" class=\"alignnone wp-image-10551 size-medium\" src=\"https:\/\/blogsaverroes.juntadeandalucia.es\/ceiplaslomas\/files\/2021\/05\/flipped-300x125.jpg\" alt=\"\" width=\"300\" height=\"125\" srcset=\"https:\/\/blogsaverroes.juntadeandalucia.es\/ceiplaslomas\/files\/2021\/05\/flipped-300x125.jpg 300w, https:\/\/blogsaverroes.juntadeandalucia.es\/ceiplaslomas\/files\/2021\/05\/flipped.jpg 348w\" sizes=\"(max-width: 300px) 100vw, 300px\" \/><\/a><\/p>\n<p><strong><a href=\"https:\/\/flippedprimary.wixsite.com\/appmovil\" target=\"_blank\" rel=\"noopener noreferrer\">\u21d2 Flipped primary educaci\u00f3n<\/a><\/strong><\/p>\n<hr>\n<p><a href=\"https:\/\/blogsaverroes.juntadeandalucia.es\/ceiplaslomas\/files\/2021\/05\/ingl\u00e9s.jpg\"><img loading=\"lazy\" decoding=\"async\" class=\"alignnone wp-image-10552 size-full\" src=\"https:\/\/blogsaverroes.juntadeandalucia.es\/ceiplaslomas\/files\/2021\/05\/ingl\u00e9s.jpg\" alt=\"\" width=\"250\" height=\"202\"><\/a><\/p>\n<p><strong><a href=\"http:\/\/www.angles365.com\/\" target=\"_blank\" rel=\"noopener noreferrer\">\u21d2 Recursos TIC para la ense\u00f1anza de ingl\u00e9s en Infantil y Primaria basados en la metodolog\u00eda CLIL<\/a><\/strong><\/p>\n<hr>\n<p><strong><a href=\"https:\/\/blogsaverroes.juntadeandalucia.es\/ceiplaslomas\/files\/2020\/03\/PROGRAMA-DE-OCIO-EN-CUARENTENA-.PDF.pdf\" target=\"_blank\" rel=\"noopener noreferrer\">Programa de ocio<\/a><\/strong><\/p>\n<p><strong><a href=\"https:\/\/blogsaverroes.juntadeandalucia.es\/ceiplaslomas\/files\/2020\/04\/Propuestas-para-Semana-Santa.-pdf.pdf\" target=\"_blank\" rel=\"noopener noreferrer\">Propuestas de ejercicio y entretenimiento<\/a><\/strong><\/p>\n","protected":false},"excerpt":{"rendered":"<p>RECURSOS DID\u00c1CTICOS INTERESANTES \u21d2 CEIP Nuestra Se\u00f1ora de Loreto (infantil y primaria) \u21d2 Jueduland \u21d2 Banco de recursos educativos digitales: espacio web eAprendizaje Junta de Andaluc\u00eda \u21d2 El Tanque Matem\u00e1tico \u21d2 Aprendiendo mates &#8211;&#46;&#46;&#46;<\/p>\n","protected":false},"author":5742,"featured_media":0,"parent":0,"menu_order":0,"comment_status":"closed","ping_status":"closed","template":"","meta":{"ngg_post_thumbnail":0,"footnotes":"","_mc_calendar":[]},"aioseo_notices":[],"_links":{"self":[{"href":"https:\/\/blogsaverroes.juntadeandalucia.es\/ceiplaslomas\/wp-json\/wp\/v2\/pages\/7778"}],"collection":[{"href":"https:\/\/blogsaverroes.juntadeandalucia.es\/ceiplaslomas\/wp-json\/wp\/v2\/pages"}],"about":[{"href":"https:\/\/blogsaverroes.juntadeandalucia.es\/ceiplaslomas\/wp-json\/wp\/v2\/types\/page"}],"author":[{"embeddable":true,"href":"https:\/\/blogsaverroes.juntadeandalucia.es\/ceiplaslomas\/wp-json\/wp\/v2\/users\/5742"}],"replies":[{"embeddable":true,"href":"https:\/\/blogsaverroes.juntadeandalucia.es\/ceiplaslomas\/wp-json\/wp\/v2\/comments?post=7778"}],"version-history":[{"count":73,"href":"https:\/\/blogsaverroes.juntadeandalucia.es\/ceiplaslomas\/wp-json\/wp\/v2\/pages\/7778\/revisions"}],"predecessor-version":[{"id":10556,"href":"https:\/\/blogsaverroes.juntadeandalucia.es\/ceiplaslomas\/wp-json\/wp\/v2\/pages\/7778\/revisions\/10556"}],"wp:attachment":[{"href":"https:\/\/blogsaverroes.juntadeandalucia.es\/ceiplaslomas\/wp-json\/wp\/v2\/media?parent=7778"}],"curies":[{"name":"wp","href":"https:\/\/api.w.org\/{rel}","templated":true}]}}