{"id":869,"date":"2015-03-16T07:03:52","date_gmt":"2015-03-16T07:03:52","guid":{"rendered":"http:\/\/blogsaverroes.juntadeandalucia.es\/pre\/ceip\/?page_id=84"},"modified":"2025-08-22T09:48:10","modified_gmt":"2025-08-22T09:48:10","slug":"calendario-escolar","status":"publish","type":"page","link":"https:\/\/blogsaverroes.juntadeandalucia.es\/ceiplaslomas\/calendario-escolar\/","title":{"rendered":"Calendario escolar"},"content":{"rendered":"<p style=\"text-align: left\"><strong>Curso<\/strong><span style=\"color: #0000ff\"><strong> 2025-2026<\/strong><\/span><\/p>\n<p><a href=\"https:\/\/blogsaverroes.juntadeandalucia.es\/ceiplaslomas\/files\/2025\/06\/Calendario_Escolar_25-26_Almeria_page-0001.jpg\"><img loading=\"lazy\" decoding=\"async\" class=\"aligncenter wp-image-20426 size-full\" src=\"https:\/\/blogsaverroes.juntadeandalucia.es\/ceiplaslomas\/files\/2025\/06\/Calendario_Escolar_25-26_Almeria_page-0001.jpg\" alt=\"\" width=\"1241\" height=\"1755\" srcset=\"https:\/\/blogsaverroes.juntadeandalucia.es\/ceiplaslomas\/files\/2025\/06\/Calendario_Escolar_25-26_Almeria_page-0001.jpg 1131w, https:\/\/blogsaverroes.juntadeandalucia.es\/ceiplaslomas\/files\/2025\/06\/Calendario_Escolar_25-26_Almeria_page-0001-212x300.jpg 212w, https:\/\/blogsaverroes.juntadeandalucia.es\/ceiplaslomas\/files\/2025\/06\/Calendario_Escolar_25-26_Almeria_page-0001-724x1024.jpg 724w, https:\/\/blogsaverroes.juntadeandalucia.es\/ceiplaslomas\/files\/2025\/06\/Calendario_Escolar_25-26_Almeria_page-0001-768x1086.jpg 768w, https:\/\/blogsaverroes.juntadeandalucia.es\/ceiplaslomas\/files\/2025\/06\/Calendario_Escolar_25-26_Almeria_page-0001-1086x1536.jpg 1086w\" sizes=\"(max-width: 1241px) 100vw, 1241px\" \/><\/a><\/p>\n<p>&nbsp;<\/p>\n<p>\u21d2 <a href=\"https:\/\/blogsaverroes.juntadeandalucia.es\/ceiplaslomas\/files\/2025\/06\/Resolucion_calendario_escolar_25_26_Almeria.pdf\">Resoluci\u00f3n calendario escolar 2025-2026 Almer\u00eda<\/a><\/p>\n<p style=\"text-align: justify\">Aprobado en el <strong>Consejo Escolar Municipal<\/strong>, celebrado en junio de 2025, el cambio del d\u00eda no lectivo por festivo local.<\/p>\n<p style=\"text-align: justify\">Se ha decidido, por unanimidad, el <strong>cambio del d\u00eda no lectivo del viernes 31 de octubre de 2025 al martes 7 de octubre<\/strong>, coincidiendo con el festivo local.<\/p>\n<p>&nbsp;<\/p>\n<p>&nbsp;<\/p>\n<p>&nbsp;<\/p>\n<p>&nbsp;<\/p>\n<p>&nbsp;<\/p>\n","protected":false},"excerpt":{"rendered":"<p>Curso 2025-2026 &nbsp; \u21d2 Resoluci\u00f3n calendario escolar 2025-2026 Almer\u00eda Aprobado en el Consejo Escolar Municipal, celebrado en junio de 2025, el cambio del d\u00eda no lectivo por festivo local. Se ha decidido, por unanimidad,&#46;&#46;&#46;<\/p>\n","protected":false},"author":1,"featured_media":0,"parent":0,"menu_order":0,"comment_status":"closed","ping_status":"open","template":"","meta":{"ngg_post_thumbnail":0,"footnotes":"","_mc_calendar":[]},"aioseo_notices":[],"_links":{"self":[{"href":"https:\/\/blogsaverroes.juntadeandalucia.es\/ceiplaslomas\/wp-json\/wp\/v2\/pages\/869"}],"collection":[{"href":"https:\/\/blogsaverroes.juntadeandalucia.es\/ceiplaslomas\/wp-json\/wp\/v2\/pages"}],"about":[{"href":"https:\/\/blogsaverroes.juntadeandalucia.es\/ceiplaslomas\/wp-json\/wp\/v2\/types\/page"}],"author":[{"embeddable":true,"href":"https:\/\/blogsaverroes.juntadeandalucia.es\/ceiplaslomas\/wp-json\/wp\/v2\/users\/1"}],"replies":[{"embeddable":true,"href":"https:\/\/blogsaverroes.juntadeandalucia.es\/ceiplaslomas\/wp-json\/wp\/v2\/comments?post=869"}],"version-history":[{"count":68,"href":"https:\/\/blogsaverroes.juntadeandalucia.es\/ceiplaslomas\/wp-json\/wp\/v2\/pages\/869\/revisions"}],"predecessor-version":[{"id":20439,"href":"https:\/\/blogsaverroes.juntadeandalucia.es\/ceiplaslomas\/wp-json\/wp\/v2\/pages\/869\/revisions\/20439"}],"wp:attachment":[{"href":"https:\/\/blogsaverroes.juntadeandalucia.es\/ceiplaslomas\/wp-json\/wp\/v2\/media?parent=869"}],"curies":[{"name":"wp","href":"https:\/\/api.w.org\/{rel}","templated":true}]}}