{"id":871,"date":"2015-03-16T07:25:46","date_gmt":"2015-03-16T07:25:46","guid":{"rendered":"http:\/\/blogsaverroes.juntadeandalucia.es\/pre\/ceip\/?page_id=106"},"modified":"2025-10-14T09:09:31","modified_gmt":"2025-10-14T09:09:31","slug":"actividades-extraescolares","status":"publish","type":"page","link":"https:\/\/blogsaverroes.juntadeandalucia.es\/ceiplaslomas\/actividades-extraescolares\/","title":{"rendered":"Actividades extraescolares"},"content":{"rendered":"<p><a href=\"https:\/\/blogsaverroes.juntadeandalucia.es\/ceiplaslomas\/files\/2020\/09\/extraescolares-600x182-2.png\"><img loading=\"lazy\" decoding=\"async\" class=\"alignnone wp-image-8631 size-full\" src=\"https:\/\/blogsaverroes.juntadeandalucia.es\/ceiplaslomas\/files\/2020\/09\/extraescolares-600x182-2.png\" alt=\"\" width=\"600\" height=\"182\" srcset=\"https:\/\/blogsaverroes.juntadeandalucia.es\/ceiplaslomas\/files\/2020\/09\/extraescolares-600x182-2.png 600w, https:\/\/blogsaverroes.juntadeandalucia.es\/ceiplaslomas\/files\/2020\/09\/extraescolares-600x182-2-300x91.png 300w, https:\/\/blogsaverroes.juntadeandalucia.es\/ceiplaslomas\/files\/2020\/09\/extraescolares-600x182-2-24x7.png 24w, https:\/\/blogsaverroes.juntadeandalucia.es\/ceiplaslomas\/files\/2020\/09\/extraescolares-600x182-2-36x11.png 36w, https:\/\/blogsaverroes.juntadeandalucia.es\/ceiplaslomas\/files\/2020\/09\/extraescolares-600x182-2-48x15.png 48w\" sizes=\"(max-width: 600px) 100vw, 600px\" \/><\/a><\/p>\n<p style=\"text-align: justify\">Las actividades extraescolares<strong> se solicitan<\/strong> <strong>en el mes de junio<\/strong>&nbsp;en la matriculaci\u00f3n del alumnado y la solicitud de&nbsp;<strong>bonificaciones<\/strong> al precio p\u00fablico de dicho servicio se realiza, normalmente, a principios del mes de <strong>septiembre<\/strong> <strong>del 1 al 7 <\/strong>para posibilitar que los ingresos de referencia para el c\u00e1lculo de la bonificaci\u00f3n sea el del a\u00f1o inmediatamente anterior, y adecuarse en lo posible a la capacidad econ\u00f3mica real de las familias.&nbsp;<\/p>\n<p style=\"text-align: justify\">En las actividades extraescolares, la bonificaci\u00f3n al precio p\u00fablico de este servicio se aplicar\u00e1 como m\u00e1ximo a dos actividades por alumno o alumna.<\/p>\n<p style=\"text-align: justify\">El alumnado suplente, en caso de resultar admitido, tendr\u00e1 un plazo de tres d\u00edas h\u00e1biles contados a partir del d\u00eda siguiente al de la notificaci\u00f3n de admisi\u00f3n para solicitar, en su caso, la bonificaci\u00f3n que pudiera corresponderle. En el caso de solicitudes de admisi\u00f3n en los servicios complementarios presentadas a lo largo del curso, la bonificaci\u00f3n deber\u00e1 solicitarse conjuntamente con aquella.&nbsp;<\/p>\n<hr>\n<p style=\"text-align: justify\">Las actividades extraescolares tienen lugar en horario de tarde y abarcan aspectos como, el deporte, la m\u00fasica, los idiomas, entre otras actividades l\u00fadicas y formativas.<\/p>\n<p style=\"text-align: justify\">El precio mensual sin bonificaci\u00f3n es de 17,51 euros por cada actividad. Este servicio puede ser bonificado desde el 10 al 100% en funci\u00f3n de la situaci\u00f3n econ\u00f3mica familiar.&nbsp;<\/p>\n<p style=\"text-align: justify\">Las <strong>actividades extraescolares del plan de familia<\/strong>&nbsp; que se desarrollan en el colegio son: ingl\u00e9s, <del>baile y multideporte.<\/del> Para informaci\u00f3n de estas actividades deber\u00e1 pasar por la Secretar\u00eda del Centro.<\/p>\n<p style=\"text-align: justify\">El horario es el siguiente:<\/p>\n<table>\n<tbody>\n<tr>\n<td width=\"115\">\n<p style=\"text-align: center\"><strong>ACTIVIDADES<\/strong><\/p>\n<p><strong>PLAN FAMILIA<\/strong><\/td>\n<td width=\"115\">\n<p style=\"text-align: center\"><strong>LUNES<\/strong><\/p>\n<\/td>\n<td width=\"115\">\n<p style=\"text-align: center\"><strong>MARTES<\/strong><\/p>\n<\/td>\n<td width=\"115\">\n<p style=\"text-align: center\"><strong>MI\u00c9RCOLES<\/strong><\/p>\n<\/td>\n<td width=\"115\">\n<p style=\"text-align: center\"><strong>JUEVES<\/strong><\/p>\n<\/td>\n<\/tr>\n<tr>\n<td style=\"text-align: center\" width=\"115\"><span style=\"color: #0000ff\"><strong>INGL\u00c9S<\/strong><\/span><\/td>\n<td width=\"115\">\n<p style=\"text-align: center\"><span style=\"color: #0000ff\"><strong>16:00 &#8211; 17:00<\/strong><\/span><\/p>\n<\/td>\n<td width=\"115\">\n<p style=\"text-align: center\">&nbsp;<\/p>\n<\/td>\n<td width=\"115\">\n<p style=\"text-align: center\"><span style=\"color: #0000ff\"><strong>16:00 &#8211; 17:00<\/strong><\/span><\/p>\n<\/td>\n<td width=\"115\">\n<p style=\"text-align: center\">&nbsp;<\/p>\n<\/td>\n<\/tr>\n<tr>\n<td style=\"text-align: center\" width=\"115\"><del><span style=\"color: #ff0000\"><strong>BAILE<\/strong><\/span><\/del><\/td>\n<td width=\"115\">\n<p style=\"text-align: center\"><del><span style=\"color: #ff0000\"><strong>16:00 &#8211; 17:00<\/strong><\/span><\/del><\/p>\n<\/td>\n<td width=\"115\">&nbsp;<\/td>\n<td style=\"text-align: center\" width=\"115\"><del><span style=\"color: #ff0000\"><strong>16:00 &#8211; 17:00<\/strong><\/span><\/del><\/td>\n<td width=\"115\">&nbsp;<\/td>\n<\/tr>\n<tr>\n<td width=\"115\"><del><span style=\"color: #008000\"><strong>MULTIDEPORTE<\/strong><\/span><\/del><\/td>\n<td width=\"115\">\n<p style=\"text-align: center\"><del><span style=\"color: #008000\"><strong>16:00 &#8211; 17:00<\/strong><\/span><\/del><\/p>\n<\/td>\n<td width=\"115\">&nbsp;<\/td>\n<td style=\"text-align: center\" width=\"115\"><del><span style=\"color: #008000\"><strong>16:00 &#8211; 17:00<\/strong><\/span><\/del><\/td>\n<td width=\"115\">&nbsp;<\/td>\n<\/tr>\n<\/tbody>\n<\/table>\n<p style=\"text-align: justify\">LA <strong>ENTRADA Y LA SALIDA<\/strong> DE TODAS LAS ACTIVIDADES SER\u00c1 POR LA PUERTA DE LA <strong>CALLE \u201cCAMINO DE LAS LOMAS\u201d. <\/strong><\/p>\n<p style=\"text-align: justify\"><strong>Se ruega puntualidad a la hora de ENTRADA Y SALIDA.<\/strong><\/p>\n<p><span style=\"color: #0000ff\"><strong>OTRAS ACTIVIDADES<\/strong><\/span><\/p>\n<p style=\"text-align: justify\">Por otro lado, al igual que en cursos anteriores, el <strong>Programa de Acompa\u00f1amiento Escolar<\/strong>, <strong>Programas de ense\u00f1anza de Lengua y Cultura Rumana y de Lengua y Cultura \u00c1rabe<\/strong>. <strong>Estos programas son gratuitos.<\/strong><\/p>\n<p style=\"text-align: justify\"><strong style=\"color: #0000ff\">&#8211; PROGRAMA DE ACOMPA\u00d1AMIENTO ESCOLAR (PROA) para el alumnado de 3\u00ba a 6\u00ba &#8211; comienzo el jueves 16 de octubre (pendiente confirmaci\u00f3n)<\/strong><\/p>\n<p style=\"text-align: justify\">Para alumnado de <strong>3\u00ba a 6\u00ba propuesto por el tutor o tutora. Es un programa gratuito.<\/strong><\/p>\n<p><a href=\"https:\/\/blogsaverroes.juntadeandalucia.es\/ceiplaslomas\/files\/2020\/04\/FSEpdf_page-0001.jpg\"><img loading=\"lazy\" decoding=\"async\" class=\"alignnone wp-image-8030 size-medium\" src=\"https:\/\/blogsaverroes.juntadeandalucia.es\/ceiplaslomas\/files\/2020\/04\/FSEpdf_page-0001-212x300.jpg\" alt=\"\" width=\"212\" height=\"300\" srcset=\"https:\/\/blogsaverroes.juntadeandalucia.es\/ceiplaslomas\/files\/2020\/04\/FSEpdf_page-0001-212x300.jpg 212w, https:\/\/blogsaverroes.juntadeandalucia.es\/ceiplaslomas\/files\/2020\/04\/FSEpdf_page-0001-768x1086.jpg 768w, https:\/\/blogsaverroes.juntadeandalucia.es\/ceiplaslomas\/files\/2020\/04\/FSEpdf_page-0001-724x1024.jpg 724w, https:\/\/blogsaverroes.juntadeandalucia.es\/ceiplaslomas\/files\/2020\/04\/FSEpdf_page-0001-17x24.jpg 17w, https:\/\/blogsaverroes.juntadeandalucia.es\/ceiplaslomas\/files\/2020\/04\/FSEpdf_page-0001-25x36.jpg 25w, https:\/\/blogsaverroes.juntadeandalucia.es\/ceiplaslomas\/files\/2020\/04\/FSEpdf_page-0001-34x48.jpg 34w, https:\/\/blogsaverroes.juntadeandalucia.es\/ceiplaslomas\/files\/2020\/04\/FSEpdf_page-0001.jpg 1131w\" sizes=\"(max-width: 212px) 100vw, 212px\" \/><\/a><\/p>\n<table style=\"width: 387px;height: 125px\">\n<tbody>\n<tr>\n<td style=\"width: 185px;background-color: #de6f2a\">\n<p style=\"text-align: center\"><strong>MARTES<\/strong><\/p>\n<\/td>\n<td style=\"width: 186px;background-color: #de6f2a;text-align: center\"><strong>JUEVES<\/strong><\/td>\n<\/tr>\n<tr>\n<td style=\"width: 185px\">\n<p style=\"text-align: center\"><strong>16:00 \u2013 18:00<\/strong><\/p>\n<\/td>\n<td style=\"text-align: center;width: 186px\"><strong>16:00 \u2013 18:00<\/strong><\/td>\n<\/tr>\n<\/tbody>\n<\/table>\n<p><span style=\"color: #0000ff\"><strong>&#8211; PROGRAMA LENGUA Y CULTURA RUMANA &#8211; comienza el martes 14 de octubre<\/strong><\/span><\/p>\n<p style=\"text-align: justify\">Informaci\u00f3n Elena Voicu, correo electr\u00f3nico: sanzy07@yahoo.com<strong>&nbsp;\/ <\/strong>652373862<\/p>\n<p><a href=\"https:\/\/blogsaverroes.juntadeandalucia.es\/ceiplaslomas\/files\/2022\/09\/Ficha-de-inscripci\u00f3n.pdf\" target=\"_blank\" rel=\"noopener noreferrer\">\u21d2 Ficha de inscripci\u00f3n<\/a><\/p>\n<table style=\"width: 14.433%;height: 105px\">\n<tbody>\n<tr>\n<td style=\"width: 63.8191%;background-color: #a5c92e;text-align: center\"><strong>MARTES<\/strong><\/td>\n<\/tr>\n<tr>\n<td style=\"text-align: center;width: 63.8191%\"><strong>16:00 \u2013 17:00<\/strong><\/td>\n<\/tr>\n<\/tbody>\n<\/table>\n<p><a href=\"https:\/\/blogsaverroes.juntadeandalucia.es\/ceiplaslomas\/files\/2021\/09\/20210923_083146-1-scaled.jpg\"><img loading=\"lazy\" decoding=\"async\" class=\"alignnone wp-image-11341 size-medium\" src=\"https:\/\/blogsaverroes.juntadeandalucia.es\/ceiplaslomas\/files\/2021\/09\/20210923_083146-1-225x300.jpg\" alt=\"\" width=\"225\" height=\"300\" srcset=\"https:\/\/blogsaverroes.juntadeandalucia.es\/ceiplaslomas\/files\/2021\/09\/20210923_083146-1-225x300.jpg 225w, https:\/\/blogsaverroes.juntadeandalucia.es\/ceiplaslomas\/files\/2021\/09\/20210923_083146-1-769x1024.jpg 769w, https:\/\/blogsaverroes.juntadeandalucia.es\/ceiplaslomas\/files\/2021\/09\/20210923_083146-1-768x1023.jpg 768w, https:\/\/blogsaverroes.juntadeandalucia.es\/ceiplaslomas\/files\/2021\/09\/20210923_083146-1-1153x1536.jpg 1153w, https:\/\/blogsaverroes.juntadeandalucia.es\/ceiplaslomas\/files\/2021\/09\/20210923_083146-1-1538x2048.jpg 1538w, https:\/\/blogsaverroes.juntadeandalucia.es\/ceiplaslomas\/files\/2021\/09\/20210923_083146-1-scaled.jpg 1201w\" sizes=\"(max-width: 225px) 100vw, 225px\" \/><\/a><\/p>\n<p style=\"text-align: left\"><span style=\"color: #0000ff\"><strong>&#8211; PROGRAMA LENGUA Y CULTURA \u00c1RABE &#8211; comienza el jueves 16 de octubre<\/strong><\/span><\/p>\n<p style=\"text-align: left\"><strong><span style=\"color: #000000\">Horario<\/span><\/strong><\/p>\n<table style=\"height: 90px;width: 24.579%\">\n<tbody>\n<tr>\n<td style=\"width: 100%;background-color: #c95353;text-align: center\">&nbsp;<strong> JUEVES<\/strong><\/td>\n<\/tr>\n<tr>\n<td style=\"text-align: center;width: 100%\"><strong>16:00 \u2013 <\/strong><strong>18:00<\/strong><\/td>\n<\/tr>\n<\/tbody>\n<\/table>\n<p>Autorizaci\u00f3n para asistir \u21d2 <a href=\"https:\/\/blogsaverroes.juntadeandalucia.es\/ceiplaslomas\/files\/2025\/10\/Autorizacion-PLACM-CEIP-LAS-LOMAS-25.26.pdf\">AUTORIZACI\u00d3N para asistir al PROGRAMA<\/a><\/p>\n\n\t\t<style>\n\t\t\t#gallery-1 {\n\t\t\t\tmargin: auto;\n\t\t\t}\n\t\t\t#gallery-1 .gallery-item {\n\t\t\t\tfloat: left;\n\t\t\t\tmargin-top: 10px;\n\t\t\t\ttext-align: center;\n\t\t\t\twidth: 50%;\n\t\t\t}\n\t\t\t#gallery-1 img {\n\t\t\t\tborder: 2px solid #cfcfcf;\n\t\t\t}\n\t\t\t#gallery-1 .gallery-caption {\n\t\t\t\tmargin-left: 0;\n\t\t\t}\n\t\t\t\/* see gallery_shortcode() in wp-includes\/media.php *\/\n\t\t<\/style>\n\t\t<div id='gallery-1' class='gallery galleryid-871 gallery-columns-2 gallery-size-thumbnail'><dl class='gallery-item'>\n\t\t\t<dt class='gallery-icon landscape'>\n\t\t\t\t<a href='https:\/\/blogsaverroes.juntadeandalucia.es\/ceiplaslomas\/actividades-extraescolares\/aviso-placm-ceip-las-lomas25-26_page-0001\/'><img loading=\"lazy\" decoding=\"async\" width=\"150\" height=\"150\" src=\"https:\/\/blogsaverroes.juntadeandalucia.es\/ceiplaslomas\/files\/2025\/10\/AVISO-PLACM-CEIP-LAS-LOMAS25.26_page-0001-150x150.jpg\" class=\"attachment-thumbnail size-thumbnail\" alt=\"\" srcset=\"https:\/\/blogsaverroes.juntadeandalucia.es\/ceiplaslomas\/files\/2025\/10\/AVISO-PLACM-CEIP-LAS-LOMAS25.26_page-0001-150x150.jpg 150w, https:\/\/blogsaverroes.juntadeandalucia.es\/ceiplaslomas\/files\/2025\/10\/AVISO-PLACM-CEIP-LAS-LOMAS25.26_page-0001-80x80.jpg 80w, https:\/\/blogsaverroes.juntadeandalucia.es\/ceiplaslomas\/files\/2025\/10\/AVISO-PLACM-CEIP-LAS-LOMAS25.26_page-0001-320x320.jpg 320w\" sizes=\"(max-width: 150px) 100vw, 150px\" \/><\/a>\n\t\t\t<\/dt><\/dl><dl class='gallery-item'>\n\t\t\t<dt class='gallery-icon portrait'>\n\t\t\t\t<a href='https:\/\/blogsaverroes.juntadeandalucia.es\/ceiplaslomas\/actividades-extraescolares\/flayer-placm-ceip-las-lomas\/'><img loading=\"lazy\" decoding=\"async\" width=\"150\" height=\"150\" src=\"https:\/\/blogsaverroes.juntadeandalucia.es\/ceiplaslomas\/files\/2025\/10\/FLAYER-PLACM-CEIP-LAS-LOMAS-150x150.jpg\" class=\"attachment-thumbnail size-thumbnail\" alt=\"\" srcset=\"https:\/\/blogsaverroes.juntadeandalucia.es\/ceiplaslomas\/files\/2025\/10\/FLAYER-PLACM-CEIP-LAS-LOMAS-150x150.jpg 150w, https:\/\/blogsaverroes.juntadeandalucia.es\/ceiplaslomas\/files\/2025\/10\/FLAYER-PLACM-CEIP-LAS-LOMAS-80x80.jpg 80w, https:\/\/blogsaverroes.juntadeandalucia.es\/ceiplaslomas\/files\/2025\/10\/FLAYER-PLACM-CEIP-LAS-LOMAS-320x320.jpg 320w\" sizes=\"(max-width: 150px) 100vw, 150px\" \/><\/a>\n\t\t\t<\/dt><\/dl><br style=\"clear: both\" \/>\n\t\t<\/div>\n\n<p>&nbsp;<\/p>\n<p>M\u00e1s informaci\u00f3n: Said 643512720<\/p>\n<p>&nbsp;<\/p>\n<h3 style=\"text-align: justify\">LA <strong>ENTRADA Y LA SALIDA<\/strong> DE TODAS LAS ACTIVIDADES SER\u00c1 POR LA PUERTA DE LA <strong>CALLE \u201cCAMINO DE LAS LOMAS\u201d<\/strong><\/h3>\n<p>&nbsp;<\/p>\n<p>&nbsp;<\/p>\n<p>&nbsp;<\/p>\n","protected":false},"excerpt":{"rendered":"<p>Las actividades extraescolares se solicitan en el mes de junio&nbsp;en la matriculaci\u00f3n del alumnado y la solicitud de&nbsp;bonificaciones al precio p\u00fablico de dicho servicio se realiza, normalmente, a principios del mes de septiembre del&#46;&#46;&#46;<\/p>\n","protected":false},"author":1,"featured_media":0,"parent":0,"menu_order":0,"comment_status":"closed","ping_status":"open","template":"","meta":{"ngg_post_thumbnail":0,"footnotes":"","_mc_calendar":[]},"aioseo_notices":[],"_links":{"self":[{"href":"https:\/\/blogsaverroes.juntadeandalucia.es\/ceiplaslomas\/wp-json\/wp\/v2\/pages\/871"}],"collection":[{"href":"https:\/\/blogsaverroes.juntadeandalucia.es\/ceiplaslomas\/wp-json\/wp\/v2\/pages"}],"about":[{"href":"https:\/\/blogsaverroes.juntadeandalucia.es\/ceiplaslomas\/wp-json\/wp\/v2\/types\/page"}],"author":[{"embeddable":true,"href":"https:\/\/blogsaverroes.juntadeandalucia.es\/ceiplaslomas\/wp-json\/wp\/v2\/users\/1"}],"replies":[{"embeddable":true,"href":"https:\/\/blogsaverroes.juntadeandalucia.es\/ceiplaslomas\/wp-json\/wp\/v2\/comments?post=871"}],"version-history":[{"count":121,"href":"https:\/\/blogsaverroes.juntadeandalucia.es\/ceiplaslomas\/wp-json\/wp\/v2\/pages\/871\/revisions"}],"predecessor-version":[{"id":20581,"href":"https:\/\/blogsaverroes.juntadeandalucia.es\/ceiplaslomas\/wp-json\/wp\/v2\/pages\/871\/revisions\/20581"}],"wp:attachment":[{"href":"https:\/\/blogsaverroes.juntadeandalucia.es\/ceiplaslomas\/wp-json\/wp\/v2\/media?parent=871"}],"curies":[{"name":"wp","href":"https:\/\/api.w.org\/{rel}","templated":true}]}}