{"id":99,"date":"2015-03-16T07:22:54","date_gmt":"2015-03-16T07:22:54","guid":{"rendered":"http:\/\/blogsaverroes.juntadeandalucia.es\/pre\/ceip\/?page_id=99"},"modified":"2026-05-05T12:45:51","modified_gmt":"2026-05-05T12:45:51","slug":"comedor-escolar","status":"publish","type":"page","link":"https:\/\/blogsaverroes.juntadeandalucia.es\/ceiplaslomas\/comedor-escolar\/","title":{"rendered":"Comedor escolar"},"content":{"rendered":"<p><img loading=\"lazy\" decoding=\"async\" class=\"aligncenter\" src=\"https:\/\/ampaenriquealonso.files.wordpress.com\/2017\/12\/dibujo-comedor.jpg?w=300&amp;h=232\" alt=\"Resultado de imagen de comedor escolar\" width=\"200\" height=\"155\"><\/p>\n<p style=\"text-align: justify\">El Centro presta el servicio de comedor escolar para el alumnado del segundo ciclo de educaci\u00f3n infantil, de educaci\u00f3n primaria, y de educaci\u00f3n especial durante un tiempo m\u00e1ximo de dos horas a partir de la finalizaci\u00f3n de la jornada lectiva de ma\u00f1ana, de 14.00 a 16:00 horas <strong>(la recogida del alumnado es por la Plaza del Educador, 7 <span style=\"color: #0000ff\">a partir de las 15:00 horas<span style=\"color: #000000\">). <\/span><\/span><\/strong><\/p>\n<p style=\"text-align: justify\">El horario de este servicio proporciona a los padres y a las madres un apoyo que les permite compatibilizar sus obligaciones familiares y profesionales, por tanto, el comedor escolar constituye un servicio complementario de gran utilidad para conciliar la vida laboral y familiar. Es, adem\u00e1s, una pieza importante en todas las medidas dirigidas a mejorar los h\u00e1bitos alimenticios de los ni\u00f1os y ni\u00f1as y prevenir problemas de salud como la obesidad.<\/p>\n<p style=\"text-align: justify\">En la organizaci\u00f3n del servicio de comedor escolar, el Centro considera la atenci\u00f3n al alumnado usuario, tanto en el tiempo destinado a la comida, como en los per\u00edodos inmediatamente anteriores y posteriores a la misma, todo ello en el marco de la concepci\u00f3n educativa integral que tiene este servicio. La gesti\u00f3n diaria del servicio se realiza teniendo en cuenta el aforo y el n\u00famero de comensales que hacen uso de dicho servicio.<\/p>\n<p style=\"text-align: justify\">La atenci\u00f3n al alumnado en el comedor escolar se llevar\u00e1 a cabo por personal cualificado cuyas funciones son las siguientes:<\/p>\n<p style=\"text-align: justify\">a) Atender y custodiar al alumnado durante las comidas y en el tiempo anterior y posterior a las mismas, as\u00ed como, en su caso, durante el traslado del alumnado al centro con comedor.<br \/>\nb) Resolver las incidencias que pudieran presentarse durante ese per\u00edodo.<br \/>\nc) Prestar especial atenci\u00f3n a la labor educativa del comedor: adquisici\u00f3n de h\u00e1bitos sociales e higi\u00e9nico-sanitarios y correcta utilizaci\u00f3n del menaje del comedor.<br \/>\nd) Cualquier otra funci\u00f3n que le pueda ser encomendada por la persona que ejerce la direcci\u00f3n del centro, para el adecuado funcionamiento del comedor escolar.<\/p>\n<p style=\"text-align: justify\">El servicio de comedor escolar <strong><span style=\"color: #0000ff\">se solicita en el mes de junio<\/span> <span style=\"color: #0000ff\">en la matriculaci\u00f3n del alumnado<\/span> y la <span style=\"color: #0000ff\">solicitud de bonificaciones<\/span><\/strong> al precio p\u00fablico de dicho servicio <strong><span style=\"color: #0000ff\">se realiza a principios del mes de septiembre<\/span><\/strong> (normalmente del 1 al 7) para posibilitar que los ingresos de referencia para el c\u00e1lculo de la bonificaci\u00f3n sea el del a\u00f1o inmediatamente anterior, y adecuarse en lo posible a la capacidad econ\u00f3mica real de las familias. El alumnado suplente, en caso de resultar admitido, tendr\u00e1 un plazo de tres d\u00edas h\u00e1biles contados a partir del d\u00eda siguiente al de la notificaci\u00f3n de admisi\u00f3n para solicitar, en su caso, la bonificaci\u00f3n que pudiera corresponderle. En el caso de solicitudes de admisi\u00f3n en los servicios complementarios presentadas a lo largo del curso, la bonificaci\u00f3n deber\u00e1 solicitarse conjuntamente con aquella.&nbsp;<\/p>\n<p style=\"text-align: justify\">El precio por d\u00eda sin bonificaci\u00f3n es de 5,54 euros. Este servicio puede ser bonificado desde el 10 al 100% en funci\u00f3n de la situaci\u00f3n econ\u00f3mica familiar.&nbsp;<\/p>\n<p><strong>La recogida del alumnado es por la Plaza del Educador, 7 <span style=\"color: #0000ff\">a partir de las 15:00 horas.<\/span><\/strong><\/p>\n<p>\u21d2 <a href=\"https:\/\/blogsaverroes.juntadeandalucia.es\/ceiplaslomas\/files\/2024\/11\/autorizacion-comedor.pdf\">AUTORIZACI\u00d3N SALIDA DEL ALUMNADO DE COMEDOR<\/a><\/p>\n<p>\u21d2 <a href=\"https:\/\/blogsaverroes.juntadeandalucia.es\/ceiplaslomas\/files\/2026\/01\/COMEDOR_LAS_LOMAS.pdf\">Formulario de incidencia<\/a><\/p>\n<p><a href=\"https:\/\/blogsaverroes.juntadeandalucia.es\/ceiplaslomas\/files\/2021\/05\/menu-comedor-1.jpg\"><img loading=\"lazy\" decoding=\"async\" class=\"wp-image-10586 aligncenter\" src=\"https:\/\/blogsaverroes.juntadeandalucia.es\/ceiplaslomas\/files\/2021\/05\/menu-comedor-1-1024x481.jpg\" alt=\"\" width=\"480\" height=\"226\" srcset=\"https:\/\/blogsaverroes.juntadeandalucia.es\/ceiplaslomas\/files\/2021\/05\/menu-comedor-1-1024x481.jpg 1024w, https:\/\/blogsaverroes.juntadeandalucia.es\/ceiplaslomas\/files\/2021\/05\/menu-comedor-1-300x141.jpg 300w, https:\/\/blogsaverroes.juntadeandalucia.es\/ceiplaslomas\/files\/2021\/05\/menu-comedor-1-768x361.jpg 768w, https:\/\/blogsaverroes.juntadeandalucia.es\/ceiplaslomas\/files\/2021\/05\/menu-comedor-1-1536x722.jpg 1536w, https:\/\/blogsaverroes.juntadeandalucia.es\/ceiplaslomas\/files\/2021\/05\/menu-comedor-1-2048x963.jpg 2048w, https:\/\/blogsaverroes.juntadeandalucia.es\/ceiplaslomas\/files\/2021\/05\/menu-comedor-1-520x245.jpg 520w, https:\/\/blogsaverroes.juntadeandalucia.es\/ceiplaslomas\/files\/2021\/05\/menu-comedor-1-720x340.jpg 720w, https:\/\/blogsaverroes.juntadeandalucia.es\/ceiplaslomas\/files\/2021\/05\/menu-comedor-1.jpg 1600w\" sizes=\"(max-width: 480px) 100vw, 480px\" \/><\/a><\/p>\n<p><strong><span style=\"color: #0000ff\">Men\u00fa curso 2025\/2026<\/span><\/strong><\/p>\n<p><strong>SEPTIEMBRE&nbsp;&#8211; OCTUBRE <\/strong><strong>&#8211; NOVIEMBRE &nbsp;&#8211; DICIEMBRE &#8211; ENERO &#8211; FEBRERO &#8211; MARZO &#8211; ABRIL &#8211; <a href=\"https:\/\/blogsaverroes.juntadeandalucia.es\/ceiplaslomas\/files\/2026\/05\/MAYO-25-26.pdf\">MAYO<\/a>&nbsp;&#8211; JUNIO<\/strong><\/p>\n<p>&nbsp;<\/p>\n<p>&nbsp;<\/p>\n<p>&nbsp;<\/p>\n<p>&nbsp;<\/p>\n","protected":false},"excerpt":{"rendered":"<p>El Centro presta el servicio de comedor escolar para el alumnado del segundo ciclo de educaci\u00f3n infantil, de educaci\u00f3n primaria, y de educaci\u00f3n especial durante un tiempo m\u00e1ximo de dos horas a partir de&#46;&#46;&#46;<\/p>\n","protected":false},"author":1,"featured_media":0,"parent":0,"menu_order":0,"comment_status":"closed","ping_status":"open","template":"","meta":{"ngg_post_thumbnail":0,"footnotes":"","_mc_calendar":[]},"aioseo_notices":[],"_links":{"self":[{"href":"https:\/\/blogsaverroes.juntadeandalucia.es\/ceiplaslomas\/wp-json\/wp\/v2\/pages\/99"}],"collection":[{"href":"https:\/\/blogsaverroes.juntadeandalucia.es\/ceiplaslomas\/wp-json\/wp\/v2\/pages"}],"about":[{"href":"https:\/\/blogsaverroes.juntadeandalucia.es\/ceiplaslomas\/wp-json\/wp\/v2\/types\/page"}],"author":[{"embeddable":true,"href":"https:\/\/blogsaverroes.juntadeandalucia.es\/ceiplaslomas\/wp-json\/wp\/v2\/users\/1"}],"replies":[{"embeddable":true,"href":"https:\/\/blogsaverroes.juntadeandalucia.es\/ceiplaslomas\/wp-json\/wp\/v2\/comments?post=99"}],"version-history":[{"count":145,"href":"https:\/\/blogsaverroes.juntadeandalucia.es\/ceiplaslomas\/wp-json\/wp\/v2\/pages\/99\/revisions"}],"predecessor-version":[{"id":21686,"href":"https:\/\/blogsaverroes.juntadeandalucia.es\/ceiplaslomas\/wp-json\/wp\/v2\/pages\/99\/revisions\/21686"}],"wp:attachment":[{"href":"https:\/\/blogsaverroes.juntadeandalucia.es\/ceiplaslomas\/wp-json\/wp\/v2\/media?parent=99"}],"curies":[{"name":"wp","href":"https:\/\/api.w.org\/{rel}","templated":true}]}}