{"id":330,"date":"2015-03-18T07:11:43","date_gmt":"2015-03-18T07:11:43","guid":{"rendered":"http:\/\/blogsaverroes.juntadeandalucia.es\/pre\/ceip\/?page_id=330"},"modified":"2022-01-24T20:07:36","modified_gmt":"2022-01-24T20:07:36","slug":"bibliop","status":"publish","type":"page","link":"https:\/\/blogsaverroes.juntadeandalucia.es\/ceiplasmellizas\/biblioteca\/bibliop\/","title":{"rendered":"Cat\u00e1logo"},"content":{"rendered":"<p style=\"text-align: justify\">Esta subsecci\u00f3n de la Biblioteca podr\u00eda contener <strong>informaci\u00f3n m\u00e1s detallada sobre los recursos ofertados por la biblioteca<\/strong>. En el enlace de abajo podr\u00e1s acceder a los recursos que tenemos en nuestra biblioteca a trav\u00e9s de Biblioweb, el nuevo servicio online.<\/p>\n<p><a href=\"https:\/\/www.juntadeandalucia.es\/educacion\/senecav2\/seneca\/biblioweb\/portal\/29010900\">https:\/\/www.juntadeandalucia.es\/educacion\/senecav2\/seneca\/biblioweb\/portal\/29010900<\/a><\/p>\n<h4><span style=\"color: #ff0000\">Por completar.<\/span><\/h4>\n<h3>Im\u00e1genes Relacionadas:<\/h3>","protected":false},"excerpt":{"rendered":"<p>Esta subsecci\u00f3n de la Biblioteca podr\u00eda contener informaci\u00f3n m\u00e1s detallada sobre los recursos ofertados por la biblioteca. En el enlace de abajo podr\u00e1s acceder a los recursos que tenemos en nuestra biblioteca a trav\u00e9s de Biblioweb, el nuevo servicio online. https:\/\/www.juntadeandalucia.es\/educacion\/senecav2\/seneca\/biblioweb\/portal\/29010900 Por completar. Im\u00e1genes Relacionadas:<\/p>\n","protected":false},"author":1,"featured_media":0,"parent":113,"menu_order":0,"comment_status":"closed","ping_status":"open","template":"","meta":{"ngg_post_thumbnail":0,"footnotes":"","_mc_calendar":[]},"aioseo_notices":[],"_links":{"self":[{"href":"https:\/\/blogsaverroes.juntadeandalucia.es\/ceiplasmellizas\/wp-json\/wp\/v2\/pages\/330"}],"collection":[{"href":"https:\/\/blogsaverroes.juntadeandalucia.es\/ceiplasmellizas\/wp-json\/wp\/v2\/pages"}],"about":[{"href":"https:\/\/blogsaverroes.juntadeandalucia.es\/ceiplasmellizas\/wp-json\/wp\/v2\/types\/page"}],"author":[{"embeddable":true,"href":"https:\/\/blogsaverroes.juntadeandalucia.es\/ceiplasmellizas\/wp-json\/wp\/v2\/users\/1"}],"replies":[{"embeddable":true,"href":"https:\/\/blogsaverroes.juntadeandalucia.es\/ceiplasmellizas\/wp-json\/wp\/v2\/comments?post=330"}],"version-history":[{"count":10,"href":"https:\/\/blogsaverroes.juntadeandalucia.es\/ceiplasmellizas\/wp-json\/wp\/v2\/pages\/330\/revisions"}],"predecessor-version":[{"id":4597,"href":"https:\/\/blogsaverroes.juntadeandalucia.es\/ceiplasmellizas\/wp-json\/wp\/v2\/pages\/330\/revisions\/4597"}],"up":[{"embeddable":true,"href":"https:\/\/blogsaverroes.juntadeandalucia.es\/ceiplasmellizas\/wp-json\/wp\/v2\/pages\/113"}],"wp:attachment":[{"href":"https:\/\/blogsaverroes.juntadeandalucia.es\/ceiplasmellizas\/wp-json\/wp\/v2\/media?parent=330"}],"curies":[{"name":"wp","href":"https:\/\/api.w.org\/{rel}","templated":true}]}}