{"id":3496,"date":"2020-11-04T16:07:38","date_gmt":"2020-11-04T16:07:38","guid":{"rendered":"https:\/\/blogsaverroes.juntadeandalucia.es\/ceiplasmellizas\/?page_id=3496"},"modified":"2025-11-20T17:28:54","modified_gmt":"2025-11-20T17:28:54","slug":"reglamento-de-organizacion-y-funcionamiento-rof","status":"publish","type":"page","link":"https:\/\/blogsaverroes.juntadeandalucia.es\/ceiplasmellizas\/secretaria\/reglamento-de-organizacion-y-funcionamiento-rof\/","title":{"rendered":"Reglamento de Organizaci\u00f3n y Funcionamiento (ROF)"},"content":{"rendered":"<p style=\"text-align: justify\"><strong>Art\u00edculo 24. El reglamento de organizaci\u00f3n y funcionamiento. (Decreto 328\/2010, de 13 de julio BOJA n\u00ba 139 16\/07\/2010)<\/strong><\/p>\n<p style=\"text-align: justify\">1. El reglamento de organizaci\u00f3n y funcionamiento recoger\u00e1 las normas organizativas y funcionales que faciliten la consecuci\u00f3n del clima adecuado para alcanzar los objetivos que el centro se haya propuesto y permitan mantener un ambiente de respeto, confianza y colaboraci\u00f3n entre todos los sectores de la comunidad educativa.<\/p>\n<p style=\"text-align: justify\"><strong>A continuaci\u00f3n se recoge el Reglamento de organizaci\u00f3n y funcionamiento del CEIP Las Mellizas.<\/strong><\/p>\n<p><iframe loading=\"lazy\" src=\"https:\/\/drive.google.com\/file\/d\/1n30VGt9bmjlvijjCazMRbsSs1MQqdpzM\/preview\" width=\"640\" height=\"480\"><\/iframe><\/p>\n<h3>Im\u00e1genes Relacionadas:<\/h3>","protected":false},"excerpt":{"rendered":"<p>Art\u00edculo 24. El reglamento de organizaci\u00f3n y funcionamiento. (Decreto 328\/2010, de 13 de julio BOJA n\u00ba 139 16\/07\/2010) 1. El reglamento de organizaci\u00f3n y funcionamiento recoger\u00e1 las normas organizativas y funcionales que faciliten la consecuci\u00f3n del clima adecuado para alcanzar los objetivos que el centro se haya propuesto y permitan mantener un ambiente de respeto, &hellip; <\/p>\n<p class=\"link-more\"><a href=\"https:\/\/blogsaverroes.juntadeandalucia.es\/ceiplasmellizas\/secretaria\/reglamento-de-organizacion-y-funcionamiento-rof\/\" class=\"more-link\">Continuar leyendo<span class=\"screen-reader-text\"> \u00abReglamento de Organizaci\u00f3n y Funcionamiento (ROF)\u00bb<\/span><\/a><\/p>\n","protected":false},"author":2036,"featured_media":0,"parent":77,"menu_order":0,"comment_status":"closed","ping_status":"closed","template":"","meta":{"ngg_post_thumbnail":0,"footnotes":"","_mc_calendar":[]},"aioseo_notices":[],"_links":{"self":[{"href":"https:\/\/blogsaverroes.juntadeandalucia.es\/ceiplasmellizas\/wp-json\/wp\/v2\/pages\/3496"}],"collection":[{"href":"https:\/\/blogsaverroes.juntadeandalucia.es\/ceiplasmellizas\/wp-json\/wp\/v2\/pages"}],"about":[{"href":"https:\/\/blogsaverroes.juntadeandalucia.es\/ceiplasmellizas\/wp-json\/wp\/v2\/types\/page"}],"author":[{"embeddable":true,"href":"https:\/\/blogsaverroes.juntadeandalucia.es\/ceiplasmellizas\/wp-json\/wp\/v2\/users\/2036"}],"replies":[{"embeddable":true,"href":"https:\/\/blogsaverroes.juntadeandalucia.es\/ceiplasmellizas\/wp-json\/wp\/v2\/comments?post=3496"}],"version-history":[{"count":9,"href":"https:\/\/blogsaverroes.juntadeandalucia.es\/ceiplasmellizas\/wp-json\/wp\/v2\/pages\/3496\/revisions"}],"predecessor-version":[{"id":6213,"href":"https:\/\/blogsaverroes.juntadeandalucia.es\/ceiplasmellizas\/wp-json\/wp\/v2\/pages\/3496\/revisions\/6213"}],"up":[{"embeddable":true,"href":"https:\/\/blogsaverroes.juntadeandalucia.es\/ceiplasmellizas\/wp-json\/wp\/v2\/pages\/77"}],"wp:attachment":[{"href":"https:\/\/blogsaverroes.juntadeandalucia.es\/ceiplasmellizas\/wp-json\/wp\/v2\/media?parent=3496"}],"curies":[{"name":"wp","href":"https:\/\/api.w.org\/{rel}","templated":true}]}}