{"id":35,"date":"2015-03-13T08:21:43","date_gmt":"2015-03-13T08:21:43","guid":{"rendered":"http:\/\/blogsaverroes.juntadeandalucia.es\/pre\/ceip\/?page_id=35"},"modified":"2022-01-26T16:13:20","modified_gmt":"2022-01-26T16:13:20","slug":"el-centro-2","status":"publish","type":"page","link":"https:\/\/blogsaverroes.juntadeandalucia.es\/ceiplasmellizas\/conocenos\/el-centro-2\/","title":{"rendered":"\u00a1Con\u00f3cenos!"},"content":{"rendered":"<h4><a href=\"https:\/\/blogsaverroes.juntadeandalucia.es\/ceiplasmellizas\/files\/2015\/03\/SITUACI\u00d3N-PLANO-1.jpg\"><img loading=\"lazy\" decoding=\"async\" class=\"size-medium wp-image-2137 aligncenter\" src=\"https:\/\/blogsaverroes.juntadeandalucia.es\/ceiplasmellizas\/files\/2015\/03\/SITUACI\u00d3N-PLANO-1-300x284.jpg\" alt=\"\" width=\"300\" height=\"284\" srcset=\"https:\/\/blogsaverroes.juntadeandalucia.es\/ceiplasmellizas\/files\/2015\/03\/SITUACI\u00d3N-PLANO-1-300x284.jpg 300w, https:\/\/blogsaverroes.juntadeandalucia.es\/ceiplasmellizas\/files\/2015\/03\/SITUACI\u00d3N-PLANO-1-24x24.jpg 24w, https:\/\/blogsaverroes.juntadeandalucia.es\/ceiplasmellizas\/files\/2015\/03\/SITUACI\u00d3N-PLANO-1-36x34.jpg 36w, https:\/\/blogsaverroes.juntadeandalucia.es\/ceiplasmellizas\/files\/2015\/03\/SITUACI\u00d3N-PLANO-1-48x45.jpg 48w, https:\/\/blogsaverroes.juntadeandalucia.es\/ceiplasmellizas\/files\/2015\/03\/SITUACI\u00d3N-PLANO-1.jpg 788w\" sizes=\"(max-width: 300px) 100vw, 300px\" \/><\/a><\/h4>\n<h4 style=\"text-align: justify\">Datos de contacto:&nbsp;Colegio de Educaci\u00f3n Infantil y Primaria \u00abLas Mellizas\u00bb.<\/h4>\n<p style=\"text-align: justify\"><strong>Direcci\u00f3n:<\/strong>&nbsp;Calle Camino del R\u00edo s\/n. Bda. Bermejo (Las Mellizas-Los Llanos), \u00c1lora 29593 M\u00e1laga<\/p>\n<p style=\"text-align: justify\"><strong>Tel\u00e9fono \/ FAX:&nbsp; 951 26 85 41 \/ 951 26 85 42.<\/strong><br \/>\n<strong>Email:<\/strong> 29010900.edu@juntadeandalucia.es \/\/&nbsp;direccion@ceiplasmellizas.com<\/p>\n<h4 style=\"text-align: justify\"><strong>Horarios:<\/strong><\/h4>\n<p style=\"text-align: justify\">Horario Lectivo: 9:10 &#8211; 10:10 horas.<\/p>\n<p style=\"text-align: justify\"><strong>Acompa\u00f1amiento Escolar:<\/strong><\/p>\n<p style=\"text-align: justify\">Martes: 15:30 &#8211; 17:30, Mi\u00e9rcoles 16:00 &#8211; 17:00, Jueves 15:30 &#8211; 17:30.<\/p>\n<p style=\"text-align: justify\"><strong>Escuelas Deportivas:<\/strong> Martes: 15:30 &#8211; 17:30, Jueves: 15:30 &#8211; 17:30.<\/p>\n<h4 style=\"text-align: justify\"><strong>Oferta educativa:&nbsp;Educaci\u00f3n Infantil y&nbsp;Educaci\u00f3n Primaria.<\/strong><\/h4>\n<h4 style=\"text-align: justify\">Instalaciones del Centro en im\u00e1genes:<\/h4>\n<p>&nbsp;<\/p>\n<h3>Im\u00e1genes Relacionadas:<\/h3>","protected":false},"excerpt":{"rendered":"<p>Datos de contacto:&nbsp;Colegio de Educaci\u00f3n Infantil y Primaria \u00abLas Mellizas\u00bb. Direcci\u00f3n:&nbsp;Calle Camino del R\u00edo s\/n. Bda. Bermejo (Las Mellizas-Los Llanos), \u00c1lora 29593 M\u00e1laga Tel\u00e9fono \/ FAX:&nbsp; 951 26 85 41 \/ 951 26 85 42. Email: 29010900.edu@juntadeandalucia.es \/\/&nbsp;direccion@ceiplasmellizas.com Horarios: Horario Lectivo: 9:10 &#8211; 10:10 horas. Acompa\u00f1amiento Escolar: Martes: 15:30 &#8211; 17:30, Mi\u00e9rcoles 16:00 &#8211; 17:00, &hellip; <\/p>\n<p class=\"link-more\"><a href=\"https:\/\/blogsaverroes.juntadeandalucia.es\/ceiplasmellizas\/conocenos\/el-centro-2\/\" class=\"more-link\">Continuar leyendo<span class=\"screen-reader-text\"> \u00ab\u00a1Con\u00f3cenos!\u00bb<\/span><\/a><\/p>\n","protected":false},"author":1,"featured_media":0,"parent":4654,"menu_order":0,"comment_status":"closed","ping_status":"closed","template":"","meta":{"ngg_post_thumbnail":0,"footnotes":"","_mc_calendar":[]},"aioseo_notices":[],"_links":{"self":[{"href":"https:\/\/blogsaverroes.juntadeandalucia.es\/ceiplasmellizas\/wp-json\/wp\/v2\/pages\/35"}],"collection":[{"href":"https:\/\/blogsaverroes.juntadeandalucia.es\/ceiplasmellizas\/wp-json\/wp\/v2\/pages"}],"about":[{"href":"https:\/\/blogsaverroes.juntadeandalucia.es\/ceiplasmellizas\/wp-json\/wp\/v2\/types\/page"}],"author":[{"embeddable":true,"href":"https:\/\/blogsaverroes.juntadeandalucia.es\/ceiplasmellizas\/wp-json\/wp\/v2\/users\/1"}],"replies":[{"embeddable":true,"href":"https:\/\/blogsaverroes.juntadeandalucia.es\/ceiplasmellizas\/wp-json\/wp\/v2\/comments?post=35"}],"version-history":[{"count":27,"href":"https:\/\/blogsaverroes.juntadeandalucia.es\/ceiplasmellizas\/wp-json\/wp\/v2\/pages\/35\/revisions"}],"predecessor-version":[{"id":4678,"href":"https:\/\/blogsaverroes.juntadeandalucia.es\/ceiplasmellizas\/wp-json\/wp\/v2\/pages\/35\/revisions\/4678"}],"up":[{"embeddable":true,"href":"https:\/\/blogsaverroes.juntadeandalucia.es\/ceiplasmellizas\/wp-json\/wp\/v2\/pages\/4654"}],"wp:attachment":[{"href":"https:\/\/blogsaverroes.juntadeandalucia.es\/ceiplasmellizas\/wp-json\/wp\/v2\/media?parent=35"}],"curies":[{"name":"wp","href":"https:\/\/api.w.org\/{rel}","templated":true}]}}