{"id":44,"date":"2015-03-13T08:42:15","date_gmt":"2015-03-13T08:42:15","guid":{"rendered":"http:\/\/blogsaverroes.juntadeandalucia.es\/pre\/ceip\/?page_id=44"},"modified":"2022-05-20T08:41:09","modified_gmt":"2022-05-20T08:41:09","slug":"planes-y-proyectos","status":"publish","type":"page","link":"https:\/\/blogsaverroes.juntadeandalucia.es\/ceiplasmellizas\/secretaria\/planes-y-proyectos\/","title":{"rendered":"Planes y Programas"},"content":{"rendered":"<p style=\"text-align: justify\">Cada centro personaliza y adapta su Proyecto Educativo adheri\u00e9ndose a diferentes <strong>Planes y Programas<\/strong> promovidos desde la Consejer\u00eda de Educaci\u00f3n.<\/p>\n<p style=\"text-align: justify\">Este apartado recoger\u00eda la descripci\u00f3n, finalidades, actividades, coordinador\/a, etc. de estos Planes y Programas desarrollados por el centro. A continuaci\u00f3n se muestran algunos de ellos.<\/p>\n<ul>\n<li style=\"text-align: justify\"><strong>Plan de igualdad de g\u00e9nero en educaci\u00f3n.<\/strong><\/li>\n<li style=\"text-align: justify\"><strong>Creciendo en salud (Consumo frutas y verduras, Huerto escolar, etc).<\/strong><\/li>\n<li style=\"text-align: justify\"><strong>Escuelas TIC 2.0.<\/strong><\/li>\n<li style=\"text-align: justify\"><strong>Plan de Salud Laboral y P.R.L.<\/strong><\/li>\n<li style=\"text-align: justify\"><strong>Escuelas Deportivas.<\/strong><\/li>\n<li style=\"text-align: justify\"><strong>Planes de compensaci\u00f3n educativa.<\/strong><\/li>\n<li style=\"text-align: justify\"><strong>Red Andaluza Escuela: \u00abEspacio de paz\u00bb.<\/strong><\/li>\n<li style=\"text-align: justify\"><strong>Programa de Acompa\u00f1amiento Escolar.<\/strong><\/li>\n<li style=\"text-align: justify\"><strong>Proeducar (actual\u00edzate e ilusi\u00f3nate).<\/strong><\/li>\n<li style=\"text-align: justify\"><strong>Biblioteca Escolar.<\/strong><\/li>\n<li><strong>PROA + Transf\u00f3rmate.<\/strong><\/li>\n<\/ul>\n<h4><span style=\"color: #ff0000\">Por completar.<\/span><\/h4>\n<h3>Im\u00e1genes Relacionadas:<\/h3>","protected":false},"excerpt":{"rendered":"<p>Cada centro personaliza y adapta su Proyecto Educativo adheri\u00e9ndose a diferentes Planes y Programas promovidos desde la Consejer\u00eda de Educaci\u00f3n. Este apartado recoger\u00eda la descripci\u00f3n, finalidades, actividades, coordinador\/a, etc. de estos Planes y Programas desarrollados por el centro. A continuaci\u00f3n se muestran algunos de ellos. Plan de igualdad de g\u00e9nero en educaci\u00f3n. Creciendo en salud &hellip; <\/p>\n<p class=\"link-more\"><a href=\"https:\/\/blogsaverroes.juntadeandalucia.es\/ceiplasmellizas\/secretaria\/planes-y-proyectos\/\" class=\"more-link\">Continuar leyendo<span class=\"screen-reader-text\"> \u00abPlanes y Programas\u00bb<\/span><\/a><\/p>\n","protected":false},"author":1,"featured_media":0,"parent":77,"menu_order":0,"comment_status":"closed","ping_status":"closed","template":"","meta":{"ngg_post_thumbnail":0,"footnotes":"","_mc_calendar":[]},"aioseo_notices":[],"_links":{"self":[{"href":"https:\/\/blogsaverroes.juntadeandalucia.es\/ceiplasmellizas\/wp-json\/wp\/v2\/pages\/44"}],"collection":[{"href":"https:\/\/blogsaverroes.juntadeandalucia.es\/ceiplasmellizas\/wp-json\/wp\/v2\/pages"}],"about":[{"href":"https:\/\/blogsaverroes.juntadeandalucia.es\/ceiplasmellizas\/wp-json\/wp\/v2\/types\/page"}],"author":[{"embeddable":true,"href":"https:\/\/blogsaverroes.juntadeandalucia.es\/ceiplasmellizas\/wp-json\/wp\/v2\/users\/1"}],"replies":[{"embeddable":true,"href":"https:\/\/blogsaverroes.juntadeandalucia.es\/ceiplasmellizas\/wp-json\/wp\/v2\/comments?post=44"}],"version-history":[{"count":11,"href":"https:\/\/blogsaverroes.juntadeandalucia.es\/ceiplasmellizas\/wp-json\/wp\/v2\/pages\/44\/revisions"}],"predecessor-version":[{"id":5185,"href":"https:\/\/blogsaverroes.juntadeandalucia.es\/ceiplasmellizas\/wp-json\/wp\/v2\/pages\/44\/revisions\/5185"}],"up":[{"embeddable":true,"href":"https:\/\/blogsaverroes.juntadeandalucia.es\/ceiplasmellizas\/wp-json\/wp\/v2\/pages\/77"}],"wp:attachment":[{"href":"https:\/\/blogsaverroes.juntadeandalucia.es\/ceiplasmellizas\/wp-json\/wp\/v2\/media?parent=44"}],"curies":[{"name":"wp","href":"https:\/\/api.w.org\/{rel}","templated":true}]}}