{"id":1113,"date":"2015-03-12T11:00:55","date_gmt":"2015-03-12T11:00:55","guid":{"rendered":"http:\/\/blogsaverroes.juntadeandalucia.es\/pre\/ceip\/?page_id=2"},"modified":"2023-08-28T22:24:06","modified_gmt":"2023-08-28T22:24:06","slug":"inicio","status":"publish","type":"page","link":"https:\/\/blogsaverroes.juntadeandalucia.es\/ceiplasnieves\/","title":{"rendered":"Inicio"},"content":{"rendered":"<p>ngg_shortcode_0_placeholderBienvenidos a la P\u00e1gina Web del CEIP Las Nieves.<\/p>\n<p>Ubicado en la Barriada de las Nieves, y con una tradici\u00f3n educativa de m\u00e1s de 30 a\u00f1os.<\/p>\n<p>&nbsp; &nbsp; &nbsp; Deseamos que esta web sea una v\u00eda m\u00e1s de comunicaci\u00f3n con toda la comunidad educativa, una ventana abierta a la vida del centro. Os invitamos a que la consult\u00e9is peri\u00f3dicamente y compart\u00e1is con nosotros vuestras sugerencias.<\/p>\n<p>&nbsp; &nbsp; &nbsp; A trav\u00e9s de las distintas secciones podr\u00e9is acceder a toda la informaci\u00f3n actualizada sobre nuestro centro. Pretende ofrecer informaci\u00f3n de inter\u00e9s a las familias (admisi\u00f3n y matr\u00edcula, inscripci\u00f3n en los diferentes servicios, actos diversos, sugerencias) de manera que pueda completar la que desde el propio centro ofrecemos, a trav\u00e9s de Secretar\u00eda y de los tablones de anuncios.<\/p>\n<p>&nbsp; &nbsp; &nbsp; Podr\u00e9is encontrar los documentos que os permitan agilizar los tr\u00e1mites con el colegio y realizar con mayor facilidad las gestiones administrativas.<\/p>\n<p>&nbsp; &nbsp; &nbsp; Nos caracteriza el trato cercano, la preocupaci\u00f3n constante por nuestros alumnos, la buena relaci\u00f3n con las familias. Queremos una Comunidad Educativa formada por personas dispuestas al desarrollo personal, capaces de compromisos personales y sociales.<\/p>\n<p>&nbsp; &nbsp; &nbsp; Nos enmarcamos en una dimensi\u00f3n pedag\u00f3gica innovadora, inmersa en la era digital, en las metodolog\u00edas activas y en el desarrollo emocional en aras de la vanguardia educativa.<\/p>\n<p style=\"text-align: right\">Atentamente, el Equipo Directivo del CEIP Las Nieves.<\/p>\n<p>&nbsp;<\/p>\n","protected":false},"excerpt":{"rendered":"<p>Bienvenidos a la P\u00e1gina Web del CEIP Las Nieves. Ubicado en la Barriada de las Nieves, y con una tradici\u00f3n educativa de m\u00e1s de 30&hellip;<\/p>\n","protected":false},"author":1,"featured_media":0,"parent":0,"menu_order":0,"comment_status":"closed","ping_status":"closed","template":"page-c.php","meta":{"ngg_post_thumbnail":0,"footnotes":"","_mc_calendar":[]},"aioseo_notices":[],"_links":{"self":[{"href":"https:\/\/blogsaverroes.juntadeandalucia.es\/ceiplasnieves\/wp-json\/wp\/v2\/pages\/1113"}],"collection":[{"href":"https:\/\/blogsaverroes.juntadeandalucia.es\/ceiplasnieves\/wp-json\/wp\/v2\/pages"}],"about":[{"href":"https:\/\/blogsaverroes.juntadeandalucia.es\/ceiplasnieves\/wp-json\/wp\/v2\/types\/page"}],"author":[{"embeddable":true,"href":"https:\/\/blogsaverroes.juntadeandalucia.es\/ceiplasnieves\/wp-json\/wp\/v2\/users\/1"}],"replies":[{"embeddable":true,"href":"https:\/\/blogsaverroes.juntadeandalucia.es\/ceiplasnieves\/wp-json\/wp\/v2\/comments?post=1113"}],"version-history":[{"count":12,"href":"https:\/\/blogsaverroes.juntadeandalucia.es\/ceiplasnieves\/wp-json\/wp\/v2\/pages\/1113\/revisions"}],"predecessor-version":[{"id":2431,"href":"https:\/\/blogsaverroes.juntadeandalucia.es\/ceiplasnieves\/wp-json\/wp\/v2\/pages\/1113\/revisions\/2431"}],"wp:attachment":[{"href":"https:\/\/blogsaverroes.juntadeandalucia.es\/ceiplasnieves\/wp-json\/wp\/v2\/media?parent=1113"}],"curies":[{"name":"wp","href":"https:\/\/api.w.org\/{rel}","templated":true}]}}