{"id":2345,"date":"2023-08-26T15:04:31","date_gmt":"2023-08-26T15:04:31","guid":{"rendered":"https:\/\/blogsaverroes.juntadeandalucia.es\/ceiplasnieves\/?page_id=2345"},"modified":"2025-03-13T10:19:00","modified_gmt":"2025-03-13T10:19:00","slug":"bilinguismo","status":"publish","type":"page","link":"https:\/\/blogsaverroes.juntadeandalucia.es\/ceiplasnieves\/bilinguismo\/","title":{"rendered":"Biling\u00fcismo"},"content":{"rendered":"<p>&nbsp;<\/p>\n<p>En esta secci\u00f3n podemos encontrar informaci\u00f3n respecto a nuestra Auxiliar de Conversaci\u00f3n para el curso 2024-2025.<\/p>\n<p>Queremos dar la bienvenida a Molly, a continuaci\u00f3n ella nos realizar\u00e1 su presentaci\u00f3n.:-)<\/p>\n<p>&nbsp;<\/p>\n<p style=\"text-align: center\"><strong>\u00bfQui\u00e9n soy y por qu\u00e9 eleg\u00ed el CEIP Las Nieves?<\/strong><\/p>\n<p><a href=\"https:\/\/drive.google.com\/file\/d\/1BZO7aI6zfi56d8N5n1edJyEfTEsClJro\/view?usp=sharing\">Ficha Personal.<\/a><\/p>\n<p>&nbsp;<\/p>\n<p><strong>Presentaci\u00f3n en ingl\u00e9s.<\/strong><\/p>\n<p><iframe loading=\"lazy\" title=\"Molly Davies - Auxiliar de conversacio\u0301n - English\" width=\"843\" height=\"632\" src=\"https:\/\/www.youtube.com\/embed\/65Eb7k9EVGc?feature=oembed\" frameborder=\"0\" allow=\"accelerometer; autoplay; clipboard-write; encrypted-media; gyroscope; picture-in-picture; web-share\" referrerpolicy=\"strict-origin-when-cross-origin\" allowfullscreen><\/iframe><\/p>\n","protected":false},"excerpt":{"rendered":"<p>&nbsp; En esta secci\u00f3n podemos encontrar informaci\u00f3n respecto a nuestra Auxiliar de Conversaci\u00f3n para el curso 2024-2025. Queremos dar la bienvenida a Molly, a continuaci\u00f3n&hellip;<\/p>\n","protected":false},"author":11407,"featured_media":0,"parent":0,"menu_order":0,"comment_status":"closed","ping_status":"closed","template":"","meta":{"ngg_post_thumbnail":0,"footnotes":"","_mc_calendar":[]},"aioseo_notices":[],"_links":{"self":[{"href":"https:\/\/blogsaverroes.juntadeandalucia.es\/ceiplasnieves\/wp-json\/wp\/v2\/pages\/2345"}],"collection":[{"href":"https:\/\/blogsaverroes.juntadeandalucia.es\/ceiplasnieves\/wp-json\/wp\/v2\/pages"}],"about":[{"href":"https:\/\/blogsaverroes.juntadeandalucia.es\/ceiplasnieves\/wp-json\/wp\/v2\/types\/page"}],"author":[{"embeddable":true,"href":"https:\/\/blogsaverroes.juntadeandalucia.es\/ceiplasnieves\/wp-json\/wp\/v2\/users\/11407"}],"replies":[{"embeddable":true,"href":"https:\/\/blogsaverroes.juntadeandalucia.es\/ceiplasnieves\/wp-json\/wp\/v2\/comments?post=2345"}],"version-history":[{"count":11,"href":"https:\/\/blogsaverroes.juntadeandalucia.es\/ceiplasnieves\/wp-json\/wp\/v2\/pages\/2345\/revisions"}],"predecessor-version":[{"id":2446,"href":"https:\/\/blogsaverroes.juntadeandalucia.es\/ceiplasnieves\/wp-json\/wp\/v2\/pages\/2345\/revisions\/2446"}],"wp:attachment":[{"href":"https:\/\/blogsaverroes.juntadeandalucia.es\/ceiplasnieves\/wp-json\/wp\/v2\/media?parent=2345"}],"curies":[{"name":"wp","href":"https:\/\/api.w.org\/{rel}","templated":true}]}}