{"id":2347,"date":"2023-08-26T15:05:23","date_gmt":"2023-08-26T15:05:23","guid":{"rendered":"https:\/\/blogsaverroes.juntadeandalucia.es\/ceiplasnieves\/?page_id=2347"},"modified":"2023-08-28T18:12:47","modified_gmt":"2023-08-28T18:12:47","slug":"enlaces","status":"publish","type":"page","link":"https:\/\/blogsaverroes.juntadeandalucia.es\/ceiplasnieves\/enlaces\/","title":{"rendered":"Enlaces"},"content":{"rendered":"<p><strong>Portales Corporativos:<\/strong><\/p>\n<p><a href=\"https:\/\/www.juntadeandalucia.es\/educacion\/portals\/web\/ced\" target=\"_blank\" rel=\"noopener noreferrer\">Consejer\u00eda de Educaci\u00f3n<\/a><\/p>\n<p><a href=\"https:\/\/www.juntadeandalucia.es\/educacion\/secretariavirtual\/\" target=\"_blank\" rel=\"noopener noreferrer\">Secretar\u00eda Virtual<\/a><\/p>\n<p><a href=\"https:\/\/seneca.juntadeandalucia.es\/seneca\/jsp\/portal\/\" target=\"_blank\" rel=\"noopener noreferrer\">IS\u00e9neca<\/a><\/p>\n<p><a href=\"https:\/\/seneca.juntadeandalucia.es\/seneca\/jsp\/portalpasen\/\" target=\"_blank\" rel=\"noopener noreferrer\">IPasen<\/a><\/p>\n<p><a href=\"https:\/\/www.juntadeandalucia.es\/educacion\/portals\/web\/ced\/portal-averroes\" target=\"_blank\" rel=\"noopener noreferrer\">Portal Averroes<\/a><\/p>\n<p><a href=\"https:\/\/blogsaverroes.juntadeandalucia.es\/\" target=\"_blank\" rel=\"noopener noreferrer\">BlogsAverroes<\/a><\/p>\n<p><a href=\"https:\/\/www.juntadeandalucia.es\/educacion\/portals\/web\/ced\/agrega\" target=\"_blank\" rel=\"noopener noreferrer\">Agrega<\/a><\/p>\n<p><strong>Editoriales con las que trabajamos:<\/strong><\/p>\n<p><a href=\"https:\/\/aulavirtual.santillana.es\/av3online\/login\" target=\"_blank\" rel=\"noopener noreferrer\">Editorial Santillana<\/a><\/p>\n<p><strong>Portales o aplicaciones con las que trabajamos:<\/strong><\/p>\n<p><a href=\"https:\/\/classroom.google.com\/\" target=\"_blank\" rel=\"noopener noreferrer\">Classroom<\/a><\/p>\n<p><a href=\"https:\/\/makecode.microbit.org\/\" target=\"_blank\" rel=\"noopener noreferrer\">Makecode Microbit<\/a><\/p>\n<p>&nbsp;<\/p>\n","protected":false},"excerpt":{"rendered":"<p>Portales Corporativos: Consejer\u00eda de Educaci\u00f3n Secretar\u00eda Virtual IS\u00e9neca IPasen Portal Averroes BlogsAverroes Agrega Editoriales con las que trabajamos: Editorial Santillana Portales o aplicaciones con las&hellip;<\/p>\n","protected":false},"author":11407,"featured_media":0,"parent":0,"menu_order":0,"comment_status":"closed","ping_status":"closed","template":"","meta":{"ngg_post_thumbnail":0,"footnotes":"","_mc_calendar":[]},"aioseo_notices":[],"_links":{"self":[{"href":"https:\/\/blogsaverroes.juntadeandalucia.es\/ceiplasnieves\/wp-json\/wp\/v2\/pages\/2347"}],"collection":[{"href":"https:\/\/blogsaverroes.juntadeandalucia.es\/ceiplasnieves\/wp-json\/wp\/v2\/pages"}],"about":[{"href":"https:\/\/blogsaverroes.juntadeandalucia.es\/ceiplasnieves\/wp-json\/wp\/v2\/types\/page"}],"author":[{"embeddable":true,"href":"https:\/\/blogsaverroes.juntadeandalucia.es\/ceiplasnieves\/wp-json\/wp\/v2\/users\/11407"}],"replies":[{"embeddable":true,"href":"https:\/\/blogsaverroes.juntadeandalucia.es\/ceiplasnieves\/wp-json\/wp\/v2\/comments?post=2347"}],"version-history":[{"count":5,"href":"https:\/\/blogsaverroes.juntadeandalucia.es\/ceiplasnieves\/wp-json\/wp\/v2\/pages\/2347\/revisions"}],"predecessor-version":[{"id":2383,"href":"https:\/\/blogsaverroes.juntadeandalucia.es\/ceiplasnieves\/wp-json\/wp\/v2\/pages\/2347\/revisions\/2383"}],"wp:attachment":[{"href":"https:\/\/blogsaverroes.juntadeandalucia.es\/ceiplasnieves\/wp-json\/wp\/v2\/media?parent=2347"}],"curies":[{"name":"wp","href":"https:\/\/api.w.org\/{rel}","templated":true}]}}