{"id":141,"date":"2020-05-31T11:00:24","date_gmt":"2020-05-31T12:00:24","guid":{"rendered":"http:\/\/blogsaverroes.juntadeandalucia.es\/pre\/ceip\/?page_id=141"},"modified":"2024-03-08T10:11:12","modified_gmt":"2024-03-08T11:11:12","slug":"escolarizacion","status":"publish","type":"page","link":"https:\/\/blogsaverroes.juntadeandalucia.es\/ceiplaunion\/escolarizacion\/","title":{"rendered":"Escolarizaci\u00f3n"},"content":{"rendered":"<div>\n<h2 style=\"text-align: center\"><span style=\"color: #0000ff\">ESCOLARIZACI\u00d3N <\/span><\/h2>\n<h2 style=\"text-align: center\"><span style=\"color: #0000ff\">2024-2025<\/span><\/h2>\n<h3 style=\"text-align: center\"><span style=\"color: #0000ff\">(Del 1 de marzo al 1 de abril)<\/span><\/h3>\n<p style=\"text-align: center\"><a href=\"https:\/\/www.juntadeandalucia.es\/educacion\/secretariavirtual\/accesoTramite\/543\/\"><span style=\"color: #ff0000\"><strong>PINCHA AQU\u00cd PARA ACCEDER A LA SECRETAR\u00cdA VIRTUAL<\/strong><\/span><\/a><a href=\"https:\/\/blogsaverroes.juntadeandalucia.es\/ceiplaunion\/files\/2024\/03\/WhatsApp-Image-2024-03-05-at-12.36.28.jpeg\"><img loading=\"lazy\" decoding=\"async\" class=\"wp-image-3931 aligncenter\" src=\"https:\/\/blogsaverroes.juntadeandalucia.es\/ceiplaunion\/files\/2024\/03\/WhatsApp-Image-2024-03-05-at-12.36.28-120x300.jpeg\" alt=\"\" width=\"143\" height=\"358\" srcset=\"https:\/\/blogsaverroes.juntadeandalucia.es\/ceiplaunion\/files\/2024\/03\/WhatsApp-Image-2024-03-05-at-12.36.28-120x300.jpeg 120w, https:\/\/blogsaverroes.juntadeandalucia.es\/ceiplaunion\/files\/2024\/03\/WhatsApp-Image-2024-03-05-at-12.36.28-410x1024.jpeg 410w, https:\/\/blogsaverroes.juntadeandalucia.es\/ceiplaunion\/files\/2024\/03\/WhatsApp-Image-2024-03-05-at-12.36.28-614x1536.jpeg 614w, https:\/\/blogsaverroes.juntadeandalucia.es\/ceiplaunion\/files\/2024\/03\/WhatsApp-Image-2024-03-05-at-12.36.28.jpeg 640w\" sizes=\"(max-width: 143px) 100vw, 143px\" \/><\/a><\/p>\n<\/div>\n<p><a href=\"https:\/\/blogsaverroes.juntadeandalucia.es\/ceiplaunion\/files\/2024\/02\/Jornada-de-puertas-abiertas.jpg\"><img loading=\"lazy\" decoding=\"async\" class=\"size-medium wp-image-3888 aligncenter\" src=\"https:\/\/blogsaverroes.juntadeandalucia.es\/ceiplaunion\/files\/2024\/02\/Jornada-de-puertas-abiertas-300x300.jpg\" alt=\"\" width=\"300\" height=\"300\" srcset=\"https:\/\/blogsaverroes.juntadeandalucia.es\/ceiplaunion\/files\/2024\/02\/Jornada-de-puertas-abiertas-300x300.jpg 300w, https:\/\/blogsaverroes.juntadeandalucia.es\/ceiplaunion\/files\/2024\/02\/Jornada-de-puertas-abiertas-1024x1024.jpg 1024w, https:\/\/blogsaverroes.juntadeandalucia.es\/ceiplaunion\/files\/2024\/02\/Jornada-de-puertas-abiertas-150x150.jpg 150w, https:\/\/blogsaverroes.juntadeandalucia.es\/ceiplaunion\/files\/2024\/02\/Jornada-de-puertas-abiertas-768x768.jpg 768w, https:\/\/blogsaverroes.juntadeandalucia.es\/ceiplaunion\/files\/2024\/02\/Jornada-de-puertas-abiertas.jpg 1080w\" sizes=\"(max-width: 300px) 100vw, 300px\" \/><\/a><a href=\"https:\/\/blogsaverroes.juntadeandalucia.es\/ceiplaunion\/files\/2024\/02\/Servicios-complementarios.jpg\"><img loading=\"lazy\" decoding=\"async\" class=\"size-medium wp-image-3890 aligncenter\" src=\"https:\/\/blogsaverroes.juntadeandalucia.es\/ceiplaunion\/files\/2024\/02\/Servicios-complementarios-300x300.jpg\" alt=\"\" width=\"300\" height=\"300\" srcset=\"https:\/\/blogsaverroes.juntadeandalucia.es\/ceiplaunion\/files\/2024\/02\/Servicios-complementarios-300x300.jpg 300w, https:\/\/blogsaverroes.juntadeandalucia.es\/ceiplaunion\/files\/2024\/02\/Servicios-complementarios-1024x1024.jpg 1024w, https:\/\/blogsaverroes.juntadeandalucia.es\/ceiplaunion\/files\/2024\/02\/Servicios-complementarios-150x150.jpg 150w, https:\/\/blogsaverroes.juntadeandalucia.es\/ceiplaunion\/files\/2024\/02\/Servicios-complementarios-768x768.jpg 768w, https:\/\/blogsaverroes.juntadeandalucia.es\/ceiplaunion\/files\/2024\/02\/Servicios-complementarios.jpg 1080w\" sizes=\"(max-width: 300px) 100vw, 300px\" \/><\/a><\/p>\n","protected":false},"excerpt":{"rendered":"<p>ESCOLARIZACI\u00d3N 2024-2025 (Del 1 de marzo al 1 de abril) PINCHA AQU\u00cd PARA ACCEDER A LA SECRETAR\u00cdA VIRTUAL<\/p>\n","protected":false},"author":1,"featured_media":0,"parent":0,"menu_order":0,"comment_status":"closed","ping_status":"open","template":"","meta":{"ngg_post_thumbnail":0,"footnotes":"","_mc_calendar":[]},"aioseo_notices":[],"_links":{"self":[{"href":"https:\/\/blogsaverroes.juntadeandalucia.es\/ceiplaunion\/wp-json\/wp\/v2\/pages\/141"}],"collection":[{"href":"https:\/\/blogsaverroes.juntadeandalucia.es\/ceiplaunion\/wp-json\/wp\/v2\/pages"}],"about":[{"href":"https:\/\/blogsaverroes.juntadeandalucia.es\/ceiplaunion\/wp-json\/wp\/v2\/types\/page"}],"author":[{"embeddable":true,"href":"https:\/\/blogsaverroes.juntadeandalucia.es\/ceiplaunion\/wp-json\/wp\/v2\/users\/1"}],"replies":[{"embeddable":true,"href":"https:\/\/blogsaverroes.juntadeandalucia.es\/ceiplaunion\/wp-json\/wp\/v2\/comments?post=141"}],"version-history":[{"count":24,"href":"https:\/\/blogsaverroes.juntadeandalucia.es\/ceiplaunion\/wp-json\/wp\/v2\/pages\/141\/revisions"}],"predecessor-version":[{"id":3938,"href":"https:\/\/blogsaverroes.juntadeandalucia.es\/ceiplaunion\/wp-json\/wp\/v2\/pages\/141\/revisions\/3938"}],"wp:attachment":[{"href":"https:\/\/blogsaverroes.juntadeandalucia.es\/ceiplaunion\/wp-json\/wp\/v2\/media?parent=141"}],"curies":[{"name":"wp","href":"https:\/\/api.w.org\/{rel}","templated":true}]}}