{"id":2278,"date":"2015-11-15T20:58:06","date_gmt":"2015-11-15T20:58:06","guid":{"rendered":"http:\/\/blogsaverroes.juntadeandalucia.es\/ceiplaunion\/?page_id=2278"},"modified":"2015-11-16T18:52:48","modified_gmt":"2015-11-16T18:52:48","slug":"atencion-a-la-diversidad","status":"publish","type":"page","link":"https:\/\/blogsaverroes.juntadeandalucia.es\/ceiplaunion\/atencion-a-la-diversidad\/","title":{"rendered":"Atenci\u00f3n diversidad"},"content":{"rendered":"<p style=\"text-align: justify\">\u00a0\u00a0\u00a0\u00a0\u00a0\u00a0\u00a0\u00a0\u00a0\u00a0\u00a0\u00a0\u00a0 Dando respuesta a la Orden que regula la atenci\u00f3n a la diversidad del alumnado que cursa la Educaci\u00f3n Primaria en nuestro centro hemos dispuesto los medios necesarios para que todo el alumnado alcance el m\u00e1ximo desarrollo personal, intelectual y social.<\/p>\n<p style=\"text-align: justify\"><span style=\"text-decoration: underline\">MEDIDAS DE ATENCI\u00d3N A LA DIVERSIDAD<\/span><\/p>\n<ul>\n<li>Atenci\u00f3n al alumnado en peque\u00f1o grupo fuera del aula.<\/li>\n<li>Apoyo en grupo ordinario mediante un segundo profesor \/a dentro del aula.<\/li>\n<li style=\"text-align: justify\">Agrupamientos flexibles en las \u00e1reas de Lengua y Matem\u00e1ticas para la atenci\u00f3n al alumnado.<\/li>\n<\/ul>\n<p style=\"text-align: justify\"><span style=\"text-decoration: underline\">PROGRAMAS DE REFUERZO<\/span><br \/>\nLa aplicaci\u00f3n los programas de refuerzo tienen como objetivo paliar las dificultades de aprendizaje, y evitar la permanencia del alumnado un a\u00f1o m\u00e1s en cualquiera de los ciclos de la Educaci\u00f3n Primaria y en Educaci\u00f3n Infantil.<br \/>\nDurante el mes de Septiembre se realiza la detecci\u00f3n de alumnos repetidores y de alumnos con asignaturas pendientes en las \u00e1reas de Matem\u00e1ticas, Lengua Castellana y literatura\u00a0 e Ingl\u00e9s. De la misma forma se detecta alumnos con dificultades de aprendizaje en las \u00e1reas mencionadas mediante la evaluaci\u00f3n inicial de los grupos, para as\u00ed poder iniciar cuanto antes la labor de refuerzo del alumnado por parte del profesorado correspondiente. Coordinar entre el profesorado-tutor y el profesorado de apoyo la labor a realizar con este alumnado.<br \/>\nPosteriormente cada tutor elabora el programa de refuerzo educativo de los alumnos con dificultades de su grupo y que ser\u00e1 llevado a la pr\u00e1ctica por el profesor de refuerzo asignado.<br \/>\nEste refuerzo educativo se garantizar\u00e1 siempre que el profesorado no realice ninguna sustituci\u00f3n que por motivos de bajas y\/o ausencias tuvieran que efectuarse.<br \/>\nLas profesoras de apoyo a ciclo realizar\u00e1n el refuerzo educativo seg\u00fan las necesidades detectadas, y en caso necesario realizar\u00e1n las sustituciones por baja y\/o ausencias, como en el caso anterior.<br \/>\nEl tutor\/a ser\u00e1 el responsable de hacer un seguimiento sobre los progresos de los\/as alumnos\/as y de la coordinaci\u00f3n con otros\/as maestros\/as que impartan refuerzo educativo al alumnado.<br \/>\nEl tutor\/a comunicar\u00e1 a los padres, madres o representantes legales de dichos alumnos que est\u00e1n recibiendo refuerzo educativo.<br \/>\nEl refuerzo educativo es susceptible de modificaciones ya que puede variar en funci\u00f3n del progreso de los alumnos y nuevas necesidades detectadas en el aula ordinaria.<br \/>\nSe realizar\u00e1 un seguimiento trimestral del refuerzo educativo por parte de la Jefatura de estudios con el profesorado que imparte dicho refuerzo.<\/p>\n<p>Programas de refuerzo que se han puesto en funcionamiento:<br \/>\nA. Programa de \u00e1reas o materias instrumentales b\u00e1sicas. Est\u00e1n dirigidos b\u00e1sicamente al alumnado que presenta dificultades en las \u00e1reas b\u00e1sicas de lengua, matem\u00e1ticas e ingl\u00e9s.<br \/>\nB. Programa para la recuperaci\u00f3n de aprendizajes no adquiridos. Est\u00e1n dirigidos al alumnado que ha repetido curso o que ha promocionado de curso con alguna asignatura pendiente.<\/p>\n<p><span style=\"text-decoration: underline\">PROGRAMAS DE ADAPTACI\u00d3N CURRICULAR<\/span><br \/>\nEn el centro estos programas est\u00e1n dirigidos a alumnado con NEAE, alumnado con dificultades graves de aprendizaje y alumnado con altas capacidades intelectuales.<\/p>\n","protected":false},"excerpt":{"rendered":"<p>\u00a0\u00a0\u00a0\u00a0\u00a0\u00a0\u00a0\u00a0\u00a0\u00a0\u00a0\u00a0\u00a0 Dando respuesta a la Orden que regula la atenci\u00f3n a la diversidad del alumnado que cursa la Educaci\u00f3n Primaria en nuestro centro hemos dispuesto los medios necesarios para que todo el alumnado alcance el m\u00e1ximo desarrollo personal, intelectual y social. MEDIDAS DE ATENCI\u00d3N A LA DIVERSIDAD Atenci\u00f3n al alumnado en peque\u00f1o grupo fuera del [&hellip;]<\/p>\n","protected":false},"author":1861,"featured_media":0,"parent":0,"menu_order":0,"comment_status":"open","ping_status":"open","template":"","meta":{"ngg_post_thumbnail":0,"footnotes":"","_mc_calendar":[]},"aioseo_notices":[],"_links":{"self":[{"href":"https:\/\/blogsaverroes.juntadeandalucia.es\/ceiplaunion\/wp-json\/wp\/v2\/pages\/2278"}],"collection":[{"href":"https:\/\/blogsaverroes.juntadeandalucia.es\/ceiplaunion\/wp-json\/wp\/v2\/pages"}],"about":[{"href":"https:\/\/blogsaverroes.juntadeandalucia.es\/ceiplaunion\/wp-json\/wp\/v2\/types\/page"}],"author":[{"embeddable":true,"href":"https:\/\/blogsaverroes.juntadeandalucia.es\/ceiplaunion\/wp-json\/wp\/v2\/users\/1861"}],"replies":[{"embeddable":true,"href":"https:\/\/blogsaverroes.juntadeandalucia.es\/ceiplaunion\/wp-json\/wp\/v2\/comments?post=2278"}],"version-history":[{"count":4,"href":"https:\/\/blogsaverroes.juntadeandalucia.es\/ceiplaunion\/wp-json\/wp\/v2\/pages\/2278\/revisions"}],"predecessor-version":[{"id":2283,"href":"https:\/\/blogsaverroes.juntadeandalucia.es\/ceiplaunion\/wp-json\/wp\/v2\/pages\/2278\/revisions\/2283"}],"wp:attachment":[{"href":"https:\/\/blogsaverroes.juntadeandalucia.es\/ceiplaunion\/wp-json\/wp\/v2\/media?parent=2278"}],"curies":[{"name":"wp","href":"https:\/\/api.w.org\/{rel}","templated":true}]}}