{"id":42,"date":"2021-09-09T09:00:47","date_gmt":"2021-09-09T10:00:47","guid":{"rendered":"http:\/\/blogsaverroes.juntadeandalucia.es\/pre\/ceip\/?page_id=42"},"modified":"2025-06-10T19:55:49","modified_gmt":"2025-06-10T20:55:49","slug":"equipo-directivo","status":"publish","type":"page","link":"https:\/\/blogsaverroes.juntadeandalucia.es\/ceiplaunion\/equipo-directivo\/","title":{"rendered":"Equipo directivo"},"content":{"rendered":"<h4 style=\"padding-left: 30px\"><strong>Equipo Directivo&nbsp;<\/strong><\/h4>\n<p><strong>Direcci\u00f3n: <\/strong>Emilio Basteiro Enr\u00edquez Salamanca.<strong><br \/>\n<\/strong><\/p>\n<p><strong>Jefatura de Estudios: <\/strong>Patricia Rodr\u00edguez Guti\u00e9rrez.<strong><br \/>\n<\/strong><\/p>\n<p><strong>Secretar\u00eda:&nbsp;<\/strong>Marta de Bedoya Cort\u00e9s.<strong><br \/>\n<\/strong><\/p>\n","protected":false},"excerpt":{"rendered":"<p>Equipo Directivo&nbsp; Direcci\u00f3n: Emilio Basteiro Enr\u00edquez Salamanca. Jefatura de Estudios: Patricia Rodr\u00edguez Guti\u00e9rrez. Secretar\u00eda:&nbsp;Marta de Bedoya Cort\u00e9s.<\/p>\n","protected":false},"author":1,"featured_media":0,"parent":0,"menu_order":0,"comment_status":"closed","ping_status":"open","template":"","meta":{"ngg_post_thumbnail":0,"footnotes":"","_mc_calendar":[]},"aioseo_notices":[],"_links":{"self":[{"href":"https:\/\/blogsaverroes.juntadeandalucia.es\/ceiplaunion\/wp-json\/wp\/v2\/pages\/42"}],"collection":[{"href":"https:\/\/blogsaverroes.juntadeandalucia.es\/ceiplaunion\/wp-json\/wp\/v2\/pages"}],"about":[{"href":"https:\/\/blogsaverroes.juntadeandalucia.es\/ceiplaunion\/wp-json\/wp\/v2\/types\/page"}],"author":[{"embeddable":true,"href":"https:\/\/blogsaverroes.juntadeandalucia.es\/ceiplaunion\/wp-json\/wp\/v2\/users\/1"}],"replies":[{"embeddable":true,"href":"https:\/\/blogsaverroes.juntadeandalucia.es\/ceiplaunion\/wp-json\/wp\/v2\/comments?post=42"}],"version-history":[{"count":9,"href":"https:\/\/blogsaverroes.juntadeandalucia.es\/ceiplaunion\/wp-json\/wp\/v2\/pages\/42\/revisions"}],"predecessor-version":[{"id":3958,"href":"https:\/\/blogsaverroes.juntadeandalucia.es\/ceiplaunion\/wp-json\/wp\/v2\/pages\/42\/revisions\/3958"}],"wp:attachment":[{"href":"https:\/\/blogsaverroes.juntadeandalucia.es\/ceiplaunion\/wp-json\/wp\/v2\/media?parent=42"}],"curies":[{"name":"wp","href":"https:\/\/api.w.org\/{rel}","templated":true}]}}