{"id":99,"date":"2020-09-09T10:22:54","date_gmt":"2020-09-09T11:22:54","guid":{"rendered":"http:\/\/blogsaverroes.juntadeandalucia.es\/pre\/ceip\/?page_id=99"},"modified":"2024-02-12T16:48:26","modified_gmt":"2024-02-12T17:48:26","slug":"comedor-escolar","status":"publish","type":"page","link":"https:\/\/blogsaverroes.juntadeandalucia.es\/ceiplaunion\/comedor-escolar\/","title":{"rendered":"Comedor Escolar"},"content":{"rendered":"<p><strong><span style=\"color: #0000ff\">INFORMACI\u00d3N A LAS FAMILIAS DE LA EMPRESA DE COMEDOR<\/span> <\/strong>&nbsp;&nbsp;<\/p>\n<p><a href=\"https:\/\/blogsaverroes.juntadeandalucia.es\/ceiplaunion\/files\/2024\/02\/Circular-a-Familias-COMEDOR.pdf\">Circular a Familias COMEDOR<\/a><\/p>\n<p><a href=\"https:\/\/blogsaverroes.juntadeandalucia.es\/ceiplaunion\/files\/2024\/02\/PPT-COMEDOR.pdf\">PPT COMEDOR<\/a><\/p>\n<p><a href=\"https:\/\/blogsaverroes.juntadeandalucia.es\/ceiplaunion\/files\/2020\/09\/images-2.png\"><img loading=\"lazy\" decoding=\"async\" class=\"alignnone size-medium wp-image-2873 alignleft\" src=\"https:\/\/blogsaverroes.juntadeandalucia.es\/ceiplaunion\/files\/2020\/09\/images-2-300x160.png\" alt=\"\" width=\"300\" height=\"160\" srcset=\"https:\/\/blogsaverroes.juntadeandalucia.es\/ceiplaunion\/files\/2020\/09\/images-2-300x160.png 300w, https:\/\/blogsaverroes.juntadeandalucia.es\/ceiplaunion\/files\/2020\/09\/images-2-24x13.png 24w, https:\/\/blogsaverroes.juntadeandalucia.es\/ceiplaunion\/files\/2020\/09\/images-2-36x19.png 36w, https:\/\/blogsaverroes.juntadeandalucia.es\/ceiplaunion\/files\/2020\/09\/images-2-48x26.png 48w, https:\/\/blogsaverroes.juntadeandalucia.es\/ceiplaunion\/files\/2020\/09\/images-2.png 308w\" sizes=\"(max-width: 300px) 100vw, 300px\" \/><\/a><\/p>\n<p>&nbsp;<\/p>\n<p style=\"text-align: justify\">Los comedores escolares son un servicio complementario que resulta de gran utilidad a padres y madres para ayudarles a&nbsp;conciliar la vida laboral y familiar. Tienen una duraci\u00f3n de hasta dos horas desde que acaba la jornada escolar de la ma\u00f1ana (de 14.00 a 16.00 horas). Son adem\u00e1s una pieza importante&nbsp;en todas las medidas dirigidas a mejorar los h\u00e1bitos alimenticios de los ni\u00f1os y ni\u00f1as y prevenir problemas de salud como la obesidad.<\/p>\n<p style=\"text-align: justify\">Los comedores escolares de los centros p\u00fablicos andaluces promueven una alimentaci\u00f3n saludable que est\u00e1 supervisada por nutricionistas y que, entre otros aspectos, se caracteriza por:<\/p>\n<ul>\n<li>Una mayor proporci\u00f3n de verdura en los men\u00fas<\/li>\n<li>Fruta fresca como postre al menos cuatro d\u00edas a la semana<\/li>\n<li>Uso de aceite de oliva virgen extra<\/li>\n<li>M\u00e1s pescado que carne, que debe ser magra<\/li>\n<li>Prohibici\u00f3n de los alimentos precocinados y limitaci\u00f3n de los fritos<\/li>\n<li>Apuesta por la dieta mediterr\u00e1nea y los productos ecol\u00f3gicos<\/li>\n<\/ul>\n<p style=\"text-align: justify\">&nbsp; &nbsp; &nbsp; &nbsp; &nbsp; &nbsp; &nbsp; Nuestro centro ofrece un servicio diario de lunes a viernes no festivos en horario de 14: 00 a 16:00 horas, en dos turnos. Primer turno (14:00 a 15:00); segundo turno (15:00 \u2013 15:45).&nbsp;<\/p>\n<ul>\n<li style=\"text-align: justify\">&nbsp;Los turnos de comedor se organizar\u00e1n siguiendo los criterios:&nbsp;alumnado menor&nbsp; edad, alumnado con NEE, hermanos de los casos anteriores en el primer turno, quedando el resto para el segundo turno.&nbsp;<\/li>\n<li style=\"text-align: justify\">Se dar\u00e1 dieta espec\u00edfica&nbsp; prescrita por un facultativo (informe m\u00e9dico), comunicado&nbsp; con antelaci\u00f3n al centro y a la empresa.<\/li>\n<li style=\"text-align: justify\">Todos los usuarios de comedor se lavar\u00e1n las manos antes de entrar. Para ello&nbsp; las monitoras dispondr\u00e1n del material higi\u00e9nico necesario.<\/li>\n<li style=\"text-align: justify\">El alumnado deber\u00e1 respetar a sus compa\u00f1eros\/ de comedor, a sus monitoras y a todo el personal encargado y har\u00e1 buen uso de las instalaciones y material que se utilice en este periodo. El incumplimiento de las normas se considerar\u00e1 falta y objeto de sanci\u00f3n.<\/li>\n<li style=\"text-align: justify\">El alumnado ser\u00e1 recogido con puntualidad por la persona debida autorizada.<\/li>\n<\/ul>\n<p>&nbsp;<\/p>\n<p>&nbsp;<\/p>\n<p>&nbsp;<\/p>\n<p>&nbsp;<\/p>\n","protected":false},"excerpt":{"rendered":"<p>INFORMACI\u00d3N A LAS FAMILIAS DE LA EMPRESA DE COMEDOR &nbsp;&nbsp; Circular a Familias COMEDOR PPT COMEDOR &nbsp; Los comedores escolares son un servicio complementario que resulta de gran utilidad a padres y madres para ayudarles a&nbsp;conciliar la vida laboral y familiar. Tienen una duraci\u00f3n de hasta dos horas desde que acaba la jornada escolar de [&hellip;]<\/p>\n","protected":false},"author":1,"featured_media":0,"parent":0,"menu_order":0,"comment_status":"closed","ping_status":"open","template":"","meta":{"ngg_post_thumbnail":0,"footnotes":"","_mc_calendar":[]},"aioseo_notices":[],"_links":{"self":[{"href":"https:\/\/blogsaverroes.juntadeandalucia.es\/ceiplaunion\/wp-json\/wp\/v2\/pages\/99"}],"collection":[{"href":"https:\/\/blogsaverroes.juntadeandalucia.es\/ceiplaunion\/wp-json\/wp\/v2\/pages"}],"about":[{"href":"https:\/\/blogsaverroes.juntadeandalucia.es\/ceiplaunion\/wp-json\/wp\/v2\/types\/page"}],"author":[{"embeddable":true,"href":"https:\/\/blogsaverroes.juntadeandalucia.es\/ceiplaunion\/wp-json\/wp\/v2\/users\/1"}],"replies":[{"embeddable":true,"href":"https:\/\/blogsaverroes.juntadeandalucia.es\/ceiplaunion\/wp-json\/wp\/v2\/comments?post=99"}],"version-history":[{"count":15,"href":"https:\/\/blogsaverroes.juntadeandalucia.es\/ceiplaunion\/wp-json\/wp\/v2\/pages\/99\/revisions"}],"predecessor-version":[{"id":3926,"href":"https:\/\/blogsaverroes.juntadeandalucia.es\/ceiplaunion\/wp-json\/wp\/v2\/pages\/99\/revisions\/3926"}],"wp:attachment":[{"href":"https:\/\/blogsaverroes.juntadeandalucia.es\/ceiplaunion\/wp-json\/wp\/v2\/media?parent=99"}],"curies":[{"name":"wp","href":"https:\/\/api.w.org\/{rel}","templated":true}]}}