{"id":2300,"date":"2018-10-29T23:52:52","date_gmt":"2018-10-29T23:52:52","guid":{"rendered":"https:\/\/blogsaverroes.juntadeandalucia.es\/ceiplaza\/?page_id=2300"},"modified":"2025-03-26T09:54:53","modified_gmt":"2025-03-26T08:54:53","slug":"claustro","status":"publish","type":"page","link":"https:\/\/blogsaverroes.juntadeandalucia.es\/ceiplaza\/claustro\/","title":{"rendered":"Claustro"},"content":{"rendered":"<p>&nbsp;<\/p>\n<table style=\"width: 103.181818%;height: 727px\">\n<tbody>\n<tr style=\"height: 24px\">\n<td style=\"height: 24px;width: 100%\">\n<h2>&nbsp; &nbsp;Curso 2024-25<\/h2>\n<\/td>\n<\/tr>\n<tr style=\"height: 47px\">\n<td style=\"width: 100%;height: 47px\">\n<h4>Maria Jos\u00e9 Aguilar Rey (Apoyo Infantil)<\/h4>\n<\/td>\n<\/tr>\n<tr style=\"height: 24px\">\n<td style=\"height: 24px;width: 100%\">\n<h4>Jos\u00e9 Pedro Almendro del Pino (M\u00fasica, Primaria)<\/h4>\n<\/td>\n<\/tr>\n<tr style=\"height: 47px\">\n<td style=\"width: 100%;height: 47px\">\n<h4>Inmaculada Concepci\u00f3n Pedrosa Correa(Primaria)<\/h4>\n<\/td>\n<\/tr>\n<tr style=\"height: 24px\">\n<td style=\"height: 24px;width: 100%\">\n<h4 style=\"font-style: normal\">&nbsp;Mar\u00eda Paz Amat Quintana (Infantil)<\/h4>\n<\/td>\n<\/tr>\n<tr style=\"height: 24px\">\n<td style=\"height: 24px;width: 100%\">\n<h4>M\u00aa Jos\u00e9 Castillo Fern\u00e1ndez (Infantil )<\/h4>\n<\/td>\n<\/tr>\n<tr style=\"height: 24px\">\n<td style=\"height: 24px;width: 100%\">\n<h4>Roc\u00edo Delgado Corredera(Refuerzo Pedag\u00f3gico )<\/h4>\n<\/td>\n<\/tr>\n<tr style=\"height: 24px\">\n<td style=\"height: 24px;width: 100%\">\n<h4>Cristina Diez Botella ( Franc\u00e9s, Primaria )<\/h4>\n<\/td>\n<\/tr>\n<tr style=\"height: 24px\">\n<td style=\"height: 24px;width: 100%\">\n<h4>Rosa Dom\u00ednguez Pinto (Pedagog\u00eda Terap\u00e9utica)<\/h4>\n<\/td>\n<\/tr>\n<tr style=\"height: 24px\">\n<td style=\"height: 24px;width: 100%\">\n<h4>Paola Garc\u00eda Escudero (Primaria)<\/h4>\n<\/td>\n<\/tr>\n<tr style=\"height: 47px\">\n<td style=\"width: 100%;height: 47px\">\n<h4>Juan Antonio Guerrero L\u00f3pez (M\u00fasica, Primaria)<\/h4>\n<\/td>\n<\/tr>\n<tr style=\"height: 24px\">\n<td style=\"height: 24px;width: 100%\">\n<h4>Jos\u00e9 Miguel Hoyos Canales (Ingl\u00e9s)<\/h4>\n<\/td>\n<\/tr>\n<tr style=\"height: 24px\">\n<td style=\"height: 24px;width: 100%\">\n<h4>Mar\u00eda Inmaculada Leal Laguna (Audici\u00f3n y lenguaje)<\/h4>\n<\/td>\n<\/tr>\n<tr style=\"height: 24px\">\n<td style=\"height: 24px;width: 100%\">\n<h4>M\u00aa Isabel L\u00f3pez G\u00f3mez (Ingl\u00e9s)<\/h4>\n<\/td>\n<\/tr>\n<tr style=\"height: 24px\">\n<td style=\"height: 24px;width: 100%\">\n<h4>Sonia Mart\u00edn Ocete (Ingl\u00e9s)<\/h4>\n<\/td>\n<\/tr>\n<tr style=\"height: 24px\">\n<td style=\"height: 24px;width: 100%\">\n<h4>Irene Mart\u00edn Ruano &nbsp;(Infantil)<\/h4>\n<\/td>\n<\/tr>\n<tr style=\"height: 24px\">\n<td style=\"height: 24px;width: 100%\">\n<h4>Jos\u00e9 Manuel Moscoso Jim\u00e9nez (Biling\u00fce, Primaria)<\/h4>\n<\/td>\n<\/tr>\n<tr style=\"height: 24px\">\n<td style=\"height: 24px;width: 100%\">\n<h4>Leticia Mu\u00f1oz Gilbert (Infantil)<\/h4>\n<\/td>\n<\/tr>\n<tr style=\"height: 24px\">\n<td style=\"height: 24px;width: 100%\">\n<h4>Gloria Mu\u00f1oz Romero (Religi\u00f3n)<\/h4>\n<\/td>\n<\/tr>\n<tr style=\"height: 24px\">\n<td style=\"height: 24px;width: 100%\">\n<h4>Heidemarie Nagl (Ingl\u00e9s, Primaria)<\/h4>\n<\/td>\n<\/tr>\n<tr style=\"height: 24px\">\n<td style=\"height: 24px;width: 100%\">\n<h4>Virginia P\u00e1ez Rom\u00e1n (Primaria )<\/h4>\n<\/td>\n<\/tr>\n<tr style=\"height: 24px\">\n<td style=\"height: 24px;width: 100%\">\n<h4>Silvia Riera Caldado (Infantil)<\/h4>\n<\/td>\n<\/tr>\n<tr style=\"height: 24px\">\n<td style=\"height: 24px;width: 100%\">\n<h4>Alejandro Rubiales Vallejo (Educaci\u00f3n F\u00edsica, Primaria)<\/h4>\n<\/td>\n<\/tr>\n<tr style=\"height: 24px\">\n<td style=\"height: 24px;width: 100%\">\n<h4>Julia Rubio P\u00e9rez (Educaci\u00f3n F\u00edsica, Primaria)<\/h4>\n<\/td>\n<\/tr>\n<tr style=\"height: 24px\">\n<td style=\"height: 24px;width: 100%\">\n<h4>Elibabeth Santana Moreno ( Biling\u00fce, Primaria)<\/h4>\n<\/td>\n<\/tr>\n<tr style=\"height: 24px\">\n<td style=\"height: 24px;width: 100%\">\n<h4>Lourdes Jurado Diaz (Educaci\u00f3n F\u00edsica, Primaria)<\/h4>\n<\/td>\n<\/tr>\n<tr style=\"height: 24px\">\n<td style=\"height: 24px;width: 100%\">\n<h4>Rosa Mar\u00eda Villegas S\u00e1ez (Infantil 5 a\u00f1os)<\/h4>\n<\/td>\n<\/tr>\n<\/tbody>\n<\/table>\n","protected":false},"excerpt":{"rendered":"<p>&nbsp; &nbsp; &nbsp;Curso 2024-25 Maria Jos\u00e9 Aguilar Rey (Apoyo Infantil) Jos\u00e9 Pedro Almendro del Pino (M\u00fasica, Primaria) Inmaculada Concepci\u00f3n Pedrosa Correa(Primaria) &nbsp;Mar\u00eda Paz Amat Quintana (Infantil) M\u00aa Jos\u00e9 Castillo Fern\u00e1ndez (Infantil ) Roc\u00edo Delgado&#46;&#46;&#46;<\/p>\n","protected":false},"author":6381,"featured_media":0,"parent":0,"menu_order":0,"comment_status":"closed","ping_status":"closed","template":"","meta":{"footnotes":""},"aioseo_notices":[],"_links":{"self":[{"href":"https:\/\/blogsaverroes.juntadeandalucia.es\/ceiplaza\/wp-json\/wp\/v2\/pages\/2300"}],"collection":[{"href":"https:\/\/blogsaverroes.juntadeandalucia.es\/ceiplaza\/wp-json\/wp\/v2\/pages"}],"about":[{"href":"https:\/\/blogsaverroes.juntadeandalucia.es\/ceiplaza\/wp-json\/wp\/v2\/types\/page"}],"author":[{"embeddable":true,"href":"https:\/\/blogsaverroes.juntadeandalucia.es\/ceiplaza\/wp-json\/wp\/v2\/users\/6381"}],"replies":[{"embeddable":true,"href":"https:\/\/blogsaverroes.juntadeandalucia.es\/ceiplaza\/wp-json\/wp\/v2\/comments?post=2300"}],"version-history":[{"count":14,"href":"https:\/\/blogsaverroes.juntadeandalucia.es\/ceiplaza\/wp-json\/wp\/v2\/pages\/2300\/revisions"}],"predecessor-version":[{"id":5062,"href":"https:\/\/blogsaverroes.juntadeandalucia.es\/ceiplaza\/wp-json\/wp\/v2\/pages\/2300\/revisions\/5062"}],"wp:attachment":[{"href":"https:\/\/blogsaverroes.juntadeandalucia.es\/ceiplaza\/wp-json\/wp\/v2\/media?parent=2300"}],"curies":[{"name":"wp","href":"https:\/\/api.w.org\/{rel}","templated":true}]}}