{"id":2303,"date":"2018-10-29T23:54:30","date_gmt":"2018-10-29T23:54:30","guid":{"rendered":"https:\/\/blogsaverroes.juntadeandalucia.es\/ceiplaza\/?page_id=2303"},"modified":"2025-05-14T14:40:40","modified_gmt":"2025-05-14T12:40:40","slug":"consejo-escolar","status":"publish","type":"page","link":"https:\/\/blogsaverroes.juntadeandalucia.es\/ceiplaza\/consejo-escolar\/","title":{"rendered":"Consejo Escolar"},"content":{"rendered":"<table style=\"height: 497px;width: 104.546759%;border-collapse: collapse\">\n<caption>\u00a0<\/caption>\n<tbody>\n<tr style=\"height: 10px\">\n<td style=\"width: 47.991665%;height: 10px;text-align: center\">\n<h3><strong>SECTOR<\/strong><\/h3>\n<\/td>\n<td style=\"width: 53.831626%;height: 10px\">\n<h3><strong>MIEMBRO<\/strong><\/h3>\n<\/td>\n<\/tr>\n<tr style=\"height: 24px\">\n<td style=\"width: 47.991665%;height: 24px\">\n<h6>Equipo Directivo<\/h6>\n<\/td>\n<td style=\"width: 53.831626%;height: 24px\">\n<h6>L\u00f3pez G\u00f3mez, Mar\u00eda Isabel (DIRECTORA)<\/h6>\n<\/td>\n<\/tr>\n<tr style=\"height: 24px\">\n<td style=\"width: 47.991665%;height: 24px\">\n<h6>Equipo Directivo<\/h6>\n<\/td>\n<td style=\"width: 53.831626%;height: 24px\">\n<h6>Villegas S\u00e1ez, Rosa Mar\u00eda (JEFA DE ESTUDIOS)<\/h6>\n<\/td>\n<\/tr>\n<tr style=\"height: 12px\">\n<td style=\"height: 21px;width: 47.991665%\">\n<h6>Equipo Directivo<\/h6>\n<\/td>\n<td style=\"height: 21px;width: 53.831626%\">\n<h6>Mu\u00f1oz Gilbert, Leticia (SECRETARIA)<\/h6>\n<\/td>\n<\/tr>\n<tr style=\"height: 24px\">\n<td style=\"width: 47.991665%;height: 24px\">\n<h6>Profesorado<\/h6>\n<\/td>\n<td style=\"width: 53.831626%;height: 24px\">\n<h6>Amat Quintana, Mar\u00eda Paz<\/h6>\n<\/td>\n<\/tr>\n<tr style=\"height: 24px\">\n<td style=\"width: 47.991665%;height: 24px\">\n<h6>Profesorado<\/h6>\n<\/td>\n<td style=\"width: 53.831626%;height: 24px\">\n<h6>Diez Botella, Cristina<\/h6>\n<\/td>\n<\/tr>\n<tr style=\"height: 24px\">\n<td style=\"width: 47.991665%;height: 24px\">\n<h6>Profesorado<\/h6>\n<\/td>\n<td style=\"width: 53.831626%;height: 24px\">\n<h6>Garc\u00eda Escudero, Paola<\/h6>\n<\/td>\n<\/tr>\n<tr style=\"height: 24px\">\n<td style=\"width: 47.991665%;height: 24px\">\n<h6>Profesorado<\/h6>\n<\/td>\n<td style=\"width: 53.831626%;height: 24px\">\n<h6>Mart\u00edn Ocete, Sonia<\/h6>\n<\/td>\n<\/tr>\n<tr style=\"height: 24px\">\n<td style=\"width: 47.991665%;height: 24px\">\n<h6>Profesorado<\/h6>\n<\/td>\n<td style=\"width: 53.831626%;height: 24px\">\n<h6>Santana Moreno, Elizabet<\/h6>\n<\/td>\n<\/tr>\n<tr style=\"height: 24px\">\n<td style=\"width: 47.991665%;height: 24px\">\n<h6>Madre\/Padre\/Tutor<\/h6>\n<\/td>\n<td style=\"width: 53.831626%;height: 24px\">\n<h6>Guerrero Garc\u00eda, Miguel \u00c1ngel<\/h6>\n<\/td>\n<\/tr>\n<tr style=\"height: 24px\">\n<td style=\"width: 47.991665%;height: 24px\">\n<h6>Madre\/Padre\/Tutor<\/h6>\n<\/td>\n<td style=\"width: 53.831626%;height: 24px\">\n<h6>Lastres Gil, Diego<\/h6>\n<\/td>\n<\/tr>\n<tr style=\"height: 24px\">\n<td style=\"width: 47.991665%;height: 24px\">\n<h6>Madre\/Padre\/Tutor<\/h6>\n<\/td>\n<td style=\"width: 53.831626%;height: 24px\">\n<h6>Miguel N\u00fa\u00f1ez, Sonia<\/h6>\n<\/td>\n<\/tr>\n<tr style=\"height: 24px\">\n<td style=\"width: 47.991665%;height: 24px\">\n<h6>Madre\/Padre\/Tutor<\/h6>\n<\/td>\n<td style=\"width: 53.831626%;height: 24px\">\n<h6>Mira Nevado, Jacobo<\/h6>\n<\/td>\n<\/tr>\n<tr style=\"height: 10px\">\n<td style=\"width: 47.991665%;height: 10px\">\n<h6>Madre\/Padre\/Tutor<\/h6>\n<\/td>\n<td style=\"width: 53.831626%;height: 10px\">\n<h6>Ramallo Martin, Elizabeth<\/h6>\n<\/td>\n<\/tr>\n<tr style=\"height: 48px\">\n<td style=\"width: 47.991665%;height: 48px\">\n<h6>Madre\/Padre\/Tutor<\/h6>\n<\/td>\n<td style=\"width: 53.831626%;height: 48px\">\n<h6>Latorre Guerrero, Mar\u00eda Gema (REPRESENTANTE DE LA A.M.P.A. MAYORITARIA)<\/h6>\n<\/td>\n<\/tr>\n<tr style=\"height: 48px\">\n<td style=\"width: 47.991665%;height: 48px\">\n<h6>Personal de serv. y administrativo<\/h6>\n<\/td>\n<td style=\"width: 53.831626%;height: 48px\">\n<h6>Jose Manuel S\u00e1nchez Pozo<\/h6>\n<\/td>\n<\/tr>\n<tr style=\"height: 48px\">\n<td style=\"width: 47.991665%;height: 48px\">\n<h6 style=\"text-align: center\">Ayuntamiento<\/h6>\n<\/td>\n<td style=\"width: 53.831626%;height: 48px\">\n<h6>Cuadra Torres, Ignacio (CONCEJAL O REPRESENTANTE DEL AYUNTAMIENTO)<\/h6>\n<\/td>\n<\/tr>\n<\/tbody>\n<\/table>\n","protected":false},"excerpt":{"rendered":"<p>\u00a0 SECTOR MIEMBRO Equipo Directivo L\u00f3pez G\u00f3mez, Mar\u00eda Isabel (DIRECTORA) Equipo Directivo Villegas S\u00e1ez, Rosa Mar\u00eda (JEFA DE ESTUDIOS) Equipo Directivo Mu\u00f1oz Gilbert, Leticia (SECRETARIA) Profesorado Amat Quintana, Mar\u00eda Paz Profesorado Diez Botella, Cristina&#46;&#46;&#46;<\/p>\n","protected":false},"author":6381,"featured_media":0,"parent":0,"menu_order":0,"comment_status":"closed","ping_status":"closed","template":"","meta":{"footnotes":""},"aioseo_notices":[],"_links":{"self":[{"href":"https:\/\/blogsaverroes.juntadeandalucia.es\/ceiplaza\/wp-json\/wp\/v2\/pages\/2303"}],"collection":[{"href":"https:\/\/blogsaverroes.juntadeandalucia.es\/ceiplaza\/wp-json\/wp\/v2\/pages"}],"about":[{"href":"https:\/\/blogsaverroes.juntadeandalucia.es\/ceiplaza\/wp-json\/wp\/v2\/types\/page"}],"author":[{"embeddable":true,"href":"https:\/\/blogsaverroes.juntadeandalucia.es\/ceiplaza\/wp-json\/wp\/v2\/users\/6381"}],"replies":[{"embeddable":true,"href":"https:\/\/blogsaverroes.juntadeandalucia.es\/ceiplaza\/wp-json\/wp\/v2\/comments?post=2303"}],"version-history":[{"count":5,"href":"https:\/\/blogsaverroes.juntadeandalucia.es\/ceiplaza\/wp-json\/wp\/v2\/pages\/2303\/revisions"}],"predecessor-version":[{"id":4737,"href":"https:\/\/blogsaverroes.juntadeandalucia.es\/ceiplaza\/wp-json\/wp\/v2\/pages\/2303\/revisions\/4737"}],"wp:attachment":[{"href":"https:\/\/blogsaverroes.juntadeandalucia.es\/ceiplaza\/wp-json\/wp\/v2\/media?parent=2303"}],"curies":[{"name":"wp","href":"https:\/\/api.w.org\/{rel}","templated":true}]}}