{"id":2306,"date":"2018-10-29T23:57:24","date_gmt":"2018-10-29T23:57:24","guid":{"rendered":"https:\/\/blogsaverroes.juntadeandalucia.es\/ceiplaza\/?page_id=2306"},"modified":"2018-11-27T20:07:48","modified_gmt":"2018-11-27T19:07:48","slug":"transporte","status":"publish","type":"page","link":"https:\/\/blogsaverroes.juntadeandalucia.es\/ceiplaza\/transporte\/","title":{"rendered":"Transporte"},"content":{"rendered":"<p><a href=\"https:\/\/wp.me\/ParuGc-Bc\"><img loading=\"lazy\" decoding=\"async\" width=\"1280\" height=\"921\" class=\"alignnone size-full wp-image-534\" alt=\"\" src=\"https:\/\/blogsaverroes.juntadeandalucia.es\/ceiplaza\/files\/2014\/12\/autobus.png\" srcset=\"https:\/\/blogsaverroes.juntadeandalucia.es\/ceiplaza\/files\/2014\/12\/autobus.png 1280w, https:\/\/blogsaverroes.juntadeandalucia.es\/ceiplaza\/files\/2014\/12\/autobus-300x216.png 300w, https:\/\/blogsaverroes.juntadeandalucia.es\/ceiplaza\/files\/2014\/12\/autobus-1024x737.png 1024w, https:\/\/blogsaverroes.juntadeandalucia.es\/ceiplaza\/files\/2014\/12\/autobus-700x504.png 700w, https:\/\/blogsaverroes.juntadeandalucia.es\/ceiplaza\/files\/2014\/12\/autobus-332x239.png 332w\" sizes=\"(max-width: 1280px) 100vw, 1280px\" \/><\/a><\/p>\n<h2>&nbsp;<\/h2>\n<h2><strong>Relaci\u00f3n de paradas del Transporte Escolar del Centro <\/strong><\/h2>\n<h3 style=\"text-align: center\">\n<p>1.- A\u00f1oreta<\/h3>\n<h3 style=\"text-align: center\">2.- Los Rubios<\/h3>\n<h3 style=\"text-align: center\">3.- Cuartel De La Guardia Civil<\/h3>\n<h3 style=\"text-align: center\">4.- Apartamentos La Parada<\/h3>\n<h3 style=\"text-align: center\">5.- Lo Cea<\/h3>\n<h3 style=\"text-align: center\">6.- Sem\u00e1foro<\/h3>\n<h3 style=\"text-align: center\">7.- Domini\u00f3nPark<\/h3>\n<p>&nbsp;<\/p>\n<h2><strong>Solicitud<\/strong><\/h2>\n<ul>\n<li><a href=\"https:\/\/blogsaverroes.juntadeandalucia.es\/ceiplaza\/files\/2018\/11\/Servicio-Coplementario-de-Transporte-Escolar.pdf\">Servicio Complementario de Transporte Escolar<\/a><\/li>\n<\/ul>\n","protected":false},"excerpt":{"rendered":"<p>&nbsp; Relaci\u00f3n de paradas del Transporte Escolar del Centro 1.- A\u00f1oreta 2.- Los Rubios 3.- Cuartel De La Guardia Civil 4.- Apartamentos La Parada 5.- Lo Cea 6.- Sem\u00e1foro 7.- Domini\u00f3nPark &nbsp; Solicitud Servicio&#46;&#46;&#46;<\/p>\n","protected":false},"author":6381,"featured_media":534,"parent":0,"menu_order":0,"comment_status":"closed","ping_status":"closed","template":"","meta":{"footnotes":""},"aioseo_notices":[],"_links":{"self":[{"href":"https:\/\/blogsaverroes.juntadeandalucia.es\/ceiplaza\/wp-json\/wp\/v2\/pages\/2306"}],"collection":[{"href":"https:\/\/blogsaverroes.juntadeandalucia.es\/ceiplaza\/wp-json\/wp\/v2\/pages"}],"about":[{"href":"https:\/\/blogsaverroes.juntadeandalucia.es\/ceiplaza\/wp-json\/wp\/v2\/types\/page"}],"author":[{"embeddable":true,"href":"https:\/\/blogsaverroes.juntadeandalucia.es\/ceiplaza\/wp-json\/wp\/v2\/users\/6381"}],"replies":[{"embeddable":true,"href":"https:\/\/blogsaverroes.juntadeandalucia.es\/ceiplaza\/wp-json\/wp\/v2\/comments?post=2306"}],"version-history":[{"count":8,"href":"https:\/\/blogsaverroes.juntadeandalucia.es\/ceiplaza\/wp-json\/wp\/v2\/pages\/2306\/revisions"}],"predecessor-version":[{"id":2523,"href":"https:\/\/blogsaverroes.juntadeandalucia.es\/ceiplaza\/wp-json\/wp\/v2\/pages\/2306\/revisions\/2523"}],"wp:featuredmedia":[{"embeddable":true,"href":"https:\/\/blogsaverroes.juntadeandalucia.es\/ceiplaza\/wp-json\/wp\/v2\/media\/534"}],"wp:attachment":[{"href":"https:\/\/blogsaverroes.juntadeandalucia.es\/ceiplaza\/wp-json\/wp\/v2\/media?parent=2306"}],"curies":[{"name":"wp","href":"https:\/\/api.w.org\/{rel}","templated":true}]}}