{"id":2910,"date":"2019-02-04T17:36:26","date_gmt":"2019-02-04T16:36:26","guid":{"rendered":"https:\/\/blogsaverroes.juntadeandalucia.es\/ceiplaza\/?page_id=2910"},"modified":"2023-10-16T10:14:43","modified_gmt":"2023-10-16T08:14:43","slug":"blog-profesores","status":"publish","type":"page","link":"https:\/\/blogsaverroes.juntadeandalucia.es\/ceiplaza\/blog-profesores\/","title":{"rendered":"Plan de Igualdad"},"content":{"rendered":"<p><img loading=\"lazy\" decoding=\"async\" class=\"alignnone size-full wp-image-4193\" src=\"https:\/\/blogsaverroes.juntadeandalucia.es\/ceiplaza\/files\/2022\/03\/Banner-tres-logos.jpg\" alt=\"\" width=\"1175\" height=\"198\" srcset=\"https:\/\/blogsaverroes.juntadeandalucia.es\/ceiplaza\/files\/2022\/03\/Banner-tres-logos.jpg 1175w, https:\/\/blogsaverroes.juntadeandalucia.es\/ceiplaza\/files\/2022\/03\/Banner-tres-logos-300x51.jpg 300w, https:\/\/blogsaverroes.juntadeandalucia.es\/ceiplaza\/files\/2022\/03\/Banner-tres-logos-1024x173.jpg 1024w, https:\/\/blogsaverroes.juntadeandalucia.es\/ceiplaza\/files\/2022\/03\/Banner-tres-logos-768x129.jpg 768w, https:\/\/blogsaverroes.juntadeandalucia.es\/ceiplaza\/files\/2022\/03\/Banner-tres-logos-700x118.jpg 700w\" sizes=\"(max-width: 1175px) 100vw, 1175px\" \/><\/p>\n<p>&nbsp; &nbsp; &nbsp; &nbsp; &nbsp; &nbsp; &nbsp; &nbsp; &nbsp; &nbsp; &nbsp;<img loading=\"lazy\" decoding=\"async\" class=\"alignnone size-full wp-image-4191\" src=\"https:\/\/blogsaverroes.juntadeandalucia.es\/ceiplaza\/files\/2022\/03\/PactoVG_cabecera_peque1.jpg\" alt=\"\" width=\"399\" height=\"195\" srcset=\"https:\/\/blogsaverroes.juntadeandalucia.es\/ceiplaza\/files\/2022\/03\/PactoVG_cabecera_peque1.jpg 399w, https:\/\/blogsaverroes.juntadeandalucia.es\/ceiplaza\/files\/2022\/03\/PactoVG_cabecera_peque1-300x147.jpg 300w\" sizes=\"(max-width: 399px) 100vw, 399px\" \/><\/p>\n<p><img loading=\"lazy\" decoding=\"async\" class=\"alignnone size-full wp-image-4202\" src=\"https:\/\/blogsaverroes.juntadeandalucia.es\/ceiplaza\/files\/2022\/03\/Financiado.jpeg\" alt=\"\" width=\"1084\" height=\"192\" srcset=\"https:\/\/blogsaverroes.juntadeandalucia.es\/ceiplaza\/files\/2022\/03\/Financiado.jpeg 1084w, https:\/\/blogsaverroes.juntadeandalucia.es\/ceiplaza\/files\/2022\/03\/Financiado-300x53.jpeg 300w, https:\/\/blogsaverroes.juntadeandalucia.es\/ceiplaza\/files\/2022\/03\/Financiado-1024x181.jpeg 1024w, https:\/\/blogsaverroes.juntadeandalucia.es\/ceiplaza\/files\/2022\/03\/Financiado-768x136.jpeg 768w, https:\/\/blogsaverroes.juntadeandalucia.es\/ceiplaza\/files\/2022\/03\/Financiado-700x124.jpeg 700w\" sizes=\"(max-width: 1084px) 100vw, 1084px\" \/><\/p>\n<h3>&nbsp;<\/h3>\n<h3><strong><span class=\"s2\">D\u00cdA DEL FLAMENCO (16 de noviembre)<\/span><\/strong><\/h3>\n<p><span class=\"s2\"><img loading=\"lazy\" decoding=\"async\" class=\"alignnone wp-image-4209\" src=\"https:\/\/blogsaverroes.juntadeandalucia.es\/ceiplaza\/files\/2022\/03\/Captura-de-pantalla-2022-03-13-a-las-11.22.52.png\" alt=\"\" width=\"197\" height=\"300\" srcset=\"https:\/\/blogsaverroes.juntadeandalucia.es\/ceiplaza\/files\/2022\/03\/Captura-de-pantalla-2022-03-13-a-las-11.22.52.png 557w, https:\/\/blogsaverroes.juntadeandalucia.es\/ceiplaza\/files\/2022\/03\/Captura-de-pantalla-2022-03-13-a-las-11.22.52-197x300.png 197w\" sizes=\"(max-width: 197px) 100vw, 197px\" \/><img loading=\"lazy\" decoding=\"async\" class=\"alignnone size-full wp-image-4210\" src=\"https:\/\/blogsaverroes.juntadeandalucia.es\/ceiplaza\/files\/2022\/03\/Captura-de-pantalla-2022-03-13-a-las-11.21.42-e1647167276833.png\" alt=\"\" width=\"912\" height=\"272\" srcset=\"https:\/\/blogsaverroes.juntadeandalucia.es\/ceiplaza\/files\/2022\/03\/Captura-de-pantalla-2022-03-13-a-las-11.21.42-e1647167276833.png 912w, https:\/\/blogsaverroes.juntadeandalucia.es\/ceiplaza\/files\/2022\/03\/Captura-de-pantalla-2022-03-13-a-las-11.21.42-e1647167276833-300x89.png 300w, https:\/\/blogsaverroes.juntadeandalucia.es\/ceiplaza\/files\/2022\/03\/Captura-de-pantalla-2022-03-13-a-las-11.21.42-e1647167276833-768x229.png 768w, https:\/\/blogsaverroes.juntadeandalucia.es\/ceiplaza\/files\/2022\/03\/Captura-de-pantalla-2022-03-13-a-las-11.21.42-e1647167276833-700x209.png 700w\" sizes=\"(max-width: 912px) 100vw, 912px\" \/><\/span><\/p>\n<p><span class=\"s2\">Realizamos un estudio de investigaci\u00f3n y biogr\u00e1fico sobre mujeres que hicieron historia en el mundo del flamenco.<\/span><\/p>\n<p>&nbsp;<\/p>\n<h3><strong>25 N<\/strong><\/h3>\n<div id=\"attachment_4212\" style=\"width: 337px\" class=\"wp-caption alignnone\"><img loading=\"lazy\" decoding=\"async\" aria-describedby=\"caption-attachment-4212\" class=\" wp-image-4212\" src=\"https:\/\/blogsaverroes.juntadeandalucia.es\/ceiplaza\/files\/2022\/03\/25-11-21Marrero0106.jpg\" alt=\"\" width=\"327\" height=\"218\" srcset=\"https:\/\/blogsaverroes.juntadeandalucia.es\/ceiplaza\/files\/2022\/03\/25-11-21Marrero0106.jpg 1200w, https:\/\/blogsaverroes.juntadeandalucia.es\/ceiplaza\/files\/2022\/03\/25-11-21Marrero0106-300x200.jpg 300w, https:\/\/blogsaverroes.juntadeandalucia.es\/ceiplaza\/files\/2022\/03\/25-11-21Marrero0106-1024x683.jpg 1024w, https:\/\/blogsaverroes.juntadeandalucia.es\/ceiplaza\/files\/2022\/03\/25-11-21Marrero0106-768x512.jpg 768w, https:\/\/blogsaverroes.juntadeandalucia.es\/ceiplaza\/files\/2022\/03\/25-11-21Marrero0106-700x467.jpg 700w\" sizes=\"(max-width: 327px) 100vw, 327px\" \/><p id=\"caption-attachment-4212\" class=\"wp-caption-text\">Rincon de la Victoria. DIA CONTRA LA VIOLENCIA DE GENERO&nbsp;<\/p><\/div>\n<p><strong>Algunas clases participaron en la Marcha Pac\u00edfica organizada por el Ayuntamiento de nuestro municipio, portando pancartas con distintos lemas cuyo objetivo era el mismo de la marcha: decir \u201cNO a la violencia de g\u00e9nero\u201d.<\/strong><\/p>\n<p><img loading=\"lazy\" decoding=\"async\" class=\"alignnone size-full wp-image-4213\" src=\"https:\/\/blogsaverroes.juntadeandalucia.es\/ceiplaza\/files\/2022\/03\/20211125_131612-scaled-e1647167879640.jpg\" alt=\"\" width=\"1524\" height=\"246\" srcset=\"https:\/\/blogsaverroes.juntadeandalucia.es\/ceiplaza\/files\/2022\/03\/20211125_131612-scaled-e1647167879640.jpg 1524w, https:\/\/blogsaverroes.juntadeandalucia.es\/ceiplaza\/files\/2022\/03\/20211125_131612-scaled-e1647167879640-300x48.jpg 300w, https:\/\/blogsaverroes.juntadeandalucia.es\/ceiplaza\/files\/2022\/03\/20211125_131612-scaled-e1647167879640-1024x165.jpg 1024w, https:\/\/blogsaverroes.juntadeandalucia.es\/ceiplaza\/files\/2022\/03\/20211125_131612-scaled-e1647167879640-768x124.jpg 768w, https:\/\/blogsaverroes.juntadeandalucia.es\/ceiplaza\/files\/2022\/03\/20211125_131612-scaled-e1647167879640-700x113.jpg 700w\" sizes=\"(max-width: 1524px) 100vw, 1524px\" \/><\/p>\n<p><strong>Asimismo, en el centro trabajamos en torno a la canci\u00f3n Mariposas de la cordobesa Sara Villafuerte (Sara Bandas). Realizamos un mural con mariposas en las que cada alumno previamente ha escrito palabras alusivas al mensaje transmitido por la canci\u00f3n.<\/strong><\/p>\n<p><iframe loading=\"lazy\" src=\"\/\/www.youtube.com\/embed\/2UwQ-oZZ31Y\" width=\"560\" height=\"314\"><\/iframe><\/p>\n<p><strong>Por \u00faltimo, cantamos todos juntos la canci\u00f3n en un acto com\u00fan.<\/strong><\/p>\n<p>&nbsp;<\/p>\n<h3><strong>MUJER EN LA CIENCIA (11 febrero)<\/strong><\/h3>\n<p>&nbsp;<\/p>\n<p><strong>Algunas clases participaron en la actividad \u201cEncuentro con cient\u00edficas\u201d: charla que tuvo lugar en streaming con Cient\u00edficas del Parque de las Ciencias de Granada.<\/strong><\/p>\n<p><strong> <img loading=\"lazy\" decoding=\"async\" class=\"alignnone wp-image-4224\" src=\"https:\/\/blogsaverroes.juntadeandalucia.es\/ceiplaza\/files\/2022\/03\/20220314_075021-scaled-e1647242600945.jpg\" alt=\"\" width=\"576\" height=\"60\" srcset=\"https:\/\/blogsaverroes.juntadeandalucia.es\/ceiplaza\/files\/2022\/03\/20220314_075021-scaled-e1647242600945.jpg 1564w, https:\/\/blogsaverroes.juntadeandalucia.es\/ceiplaza\/files\/2022\/03\/20220314_075021-scaled-e1647242600945-300x31.jpg 300w, https:\/\/blogsaverroes.juntadeandalucia.es\/ceiplaza\/files\/2022\/03\/20220314_075021-scaled-e1647242600945-1024x107.jpg 1024w, https:\/\/blogsaverroes.juntadeandalucia.es\/ceiplaza\/files\/2022\/03\/20220314_075021-scaled-e1647242600945-768x80.jpg 768w, https:\/\/blogsaverroes.juntadeandalucia.es\/ceiplaza\/files\/2022\/03\/20220314_075021-scaled-e1647242600945-1536x160.jpg 1536w, https:\/\/blogsaverroes.juntadeandalucia.es\/ceiplaza\/files\/2022\/03\/20220314_075021-scaled-e1647242600945-700x73.jpg 700w\" sizes=\"(max-width: 576px) 100vw, 576px\" \/><\/strong><\/p>\n<p><strong>Asimismo, conocimos en clase el trabajo de importantes mujeres cient\u00edficas tanto nacionales como internacionales.&nbsp; Por \u00faltimo, creamos un mural entre todas las cient\u00edficas estudiadas.<\/strong><\/p>\n<p>&nbsp;<\/p>\n<h3><strong>8 M<\/strong><\/h3>\n\n\t\t<style>\n\t\t\t#gallery-1 {\n\t\t\t\tmargin: auto;\n\t\t\t}\n\t\t\t#gallery-1 .gallery-item {\n\t\t\t\tfloat: left;\n\t\t\t\tmargin-top: 10px;\n\t\t\t\ttext-align: center;\n\t\t\t\twidth: 50%;\n\t\t\t}\n\t\t\t#gallery-1 img {\n\t\t\t\tborder: 2px solid #cfcfcf;\n\t\t\t}\n\t\t\t#gallery-1 .gallery-caption {\n\t\t\t\tmargin-left: 0;\n\t\t\t}\n\t\t\t\/* see gallery_shortcode() in wp-includes\/media.php *\/\n\t\t<\/style>\n\t\t<div id='gallery-1' class='gallery galleryid-2910 gallery-columns-2 gallery-size-thumbnail'><dl class='gallery-item'>\n\t\t\t<dt class='gallery-icon landscape'>\n\t\t\t\t<a href='https:\/\/blogsaverroes.juntadeandalucia.es\/ceiplaza\/blog-profesores\/20220311_130043\/'><img loading=\"lazy\" decoding=\"async\" width=\"150\" height=\"150\" src=\"https:\/\/blogsaverroes.juntadeandalucia.es\/ceiplaza\/files\/2022\/03\/20220311_130043-150x150.jpg\" class=\"attachment-thumbnail size-thumbnail\" alt=\"\" srcset=\"https:\/\/blogsaverroes.juntadeandalucia.es\/ceiplaza\/files\/2022\/03\/20220311_130043-150x150.jpg 150w, https:\/\/blogsaverroes.juntadeandalucia.es\/ceiplaza\/files\/2022\/03\/20220311_130043-432x432.jpg 432w, https:\/\/blogsaverroes.juntadeandalucia.es\/ceiplaza\/files\/2022\/03\/20220311_130043-268x268.jpg 268w\" sizes=\"(max-width: 150px) 100vw, 150px\" \/><\/a>\n\t\t\t<\/dt><\/dl><dl class='gallery-item'>\n\t\t\t<dt class='gallery-icon landscape'>\n\t\t\t\t<a href='https:\/\/blogsaverroes.juntadeandalucia.es\/ceiplaza\/blog-profesores\/20220311_130147\/'><img loading=\"lazy\" decoding=\"async\" width=\"150\" height=\"150\" src=\"https:\/\/blogsaverroes.juntadeandalucia.es\/ceiplaza\/files\/2022\/03\/20220311_130147-150x150.jpg\" class=\"attachment-thumbnail size-thumbnail\" alt=\"\" srcset=\"https:\/\/blogsaverroes.juntadeandalucia.es\/ceiplaza\/files\/2022\/03\/20220311_130147-150x150.jpg 150w, https:\/\/blogsaverroes.juntadeandalucia.es\/ceiplaza\/files\/2022\/03\/20220311_130147-432x432.jpg 432w, https:\/\/blogsaverroes.juntadeandalucia.es\/ceiplaza\/files\/2022\/03\/20220311_130147-268x268.jpg 268w\" sizes=\"(max-width: 150px) 100vw, 150px\" \/><\/a>\n\t\t\t<\/dt><\/dl><br style=\"clear: both\" \/><dl class='gallery-item'>\n\t\t\t<dt class='gallery-icon landscape'>\n\t\t\t\t<a href='https:\/\/blogsaverroes.juntadeandalucia.es\/ceiplaza\/blog-profesores\/20220311_130211\/'><img loading=\"lazy\" decoding=\"async\" width=\"150\" height=\"150\" src=\"https:\/\/blogsaverroes.juntadeandalucia.es\/ceiplaza\/files\/2022\/03\/20220311_130211-150x150.jpg\" class=\"attachment-thumbnail size-thumbnail\" alt=\"\" srcset=\"https:\/\/blogsaverroes.juntadeandalucia.es\/ceiplaza\/files\/2022\/03\/20220311_130211-150x150.jpg 150w, https:\/\/blogsaverroes.juntadeandalucia.es\/ceiplaza\/files\/2022\/03\/20220311_130211-432x432.jpg 432w, https:\/\/blogsaverroes.juntadeandalucia.es\/ceiplaza\/files\/2022\/03\/20220311_130211-268x268.jpg 268w\" sizes=\"(max-width: 150px) 100vw, 150px\" \/><\/a>\n\t\t\t<\/dt><\/dl><dl class='gallery-item'>\n\t\t\t<dt class='gallery-icon landscape'>\n\t\t\t\t<a href='https:\/\/blogsaverroes.juntadeandalucia.es\/ceiplaza\/blog-profesores\/20220311_130423\/'><img loading=\"lazy\" decoding=\"async\" width=\"150\" height=\"150\" src=\"https:\/\/blogsaverroes.juntadeandalucia.es\/ceiplaza\/files\/2022\/03\/20220311_130423-150x150.jpg\" class=\"attachment-thumbnail size-thumbnail\" alt=\"\" srcset=\"https:\/\/blogsaverroes.juntadeandalucia.es\/ceiplaza\/files\/2022\/03\/20220311_130423-150x150.jpg 150w, https:\/\/blogsaverroes.juntadeandalucia.es\/ceiplaza\/files\/2022\/03\/20220311_130423-432x432.jpg 432w, https:\/\/blogsaverroes.juntadeandalucia.es\/ceiplaza\/files\/2022\/03\/20220311_130423-268x268.jpg 268w\" sizes=\"(max-width: 150px) 100vw, 150px\" \/><\/a>\n\t\t\t<\/dt><\/dl><br style=\"clear: both\" \/>\n\t\t<\/div>\n\n<p><strong>Trabajamos la vida y obra de Frida Kahlo. Como actividad conjunta, creamos entre todos el retrato de Frida Kahlo, realizando cada uno una flor para formar el cabello.<\/strong><\/p>\n<p>&nbsp; &nbsp; &nbsp; &nbsp; &nbsp; &nbsp; &nbsp; &nbsp; &nbsp; &nbsp; &nbsp; &nbsp; &nbsp; &nbsp; &nbsp; &nbsp;<img loading=\"lazy\" decoding=\"async\" class=\"alignnone wp-image-4225\" src=\"https:\/\/blogsaverroes.juntadeandalucia.es\/ceiplaza\/files\/2022\/03\/20220314_075113-scaled.jpg\" alt=\"\" width=\"317\" height=\"178\" srcset=\"https:\/\/blogsaverroes.juntadeandalucia.es\/ceiplaza\/files\/2022\/03\/20220314_075113-scaled.jpg 1600w, https:\/\/blogsaverroes.juntadeandalucia.es\/ceiplaza\/files\/2022\/03\/20220314_075113-300x169.jpg 300w, https:\/\/blogsaverroes.juntadeandalucia.es\/ceiplaza\/files\/2022\/03\/20220314_075113-1024x576.jpg 1024w, https:\/\/blogsaverroes.juntadeandalucia.es\/ceiplaza\/files\/2022\/03\/20220314_075113-768x432.jpg 768w, https:\/\/blogsaverroes.juntadeandalucia.es\/ceiplaza\/files\/2022\/03\/20220314_075113-1536x864.jpg 1536w, https:\/\/blogsaverroes.juntadeandalucia.es\/ceiplaza\/files\/2022\/03\/20220314_075113-2048x1152.jpg 2048w, https:\/\/blogsaverroes.juntadeandalucia.es\/ceiplaza\/files\/2022\/03\/20220314_075113-700x393.jpg 700w\" sizes=\"(max-width: 317px) 100vw, 317px\" \/><\/p>\n<p><strong>Tambi\u00e9n, aprovechando el t\u00e9rmino \u201cinfluencer\u201d, tan de moda \u00faltimamente debido a las redes sociales, hemos querido darle un uso positivo y trasladarlo a la b\u00fasqueda y reconocimiento de \u201cMujeres influyentes\u201d de nuestro entorno. El alumnado ha realizado un breve trabajo con forma de bander\u00edn sobre mujeres influyentes para ellos, bien de su entorno m\u00e1s cercano, bien mujeres famosas. Decoramos nuestros pasillos con todos los banderines de nuestras mujeres influyentes. <\/strong><\/p>\n<p>&nbsp; &nbsp; &nbsp; &nbsp; &nbsp; &nbsp; &nbsp; &nbsp; &nbsp; &nbsp;<img loading=\"lazy\" decoding=\"async\" class=\"alignnone wp-image-4226\" src=\"https:\/\/blogsaverroes.juntadeandalucia.es\/ceiplaza\/files\/2022\/03\/20220314_075212-scaled-e1647242839109.jpg\" alt=\"\" width=\"404\" height=\"313\" srcset=\"https:\/\/blogsaverroes.juntadeandalucia.es\/ceiplaza\/files\/2022\/03\/20220314_075212-scaled-e1647242839109.jpg 1064w, https:\/\/blogsaverroes.juntadeandalucia.es\/ceiplaza\/files\/2022\/03\/20220314_075212-scaled-e1647242839109-300x232.jpg 300w, https:\/\/blogsaverroes.juntadeandalucia.es\/ceiplaza\/files\/2022\/03\/20220314_075212-scaled-e1647242839109-1024x793.jpg 1024w, https:\/\/blogsaverroes.juntadeandalucia.es\/ceiplaza\/files\/2022\/03\/20220314_075212-scaled-e1647242839109-768x595.jpg 768w, https:\/\/blogsaverroes.juntadeandalucia.es\/ceiplaza\/files\/2022\/03\/20220314_075212-scaled-e1647242839109-700x542.jpg 700w\" sizes=\"(max-width: 404px) 100vw, 404px\" \/><\/p>\n<p><strong>Concurso: \u201cEl personaje secreto\u201d<\/strong><\/p>\n<h3><strong>Salida al teatro \u00abCris, peque\u00f1a&nbsp;<\/strong><b>valiente\u00bb.<\/b><\/h3>\n<p>&nbsp;<\/p>\n<p>Enmarcado dentro del Plan de Igualdad hemos visitado el teatro del Soho para ver \u00abCris, peque\u00f1a valiente\u00bb. Una preciosa y delicada obra de t\u00edteres de la compa\u00f1\u00eda\u00bbEspejo Negro\u00bb, que ha recibido numerosos premios. Los ni\u00f1@s disfrutaron mucho con ella, y el profesorado tambi\u00e9n.<\/p>\n<p>&nbsp; &nbsp; &nbsp; &nbsp; &nbsp; &nbsp; &nbsp; &nbsp; &nbsp; &nbsp; &nbsp; &nbsp;<img loading=\"lazy\" decoding=\"async\" class=\"wp-image-4702 size-medium aligncenter\" src=\"https:\/\/blogsaverroes.juntadeandalucia.es\/ceiplaza\/files\/2023\/10\/WhatsApp-Image-2023-10-11-at-11.55.14-1-e1697443895878-300x267.jpeg\" alt=\"\" width=\"300\" height=\"267\" srcset=\"https:\/\/blogsaverroes.juntadeandalucia.es\/ceiplaza\/files\/2023\/10\/WhatsApp-Image-2023-10-11-at-11.55.14-1-e1697443895878-300x267.jpeg 300w, https:\/\/blogsaverroes.juntadeandalucia.es\/ceiplaza\/files\/2023\/10\/WhatsApp-Image-2023-10-11-at-11.55.14-1-e1697443895878-768x685.jpeg 768w, https:\/\/blogsaverroes.juntadeandalucia.es\/ceiplaza\/files\/2023\/10\/WhatsApp-Image-2023-10-11-at-11.55.14-1-e1697443895878-700x624.jpeg 700w, https:\/\/blogsaverroes.juntadeandalucia.es\/ceiplaza\/files\/2023\/10\/WhatsApp-Image-2023-10-11-at-11.55.14-1-e1697443895878.jpeg 895w\" sizes=\"(max-width: 300px) 100vw, 300px\" \/>&nbsp; &nbsp; &nbsp;<img loading=\"lazy\" decoding=\"async\" class=\"wp-image-4703 size-medium aligncenter\" src=\"https:\/\/blogsaverroes.juntadeandalucia.es\/ceiplaza\/files\/2023\/10\/WhatsApp-Image-2023-10-11-at-11.55.14-2-e1697444018366-300x289.jpeg\" alt=\"\" width=\"300\" height=\"289\" srcset=\"https:\/\/blogsaverroes.juntadeandalucia.es\/ceiplaza\/files\/2023\/10\/WhatsApp-Image-2023-10-11-at-11.55.14-2-e1697444018366-300x289.jpeg 300w, https:\/\/blogsaverroes.juntadeandalucia.es\/ceiplaza\/files\/2023\/10\/WhatsApp-Image-2023-10-11-at-11.55.14-2-e1697444018366-768x741.jpeg 768w, https:\/\/blogsaverroes.juntadeandalucia.es\/ceiplaza\/files\/2023\/10\/WhatsApp-Image-2023-10-11-at-11.55.14-2-e1697444018366-700x675.jpeg 700w, https:\/\/blogsaverroes.juntadeandalucia.es\/ceiplaza\/files\/2023\/10\/WhatsApp-Image-2023-10-11-at-11.55.14-2-e1697444018366.jpeg 900w\" sizes=\"(max-width: 300px) 100vw, 300px\" \/><\/p>\n","protected":false},"excerpt":{"rendered":"<p>&nbsp; &nbsp; &nbsp; &nbsp; &nbsp; &nbsp; &nbsp; &nbsp; &nbsp; &nbsp; &nbsp; &nbsp; D\u00cdA DEL FLAMENCO (16 de noviembre) Realizamos un estudio de investigaci\u00f3n y biogr\u00e1fico sobre mujeres que hicieron historia en el mundo del&#46;&#46;&#46;<\/p>\n","protected":false},"author":6728,"featured_media":0,"parent":0,"menu_order":0,"comment_status":"closed","ping_status":"closed","template":"","meta":{"footnotes":""},"aioseo_notices":[],"_links":{"self":[{"href":"https:\/\/blogsaverroes.juntadeandalucia.es\/ceiplaza\/wp-json\/wp\/v2\/pages\/2910"}],"collection":[{"href":"https:\/\/blogsaverroes.juntadeandalucia.es\/ceiplaza\/wp-json\/wp\/v2\/pages"}],"about":[{"href":"https:\/\/blogsaverroes.juntadeandalucia.es\/ceiplaza\/wp-json\/wp\/v2\/types\/page"}],"author":[{"embeddable":true,"href":"https:\/\/blogsaverroes.juntadeandalucia.es\/ceiplaza\/wp-json\/wp\/v2\/users\/6728"}],"replies":[{"embeddable":true,"href":"https:\/\/blogsaverroes.juntadeandalucia.es\/ceiplaza\/wp-json\/wp\/v2\/comments?post=2910"}],"version-history":[{"count":13,"href":"https:\/\/blogsaverroes.juntadeandalucia.es\/ceiplaza\/wp-json\/wp\/v2\/pages\/2910\/revisions"}],"predecessor-version":[{"id":4704,"href":"https:\/\/blogsaverroes.juntadeandalucia.es\/ceiplaza\/wp-json\/wp\/v2\/pages\/2910\/revisions\/4704"}],"wp:attachment":[{"href":"https:\/\/blogsaverroes.juntadeandalucia.es\/ceiplaza\/wp-json\/wp\/v2\/media?parent=2910"}],"curies":[{"name":"wp","href":"https:\/\/api.w.org\/{rel}","templated":true}]}}