{"id":35,"date":"2015-03-13T08:21:43","date_gmt":"2015-03-13T08:21:43","guid":{"rendered":"http:\/\/blogsaverroes.juntadeandalucia.es\/pre\/ceip\/?page_id=35"},"modified":"2025-04-01T17:00:57","modified_gmt":"2025-04-01T15:00:57","slug":"el-centro-2","status":"publish","type":"page","link":"https:\/\/blogsaverroes.juntadeandalucia.es\/ceiplaza\/el-centro-2\/","title":{"rendered":"Datos del centro"},"content":{"rendered":"<h2><strong>Datos de contacto:<\/strong><\/h2>\n<p>&nbsp;<\/p>\n<h3><strong>Direcci\u00f3n:<\/strong> &nbsp;Calle La Escuela n\u00ba1 29730 Rinc\u00f3n de la Victoria M\u00e1laga<\/h3>\n<p>&nbsp;<\/p>\n<h3><strong>Tel\u00e9fonos: &nbsp;951298730 \/ 671596802<\/strong><\/h3>\n<p>&nbsp;<\/p>\n<h3><strong>Email:<\/strong>&nbsp;29602271.edu@juntadeandalucia.es<\/h3>\n<p>&nbsp;<\/p>\n<h2><strong>Horarios del centro:&nbsp;<\/strong><\/h2>\n<p>&nbsp;<\/p>\n<h2>De 7:30 a 17:00<\/h2>\n","protected":false},"excerpt":{"rendered":"<p>Datos de contacto: &nbsp; Direcci\u00f3n: &nbsp;Calle La Escuela n\u00ba1 29730 Rinc\u00f3n de la Victoria M\u00e1laga &nbsp; Tel\u00e9fonos: &nbsp;951298730 \/ 671596802 &nbsp; Email:&nbsp;29602271.edu@juntadeandalucia.es &nbsp; Horarios del centro:&nbsp; &nbsp; De 7:30 a 17:00<\/p>\n","protected":false},"author":1,"featured_media":0,"parent":0,"menu_order":0,"comment_status":"closed","ping_status":"open","template":"","meta":{"footnotes":""},"aioseo_notices":[],"_links":{"self":[{"href":"https:\/\/blogsaverroes.juntadeandalucia.es\/ceiplaza\/wp-json\/wp\/v2\/pages\/35"}],"collection":[{"href":"https:\/\/blogsaverroes.juntadeandalucia.es\/ceiplaza\/wp-json\/wp\/v2\/pages"}],"about":[{"href":"https:\/\/blogsaverroes.juntadeandalucia.es\/ceiplaza\/wp-json\/wp\/v2\/types\/page"}],"author":[{"embeddable":true,"href":"https:\/\/blogsaverroes.juntadeandalucia.es\/ceiplaza\/wp-json\/wp\/v2\/users\/1"}],"replies":[{"embeddable":true,"href":"https:\/\/blogsaverroes.juntadeandalucia.es\/ceiplaza\/wp-json\/wp\/v2\/comments?post=35"}],"version-history":[{"count":19,"href":"https:\/\/blogsaverroes.juntadeandalucia.es\/ceiplaza\/wp-json\/wp\/v2\/pages\/35\/revisions"}],"predecessor-version":[{"id":5074,"href":"https:\/\/blogsaverroes.juntadeandalucia.es\/ceiplaza\/wp-json\/wp\/v2\/pages\/35\/revisions\/5074"}],"wp:attachment":[{"href":"https:\/\/blogsaverroes.juntadeandalucia.es\/ceiplaza\/wp-json\/wp\/v2\/media?parent=35"}],"curies":[{"name":"wp","href":"https:\/\/api.w.org\/{rel}","templated":true}]}}