{"id":4230,"date":"2022-03-24T13:50:37","date_gmt":"2022-03-24T12:50:37","guid":{"rendered":"https:\/\/blogsaverroes.juntadeandalucia.es\/ceiplaza\/?page_id=4230"},"modified":"2025-03-25T08:06:33","modified_gmt":"2025-03-25T07:06:33","slug":"bilinguismo","status":"publish","type":"page","link":"https:\/\/blogsaverroes.juntadeandalucia.es\/ceiplaza\/bilinguismo\/","title":{"rendered":"Biling\u00fcismo"},"content":{"rendered":"<h3><img loading=\"lazy\" decoding=\"async\" class=\"size-full wp-image-4573 alignright\" style=\"font-family: Oswald, sans-serif;font-size: 24px;font-style: normal\" src=\"https:\/\/blogsaverroes.juntadeandalucia.es\/ceiplaza\/files\/2023\/03\/uni\u00f3n-europea.png\" alt=\"\" width=\"84\" height=\"72\"\/><img loading=\"lazy\" decoding=\"async\" class=\"size-full wp-image-4572 alignright\" src=\"https:\/\/blogsaverroes.juntadeandalucia.es\/ceiplaza\/files\/2023\/03\/Andaluc\u00eda-europa.png\" alt=\"\" width=\"83\" height=\"41\"\/>&nbsp; &nbsp; &nbsp; <img loading=\"lazy\" decoding=\"async\" class=\"alignnone wp-image-4571\" src=\"https:\/\/blogsaverroes.juntadeandalucia.es\/ceiplaza\/files\/2023\/03\/junta-de-andaluc\u00eda.jpg\" alt=\"\" width=\"215\" height=\"130\"\/>&nbsp;<\/h3>\n<p style=\"text-align: left\"><strong>Consejer\u00eda de Desarrollo Educativo y Formaci\u00f3n Profesional<\/strong><\/p>\n<p style=\"text-align: left\">Direcci\u00f3n General de Tecnolog\u00edas Avanzadas y Transformaci\u00f3n Educativa<\/p>\n<p style=\"text-align: left\">Servicio de Programas Educativos Internacionales<\/p>\n<p>&nbsp;<\/p>\n<h3 style=\"font-style: normal\"><img loading=\"lazy\" decoding=\"async\" class=\" wp-image-2399 aligncenter\" src=\"https:\/\/blogsaverroes.juntadeandalucia.es\/ceiplaza\/files\/2018\/11\/Foto-Manuel-Laza-Palacio.jpg\" alt=\"\" width=\"294\" height=\"190\"\/><\/h3>\n<h3 style=\"font-weight: 400;text-align: center\"><strong>FICHA INFORMATIVA PARA AUXILIARES DE CONVERSACI\u00d3N<\/strong><img loading=\"lazy\" decoding=\"async\" class=\"wp-image-4576 aligncenter\" src=\"https:\/\/blogsaverroes.juntadeandalucia.es\/ceiplaza\/files\/2023\/03\/Auxiliare-de-conversaci\u00f3n.png\" alt=\"\" width=\"109\" height=\"104\"\/><\/h3>\n<p>&nbsp;<\/p>\n<p>&nbsp;<\/p>\n<table style=\"width: 100%;height: 2149px\" width=\"656\">\n<tbody>\n<tr style=\"height: 451px\">\n<td style=\"height: 451px;width: 41.543124%\" width=\"252\"><strong>DATOS DEL CENTRO<\/strong><\/td>\n<td style=\"height: 451px;width: 58.305361%\" width=\"404\">\n<p style=\"text-align: left\">&#8211; Denominaci\u00f3n del centro<strong>:<\/strong><\/p>\n<p style=\"text-align: left\"><strong>&nbsp;&nbsp;&nbsp; CEIP Manuel Laza Palacio<\/strong><\/p>\n<p style=\"text-align: left\">&#8211; Direcci\u00f3n:<\/p>\n<p style=\"text-align: left\">&nbsp;&nbsp;&nbsp; <strong>Calle Escuela, n\u00b01, 29730 Rinc\u00f3n de la Victoria, M\u00e1laga<\/strong><\/p>\n<p style=\"text-align: left\">&#8211; N\u00famero de tel\u00e9fono:<\/p>\n<p style=\"text-align: left\"><strong>&nbsp;&nbsp; 951298731<\/strong><\/p>\n<p style=\"text-align: left\">&#8211; Correo electr\u00f3nico:<\/p>\n<p style=\"text-align: left\"><strong><u>&nbsp;&nbsp; <a href=\"mailto:29602271.edu@juntadeandalucia.es\">29602271.edu@juntadeandalucia.es<\/a>&nbsp; <\/u><\/strong><\/p>\n<p style=\"text-align: left\">-Enlace de la localizaci\u00f3n en Google Maps:&nbsp;&nbsp;&nbsp;&nbsp;&nbsp; <u><a href=\"https:\/\/goo.gl\/maps\/vkgQaSxw6LrnHRLc7\">https:\/\/goo.gl\/maps\/vkgQaSxw6LrnHRLc<\/a><\/u><\/p>\n<\/td>\n<\/tr>\n<tr style=\"height: 96px\">\n<td style=\"height: 96px;width: 41.543124%\" width=\"252\"><strong>Nivel educativo<\/strong><\/td>\n<td style=\"height: 96px;width: 58.305361%\" width=\"404\">\n<p style=\"text-align: left\">&#8211; <strong>Educaci\u00f3n Infantil (<\/strong><strong>3 a 5 a\u00f1os)<\/strong><\/p>\n<p style=\"text-align: left\"><strong>&#8211; Ed. Primaria (<\/strong><strong>6-12 a\u00f1os)<\/strong><\/p>\n<\/td>\n<\/tr>\n<tr style=\"height: 240px\">\n<td style=\"height: 240px;width: 41.543124%\" width=\"252\"><strong>Contacto de la\/las persona\/s de referencia<\/strong><\/td>\n<td style=\"height: 240px;width: 58.305361%\" width=\"404\">\n<p style=\"text-align: left\">&#8211; Correo de la Directora:<\/p>\n<p style=\"text-align: left\">29602271.edu@juntadeandalucia.es<\/p>\n<p style=\"text-align: left\">&#8211; Correo de la persona coordinadora del programa:<\/p>\n<p style=\"text-align: left\">29602271.edu@juntadeandalucia.es<\/p>\n<\/td>\n<\/tr>\n<tr style=\"height: 72px\">\n<td style=\"height: 72px;width: 41.543124%\" width=\"252\"><strong>Materias\/m\u00f3dulos de colaboraci\u00f3n del Auxiliar de Conversaci\u00f3n<\/strong><\/td>\n<td style=\"height: 72px;width: 58.305361%;text-align: left\" width=\"404\"><strong>NATURAL Y SOCIAL 1\u00ba A 6\u00ba Educaci\u00f3n Primaria<\/strong><\/td>\n<\/tr>\n<tr style=\"height: 175px\">\n<td style=\"height: 175px;width: 41.543124%\" width=\"252\"><strong>Normativa, recursos y materiales para la colaboraci\u00f3n del auxiliar <\/strong><\/td>\n<td style=\"height: 175px;width: 58.305361%;text-align: left\" width=\"404\">&#8211;&nbsp; <a href=\"https:\/\/blogsaverroes.juntadeandalucia.es\/ceiplaza\/\">web del CEIP MANUEL LAZA PALACIO<\/a><\/p>\n<p>&nbsp;<\/td>\n<\/tr>\n<tr style=\"height: 336px\">\n<td style=\"height: 336px;width: 41.543124%\" width=\"252\"><strong>&nbsp;<\/strong><\/p>\n<p><strong>&nbsp;<\/strong><\/p>\n<p><strong>Informaci\u00f3n sobre la localidad y\/o barrio (v\u00eddeo)<\/strong><\/td>\n<td style=\"height: 336px;width: 58.305361%\" width=\"404\">&nbsp;<\/p>\n<p>&nbsp;<\/p>\n<p style=\"text-align: left\"><a href=\"https:\/\/www.turismoenrincon.es\/\">Enlace a turismo Rinc\u00f3n<\/a><\/p>\n<p style=\"text-align: left\">&nbsp;<\/p>\n<p style=\"text-align: left\"><a href=\"https:\/\/youtu.be\/hHKSN1pQ_a0\">V\u00eddeo Promocional Rinc\u00f3n de la Victoria<\/a><\/p>\n<p style=\"text-align: left\">&nbsp;<\/p>\n<p style=\"text-align: left\"><a href=\"https:\/\/youtu.be\/b2fbxDJvz1w\">Video promocional Rinc\u00f3n de Victoria FITUR 2022<\/a><\/p>\n<\/td>\n<\/tr>\n<tr style=\"height: 192px\">\n<td style=\"height: 192px;width: 41.543124%\" width=\"252\"><strong>Desplazarse al centro educativo\/ localidad (v\u00eddeo)<\/strong><\/td>\n<td style=\"height: 192px;width: 58.305361%\" width=\"404\">\n<p style=\"text-align: left\">&#8211; Horarios de transporte p\u00fablico.<\/p>\n<p style=\"text-align: left\"><a href=\"https:\/\/www.rincondelavictoria.es\/transporte-publico-urbano-de-viajeros\">-Transporte p\u00fablico Rinc\u00f3n de la Victoria<\/a><\/p>\n<p style=\"text-align: left\"><a href=\"https:\/\/www.turismoenrincon.es\/transporte-publico\/\">-Transporte p\u00fablico con el \u00e1rea metropolitana de&nbsp; M\u00e1laga<\/a><\/p>\n<\/td>\n<\/tr>\n<tr style=\"height: 240px\">\n<td style=\"height: 240px;width: 41.543124%\" width=\"252\"><strong>Alojamiento (v\u00eddeo)<\/strong><\/p>\n<p>&#8211; \u00bfD\u00f3nde vivir en la localidad?<\/p>\n<p>&#8211; \u00bfPosibilidad de alojarse con alguna familia?<\/p>\n<p>&#8211; \u00bfPosibilidad de compartir piso con docentes o con otros AACC?<\/td>\n<td style=\"height: 240px;width: 58.305361%\" width=\"404\">\n<p style=\"text-align: left\">Enlaces webs de alquiler<\/p>\n<p style=\"text-align: left\"><a href=\"https:\/\/www.idealista.com\/venta-viviendas\/rincon-de-la-victoria-malaga\/con-pisos,chalets\/?xtor=SEC-246-GOO-%5Bcom-ES-DSA-venta-Malaga%5D-%5B491088694001%5D-S-%5B%5D&amp;gclid=Cj0KCQiAx6ugBhCcARIsAGNmMbg5giExS9P6SGEjOdW5SkaEmZGaVl6U5ePLHILBnPgD9frRFU9WVggaArmCEALw_wcB\">-Idealista<\/a><\/p>\n<p style=\"text-align: left\">&nbsp;<\/p>\n<p style=\"text-align: left\"><strong>Importante<\/strong>: Precisar el coste aproximado de cada opci\u00f3n.<\/p>\n<\/td>\n<\/tr>\n<tr style=\"height: 107px\">\n<td style=\"height: 107px;width: 41.543124%\" width=\"252\"><strong>Contacto con otros auxiliares y auxiliar tutor\/mentor<\/strong><\/p>\n<p><strong>&nbsp;<\/strong><\/td>\n<td style=\"height: 107px;width: 58.305361%\" width=\"404\">&nbsp;<\/td>\n<\/tr>\n<tr style=\"height: 240px\">\n<td style=\"height: 240px;width: 41.543124%\" width=\"252\"><strong>Experiencias previas con auxiliares de conversaci\u00f3n y experiencia personal del auxiliar<\/strong><\/td>\n<td style=\"height: 240px;width: 58.305361%\" width=\"404\">\n<p style=\"text-align: left\">Ejemplos:<\/p>\n<p style=\"text-align: left\">&#8211; <a href=\"http:\/\/alinguistico.blogspot.com\/2021\/05\/despedida-de-nuestro-auxiliar-alex.html\">Blog de Pilar Torres <\/a><\/p>\n<p style=\"text-align: left\">&#8211; <a href=\"https:\/\/chmntr.com\/life-as-an-auxiliar-de-conversacion-part-1\/%20https:\/sites.google.com\/iesvalledelazahar.com\/bilingual\/our-language-assistants?authuser=0\">Blog del IES Valle del&nbsp; Azahar \u201cBilingual Azahar\u201d<\/a><\/p>\n<p style=\"text-align: left\">&#8211; <a href=\"https:\/\/www.youtube.com\/watch?v=IEuAiJcQKzI\">V\u00eddeo del auxiliar Benjam\u00edn Burton \u201cLate for work\u201d<\/a><\/p>\n<p style=\"text-align: left\">&nbsp;<\/p>\n<\/td>\n<\/tr>\n<\/tbody>\n<\/table>\n<p>&nbsp;<\/p>\n<p><img loading=\"lazy\" decoding=\"async\" class=\"alignnone wp-image-4586\" src=\"https:\/\/blogsaverroes.juntadeandalucia.es\/ceiplaza\/files\/2023\/03\/Imagen-de-C__fakepath_PLAN_DE_CENTRO_2022-23-2-3.png\" alt=\"\" width=\"281\" height=\"211\" srcset=\"https:\/\/blogsaverroes.juntadeandalucia.es\/ceiplaza\/files\/2023\/03\/Imagen-de-C__fakepath_PLAN_DE_CENTRO_2022-23-2-3.png 600w, https:\/\/blogsaverroes.juntadeandalucia.es\/ceiplaza\/files\/2023\/03\/Imagen-de-C__fakepath_PLAN_DE_CENTRO_2022-23-2-3-300x225.png 300w\" sizes=\"(max-width: 281px) 100vw, 281px\" \/> <img loading=\"lazy\" decoding=\"async\" class=\"wp-image-4585 alignright\" src=\"https:\/\/blogsaverroes.juntadeandalucia.es\/ceiplaza\/files\/2023\/03\/Imagen-de-C__fakepath_PLAN_DE_CENTRO_2022-23-2-p\u00e1gina-3.png\" alt=\"\" width=\"333\" height=\"261\" srcset=\"https:\/\/blogsaverroes.juntadeandalucia.es\/ceiplaza\/files\/2023\/03\/Imagen-de-C__fakepath_PLAN_DE_CENTRO_2022-23-2-p\u00e1gina-3.png 690w, https:\/\/blogsaverroes.juntadeandalucia.es\/ceiplaza\/files\/2023\/03\/Imagen-de-C__fakepath_PLAN_DE_CENTRO_2022-23-2-p\u00e1gina-3-300x235.png 300w\" sizes=\"(max-width: 333px) 100vw, 333px\" \/><\/p>\n<p>&nbsp;<\/p>\n<p>&nbsp;<\/p>\n<p>&nbsp;<\/p>\n<p>&nbsp;<\/p>\n","protected":false},"excerpt":{"rendered":"<p>&nbsp; &nbsp; &nbsp; &nbsp; Consejer\u00eda de Desarrollo Educativo y Formaci\u00f3n Profesional Direcci\u00f3n General de Tecnolog\u00edas Avanzadas y Transformaci\u00f3n Educativa Servicio de Programas Educativos Internacionales &nbsp; FICHA INFORMATIVA PARA AUXILIARES DE CONVERSACI\u00d3N &nbsp; &nbsp; DATOS&#46;&#46;&#46;<\/p>\n","protected":false},"author":6728,"featured_media":0,"parent":0,"menu_order":0,"comment_status":"closed","ping_status":"closed","template":"","meta":{"footnotes":""},"aioseo_notices":[],"_links":{"self":[{"href":"https:\/\/blogsaverroes.juntadeandalucia.es\/ceiplaza\/wp-json\/wp\/v2\/pages\/4230"}],"collection":[{"href":"https:\/\/blogsaverroes.juntadeandalucia.es\/ceiplaza\/wp-json\/wp\/v2\/pages"}],"about":[{"href":"https:\/\/blogsaverroes.juntadeandalucia.es\/ceiplaza\/wp-json\/wp\/v2\/types\/page"}],"author":[{"embeddable":true,"href":"https:\/\/blogsaverroes.juntadeandalucia.es\/ceiplaza\/wp-json\/wp\/v2\/users\/6728"}],"replies":[{"embeddable":true,"href":"https:\/\/blogsaverroes.juntadeandalucia.es\/ceiplaza\/wp-json\/wp\/v2\/comments?post=4230"}],"version-history":[{"count":18,"href":"https:\/\/blogsaverroes.juntadeandalucia.es\/ceiplaza\/wp-json\/wp\/v2\/pages\/4230\/revisions"}],"predecessor-version":[{"id":5051,"href":"https:\/\/blogsaverroes.juntadeandalucia.es\/ceiplaza\/wp-json\/wp\/v2\/pages\/4230\/revisions\/5051"}],"wp:attachment":[{"href":"https:\/\/blogsaverroes.juntadeandalucia.es\/ceiplaza\/wp-json\/wp\/v2\/media?parent=4230"}],"curies":[{"name":"wp","href":"https:\/\/api.w.org\/{rel}","templated":true}]}}