{"id":44,"date":"2015-03-13T08:42:15","date_gmt":"2015-03-13T08:42:15","guid":{"rendered":"http:\/\/blogsaverroes.juntadeandalucia.es\/pre\/ceip\/?page_id=44"},"modified":"2025-03-28T13:27:37","modified_gmt":"2025-03-28T12:27:37","slug":"planes-y-proyectos","status":"publish","type":"page","link":"https:\/\/blogsaverroes.juntadeandalucia.es\/ceiplaza\/planes-y-proyectos\/","title":{"rendered":"Planes y Programas"},"content":{"rendered":"<h3><img loading=\"lazy\" decoding=\"async\" class=\"alignnone size-medium wp-image-1667\" src=\"http:\/\/blogsaverroes.juntadeandalucia.es\/temapinboard\/files\/2015\/03\/planes-300x150.png\" alt=\"planes\" width=\"300\" height=\"150\" srcset=\"https:\/\/blogsaverroes.juntadeandalucia.es\/ceiplaza\/files\/2015\/03\/planes-300x150.png 300w, https:\/\/blogsaverroes.juntadeandalucia.es\/ceiplaza\/files\/2015\/03\/planes-332x166.png 332w, https:\/\/blogsaverroes.juntadeandalucia.es\/ceiplaza\/files\/2015\/03\/planes.png 640w\" sizes=\"(max-width: 300px) 100vw, 300px\" \/><\/h3>\n<p>Cada centro personaliza y adapta su Proyecto Educativo adhiri\u00e9ndose a diferentes <strong>Planes y Programas<\/strong> promovidos desde la Consejer\u00eda de Educaci\u00f3n, Cultura y Deporte.<\/p>\n<p>&nbsp;<\/p>\n<p>Nuestros planes y Proyecto:<\/p>\n<p><img loading=\"lazy\" decoding=\"async\" class=\"aligncenter wp-image-4174 size-full\" src=\"https:\/\/blogsaverroes.juntadeandalucia.es\/ceiplaza\/files\/2022\/03\/PLANES-y-PROYECTOS-EDUCATIVOS-e1646133686528.png\" alt=\"\" width=\"1131\" height=\"936\" srcset=\"https:\/\/blogsaverroes.juntadeandalucia.es\/ceiplaza\/files\/2022\/03\/PLANES-y-PROYECTOS-EDUCATIVOS-e1646133686528.png 1131w, https:\/\/blogsaverroes.juntadeandalucia.es\/ceiplaza\/files\/2022\/03\/PLANES-y-PROYECTOS-EDUCATIVOS-e1646133686528-300x248.png 300w, https:\/\/blogsaverroes.juntadeandalucia.es\/ceiplaza\/files\/2022\/03\/PLANES-y-PROYECTOS-EDUCATIVOS-e1646133686528-1024x847.png 1024w, https:\/\/blogsaverroes.juntadeandalucia.es\/ceiplaza\/files\/2022\/03\/PLANES-y-PROYECTOS-EDUCATIVOS-e1646133686528-768x636.png 768w, https:\/\/blogsaverroes.juntadeandalucia.es\/ceiplaza\/files\/2022\/03\/PLANES-y-PROYECTOS-EDUCATIVOS-e1646133686528-700x579.png 700w\" sizes=\"(max-width: 1131px) 100vw, 1131px\" \/><\/p>\n<h3><\/h3>\n<h3>Plan de Centro<\/h3>\n<p><iframe loading=\"lazy\" src=\"https:\/\/drive.google.com\/file\/d\/1w9FEjtMHKCgyAp0l5zaufswDprT0oU0V\/preview\" width=\"640\" height=\"480\"><\/iframe><\/p>\n<h3>Plan de Actuaci\u00f3n Digital<\/h3>\n<p><iframe class=\"wp-embedded-content\" sandbox=\"allow-scripts\" security=\"restricted\" title=\"Uso responsable de equipos y dispositivos\" frameborder='0' width='1200' height='675' src='https:\/\/view.genially.com\/67cab765d7d609452e7407c6#?secret=AUwYDJQR6G' data-secret='AUwYDJQR6G' scrolling='yes'><\/iframe><\/p>\n<p>&nbsp;<\/p>\n","protected":false},"excerpt":{"rendered":"<p>Cada centro personaliza y adapta su Proyecto Educativo adhiri\u00e9ndose a diferentes Planes y Programas promovidos desde la Consejer\u00eda de Educaci\u00f3n, Cultura y Deporte. &nbsp; Nuestros planes y Proyecto: Plan de Centro Plan de Actuaci\u00f3n&#46;&#46;&#46;<\/p>\n","protected":false},"author":1,"featured_media":0,"parent":0,"menu_order":0,"comment_status":"closed","ping_status":"closed","template":"template-full-width.php","meta":{"footnotes":""},"aioseo_notices":[],"_links":{"self":[{"href":"https:\/\/blogsaverroes.juntadeandalucia.es\/ceiplaza\/wp-json\/wp\/v2\/pages\/44"}],"collection":[{"href":"https:\/\/blogsaverroes.juntadeandalucia.es\/ceiplaza\/wp-json\/wp\/v2\/pages"}],"about":[{"href":"https:\/\/blogsaverroes.juntadeandalucia.es\/ceiplaza\/wp-json\/wp\/v2\/types\/page"}],"author":[{"embeddable":true,"href":"https:\/\/blogsaverroes.juntadeandalucia.es\/ceiplaza\/wp-json\/wp\/v2\/users\/1"}],"replies":[{"embeddable":true,"href":"https:\/\/blogsaverroes.juntadeandalucia.es\/ceiplaza\/wp-json\/wp\/v2\/comments?post=44"}],"version-history":[{"count":32,"href":"https:\/\/blogsaverroes.juntadeandalucia.es\/ceiplaza\/wp-json\/wp\/v2\/pages\/44\/revisions"}],"predecessor-version":[{"id":5071,"href":"https:\/\/blogsaverroes.juntadeandalucia.es\/ceiplaza\/wp-json\/wp\/v2\/pages\/44\/revisions\/5071"}],"wp:attachment":[{"href":"https:\/\/blogsaverroes.juntadeandalucia.es\/ceiplaza\/wp-json\/wp\/v2\/media?parent=44"}],"curies":[{"name":"wp","href":"https:\/\/api.w.org\/{rel}","templated":true}]}}