{"id":77,"date":"2015-03-16T06:54:56","date_gmt":"2015-03-16T06:54:56","guid":{"rendered":"http:\/\/blogsaverroes.juntadeandalucia.es\/pre\/ceip\/?page_id=77"},"modified":"2024-11-19T07:37:54","modified_gmt":"2024-11-19T06:37:54","slug":"secretaria","status":"publish","type":"page","link":"https:\/\/blogsaverroes.juntadeandalucia.es\/ceiplaza\/secretaria\/","title":{"rendered":"Secretar\u00eda"},"content":{"rendered":"<p>La <strong>Secretar\u00eda<\/strong> desarrolla muchas funciones importantes en la vida de un centro, especialmente en la relaci\u00f3n que mantiene con las familias en los diferentes tr\u00e1mites administrativos a lo largo de la escolarizaci\u00f3n: admisi\u00f3n, matr\u00edcula, comedor escolar, becas, etc.<\/p>\n<p>Es por esto que la Web, como puerta de entrada y canal de informaci\u00f3n a la comunidad educativa, deber\u00eda informar sobre el horario de la secretar\u00eda, tr\u00e1mites a realizar, plazos, documentaci\u00f3n, etc., con el objetivo de conseguir una mayor <strong>transparencia, agilidad y eficiencia.<\/strong><\/p>\n<h2>Horario de atenci\u00f3n al p\u00fablico<\/h2>\n<p>De 9:15 hasta 11:45<\/p>\n<p>y desde 12:15 hasta 13:45<\/p>\n<h2>Contacto con Secretar\u00eda del Centro<\/h2>\n<p>Tel\u00e9fonos: 951 29 87 31&nbsp; &#8211; 671 59 68 02<\/p>\n<p>&nbsp;<\/p>\n<h2><a href=\"https:\/\/www.juntadeandalucia.es\/educacion\/secretariavirtual\/\">Secretaria Virtual &nbsp;\u2190 <\/a><\/h2>\n<p>&nbsp;<\/p>\n<h2>Documentos&nbsp;<\/h2>\n<ul>\n<li><a href=\"http:\/\/www.juntadeandalucia.es\/educacion\/portals\/delegate\/content\/7e1d7b27-eaa4-42e7-bfa3-ac436db80ed6\">Solicitud de plaza escolar ordinaria (1 \u2013 31 marzo)<\/a><\/li>\n<li><a href=\"http:\/\/www.juntadeandalucia.es\/educacion\/portals\/delegate\/content\/dcec9582-b20c-494b-bfbd-2886c7b8be94\">Solicitud de plaza escolar extraordinaria (resto del curso)<\/a><\/li>\n<li><a href=\"https:\/\/blogsaverroes.juntadeandalucia.es\/ceiplaza\/files\/2022\/11\/2022-23-Solicitud-Escuelas-Deportivas.pdf\">Solicitud Escuelas Deportivas &nbsp;2022-2023<\/a><\/li>\n<li><a href=\"https:\/\/www.juntadeandalucia.es\/educacion\/portales\/documents\/100629\/669355\/Anexo%20Religio\u00bfn.pdf\/c9b72559-ae2b-45b4-746c-8c63fda85020?version=1.1\">Solicitud para cursar la ense\u00f1anza de religi\u00f3n<\/a><\/li>\n<li><a href=\"http:\/\/www.juntadeandalucia.es\/educacion\/portals\/delegate\/content\/55fad88e-7bb3-40e3-bbe4-198107487345\">Matr\u00edcula en Educaci\u00f3n Primaria<\/a><\/li>\n<li><a href=\"http:\/\/www.juntadeandalucia.es\/educacion\/portals\/delegate\/content\/d26442b2-4b4a-433a-9c1e-e1790a29f781\">Matr\u00edcula en Educaci\u00f3n Infantil<\/a><\/li>\n<li><a href=\"https:\/\/blogsaverroes.juntadeandalucia.es\/ceiplaza\/files\/2018\/11\/Solicitud-Aula-Matinal-Comedor-Actividades-Extraescolares.pdf\">Solicitud Aula Matinal, Comedor, Actividades Extraescolares<\/a><\/li>\n<li><a href=\"https:\/\/blogsaverroes.juntadeandalucia.es\/ceiplaza\/files\/2018\/11\/Servicio-Coplementario-de-Transporte-Escolar.pdf\">Solicitud Servicio Complementario de Transporte Escolar<\/a><\/li>\n<li><a href=\"https:\/\/blogsaverroes.juntadeandalucia.es\/ceiplaza\/files\/2022\/07\/Bonificaciones-.pdf\">Bonificaciones<\/a><\/li>\n<li><a href=\"https:\/\/blogsaverroes.juntadeandalucia.es\/ceiplaza\/files\/2024\/11\/Justificante-situacion-excepcional.pdf\">Justificante situaci\u00f3n excepcional<\/a><\/li>\n<li><a href=\"https:\/\/blogsaverroes.juntadeandalucia.es\/ceiplaza\/files\/2024\/11\/Anexo-Proteccio\u00bfn-de-datos.pdf\">Anexo Protecci\u00f3n de datos<\/a><\/li>\n<li><a href=\"https:\/\/blogsaverroes.juntadeandalucia.es\/ceiplaza\/files\/2019\/01\/Plantilla_Permiso-Padres_Madres-1.pdf\">Autorizaci\u00f3n para participar camino escolar<\/a><\/li>\n<li><a href=\"https:\/\/blogsaverroes.juntadeandalucia.es\/ceiplaza\/files\/2018\/11\/Autorizaci\u00f3n-foto.pdf\">Autorizaci\u00f3n de fotos<\/a>&nbsp;<\/li>\n<\/ul>\n<p>&nbsp;<\/p>\n<p>&nbsp;<\/p>\n","protected":false},"excerpt":{"rendered":"<p>La Secretar\u00eda desarrolla muchas funciones importantes en la vida de un centro, especialmente en la relaci\u00f3n que mantiene con las familias en los diferentes tr\u00e1mites administrativos a lo largo de la escolarizaci\u00f3n: admisi\u00f3n, matr\u00edcula,&#46;&#46;&#46;<\/p>\n","protected":false},"author":1,"featured_media":0,"parent":0,"menu_order":0,"comment_status":"closed","ping_status":"open","template":"","meta":{"footnotes":""},"aioseo_notices":[],"_links":{"self":[{"href":"https:\/\/blogsaverroes.juntadeandalucia.es\/ceiplaza\/wp-json\/wp\/v2\/pages\/77"}],"collection":[{"href":"https:\/\/blogsaverroes.juntadeandalucia.es\/ceiplaza\/wp-json\/wp\/v2\/pages"}],"about":[{"href":"https:\/\/blogsaverroes.juntadeandalucia.es\/ceiplaza\/wp-json\/wp\/v2\/types\/page"}],"author":[{"embeddable":true,"href":"https:\/\/blogsaverroes.juntadeandalucia.es\/ceiplaza\/wp-json\/wp\/v2\/users\/1"}],"replies":[{"embeddable":true,"href":"https:\/\/blogsaverroes.juntadeandalucia.es\/ceiplaza\/wp-json\/wp\/v2\/comments?post=77"}],"version-history":[{"count":21,"href":"https:\/\/blogsaverroes.juntadeandalucia.es\/ceiplaza\/wp-json\/wp\/v2\/pages\/77\/revisions"}],"predecessor-version":[{"id":4963,"href":"https:\/\/blogsaverroes.juntadeandalucia.es\/ceiplaza\/wp-json\/wp\/v2\/pages\/77\/revisions\/4963"}],"wp:attachment":[{"href":"https:\/\/blogsaverroes.juntadeandalucia.es\/ceiplaza\/wp-json\/wp\/v2\/media?parent=77"}],"curies":[{"name":"wp","href":"https:\/\/api.w.org\/{rel}","templated":true}]}}