{"id":436,"date":"2015-03-20T07:08:17","date_gmt":"2015-03-20T07:08:17","guid":{"rendered":"http:\/\/blogsaverroes.juntadeandalucia.es\/pre\/ceip\/?page_id=436"},"modified":"2020-01-15T19:40:07","modified_gmt":"2020-01-15T19:40:07","slug":"ed-primaria-3o-ciclo","status":"publish","type":"page","link":"https:\/\/blogsaverroes.juntadeandalucia.es\/ceiplinares\/ed-primaria-3o-ciclo\/","title":{"rendered":"Ed. Primaria. 3\u00ba ciclo"},"content":{"rendered":"<p>&nbsp;<\/p>\n<p><img loading=\"lazy\" decoding=\"async\" class=\"alignnone size-medium wp-image-2623\" src=\"https:\/\/blogsaverroes.juntadeandalucia.es\/ceiplinares\/files\/2020\/01\/9_2-300x160.jpg\" alt=\"\" width=\"300\" height=\"160\"><\/p>\n<p>http:\/\/ntic.educacion.es\/w3\/eos\/MaterialesEducativos\/mem2010\/ortografia_natural\/index.html<\/p>\n<p>Se trata de&nbsp;<a style=\"font-style: inherit;font-weight: inherit\" href=\"http:\/\/ntic.educacion.es\/w3\/eos\/MaterialesEducativos\/mem2010\/ortografia_natural\/index.html\"><strong style=\"font-style: inherit\">Ortograf\u00eda natural<\/strong><\/a>&nbsp;de&nbsp;<strong style=\"font-style: inherit\">Jos\u00e9 Bustillo Rend\u00f3n<\/strong>&nbsp;uno de los trabajos premiados en el certamen de materiales educativos que anualmente convoca el ITE (Instituto de Tecnolog\u00eda Educativa) . Es un programa interactivo ejecutable con el navegador que permite trabajar de forma l\u00fadica las principales dificultades ortogr\u00e1ficas (c-z-qu, r-rr, m antes de p y b, j-g, repaso\u2026).<\/p>\n<p data-adtags-visited=\"true\">Nos ofrece la posibilidad de realizar actividades diferentes de cada una de estas dificultades:<\/p>\n<ol>\n<li>Completar palabras con una s\u00edlaba.<\/li>\n<li>Formar palabras con sus s\u00edlabas.<\/li>\n<li>Formar palabras letra a letra.<\/li>\n<li>Adivinanzas<\/li>\n<li>Dictado en el laberinto.<\/li>\n<li>Palabras derivadas.<\/li>\n<li>Formaci\u00f3n de frases.<\/li>\n<li>Completar textos con palabras.<\/li>\n<li>Sudoku de palabras.<\/li>\n<li>Secuencia de palabras.<\/li>\n<\/ol>\n<p>&nbsp;<\/p>\n","protected":false},"excerpt":{"rendered":"<p>&nbsp; http:\/\/ntic.educacion.es\/w3\/eos\/MaterialesEducativos\/mem2010\/ortografia_natural\/index.html Se trata de&nbsp;Ortograf\u00eda natural&nbsp;de&nbsp;Jos\u00e9 Bustillo Rend\u00f3n&nbsp;uno de los trabajos premiados en el certamen de materiales educativos que anualmente convoca el ITE (Instituto de Tecnolog\u00eda Educativa) . Es un programa interactivo ejecutable con&#46;&#46;&#46;<\/p>\n","protected":false},"author":1,"featured_media":0,"parent":0,"menu_order":0,"comment_status":"closed","ping_status":"open","template":"page-sc.php","meta":{"ngg_post_thumbnail":0,"footnotes":"","_mc_calendar":[]},"aioseo_notices":[],"_links":{"self":[{"href":"https:\/\/blogsaverroes.juntadeandalucia.es\/ceiplinares\/wp-json\/wp\/v2\/pages\/436"}],"collection":[{"href":"https:\/\/blogsaverroes.juntadeandalucia.es\/ceiplinares\/wp-json\/wp\/v2\/pages"}],"about":[{"href":"https:\/\/blogsaverroes.juntadeandalucia.es\/ceiplinares\/wp-json\/wp\/v2\/types\/page"}],"author":[{"embeddable":true,"href":"https:\/\/blogsaverroes.juntadeandalucia.es\/ceiplinares\/wp-json\/wp\/v2\/users\/1"}],"replies":[{"embeddable":true,"href":"https:\/\/blogsaverroes.juntadeandalucia.es\/ceiplinares\/wp-json\/wp\/v2\/comments?post=436"}],"version-history":[{"count":6,"href":"https:\/\/blogsaverroes.juntadeandalucia.es\/ceiplinares\/wp-json\/wp\/v2\/pages\/436\/revisions"}],"predecessor-version":[{"id":2624,"href":"https:\/\/blogsaverroes.juntadeandalucia.es\/ceiplinares\/wp-json\/wp\/v2\/pages\/436\/revisions\/2624"}],"wp:attachment":[{"href":"https:\/\/blogsaverroes.juntadeandalucia.es\/ceiplinares\/wp-json\/wp\/v2\/media?parent=436"}],"curies":[{"name":"wp","href":"https:\/\/api.w.org\/{rel}","templated":true}]}}