{"id":49,"date":"2015-03-13T08:47:05","date_gmt":"2015-03-13T08:47:05","guid":{"rendered":"http:\/\/blogsaverroes.juntadeandalucia.es\/pre\/ceip\/?page_id=49"},"modified":"2022-11-09T15:38:53","modified_gmt":"2022-11-09T13:38:53","slug":"proyecto-educativo","status":"publish","type":"page","link":"https:\/\/blogsaverroes.juntadeandalucia.es\/ceiplinares\/proyecto-educativo\/","title":{"rendered":"Plan de Centro"},"content":{"rendered":"<p><a href=\"https:\/\/blogsaverroes.juntadeandalucia.es\/ceiplinares\/files\/2022\/11\/Recomendaciones-prevenci\u00f3n-y-protecci\u00f3n-casos-Covid-19.-Curso-2022-2023..pdf\">Recomendaciones prevenci\u00f3n y protecci\u00f3n casos Covid-19. Curso 2022-2023.<\/a><\/p>\n<p><a href=\"https:\/\/blogsaverroes.juntadeandalucia.es\/ceiplinares\/files\/2021\/11\/Protocolo-Covid-19-.-1\u00aa-revisi\u00f3n-2021-22.pdf\">Protocolo Covid-19 . (1\u00aa revisi\u00f3n, 2021-22)<\/a><\/p>\n<p><a href=\"https:\/\/blogsaverroes.juntadeandalucia.es\/ceiplinares\/files\/2022\/11\/PROTOCOLO-ACTUACION-ANTE-SITUACI\u00d3N-DE-EMERGENCIA.pdf\">PROTOCOLO ACTUACION ANTE SITUACI\u00d3N DE EMERGENCIA<\/a><\/p>\n<p><a href=\"https:\/\/blogsaverroes.juntadeandalucia.es\/ceiplinares\/files\/2022\/11\/Plan-de-evacuaci\u00f3n.pdf\">Plan de evacuaci\u00f3n<\/a><\/p>\n<p><a href=\"https:\/\/blogsaverroes.juntadeandalucia.es\/ceiplinares\/files\/2022\/11\/EOE-curso-2022-2023.pdf\">EOE (curso 2022-2023)<\/a><\/p>\n<p><a href=\"https:\/\/blogsaverroes.juntadeandalucia.es\/ceiplinares\/files\/2022\/11\/Plan-de-mejora-2022-2023.pdf\">Plan de mejora (2022-2023)<\/a><\/p>\n<p><a href=\"https:\/\/blogsaverroes.juntadeandalucia.es\/ceiplinares\/files\/2022\/11\/Plan-de-convivencia-2022-23.pdf\">Plan de convivencia ( 2022-23)<\/a><\/p>\n<p><a href=\"https:\/\/blogsaverroes.juntadeandalucia.es\/ceiplinares\/files\/2022\/11\/Plan-de-Actuacion-Digital-2022-2023.pdf\">Plan de Actuacion Digital (2022-2023)<\/a><\/p>\n<p><a href=\"https:\/\/blogsaverroes.juntadeandalucia.es\/ceiplinares\/files\/2022\/11\/P.-Educativo.-Completo.pdf\">P. Educativo. (Completo)<\/a><\/p>\n<p><a href=\"https:\/\/blogsaverroes.juntadeandalucia.es\/ceiplinares\/files\/2022\/11\/ROF-2022-2023.pdf\">ROF (2022-2023)<\/a><\/p>\n<p><a href=\"https:\/\/blogsaverroes.juntadeandalucia.es\/ceiplinares\/files\/2022\/11\/Proyecto-de-Gesti\u00f3n.pdf\">Proyecto de Gesti\u00f3n<\/a><\/p>\n<p><a href=\"https:\/\/blogsaverroes.juntadeandalucia.es\/ceiplinares\/files\/2021\/11\/documento.pdf.pdf\">documento.pdf<\/a><\/p>\n<p><a href=\"https:\/\/blogsaverroes.juntadeandalucia.es\/ceiplinares\/files\/2021\/11\/documento.pdf-8.pdf\">documento.pdf (8)<\/a><\/p>\n<p><a href=\"https:\/\/blogsaverroes.juntadeandalucia.es\/ceiplinares\/files\/2021\/11\/documento.pdf-6.pdf\">documento.pdf (6)<\/a><\/p>\n<p><a href=\"https:\/\/blogsaverroes.juntadeandalucia.es\/ceiplinares\/files\/2021\/11\/documento.pdf-7.pdf\">documento.pdf (7)<\/a><\/p>\n<p><a href=\"https:\/\/blogsaverroes.juntadeandalucia.es\/ceiplinares\/files\/2021\/11\/documento.pdf-5.pdf\">documento.pdf (5)<\/a><\/p>\n<p><a href=\"https:\/\/blogsaverroes.juntadeandalucia.es\/ceiplinares\/files\/2021\/11\/documento.pdf-4.pdf\">documento.pdf (4)<\/a><\/p>\n<p><a href=\"https:\/\/blogsaverroes.juntadeandalucia.es\/ceiplinares\/files\/2021\/11\/documento.pdf-3.pdf\">documento.pdf (3)<\/a><\/p>\n<p><a href=\"https:\/\/blogsaverroes.juntadeandalucia.es\/ceiplinares\/files\/2021\/11\/documento.pdf-2.pdf\">documento.pdf (2)<\/a><\/p>\n<p><a href=\"https:\/\/blogsaverroes.juntadeandalucia.es\/ceiplinares\/files\/2021\/11\/documento.pdf-1.pdf\">documento.pdf (1)<\/a><\/p>\n","protected":false},"excerpt":{"rendered":"<p>Recomendaciones prevenci\u00f3n y protecci\u00f3n casos Covid-19. Curso 2022-2023. Protocolo Covid-19 . (1\u00aa revisi\u00f3n, 2021-22) PROTOCOLO ACTUACION ANTE SITUACI\u00d3N DE EMERGENCIA Plan de evacuaci\u00f3n EOE (curso 2022-2023) Plan de mejora (2022-2023) Plan de convivencia (&#46;&#46;&#46;<\/p>\n","protected":false},"author":1,"featured_media":0,"parent":0,"menu_order":0,"comment_status":"closed","ping_status":"open","template":"","meta":{"ngg_post_thumbnail":0,"footnotes":"","_mc_calendar":[]},"aioseo_notices":[],"_links":{"self":[{"href":"https:\/\/blogsaverroes.juntadeandalucia.es\/ceiplinares\/wp-json\/wp\/v2\/pages\/49"}],"collection":[{"href":"https:\/\/blogsaverroes.juntadeandalucia.es\/ceiplinares\/wp-json\/wp\/v2\/pages"}],"about":[{"href":"https:\/\/blogsaverroes.juntadeandalucia.es\/ceiplinares\/wp-json\/wp\/v2\/types\/page"}],"author":[{"embeddable":true,"href":"https:\/\/blogsaverroes.juntadeandalucia.es\/ceiplinares\/wp-json\/wp\/v2\/users\/1"}],"replies":[{"embeddable":true,"href":"https:\/\/blogsaverroes.juntadeandalucia.es\/ceiplinares\/wp-json\/wp\/v2\/comments?post=49"}],"version-history":[{"count":14,"href":"https:\/\/blogsaverroes.juntadeandalucia.es\/ceiplinares\/wp-json\/wp\/v2\/pages\/49\/revisions"}],"predecessor-version":[{"id":4425,"href":"https:\/\/blogsaverroes.juntadeandalucia.es\/ceiplinares\/wp-json\/wp\/v2\/pages\/49\/revisions\/4425"}],"wp:attachment":[{"href":"https:\/\/blogsaverroes.juntadeandalucia.es\/ceiplinares\/wp-json\/wp\/v2\/media?parent=49"}],"curies":[{"name":"wp","href":"https:\/\/api.w.org\/{rel}","templated":true}]}}