{"id":35,"date":"2015-03-13T08:21:43","date_gmt":"2015-03-13T08:21:43","guid":{"rendered":"http:\/\/blogsaverroes.juntadeandalucia.es\/pre\/ceip\/?page_id=35"},"modified":"2021-09-27T15:01:55","modified_gmt":"2021-09-27T15:01:55","slug":"el-centro-2","status":"publish","type":"page","link":"https:\/\/blogsaverroes.juntadeandalucia.es\/ceiplomastodomingo\/el-centro-2\/","title":{"rendered":"Datos del centro"},"content":{"rendered":"\t\t<div data-elementor-type=\"wp-page\" data-elementor-id=\"35\" class=\"elementor elementor-35\">\n\t\t\t\t\t\t<section class=\"elementor-section elementor-top-section elementor-element elementor-element-a445676 elementor-section-boxed elementor-section-height-default elementor-section-height-default\" data-id=\"a445676\" data-element_type=\"section\">\n\t\t\t\t\t\t<div class=\"elementor-container elementor-column-gap-default\">\n\t\t\t\t\t<div class=\"elementor-column elementor-col-100 elementor-top-column elementor-element elementor-element-8db7162\" data-id=\"8db7162\" data-element_type=\"column\">\n\t\t\t<div class=\"elementor-widget-wrap elementor-element-populated\">\n\t\t\t\t\t\t<div class=\"elementor-element elementor-element-1bf7986 elementor-widget elementor-widget-google_maps\" data-id=\"1bf7986\" data-element_type=\"widget\" data-widget_type=\"google_maps.default\">\n\t\t\t\t<div class=\"elementor-widget-container\">\n\t\t\t\t\t\t\t<div class=\"elementor-custom-embed\">\n\t\t\t<iframe loading=\"lazy\"\n\t\t\t\t\tsrc=\"https:\/\/maps.google.com\/maps?q=Calle%20Magallanes%2C%2020%2C%2004700%20Ejido%20%28El%29%2C%20Almer%C3%ADa&#038;t=m&#038;z=15&#038;output=embed&#038;iwloc=near\"\n\t\t\t\t\ttitle=\"Calle Magallanes, 20, 04700 Ejido (El), Almer\u00eda\"\n\t\t\t\t\taria-label=\"Calle Magallanes, 20, 04700 Ejido (El), Almer\u00eda\"\n\t\t\t><\/iframe>\n\t\t<\/div>\n\t\t\t\t\t\t<\/div>\n\t\t\t\t<\/div>\n\t\t\t\t\t<\/div>\n\t\t<\/div>\n\t\t\t\t\t<\/div>\n\t\t<\/section>\n\t\t\t\t<section class=\"elementor-section elementor-top-section elementor-element elementor-element-e62e3d0 elementor-section-boxed elementor-section-height-default elementor-section-height-default\" data-id=\"e62e3d0\" data-element_type=\"section\">\n\t\t\t\t\t\t<div class=\"elementor-container elementor-column-gap-default\">\n\t\t\t\t\t<div class=\"elementor-column elementor-col-100 elementor-top-column elementor-element elementor-element-5b3fb39d\" data-id=\"5b3fb39d\" data-element_type=\"column\">\n\t\t\t<div class=\"elementor-widget-wrap elementor-element-populated\">\n\t\t\t\t\t\t<div class=\"elementor-element elementor-element-7ae95c3a elementor-widget elementor-widget-text-editor\" data-id=\"7ae95c3a\" data-element_type=\"widget\" data-widget_type=\"text-editor.default\">\n\t\t\t\t<div class=\"elementor-widget-container\">\n\t\t\t\t\t\t\t\t\t<p><strong style=\"color: #2b2b2b;font-family: -apple-system, BlinkMacSystemFont, 'Segoe UI', Roboto, 'Helvetica Neue', Arial, sans-serif;font-size: 1.41575em\">Datos de contacto\u00a0<\/strong><\/p><p>CEIP LOMA DE SANTO DOMINGO<\/p><p><strong>Direcci\u00f3n:<\/strong> \u00a0Calle Alonso Ojeda 19 04700 El Ejido (Almer\u00eda)<\/p><p><strong>Tel\u00e9fono \/ FAX: 950579814\/950579816<\/strong><br \/><strong>Email:<\/strong>\u00a004002271.edu@juntadeandalucia.es<\/p><h4><strong>Nuestro equipo directivo:\u00a0<\/strong><\/h4><p><strong>Directora: D\u00aa Noelia Cuadra Navarrete<br \/><\/strong><\/p><p><strong>Jefa de estudios: D\u00aa Ana Curiel G\u00f3mez<\/strong><\/p><p><strong>Secretario: D. Milesio Garc\u00eda \u00c1vila<\/strong><\/p><h4><strong>Horarios<\/strong><\/h4><p>Horario apertura centro: 09:00 H a 14:00 H, de lunes a viernes.<\/p><p>Horario aula matinal: 07:30 H a 09:00 H, de lunes a viernes.<\/p><p>Horario comedor: 14:00 H a 16:00 H, de lunes a viernes.<\/p><p>Horario actividades extraescolares: 16:00 H a 18:00 H, de lunes a jueves<\/p><h4><strong>Oferta educativa<\/strong><\/h4><p>Educaci\u00f3n Infantil: desde 3 a\u00f1os hasta 5 a\u00f1os.<\/p><p>Educaci\u00f3n primaria: de 1\u00ba a 6\u00ba.<\/p>\t\t\t\t\t\t\t\t<\/div>\n\t\t\t\t<\/div>\n\t\t\t\t\t<\/div>\n\t\t<\/div>\n\t\t\t\t\t<\/div>\n\t\t<\/section>\n\t\t\t\t<\/div>\n\t\t","protected":false},"excerpt":{"rendered":"<p>Datos de contacto\u00a0 CEIP LOMA DE SANTO DOMINGO Direcci\u00f3n: \u00a0Calle Alonso Ojeda 19 04700 El Ejido (Almer\u00eda) Tel\u00e9fono \/ FAX: 950579814\/950579816Email:\u00a004002271.edu@juntadeandalucia.es Nuestro equipo directivo:\u00a0 Directora:&hellip;<\/p>\n","protected":false},"author":1,"featured_media":0,"parent":0,"menu_order":0,"comment_status":"closed","ping_status":"closed","template":"","meta":{"ngg_post_thumbnail":0,"footnotes":"","_mc_calendar":[]},"aioseo_notices":[],"_links":{"self":[{"href":"https:\/\/blogsaverroes.juntadeandalucia.es\/ceiplomastodomingo\/wp-json\/wp\/v2\/pages\/35"}],"collection":[{"href":"https:\/\/blogsaverroes.juntadeandalucia.es\/ceiplomastodomingo\/wp-json\/wp\/v2\/pages"}],"about":[{"href":"https:\/\/blogsaverroes.juntadeandalucia.es\/ceiplomastodomingo\/wp-json\/wp\/v2\/types\/page"}],"author":[{"embeddable":true,"href":"https:\/\/blogsaverroes.juntadeandalucia.es\/ceiplomastodomingo\/wp-json\/wp\/v2\/users\/1"}],"replies":[{"embeddable":true,"href":"https:\/\/blogsaverroes.juntadeandalucia.es\/ceiplomastodomingo\/wp-json\/wp\/v2\/comments?post=35"}],"version-history":[{"count":34,"href":"https:\/\/blogsaverroes.juntadeandalucia.es\/ceiplomastodomingo\/wp-json\/wp\/v2\/pages\/35\/revisions"}],"predecessor-version":[{"id":4461,"href":"https:\/\/blogsaverroes.juntadeandalucia.es\/ceiplomastodomingo\/wp-json\/wp\/v2\/pages\/35\/revisions\/4461"}],"wp:attachment":[{"href":"https:\/\/blogsaverroes.juntadeandalucia.es\/ceiplomastodomingo\/wp-json\/wp\/v2\/media?parent=35"}],"curies":[{"name":"wp","href":"https:\/\/api.w.org\/{rel}","templated":true}]}}