{"id":4184,"date":"2021-05-28T07:58:17","date_gmt":"2021-05-28T07:58:17","guid":{"rendered":"http:\/\/blogsaverroes.juntadeandalucia.es\/ceiplomastodomingo\/?page_id=4184"},"modified":"2021-12-12T11:01:44","modified_gmt":"2021-12-12T11:01:44","slug":"erasmus","status":"publish","type":"page","link":"https:\/\/blogsaverroes.juntadeandalucia.es\/ceiplomastodomingo\/erasmus\/","title":{"rendered":"Erasmus"},"content":{"rendered":"\t\t<div data-elementor-type=\"wp-page\" data-elementor-id=\"4184\" class=\"elementor elementor-4184\">\n\t\t\t\t\t\t<section class=\"elementor-section elementor-top-section elementor-element elementor-element-54794ae elementor-section-boxed elementor-section-height-default elementor-section-height-default\" data-id=\"54794ae\" data-element_type=\"section\">\n\t\t\t\t\t\t<div class=\"elementor-container elementor-column-gap-default\">\n\t\t\t\t\t<div class=\"elementor-column elementor-col-100 elementor-top-column elementor-element elementor-element-8e3d3a3\" data-id=\"8e3d3a3\" data-element_type=\"column\">\n\t\t\t<div class=\"elementor-widget-wrap elementor-element-populated\">\n\t\t\t\t\t\t<div class=\"elementor-element elementor-element-bda13cc elementor-widget-divider--view-line elementor-widget elementor-widget-divider\" data-id=\"bda13cc\" data-element_type=\"widget\" data-widget_type=\"divider.default\">\n\t\t\t\t<div class=\"elementor-widget-container\">\n\t\t\t\t\t\t\t<div class=\"elementor-divider\">\n\t\t\t<span class=\"elementor-divider-separator\">\n\t\t\t\t\t\t<\/span>\n\t\t<\/div>\n\t\t\t\t\t\t<\/div>\n\t\t\t\t<\/div>\n\t\t\t\t<div class=\"elementor-element elementor-element-a79d34c elementor-widget elementor-widget-heading\" data-id=\"a79d34c\" data-element_type=\"widget\" data-widget_type=\"heading.default\">\n\t\t\t\t<div class=\"elementor-widget-container\">\n\t\t\t\t\t<h2 class=\"elementor-heading-title elementor-size-default\">El peri\u00f3dico D-Cerca se hace eco de nuestro programa \"Erasmus +\".<\/h2>\t\t\t\t<\/div>\n\t\t\t\t<\/div>\n\t\t\t\t<div class=\"elementor-element elementor-element-86a7d93 elementor-widget elementor-widget-text-editor\" data-id=\"86a7d93\" data-element_type=\"widget\" data-widget_type=\"text-editor.default\">\n\t\t\t\t<div class=\"elementor-widget-container\">\n\t\t\t\t\t\t\t\t\t<p>El peri\u00f3dico D-Cerca dedica un art\u00edculo al programa \u00abEramus +\u00bb en el que participa el centro, con el proyecto \u00abApertura del CEIP Loma de Santo Domingo a Europa: Metodolog\u00edas Innovadoras e inclusivas para el desarrollo de las competencia ling\u00fc\u00edstica en entornos Interculturales\u00bb.&nbsp;<\/p><p><a href=\"https:\/\/blogsaverroes.juntadeandalucia.es\/ceiplomastodomingo\/files\/2021\/12\/noticia.jpg\"><img fetchpriority=\"high\" decoding=\"async\" class=\"size-full wp-image-4646\" src=\"https:\/\/blogsaverroes.juntadeandalucia.es\/ceiplomastodomingo\/files\/2021\/12\/noticia.jpg\" alt=\"Noticia peri\u00f3dico C-cerca\" width=\"1330\" height=\"425\" srcset=\"https:\/\/blogsaverroes.juntadeandalucia.es\/ceiplomastodomingo\/files\/2021\/12\/noticia.jpg 1330w, https:\/\/blogsaverroes.juntadeandalucia.es\/ceiplomastodomingo\/files\/2021\/12\/noticia-300x96.jpg 300w, https:\/\/blogsaverroes.juntadeandalucia.es\/ceiplomastodomingo\/files\/2021\/12\/noticia-1024x327.jpg 1024w, https:\/\/blogsaverroes.juntadeandalucia.es\/ceiplomastodomingo\/files\/2021\/12\/noticia-768x245.jpg 768w\" sizes=\"(max-width: 1330px) 100vw, 1330px\" \/><\/a><\/p><p><a href=\"https:\/\/www.d-cerca.com\/periodico-35369\/n-310-noviembre.aspx\">Aqu\u00ed pod\u00e9is leer el art\u00edculo en el peri\u00f3dico.<\/a><\/p>\t\t\t\t\t\t\t\t<\/div>\n\t\t\t\t<\/div>\n\t\t\t\t\t<\/div>\n\t\t<\/div>\n\t\t\t\t\t<\/div>\n\t\t<\/section>\n\t\t\t\t<section class=\"elementor-section elementor-top-section elementor-element elementor-element-583fc55 elementor-section-boxed elementor-section-height-default elementor-section-height-default\" data-id=\"583fc55\" data-element_type=\"section\">\n\t\t\t\t\t\t<div class=\"elementor-container elementor-column-gap-default\">\n\t\t\t\t\t<div class=\"elementor-column elementor-col-100 elementor-top-column elementor-element elementor-element-6897e27\" data-id=\"6897e27\" data-element_type=\"column\">\n\t\t\t<div class=\"elementor-widget-wrap elementor-element-populated\">\n\t\t\t\t\t\t<div class=\"elementor-element elementor-element-68aceab elementor-widget elementor-widget-image\" data-id=\"68aceab\" data-element_type=\"widget\" data-widget_type=\"image.default\">\n\t\t\t\t<div class=\"elementor-widget-container\">\n\t\t\t\t\t\t\t\t\t\t\t\t\t\t\t<img decoding=\"async\" width=\"724\" height=\"1024\" src=\"https:\/\/blogsaverroes.juntadeandalucia.es\/ceiplomastodomingo\/files\/2021\/05\/P\u00e1gina-Erasmus-724x1024.png\" class=\"attachment-large size-large wp-image-4190\" alt=\"\" srcset=\"https:\/\/blogsaverroes.juntadeandalucia.es\/ceiplomastodomingo\/files\/2021\/05\/P\u00e1gina-Erasmus-724x1024.png 724w, https:\/\/blogsaverroes.juntadeandalucia.es\/ceiplomastodomingo\/files\/2021\/05\/P\u00e1gina-Erasmus-212x300.png 212w, https:\/\/blogsaverroes.juntadeandalucia.es\/ceiplomastodomingo\/files\/2021\/05\/P\u00e1gina-Erasmus-768x1086.png 768w, https:\/\/blogsaverroes.juntadeandalucia.es\/ceiplomastodomingo\/files\/2021\/05\/P\u00e1gina-Erasmus-1086x1536.png 1086w, https:\/\/blogsaverroes.juntadeandalucia.es\/ceiplomastodomingo\/files\/2021\/05\/P\u00e1gina-Erasmus-1448x2048.png 1448w, https:\/\/blogsaverroes.juntadeandalucia.es\/ceiplomastodomingo\/files\/2021\/05\/P\u00e1gina-Erasmus.png 1131w\" sizes=\"(max-width: 724px) 100vw, 724px\" \/>\t\t\t\t\t\t\t\t\t\t\t\t\t\t\t<\/div>\n\t\t\t\t<\/div>\n\t\t\t\t\t<\/div>\n\t\t<\/div>\n\t\t\t\t\t<\/div>\n\t\t<\/section>\n\t\t\t\t<section class=\"elementor-section elementor-top-section elementor-element elementor-element-41b0e0e elementor-section-boxed elementor-section-height-default elementor-section-height-default\" data-id=\"41b0e0e\" data-element_type=\"section\">\n\t\t\t\t\t\t<div class=\"elementor-container elementor-column-gap-default\">\n\t\t\t\t\t<div class=\"elementor-column elementor-col-100 elementor-top-column elementor-element elementor-element-fa266c0\" data-id=\"fa266c0\" data-element_type=\"column\">\n\t\t\t<div class=\"elementor-widget-wrap elementor-element-populated\">\n\t\t\t\t\t\t\t<\/div>\n\t\t<\/div>\n\t\t\t\t\t<\/div>\n\t\t<\/section>\n\t\t\t\t<\/div>\n\t\t","protected":false},"excerpt":{"rendered":"<p>El peri\u00f3dico D-Cerca se hace eco de nuestro programa \u00abErasmus +\u00bb. El peri\u00f3dico D-Cerca dedica un art\u00edculo al programa \u00abEramus +\u00bb en el que participa&hellip;<\/p>\n","protected":false},"author":10848,"featured_media":0,"parent":0,"menu_order":0,"comment_status":"closed","ping_status":"closed","template":"","meta":{"ngg_post_thumbnail":0,"footnotes":"","_mc_calendar":[]},"aioseo_notices":[],"_links":{"self":[{"href":"https:\/\/blogsaverroes.juntadeandalucia.es\/ceiplomastodomingo\/wp-json\/wp\/v2\/pages\/4184"}],"collection":[{"href":"https:\/\/blogsaverroes.juntadeandalucia.es\/ceiplomastodomingo\/wp-json\/wp\/v2\/pages"}],"about":[{"href":"https:\/\/blogsaverroes.juntadeandalucia.es\/ceiplomastodomingo\/wp-json\/wp\/v2\/types\/page"}],"author":[{"embeddable":true,"href":"https:\/\/blogsaverroes.juntadeandalucia.es\/ceiplomastodomingo\/wp-json\/wp\/v2\/users\/10848"}],"replies":[{"embeddable":true,"href":"https:\/\/blogsaverroes.juntadeandalucia.es\/ceiplomastodomingo\/wp-json\/wp\/v2\/comments?post=4184"}],"version-history":[{"count":8,"href":"https:\/\/blogsaverroes.juntadeandalucia.es\/ceiplomastodomingo\/wp-json\/wp\/v2\/pages\/4184\/revisions"}],"predecessor-version":[{"id":4653,"href":"https:\/\/blogsaverroes.juntadeandalucia.es\/ceiplomastodomingo\/wp-json\/wp\/v2\/pages\/4184\/revisions\/4653"}],"wp:attachment":[{"href":"https:\/\/blogsaverroes.juntadeandalucia.es\/ceiplomastodomingo\/wp-json\/wp\/v2\/media?parent=4184"}],"curies":[{"name":"wp","href":"https:\/\/api.w.org\/{rel}","templated":true}]}}