{"id":4937,"date":"2022-03-22T17:38:04","date_gmt":"2022-03-22T17:38:04","guid":{"rendered":"http:\/\/blogsaverroes.juntadeandalucia.es\/ceiplomastodomingo\/?page_id=4937"},"modified":"2022-03-22T17:59:26","modified_gmt":"2022-03-22T17:59:26","slug":"sindrome-de-down","status":"publish","type":"page","link":"https:\/\/blogsaverroes.juntadeandalucia.es\/ceiplomastodomingo\/sindrome-de-down\/","title":{"rendered":"S\u00edndrome de Down"},"content":{"rendered":"<p>El pasado lunes 21 de marzo hemos celebrado el D\u00eda del S\u00edndrome de Down en nuestro centro bajo el lema \u00abgracias por tanto\u00bb. Desde nuestro claustro queremos resaltar nuestro compromiso con la inclusi\u00f3n y la importancia de fomentar la integraci\u00f3n en nuestra sociedad. Para ello, hemos pedido a nuestro alumnado que venga con calcetines dispares y llamativos con la finalidad de concienciar sobre la aceptaci\u00f3n de las diferencias. Queremos igualmente agradecer a la Asociaci\u00f3n S\u00edndrome de Down de El Ejido por su colaboraci\u00f3n con nuestro centro y sobre todo dar la enhorabuena por el gran trabajo que desempe\u00f1an cada d\u00eda.<\/p>\n<p>&nbsp;<\/p>\n<p><a href=\"https:\/\/blogsaverroes.juntadeandalucia.es\/ceiplomastodomingo\/files\/2022\/03\/1.-S\u00cdNDROME-DE-DOWN-PORTADA-1.jpg\"><img fetchpriority=\"high\" decoding=\"async\" class=\"wp-image-4944 alignleft\" src=\"https:\/\/blogsaverroes.juntadeandalucia.es\/ceiplomastodomingo\/files\/2022\/03\/1.-S\u00cdNDROME-DE-DOWN-PORTADA-1-300x294.jpg\" alt=\"\" width=\"503\" height=\"493\" srcset=\"https:\/\/blogsaverroes.juntadeandalucia.es\/ceiplomastodomingo\/files\/2022\/03\/1.-S\u00cdNDROME-DE-DOWN-PORTADA-1-300x294.jpg 300w, https:\/\/blogsaverroes.juntadeandalucia.es\/ceiplomastodomingo\/files\/2022\/03\/1.-S\u00cdNDROME-DE-DOWN-PORTADA-1-1024x1005.jpg 1024w, https:\/\/blogsaverroes.juntadeandalucia.es\/ceiplomastodomingo\/files\/2022\/03\/1.-S\u00cdNDROME-DE-DOWN-PORTADA-1-768x754.jpg 768w, https:\/\/blogsaverroes.juntadeandalucia.es\/ceiplomastodomingo\/files\/2022\/03\/1.-S\u00cdNDROME-DE-DOWN-PORTADA-1.jpg 1075w\" sizes=\"(max-width: 503px) 100vw, 503px\" \/><\/a><\/p>\n<p>&nbsp; &nbsp; &nbsp; <a href=\"https:\/\/blogsaverroes.juntadeandalucia.es\/ceiplomastodomingo\/files\/2022\/03\/Collage-maestros-y-lema-s\u00edndrome-de-down_page-0001-e1647971393216.jpg\"><img decoding=\"async\" class=\"alignnone wp-image-4942\" src=\"https:\/\/blogsaverroes.juntadeandalucia.es\/ceiplomastodomingo\/files\/2022\/03\/Collage-maestros-y-lema-s\u00edndrome-de-down_page-0001-e1647971393216-300x297.jpg\" alt=\"\" width=\"476\" height=\"471\" srcset=\"https:\/\/blogsaverroes.juntadeandalucia.es\/ceiplomastodomingo\/files\/2022\/03\/Collage-maestros-y-lema-s\u00edndrome-de-down_page-0001-e1647971393216-300x297.jpg 300w, https:\/\/blogsaverroes.juntadeandalucia.es\/ceiplomastodomingo\/files\/2022\/03\/Collage-maestros-y-lema-s\u00edndrome-de-down_page-0001-e1647971393216-768x760.jpg 768w, https:\/\/blogsaverroes.juntadeandalucia.es\/ceiplomastodomingo\/files\/2022\/03\/Collage-maestros-y-lema-s\u00edndrome-de-down_page-0001-e1647971393216.jpg 816w\" sizes=\"(max-width: 476px) 100vw, 476px\" \/><\/a><a href=\"https:\/\/blogsaverroes.juntadeandalucia.es\/ceiplomastodomingo\/files\/2022\/03\/Collage-calcetines-S\u00edndrome-de-Down_page-0001-e1647971362662.jpg\"><img decoding=\"async\" class=\"alignnone wp-image-4943\" src=\"https:\/\/blogsaverroes.juntadeandalucia.es\/ceiplomastodomingo\/files\/2022\/03\/Collage-calcetines-S\u00edndrome-de-Down_page-0001-e1647971362662-300x300.jpg\" alt=\"\" width=\"1041\" height=\"1041\" srcset=\"https:\/\/blogsaverroes.juntadeandalucia.es\/ceiplomastodomingo\/files\/2022\/03\/Collage-calcetines-S\u00edndrome-de-Down_page-0001-e1647971362662-300x300.jpg 300w, https:\/\/blogsaverroes.juntadeandalucia.es\/ceiplomastodomingo\/files\/2022\/03\/Collage-calcetines-S\u00edndrome-de-Down_page-0001-e1647971362662-150x150.jpg 150w, https:\/\/blogsaverroes.juntadeandalucia.es\/ceiplomastodomingo\/files\/2022\/03\/Collage-calcetines-S\u00edndrome-de-Down_page-0001-e1647971362662-768x768.jpg 768w, https:\/\/blogsaverroes.juntadeandalucia.es\/ceiplomastodomingo\/files\/2022\/03\/Collage-calcetines-S\u00edndrome-de-Down_page-0001-e1647971362662.jpg 812w\" sizes=\"(max-width: 1041px) 100vw, 1041px\" \/><\/a><\/p>\n","protected":false},"excerpt":{"rendered":"<p>El pasado lunes 21 de marzo hemos celebrado el D\u00eda del S\u00edndrome de Down en nuestro centro bajo el lema \u00abgracias por tanto\u00bb. Desde nuestro&hellip;<\/p>\n","protected":false},"author":5847,"featured_media":0,"parent":0,"menu_order":0,"comment_status":"closed","ping_status":"closed","template":"","meta":{"ngg_post_thumbnail":0,"footnotes":"","_mc_calendar":[]},"aioseo_notices":[],"_links":{"self":[{"href":"https:\/\/blogsaverroes.juntadeandalucia.es\/ceiplomastodomingo\/wp-json\/wp\/v2\/pages\/4937"}],"collection":[{"href":"https:\/\/blogsaverroes.juntadeandalucia.es\/ceiplomastodomingo\/wp-json\/wp\/v2\/pages"}],"about":[{"href":"https:\/\/blogsaverroes.juntadeandalucia.es\/ceiplomastodomingo\/wp-json\/wp\/v2\/types\/page"}],"author":[{"embeddable":true,"href":"https:\/\/blogsaverroes.juntadeandalucia.es\/ceiplomastodomingo\/wp-json\/wp\/v2\/users\/5847"}],"replies":[{"embeddable":true,"href":"https:\/\/blogsaverroes.juntadeandalucia.es\/ceiplomastodomingo\/wp-json\/wp\/v2\/comments?post=4937"}],"version-history":[{"count":2,"href":"https:\/\/blogsaverroes.juntadeandalucia.es\/ceiplomastodomingo\/wp-json\/wp\/v2\/pages\/4937\/revisions"}],"predecessor-version":[{"id":4951,"href":"https:\/\/blogsaverroes.juntadeandalucia.es\/ceiplomastodomingo\/wp-json\/wp\/v2\/pages\/4937\/revisions\/4951"}],"wp:attachment":[{"href":"https:\/\/blogsaverroes.juntadeandalucia.es\/ceiplomastodomingo\/wp-json\/wp\/v2\/media?parent=4937"}],"curies":[{"name":"wp","href":"https:\/\/api.w.org\/{rel}","templated":true}]}}