{"id":5047,"date":"2022-04-05T15:51:24","date_gmt":"2022-04-05T15:51:24","guid":{"rendered":"http:\/\/blogsaverroes.juntadeandalucia.es\/ceiplomastodomingo\/?page_id=5047"},"modified":"2022-04-05T16:02:32","modified_gmt":"2022-04-05T16:02:32","slug":"concienciacion-autismo","status":"publish","type":"page","link":"https:\/\/blogsaverroes.juntadeandalucia.es\/ceiplomastodomingo\/concienciacion-autismo\/","title":{"rendered":"Concienciaci\u00f3n Autismo"},"content":{"rendered":"<div class=\"kvgmc6g5 cxmmr5t8 oygrvhab hcukyx3x c1et5uql ii04i59q\">\n<div dir=\"auto\">El d\u00eda 1 de abril hemos celebrado en nuestro centro el D\u00eda Mundial de Concienciaci\u00f3n del Autismo. Para ello, propusimos a nuestro alumnado llevar una camiseta o prenda de color azul. Adem\u00e1s se llevaron a cabo las siguientes actividades:<\/div>\n<div dir=\"auto\">&nbsp;<\/div>\n<\/div>\n<div class=\"cxmmr5t8 oygrvhab hcukyx3x c1et5uql o9v6fnle ii04i59q\">\n<div dir=\"auto\">&#8211; Lazos y camisetas azules para fomentar la visibilidad del autismo en nuestra comunidad educativa.<\/div>\n<div dir=\"auto\">&#8211; Visionado del audiocuento: \u00abMi hermano Luca\u00bb.<\/div>\n<div dir=\"auto\">&#8211; Decoraci\u00f3n del centro con banderines en tonos azules.<\/div>\n<div dir=\"auto\">&#8211; Mural con puzzle sobre las cualidades de las personas con TEA.<\/div>\n<div dir=\"auto\">&#8211; Conocemos a Elsa, una chica que tiene Asperger y cuenta su experiencia y su d\u00eda a d\u00eda.<\/div>\n<div dir=\"auto\">&nbsp;<\/div>\n<\/div>\n<div class=\"cxmmr5t8 oygrvhab hcukyx3x c1et5uql o9v6fnle ii04i59q\">\n<div dir=\"auto\">Con estas actividades queremos sensibilizar y romper mitos y barreras sobre el AUTISMO, cada persona es \u00fanica y conocerlos nos ayudar\u00e1 a comprenderlos mejor.<\/div>\n<div dir=\"auto\">&nbsp;<\/div>\n<\/div>\n<div class=\"cxmmr5t8 oygrvhab hcukyx3x c1et5uql o9v6fnle ii04i59q\">\n<div dir=\"auto\">Os mostramos a continuaci\u00f3n algunas de las im\u00e1genes m\u00e1s representativas de la celebraci\u00f3n.<\/div>\n<\/div>\n<div dir=\"auto\"><a href=\"https:\/\/blogsaverroes.juntadeandalucia.es\/ceiplomastodomingo\/files\/2022\/04\/FOTO-1.jpg\"><img fetchpriority=\"high\" decoding=\"async\" class=\"alignnone wp-image-5038\" src=\"https:\/\/blogsaverroes.juntadeandalucia.es\/ceiplomastodomingo\/files\/2022\/04\/FOTO-1-272x300.jpg\" alt=\"\" width=\"309\" height=\"341\" srcset=\"https:\/\/blogsaverroes.juntadeandalucia.es\/ceiplomastodomingo\/files\/2022\/04\/FOTO-1-272x300.jpg 272w, https:\/\/blogsaverroes.juntadeandalucia.es\/ceiplomastodomingo\/files\/2022\/04\/FOTO-1-928x1024.jpg 928w, https:\/\/blogsaverroes.juntadeandalucia.es\/ceiplomastodomingo\/files\/2022\/04\/FOTO-1-768x848.jpg 768w, https:\/\/blogsaverroes.juntadeandalucia.es\/ceiplomastodomingo\/files\/2022\/04\/FOTO-1-1392x1536.jpg 1392w, https:\/\/blogsaverroes.juntadeandalucia.es\/ceiplomastodomingo\/files\/2022\/04\/FOTO-1-1856x2048.jpg 1856w, https:\/\/blogsaverroes.juntadeandalucia.es\/ceiplomastodomingo\/files\/2022\/04\/FOTO-1.jpg 1450w\" sizes=\"(max-width: 309px) 100vw, 309px\" \/><\/a><a href=\"https:\/\/blogsaverroes.juntadeandalucia.es\/ceiplomastodomingo\/files\/2022\/04\/FOTO-3.jpg\"><img decoding=\"async\" class=\"alignnone wp-image-5040\" src=\"https:\/\/blogsaverroes.juntadeandalucia.es\/ceiplomastodomingo\/files\/2022\/04\/FOTO-3-300x300.jpg\" alt=\"\" width=\"320\" height=\"320\" srcset=\"https:\/\/blogsaverroes.juntadeandalucia.es\/ceiplomastodomingo\/files\/2022\/04\/FOTO-3-300x300.jpg 300w, https:\/\/blogsaverroes.juntadeandalucia.es\/ceiplomastodomingo\/files\/2022\/04\/FOTO-3-1024x1024.jpg 1024w, https:\/\/blogsaverroes.juntadeandalucia.es\/ceiplomastodomingo\/files\/2022\/04\/FOTO-3-150x150.jpg 150w, https:\/\/blogsaverroes.juntadeandalucia.es\/ceiplomastodomingo\/files\/2022\/04\/FOTO-3-768x768.jpg 768w, https:\/\/blogsaverroes.juntadeandalucia.es\/ceiplomastodomingo\/files\/2022\/04\/FOTO-3.jpg 1200w\" sizes=\"(max-width: 320px) 100vw, 320px\" \/><\/a><a href=\"https:\/\/blogsaverroes.juntadeandalucia.es\/ceiplomastodomingo\/files\/2022\/04\/FOTO-2.jpg\"><img decoding=\"async\" class=\"alignnone wp-image-5039\" src=\"https:\/\/blogsaverroes.juntadeandalucia.es\/ceiplomastodomingo\/files\/2022\/04\/FOTO-2-300x300.jpg\" alt=\"\" width=\"332\" height=\"332\" srcset=\"https:\/\/blogsaverroes.juntadeandalucia.es\/ceiplomastodomingo\/files\/2022\/04\/FOTO-2-300x300.jpg 300w, https:\/\/blogsaverroes.juntadeandalucia.es\/ceiplomastodomingo\/files\/2022\/04\/FOTO-2-1024x1024.jpg 1024w, https:\/\/blogsaverroes.juntadeandalucia.es\/ceiplomastodomingo\/files\/2022\/04\/FOTO-2-150x150.jpg 150w, https:\/\/blogsaverroes.juntadeandalucia.es\/ceiplomastodomingo\/files\/2022\/04\/FOTO-2-768x768.jpg 768w, https:\/\/blogsaverroes.juntadeandalucia.es\/ceiplomastodomingo\/files\/2022\/04\/FOTO-2.jpg 1200w\" sizes=\"(max-width: 332px) 100vw, 332px\" \/><\/a><\/div>\n<div dir=\"auto\"><a href=\"https:\/\/blogsaverroes.juntadeandalucia.es\/ceiplomastodomingo\/files\/2022\/04\/FOTO-4.jpg\"><img loading=\"lazy\" decoding=\"async\" class=\"alignnone wp-image-5041\" src=\"https:\/\/blogsaverroes.juntadeandalucia.es\/ceiplomastodomingo\/files\/2022\/04\/FOTO-4-300x300.jpg\" alt=\"\" width=\"321\" height=\"321\" srcset=\"https:\/\/blogsaverroes.juntadeandalucia.es\/ceiplomastodomingo\/files\/2022\/04\/FOTO-4-300x300.jpg 300w, https:\/\/blogsaverroes.juntadeandalucia.es\/ceiplomastodomingo\/files\/2022\/04\/FOTO-4-1024x1024.jpg 1024w, https:\/\/blogsaverroes.juntadeandalucia.es\/ceiplomastodomingo\/files\/2022\/04\/FOTO-4-150x150.jpg 150w, https:\/\/blogsaverroes.juntadeandalucia.es\/ceiplomastodomingo\/files\/2022\/04\/FOTO-4-768x768.jpg 768w, https:\/\/blogsaverroes.juntadeandalucia.es\/ceiplomastodomingo\/files\/2022\/04\/FOTO-4.jpg 1200w\" sizes=\"(max-width: 321px) 100vw, 321px\" \/><\/a><a href=\"https:\/\/blogsaverroes.juntadeandalucia.es\/ceiplomastodomingo\/files\/2022\/04\/FOTO-5.jpg\"><img loading=\"lazy\" decoding=\"async\" class=\"alignnone wp-image-5042\" src=\"https:\/\/blogsaverroes.juntadeandalucia.es\/ceiplomastodomingo\/files\/2022\/04\/FOTO-5-300x300.jpg\" alt=\"\" width=\"316\" height=\"316\" srcset=\"https:\/\/blogsaverroes.juntadeandalucia.es\/ceiplomastodomingo\/files\/2022\/04\/FOTO-5-300x300.jpg 300w, https:\/\/blogsaverroes.juntadeandalucia.es\/ceiplomastodomingo\/files\/2022\/04\/FOTO-5-1024x1024.jpg 1024w, https:\/\/blogsaverroes.juntadeandalucia.es\/ceiplomastodomingo\/files\/2022\/04\/FOTO-5-150x150.jpg 150w, https:\/\/blogsaverroes.juntadeandalucia.es\/ceiplomastodomingo\/files\/2022\/04\/FOTO-5-768x768.jpg 768w, https:\/\/blogsaverroes.juntadeandalucia.es\/ceiplomastodomingo\/files\/2022\/04\/FOTO-5.jpg 1200w\" sizes=\"(max-width: 316px) 100vw, 316px\" \/><\/a><a href=\"https:\/\/blogsaverroes.juntadeandalucia.es\/ceiplomastodomingo\/files\/2022\/04\/FOTO-6.jpg\"><img loading=\"lazy\" decoding=\"async\" class=\"alignnone wp-image-5043\" src=\"https:\/\/blogsaverroes.juntadeandalucia.es\/ceiplomastodomingo\/files\/2022\/04\/FOTO-6-300x300.jpg\" alt=\"\" width=\"321\" height=\"321\" srcset=\"https:\/\/blogsaverroes.juntadeandalucia.es\/ceiplomastodomingo\/files\/2022\/04\/FOTO-6-300x300.jpg 300w, https:\/\/blogsaverroes.juntadeandalucia.es\/ceiplomastodomingo\/files\/2022\/04\/FOTO-6-1024x1024.jpg 1024w, https:\/\/blogsaverroes.juntadeandalucia.es\/ceiplomastodomingo\/files\/2022\/04\/FOTO-6-150x150.jpg 150w, https:\/\/blogsaverroes.juntadeandalucia.es\/ceiplomastodomingo\/files\/2022\/04\/FOTO-6-768x768.jpg 768w, https:\/\/blogsaverroes.juntadeandalucia.es\/ceiplomastodomingo\/files\/2022\/04\/FOTO-6.jpg 1200w\" sizes=\"(max-width: 321px) 100vw, 321px\" \/><\/a><\/div>\n<div dir=\"auto\"><a href=\"https:\/\/blogsaverroes.juntadeandalucia.es\/ceiplomastodomingo\/files\/2022\/04\/FOTO-7.jpg\"><img loading=\"lazy\" decoding=\"async\" class=\"alignnone wp-image-5044\" src=\"https:\/\/blogsaverroes.juntadeandalucia.es\/ceiplomastodomingo\/files\/2022\/04\/FOTO-7-300x300.jpg\" alt=\"\" width=\"338\" height=\"338\" srcset=\"https:\/\/blogsaverroes.juntadeandalucia.es\/ceiplomastodomingo\/files\/2022\/04\/FOTO-7-300x300.jpg 300w, https:\/\/blogsaverroes.juntadeandalucia.es\/ceiplomastodomingo\/files\/2022\/04\/FOTO-7-1024x1024.jpg 1024w, https:\/\/blogsaverroes.juntadeandalucia.es\/ceiplomastodomingo\/files\/2022\/04\/FOTO-7-150x150.jpg 150w, https:\/\/blogsaverroes.juntadeandalucia.es\/ceiplomastodomingo\/files\/2022\/04\/FOTO-7-768x768.jpg 768w, https:\/\/blogsaverroes.juntadeandalucia.es\/ceiplomastodomingo\/files\/2022\/04\/FOTO-7.jpg 1200w\" sizes=\"(max-width: 338px) 100vw, 338px\" \/><\/a><a href=\"https:\/\/blogsaverroes.juntadeandalucia.es\/ceiplomastodomingo\/files\/2022\/04\/FOTO-8.jpg\"><img loading=\"lazy\" decoding=\"async\" class=\"alignnone wp-image-5037\" src=\"https:\/\/blogsaverroes.juntadeandalucia.es\/ceiplomastodomingo\/files\/2022\/04\/FOTO-8-272x300.jpg\" alt=\"\" width=\"296\" height=\"327\" srcset=\"https:\/\/blogsaverroes.juntadeandalucia.es\/ceiplomastodomingo\/files\/2022\/04\/FOTO-8-272x300.jpg 272w, https:\/\/blogsaverroes.juntadeandalucia.es\/ceiplomastodomingo\/files\/2022\/04\/FOTO-8-928x1024.jpg 928w, https:\/\/blogsaverroes.juntadeandalucia.es\/ceiplomastodomingo\/files\/2022\/04\/FOTO-8-768x848.jpg 768w, https:\/\/blogsaverroes.juntadeandalucia.es\/ceiplomastodomingo\/files\/2022\/04\/FOTO-8-1392x1536.jpg 1392w, https:\/\/blogsaverroes.juntadeandalucia.es\/ceiplomastodomingo\/files\/2022\/04\/FOTO-8-1856x2048.jpg 1856w, https:\/\/blogsaverroes.juntadeandalucia.es\/ceiplomastodomingo\/files\/2022\/04\/FOTO-8.jpg 1450w\" sizes=\"(max-width: 296px) 100vw, 296px\" \/><\/a><a href=\"https:\/\/blogsaverroes.juntadeandalucia.es\/ceiplomastodomingo\/files\/2022\/04\/FOTO-9.jpg\"><img loading=\"lazy\" decoding=\"async\" class=\"alignnone wp-image-5036\" src=\"https:\/\/blogsaverroes.juntadeandalucia.es\/ceiplomastodomingo\/files\/2022\/04\/FOTO-9-300x300.jpg\" alt=\"\" width=\"333\" height=\"333\" srcset=\"https:\/\/blogsaverroes.juntadeandalucia.es\/ceiplomastodomingo\/files\/2022\/04\/FOTO-9-300x300.jpg 300w, https:\/\/blogsaverroes.juntadeandalucia.es\/ceiplomastodomingo\/files\/2022\/04\/FOTO-9-1024x1024.jpg 1024w, https:\/\/blogsaverroes.juntadeandalucia.es\/ceiplomastodomingo\/files\/2022\/04\/FOTO-9-150x150.jpg 150w, https:\/\/blogsaverroes.juntadeandalucia.es\/ceiplomastodomingo\/files\/2022\/04\/FOTO-9-768x768.jpg 768w, https:\/\/blogsaverroes.juntadeandalucia.es\/ceiplomastodomingo\/files\/2022\/04\/FOTO-9.jpg 1200w\" sizes=\"(max-width: 333px) 100vw, 333px\" \/><\/a><\/div>\n","protected":false},"excerpt":{"rendered":"<p>El d\u00eda 1 de abril hemos celebrado en nuestro centro el D\u00eda Mundial de Concienciaci\u00f3n del Autismo. Para ello, propusimos a nuestro alumnado llevar una&hellip;<\/p>\n","protected":false},"author":5847,"featured_media":0,"parent":0,"menu_order":0,"comment_status":"closed","ping_status":"closed","template":"","meta":{"ngg_post_thumbnail":0,"footnotes":"","_mc_calendar":[]},"aioseo_notices":[],"_links":{"self":[{"href":"https:\/\/blogsaverroes.juntadeandalucia.es\/ceiplomastodomingo\/wp-json\/wp\/v2\/pages\/5047"}],"collection":[{"href":"https:\/\/blogsaverroes.juntadeandalucia.es\/ceiplomastodomingo\/wp-json\/wp\/v2\/pages"}],"about":[{"href":"https:\/\/blogsaverroes.juntadeandalucia.es\/ceiplomastodomingo\/wp-json\/wp\/v2\/types\/page"}],"author":[{"embeddable":true,"href":"https:\/\/blogsaverroes.juntadeandalucia.es\/ceiplomastodomingo\/wp-json\/wp\/v2\/users\/5847"}],"replies":[{"embeddable":true,"href":"https:\/\/blogsaverroes.juntadeandalucia.es\/ceiplomastodomingo\/wp-json\/wp\/v2\/comments?post=5047"}],"version-history":[{"count":2,"href":"https:\/\/blogsaverroes.juntadeandalucia.es\/ceiplomastodomingo\/wp-json\/wp\/v2\/pages\/5047\/revisions"}],"predecessor-version":[{"id":5054,"href":"https:\/\/blogsaverroes.juntadeandalucia.es\/ceiplomastodomingo\/wp-json\/wp\/v2\/pages\/5047\/revisions\/5054"}],"wp:attachment":[{"href":"https:\/\/blogsaverroes.juntadeandalucia.es\/ceiplomastodomingo\/wp-json\/wp\/v2\/media?parent=5047"}],"curies":[{"name":"wp","href":"https:\/\/api.w.org\/{rel}","templated":true}]}}